{"id":1133,"date":"2025-05-22T17:29:39","date_gmt":"2025-05-22T17:29:39","guid":{"rendered":"https:\/\/www.shouyasanitary.com\/?post_type=product&#038;p=1133"},"modified":"2025-05-22T17:29:45","modified_gmt":"2025-05-22T17:29:45","slug":"bathroom-cabinet-custom","status":"publish","type":"product","link":"https:\/\/www.shouyasanitary.com\/fr\/produit\/bathroom-cabinet-custom\/","title":{"rendered":"Meuble de salle de bain en PVC sur mesure, Meuble de salle de bain flottant avec miroir en vrac"},"content":{"rendered":"<div class=\"wp-block-columns is-layout-flex wp-container-core-columns-is-layout-9d6595d7 wp-block-columns-is-layout-flex\">\n<div class=\"wp-block-column is-layout-flow wp-block-column-is-layout-flow\">\n<h2 class=\"wp-block-heading\">Armoire de salle de bain en PVC Caract\u00e9ristiques :<\/h2>\n\n\n\n<p><strong>Mat\u00e9riau PVC de premi\u00e8re qualit\u00e9 : <\/strong>Fabriqu\u00e9 en PVC de haute qualit\u00e9, il est imperm\u00e9able \u00e0 l'eau et \u00e0 l'humidit\u00e9, durable et facile \u00e0 nettoyer. Il est assorti d'une vasque en c\u00e9ramique, alliant beaut\u00e9 et praticit\u00e9.<\/p>\n\n\n\n<p><strong>Aspect moderne et simple<\/strong>: Utilisation d'un panneau gris mat tr\u00e8s brillant, qui est visuellement plus calme et plus avanc\u00e9. Les lignes douces conviennent aux salles de bains modernes, urbaines, minimalistes et de luxe.<\/p>\n\n\n\n<p><strong>Conception arrondie de l'armoire<\/strong>: Les coins de l'armoire sont arrondis, ce qui est visuellement doux et am\u00e9liore la s\u00e9curit\u00e9 d'utilisation, et prot\u00e8ge la s\u00e9curit\u00e9 des utilisateurs.<\/p>\n\n\n\n<p><strong>Combinaison armoire de toilette + armoire principale<\/strong>: Le meuble sup\u00e9rieur est \u00e9quip\u00e9 d'une armoire de toilette, qui permet de ranger les produits de soin de la peau et les cosm\u00e9tiques ; le meuble inf\u00e9rieur poss\u00e8de deux portes ouvrables, qui permettent de ranger les serviettes de bain et autres articles de toilette. <\/p>\n\n\n\n<p><strong>Bande lumineuse verticale pour armoire de toilette<\/strong>: La bande lumineuse LED verticale int\u00e9gr\u00e9e des deux c\u00f4t\u00e9s du miroir est plus uniforme dans la source de lumi\u00e8re verticale, elle \u00e9claire efficacement le contour du visage, am\u00e9liorant ainsi l'exp\u00e9rience de l'utilisateur.<\/p>\n\n\n\n<p><strong>Poign\u00e9e cach\u00e9e int\u00e9gr\u00e9e<\/strong>: Le tiroir et le panneau de la porte sont dot\u00e9s d'une poign\u00e9e cach\u00e9e int\u00e9gr\u00e9e, d'un design aux lignes douces, d'une grande beaut\u00e9 et d'une absence de parties saillantes, refl\u00e9tant l'essence du minimalisme moderne.<\/p>\n<\/div>\n\n\n\n<div class=\"wp-block-column is-layout-flow wp-block-column-is-layout-flow\"><div class=\"wp-block-image\">\n<figure class=\"aligncenter size-full\"><img decoding=\"async\" width=\"1000\" height=\"1000\" src=\"https:\/\/www.shouyasanitary.com\/wp-content\/uploads\/2025\/05\/Contemporary-Bathroom-Cabinet-Custom-PVC-Wall-Hung-Bathroom-Vanity-with-Mirror-Supplier-1.webp\" alt=\"Meuble de salle de bain contemporain sur mesure, Meuble de salle de bain suspendu en PVC avec miroir Fournisseur (1)\" class=\"wp-image-1134\" style=\"object-fit:cover\" srcset=\"https:\/\/www.shouyasanitary.com\/wp-content\/uploads\/2025\/05\/Contemporary-Bathroom-Cabinet-Custom-PVC-Wall-Hung-Bathroom-Vanity-with-Mirror-Supplier-1.webp 1000w, https:\/\/www.shouyasanitary.com\/wp-content\/uploads\/2025\/05\/Contemporary-Bathroom-Cabinet-Custom-PVC-Wall-Hung-Bathroom-Vanity-with-Mirror-Supplier-1-300x300.webp 300w, https:\/\/www.shouyasanitary.com\/wp-content\/uploads\/2025\/05\/Contemporary-Bathroom-Cabinet-Custom-PVC-Wall-Hung-Bathroom-Vanity-with-Mirror-Supplier-1-150x150.webp 150w, https:\/\/www.shouyasanitary.com\/wp-content\/uploads\/2025\/05\/Contemporary-Bathroom-Cabinet-Custom-PVC-Wall-Hung-Bathroom-Vanity-with-Mirror-Supplier-1-768x768.webp 768w, https:\/\/www.shouyasanitary.com\/wp-content\/uploads\/2025\/05\/Contemporary-Bathroom-Cabinet-Custom-PVC-Wall-Hung-Bathroom-Vanity-with-Mirror-Supplier-1-12x12.webp 12w, https:\/\/www.shouyasanitary.com\/wp-content\/uploads\/2025\/05\/Contemporary-Bathroom-Cabinet-Custom-PVC-Wall-Hung-Bathroom-Vanity-with-Mirror-Supplier-1-600x600.webp 600w, https:\/\/www.shouyasanitary.com\/wp-content\/uploads\/2025\/05\/Contemporary-Bathroom-Cabinet-Custom-PVC-Wall-Hung-Bathroom-Vanity-with-Mirror-Supplier-1-100x100.webp 100w\" sizes=\"(max-width: 1000px) 100vw, 1000px\" \/><\/figure>\n<\/div><\/div>\n<\/div>","protected":false},"excerpt":{"rendered":"<p>Meubles de salle de bains de haute qualit\u00e9 et de style, fabriqu\u00e9s sur mesure avec des vasques en c\u00e9ramique et un miroir LED, coins arrondis, convenant \u00e0 tout espace de salle de bains. Stock en vrac semi-personnalis\u00e9, service OEM\/ODM, gamme compl\u00e8te d'accessoires de salle de bains. N'h\u00e9sitez pas \u00e0 nous contacter pour des solutions en gros !<\/p>\n<h2>Armoire de salle de bain en PVC Attributs\uff1a<\/h2>\n<p><strong>Num\u00e9ro d'article :<\/strong>HR8812-80<strong><br \/>Mat\u00e9riau de l'armoire :<\/strong> PVC<br \/><strong>Couleur de l'armoire : <\/strong> Gris clair<br \/><strong>Miroir :<\/strong> Miroir LED (3,5 mm\/3,8 mm), \u00e9clairage tricolore, d\u00e9sembuage par simple pression d'une touche, s\u00e9curis\u00e9 par un emballage en mousse multicouche.<br \/><strong>Type d'installation :<\/strong>\u00a0Montage mural<br \/><strong>Dimensions (L\u00d7L\u00d7H) :<\/strong> 80*47*50cm<br \/><strong>Poids brut :<\/strong> 28kg\/set<\/p>\n<h2>Personnalisation et services :<\/h2>\n<p><strong>OEM ET ODM<\/strong>: Pris en charge<br \/><strong>Conception<\/strong>: Gratuit<br \/><strong>Accessoires<\/strong>: Lavabos, miroirs, robinets et autres accessoires de salle de bains<br \/><strong>Emballage<\/strong>: Pr\u00eat \u00e0 monter<\/p>","protected":false},"featured_media":1134,"comment_status":"closed","ping_status":"closed","template":"","meta":{"_acf_changed":false},"product_brand":[],"product_cat":[24],"product_tag":[],"class_list":{"0":"post-1133","1":"product","2":"type-product","3":"status-publish","4":"has-post-thumbnail","6":"product_cat-wholesale-pvc-bathroom-vanity-cabinets","8":"first","9":"instock","10":"shipping-taxable","11":"product-type-simple"},"acf":[],"_links":{"self":[{"href":"https:\/\/www.shouyasanitary.com\/fr\/wp-json\/wp\/v2\/product\/1133","targetHints":{"allow":["GET"]}}],"collection":[{"href":"https:\/\/www.shouyasanitary.com\/fr\/wp-json\/wp\/v2\/product"}],"about":[{"href":"https:\/\/www.shouyasanitary.com\/fr\/wp-json\/wp\/v2\/types\/product"}],"replies":[{"embeddable":true,"href":"https:\/\/www.shouyasanitary.com\/fr\/wp-json\/wp\/v2\/comments?post=1133"}],"wp:featuredmedia":[{"embeddable":true,"href":"https:\/\/www.shouyasanitary.com\/fr\/wp-json\/wp\/v2\/media\/1134"}],"wp:attachment":[{"href":"https:\/\/www.shouyasanitary.com\/fr\/wp-json\/wp\/v2\/media?parent=1133"}],"wp:term":[{"taxonomy":"product_brand","embeddable":true,"href":"https:\/\/www.shouyasanitary.com\/fr\/wp-json\/wp\/v2\/product_brand?post=1133"},{"taxonomy":"product_cat","embeddable":true,"href":"https:\/\/www.shouyasanitary.com\/fr\/wp-json\/wp\/v2\/product_cat?post=1133"},{"taxonomy":"product_tag","embeddable":true,"href":"https:\/\/www.shouyasanitary.com\/fr\/wp-json\/wp\/v2\/product_tag?post=1133"}],"curies":[{"name":"wp","href":"https:\/\/api.w.org\/{rel}","templated":true}]}}