{"id":1149,"date":"2025-05-22T17:42:09","date_gmt":"2025-05-22T17:42:09","guid":{"rendered":"https:\/\/www.shouyasanitary.com\/?post_type=product&#038;p=1149"},"modified":"2025-05-22T17:42:16","modified_gmt":"2025-05-22T17:42:16","slug":"custom-bathroom-cabinet","status":"publish","type":"product","link":"https:\/\/www.shouyasanitary.com\/fr\/produit\/custom-bathroom-cabinet\/","title":{"rendered":"Armoire de salle de bain sur mesure kaki avec vasque Armoire de toilette en vrac"},"content":{"rendered":"<div class=\"wp-block-columns is-layout-flex wp-container-core-columns-is-layout-9d6595d7 wp-block-columns-is-layout-flex\">\n<div class=\"wp-block-column is-layout-flow wp-block-column-is-layout-flow\">\n<h2 class=\"wp-block-heading\">Caract\u00e9ristiques de l'armoire de salle de bains :<\/h2>\n\n\n\n<p><strong>\u00c9l\u00e9gante couleur kaki<\/strong>: Le ton kaki doux allie chaleur et luxe, se fondant facilement dans la salle de bains moderne pour cr\u00e9er une atmosph\u00e8re de lavage confortable et paisible.<\/p>\n\n\n\n<p><strong>Contreplaqu\u00e9 de haute qualit\u00e9<\/strong> <strong>mat\u00e9riel<\/strong>: Le corps principal de l'armoire de toilette est fabriqu\u00e9 en contreplaqu\u00e9 de haute qualit\u00e9, qui pr\u00e9sente une excellente r\u00e9sistance \u00e0 l'humidit\u00e9 et une grande stabilit\u00e9 structurelle.<\/p>\n\n\n\n<p><strong>Conception murale<\/strong>: La structure flottante rend la salle de bains plus transparente et facile \u00e0 nettoyer, tout en offrant une solution de rangement pratique pour les salles de bains de petite taille.<\/p>\n\n\n\n<p><strong>\u00c9vier en c\u00e9ramique int\u00e9gr\u00e9<\/strong>: Le lavabo et le plan de travail sont form\u00e9s d'une seule pi\u00e8ce, avec une surface lisse et d\u00e9licate, anti-salissures et facile \u00e0 nettoyer, \u00e0 la fois pratique et esth\u00e9tique.<\/p>\n\n\n\n<p><strong>Armoire de toilette entour\u00e9e d'un bandeau lumineux :<\/strong> L'armoire de toilette sup\u00e9rieure combine une structure grillag\u00e9e ouverte et cach\u00e9e, avec une bande lumineuse d'ambiance LED, belle et pratique, facile \u00e0 classer et \u00e0 ranger les n\u00e9cessit\u00e9s quotidiennes, et pr\u00e9sente en m\u00eame temps les produits de lavage et de beaut\u00e9.<\/p>\n\n\n\n<p><strong>Forme du cadre en arc<\/strong>: Le panneau de la porte du meuble de salle de bains adopte un bord arrondi pour r\u00e9duire le risque de collision, ce qui est plus humain et refl\u00e8te les d\u00e9tails de l'artisanat et la beaut\u00e9 visuelle.<\/p>\n\n\n\n<p><strong>Support OEM\/ODM<\/strong>: Qu'il s'agisse de la taille, de la couleur, du mat\u00e9riau, de la configuration ou du logo, nous pouvons les personnaliser en fonction des besoins du client afin de r\u00e9pondre aux besoins de personnalisation de la marque et du projet.<\/p>\n<\/div>\n\n\n\n<div class=\"wp-block-column is-layout-flow wp-block-column-is-layout-flow\"><div class=\"wp-block-image\">\n<figure class=\"aligncenter size-full\"><img decoding=\"async\" width=\"800\" height=\"800\" src=\"https:\/\/www.shouyasanitary.com\/wp-content\/uploads\/2025\/05\/Custom-Bathroom-Cabinet-Khaki-Luxury-Bathroom-Mirror-Cabinet-in-Bulk.webp\" alt=\"Armoire de salle de bain sur mesure Khaki, Armoire de salle de bain de luxe avec miroir en vrac\" class=\"wp-image-1150\" style=\"object-fit:cover\" srcset=\"https:\/\/www.shouyasanitary.com\/wp-content\/uploads\/2025\/05\/Custom-Bathroom-Cabinet-Khaki-Luxury-Bathroom-Mirror-Cabinet-in-Bulk.webp 800w, https:\/\/www.shouyasanitary.com\/wp-content\/uploads\/2025\/05\/Custom-Bathroom-Cabinet-Khaki-Luxury-Bathroom-Mirror-Cabinet-in-Bulk-300x300.webp 300w, https:\/\/www.shouyasanitary.com\/wp-content\/uploads\/2025\/05\/Custom-Bathroom-Cabinet-Khaki-Luxury-Bathroom-Mirror-Cabinet-in-Bulk-150x150.webp 150w, https:\/\/www.shouyasanitary.com\/wp-content\/uploads\/2025\/05\/Custom-Bathroom-Cabinet-Khaki-Luxury-Bathroom-Mirror-Cabinet-in-Bulk-768x768.webp 768w, https:\/\/www.shouyasanitary.com\/wp-content\/uploads\/2025\/05\/Custom-Bathroom-Cabinet-Khaki-Luxury-Bathroom-Mirror-Cabinet-in-Bulk-12x12.webp 12w, https:\/\/www.shouyasanitary.com\/wp-content\/uploads\/2025\/05\/Custom-Bathroom-Cabinet-Khaki-Luxury-Bathroom-Mirror-Cabinet-in-Bulk-600x600.webp 600w, https:\/\/www.shouyasanitary.com\/wp-content\/uploads\/2025\/05\/Custom-Bathroom-Cabinet-Khaki-Luxury-Bathroom-Mirror-Cabinet-in-Bulk-100x100.webp 100w\" sizes=\"(max-width: 800px) 100vw, 800px\" \/><\/figure>\n<\/div><\/div>\n<\/div>","protected":false},"excerpt":{"rendered":"<p>Bienvenue \u00e0 l'armoire de salle de bains personnalis\u00e9e, avec armoires de toilette et lavabo, \u00e9l\u00e9gante et belle. Support OEM\/ODM, prix de gros et livraison rapide. Demandez un devis maintenant !<\/p>\n<h2>Attributs du meuble de salle de bains\uff1a<\/h2>\n<p><strong>Num\u00e9ro d'article :<\/strong>CP8823-80<strong><br \/>Mat\u00e9riau de l'armoire<\/strong>: Contreplaqu\u00e9<br \/><strong>Couleur de l'armoire :<\/strong> Kaki<br \/><strong>Miroir :<\/strong> Miroir LED (3,5 mm \/ 3,8 mm), \u00e9clairage tricolore, d\u00e9sembuage par simple pression d'une touche, s\u00e9curis\u00e9 par un emballage en mousse multicouche<br \/><strong>Type d'installation :<\/strong> Montage mural<br \/><strong>Dimensions (L \u00d7 L \u00d7 H) :<\/strong> 79*43*50 cm<br \/><strong>Poids brut :<\/strong> 35kg\/set<\/p>\n<h2>Personnalisation et services :<\/h2>\n<p><strong>OEM ET ODM<\/strong>: Pris en charge<br \/><strong>Conception<\/strong>: Gratuit<br \/><strong>Accessoires<\/strong>: Lavabos, miroirs, robinets et autres accessoires de salle de bains<br \/><strong>Emballage<\/strong>: Pr\u00eat \u00e0 monter<\/p>","protected":false},"featured_media":1150,"comment_status":"closed","ping_status":"closed","template":"","meta":{"_acf_changed":false},"product_brand":[],"product_cat":[20],"product_tag":[],"class_list":{"0":"post-1149","1":"product","2":"type-product","3":"status-publish","4":"has-post-thumbnail","6":"product_cat-wholesale-plywood-bathroom-vanity-cabinets","8":"first","9":"instock","10":"shipping-taxable","11":"product-type-simple"},"acf":[],"_links":{"self":[{"href":"https:\/\/www.shouyasanitary.com\/fr\/wp-json\/wp\/v2\/product\/1149","targetHints":{"allow":["GET"]}}],"collection":[{"href":"https:\/\/www.shouyasanitary.com\/fr\/wp-json\/wp\/v2\/product"}],"about":[{"href":"https:\/\/www.shouyasanitary.com\/fr\/wp-json\/wp\/v2\/types\/product"}],"replies":[{"embeddable":true,"href":"https:\/\/www.shouyasanitary.com\/fr\/wp-json\/wp\/v2\/comments?post=1149"}],"wp:featuredmedia":[{"embeddable":true,"href":"https:\/\/www.shouyasanitary.com\/fr\/wp-json\/wp\/v2\/media\/1150"}],"wp:attachment":[{"href":"https:\/\/www.shouyasanitary.com\/fr\/wp-json\/wp\/v2\/media?parent=1149"}],"wp:term":[{"taxonomy":"product_brand","embeddable":true,"href":"https:\/\/www.shouyasanitary.com\/fr\/wp-json\/wp\/v2\/product_brand?post=1149"},{"taxonomy":"product_cat","embeddable":true,"href":"https:\/\/www.shouyasanitary.com\/fr\/wp-json\/wp\/v2\/product_cat?post=1149"},{"taxonomy":"product_tag","embeddable":true,"href":"https:\/\/www.shouyasanitary.com\/fr\/wp-json\/wp\/v2\/product_tag?post=1149"}],"curies":[{"name":"wp","href":"https:\/\/api.w.org\/{rel}","templated":true}]}}