{"id":1153,"date":"2025-05-22T17:56:24","date_gmt":"2025-05-22T17:56:24","guid":{"rendered":"https:\/\/www.shouyasanitary.com\/?post_type=product&#038;p=1153"},"modified":"2025-05-22T17:56:30","modified_gmt":"2025-05-22T17:56:30","slug":"bathroom-custom-cabinets","status":"publish","type":"product","link":"https:\/\/www.shouyasanitary.com\/fr\/produit\/bathroom-custom-cabinets\/","title":{"rendered":"Meubles de salle de bain sur mesure avec miroir rond, Wholesale Floating Bathroom Vanity"},"content":{"rendered":"<div class=\"wp-block-columns is-layout-flex wp-container-core-columns-is-layout-9d6595d7 wp-block-columns-is-layout-flex\">\n<div class=\"wp-block-column is-layout-flow wp-block-column-is-layout-flow\">\n<h2 class=\"wp-block-heading\">Salle de bain Armoires sur mesure Caract\u00e9ristiques :<\/h2>\n\n\n\n<p><strong>Miroir intelligent rond<\/strong>Le miroir : \u00e9quip\u00e9 d'un miroir rond de luxe et d'une fonction intelligente de d\u00e9sembuage \u00e0 double contr\u00f4le, qui peut emp\u00eacher la condensation de la vapeur d'eau et maintenir la propret\u00e9 du miroir, ce qui rend l'utilisation quotidienne plus pratique.<\/p>\n\n\n\n<p><strong>Bande lumineuse en miroir<\/strong>: Il est accompagn\u00e9 d'une bande lumineuse qui, en plus d'ajouter \u00e0 l'atmosph\u00e8re de la salle de bains, fournit un \u00e9clairage doux, r\u00e9pond aux besoins d'\u00e9clairage quotidiens et optimise l'esth\u00e9tique de l'endroit.<\/p>\n\n\n\n<p><strong>Armoire de toilette en contreplaqu\u00e9<\/strong>: Fabriqu\u00e9 en contreplaqu\u00e9 de haute qualit\u00e9, avec une structure rigide et de bonnes propri\u00e9t\u00e9s de protection contre l'humidit\u00e9, il est particuli\u00e8rement adapt\u00e9 aux salles de bains humides.<\/p>\n\n\n\n<p><strong>Combinaison tiroir + porte d'armoire<\/strong>: L'armoire principale est d'un style simple, utilisant une combinaison de tiroirs et de portes d'armoire, un cloisonnement rationnel, et r\u00e9pondant aux besoins de stockage des diff\u00e9rents articles.<\/p>\n\n\n\n<p><strong>Les armoires lat\u00e9rales raffin\u00e9es sont dot\u00e9es de lampes \u00e0 induction intelligentes : <\/strong>Les armoires lat\u00e9rales sont \u00e9quip\u00e9es de lampes \u00e0 induction pour le corps humain, qui s'allument automatiquement lorsque des personnes s'approchent la nuit, offrant ainsi plus de commodit\u00e9 et de s\u00e9curit\u00e9 lors de l'utilisation.<\/p>\n\n\n\n<p><strong>Quelques combinaisons de taille<\/strong>: Les dimensions de l'armoire de toilette sont de 900\u00d7680\u00d7150 mm et celles de l'armoire principale de 1000\u00d7500\u00d7450 mm. Elle convient \u00e0 la plupart des types d'am\u00e9nagement de salle de bains et r\u00e9pond \u00e0 la double exigence de rangement et d'esth\u00e9tique des diff\u00e9rentes salles de bains.<\/p>\n\n\n\n<p><strong>Fourniture directe \u00e0 l'usine<\/strong>: Shouya factory wholesale, garantissant aux clients des solutions de vanit\u00e9 de salle de bain plus rentables et un approvisionnement stable \u00e0 long terme.<\/p>\n<\/div>\n\n\n\n<div class=\"wp-block-column is-layout-flow wp-block-column-is-layout-flow\"><div class=\"wp-block-image\">\n<figure class=\"aligncenter size-full\"><img decoding=\"async\" width=\"800\" height=\"800\" src=\"https:\/\/www.shouyasanitary.com\/wp-content\/uploads\/2025\/05\/Bathroom-Custom-Cabinets-Wholesale-Floating-Bathroom-Vanity-Mirror.webp\" alt=\"Armoires de salle de bain personnalis\u00e9es, miroir flottant de salle de bain en gros\" class=\"wp-image-1154\" style=\"object-fit:cover\" srcset=\"https:\/\/www.shouyasanitary.com\/wp-content\/uploads\/2025\/05\/Bathroom-Custom-Cabinets-Wholesale-Floating-Bathroom-Vanity-Mirror.webp 800w, https:\/\/www.shouyasanitary.com\/wp-content\/uploads\/2025\/05\/Bathroom-Custom-Cabinets-Wholesale-Floating-Bathroom-Vanity-Mirror-300x300.webp 300w, https:\/\/www.shouyasanitary.com\/wp-content\/uploads\/2025\/05\/Bathroom-Custom-Cabinets-Wholesale-Floating-Bathroom-Vanity-Mirror-150x150.webp 150w, https:\/\/www.shouyasanitary.com\/wp-content\/uploads\/2025\/05\/Bathroom-Custom-Cabinets-Wholesale-Floating-Bathroom-Vanity-Mirror-768x768.webp 768w, https:\/\/www.shouyasanitary.com\/wp-content\/uploads\/2025\/05\/Bathroom-Custom-Cabinets-Wholesale-Floating-Bathroom-Vanity-Mirror-12x12.webp 12w, https:\/\/www.shouyasanitary.com\/wp-content\/uploads\/2025\/05\/Bathroom-Custom-Cabinets-Wholesale-Floating-Bathroom-Vanity-Mirror-600x600.webp 600w, https:\/\/www.shouyasanitary.com\/wp-content\/uploads\/2025\/05\/Bathroom-Custom-Cabinets-Wholesale-Floating-Bathroom-Vanity-Mirror-100x100.webp 100w\" sizes=\"(max-width: 800px) 100vw, 800px\" \/><\/figure>\n<\/div><\/div>\n<\/div>","protected":false},"excerpt":{"rendered":"<p>Cette armoire de salle de bain personnalis\u00e9e avec un miroir rond LED intelligent, un design moderne d'armoire blanche, est pratique et belle. Possibilit\u00e9 de personnaliser le logo, l'emballage, etc. Nous vous invitons \u00e0 nous consulter d\u00e8s aujourd'hui pour obtenir des prix de gros.<\/p>\n<h2>Attributs des armoires de salle de bain sur mesure\uff1a<\/h2>\n<p><strong>Num\u00e9ro d'article :<\/strong>CP8822-100<strong><br \/>Mat\u00e9riau de l'armoire :<\/strong> Contreplaqu\u00e9<br \/><strong>Couleur de l'armoire :<\/strong> Gris doux<br \/><strong>Miroir :<\/strong>\u00a0Miroir LED (3,5 mm \/ 3,8 mm), \u00e9clairage tricolore, d\u00e9sembuage par simple pression d'une touche, s\u00e9curis\u00e9 par un emballage en mousse multicouche<br \/><strong>Type d'installation :<\/strong>\u00a0Montage mural<br \/><strong>Dimensions (L \u00d7 L \u00d7 H) :<\/strong> 100*50*45 cm<br \/><strong>Poids brut :<\/strong> 36kg\/set<\/p>\n<h2>Personnalisation et services :<\/h2>\n<p><strong>OEM ET ODM<\/strong>: Pris en charge<br \/><strong>Conception<\/strong>: Gratuit<br \/><strong>Accessoires<\/strong>: Lavabos, miroirs, robinets et autres accessoires de salle de bains<br \/><strong>Emballage<\/strong>: Pr\u00eat \u00e0 monter<\/p>","protected":false},"featured_media":1154,"comment_status":"closed","ping_status":"closed","template":"","meta":{"_acf_changed":false},"product_brand":[],"product_cat":[20],"product_tag":[],"class_list":{"0":"post-1153","1":"product","2":"type-product","3":"status-publish","4":"has-post-thumbnail","6":"product_cat-wholesale-plywood-bathroom-vanity-cabinets","8":"first","9":"instock","10":"shipping-taxable","11":"product-type-simple"},"acf":[],"_links":{"self":[{"href":"https:\/\/www.shouyasanitary.com\/fr\/wp-json\/wp\/v2\/product\/1153","targetHints":{"allow":["GET"]}}],"collection":[{"href":"https:\/\/www.shouyasanitary.com\/fr\/wp-json\/wp\/v2\/product"}],"about":[{"href":"https:\/\/www.shouyasanitary.com\/fr\/wp-json\/wp\/v2\/types\/product"}],"replies":[{"embeddable":true,"href":"https:\/\/www.shouyasanitary.com\/fr\/wp-json\/wp\/v2\/comments?post=1153"}],"wp:featuredmedia":[{"embeddable":true,"href":"https:\/\/www.shouyasanitary.com\/fr\/wp-json\/wp\/v2\/media\/1154"}],"wp:attachment":[{"href":"https:\/\/www.shouyasanitary.com\/fr\/wp-json\/wp\/v2\/media?parent=1153"}],"wp:term":[{"taxonomy":"product_brand","embeddable":true,"href":"https:\/\/www.shouyasanitary.com\/fr\/wp-json\/wp\/v2\/product_brand?post=1153"},{"taxonomy":"product_cat","embeddable":true,"href":"https:\/\/www.shouyasanitary.com\/fr\/wp-json\/wp\/v2\/product_cat?post=1153"},{"taxonomy":"product_tag","embeddable":true,"href":"https:\/\/www.shouyasanitary.com\/fr\/wp-json\/wp\/v2\/product_tag?post=1153"}],"curies":[{"name":"wp","href":"https:\/\/api.w.org\/{rel}","templated":true}]}}