{"id":1158,"date":"2025-05-22T18:08:20","date_gmt":"2025-05-22T18:08:20","guid":{"rendered":"https:\/\/www.shouyasanitary.com\/?post_type=product&#038;p=1158"},"modified":"2025-05-22T18:08:26","modified_gmt":"2025-05-22T18:08:26","slug":"custom-cabinets-for-bathroom","status":"publish","type":"product","link":"https:\/\/www.shouyasanitary.com\/fr\/produit\/custom-cabinets-for-bathroom\/","title":{"rendered":"Armoires de salle de bain sur mesure, Meuble de salle de bain moderne en contreplaqu\u00e9 Wholesale"},"content":{"rendered":"<div class=\"wp-block-columns is-layout-flex wp-container-core-columns-is-layout-9d6595d7 wp-block-columns-is-layout-flex\">\n<div class=\"wp-block-column is-layout-flow wp-block-column-is-layout-flow\">\n<h2 class=\"wp-block-heading\">Caract\u00e9ristiques des armoires de salle de bains :<\/h2>\n\n\n\n<p><strong>Design simple et moderne<\/strong>: La couleur g\u00e9n\u00e9rale est gris jaune clair, avec des cadres m\u00e9talliques noirs et des lignes d'ornementation dor\u00e9es, r\u00e9v\u00e9lant une texture calme et luxueuse.<\/p>\n\n\n\n<p><strong>Armoire de toilette au design contrast\u00e9<\/strong>: L'armoire de toilette est un compartiment de rangement ouvert de couleur sombre, qui fait \u00e9cho au design de couleur de l'armoire principale, apportant un sentiment de raffinement \u00e0 l'espace.<\/p>\n\n\n\n<p><strong>Contreplaqu\u00e9 de haute qualit\u00e9<\/strong>: Fabriqu\u00e9 en contreplaqu\u00e9, traitement de surface fin, texture naturelle, aspect haut de gamme, bonne r\u00e9sistance \u00e0 l'humidit\u00e9, durable, pratique et esth\u00e9tique.<\/p>\n\n\n\n<p><strong>Armoire de toilette avec bandeau lumineux autour<\/strong>: L'armoire de toilette est \u00e9quip\u00e9e d'un dispositif d'\u00e9clairage doux, qui offre une lumi\u00e8re suffisante, est pratique pour les soins quotidiens et apporte \u00e9galement une atmosph\u00e8re chaleureuse.<\/p>\n\n\n\n<p><strong>Cadre mural<\/strong>: La conception flottante permet d'\u00e9conomiser de l'espace au sol, ce qui donne \u00e0 la salle de bains un aspect plus spacieux. Elle permet \u00e9galement de nettoyer le sol et de r\u00e9duire les angles morts sanitaires.<\/p>\n\n\n\n<p><strong>Prise en charge de la personnalisation en gros<\/strong>: Disponible dans une vari\u00e9t\u00e9 de tailles, de couleurs et de finitions pour la flexibilit\u00e9 de la marque et du design.<\/p>\n<\/div>\n\n\n\n<div class=\"wp-block-column is-layout-flow wp-block-column-is-layout-flow\"><div class=\"wp-block-image\">\n<figure class=\"aligncenter size-full\"><img decoding=\"async\" width=\"800\" height=\"800\" src=\"https:\/\/www.shouyasanitary.com\/wp-content\/uploads\/2025\/05\/Custom-Cabinets-for-Bathroom-Modern-Plywood-Bathroom-Vanity.webp\" alt=\"Armoires de salle de bain sur mesure, Meuble de salle de bain moderne en contreplaqu\u00e9\" class=\"wp-image-1161\" style=\"object-fit:cover\" srcset=\"https:\/\/www.shouyasanitary.com\/wp-content\/uploads\/2025\/05\/Custom-Cabinets-for-Bathroom-Modern-Plywood-Bathroom-Vanity.webp 800w, https:\/\/www.shouyasanitary.com\/wp-content\/uploads\/2025\/05\/Custom-Cabinets-for-Bathroom-Modern-Plywood-Bathroom-Vanity-300x300.webp 300w, https:\/\/www.shouyasanitary.com\/wp-content\/uploads\/2025\/05\/Custom-Cabinets-for-Bathroom-Modern-Plywood-Bathroom-Vanity-150x150.webp 150w, https:\/\/www.shouyasanitary.com\/wp-content\/uploads\/2025\/05\/Custom-Cabinets-for-Bathroom-Modern-Plywood-Bathroom-Vanity-768x768.webp 768w, https:\/\/www.shouyasanitary.com\/wp-content\/uploads\/2025\/05\/Custom-Cabinets-for-Bathroom-Modern-Plywood-Bathroom-Vanity-12x12.webp 12w, https:\/\/www.shouyasanitary.com\/wp-content\/uploads\/2025\/05\/Custom-Cabinets-for-Bathroom-Modern-Plywood-Bathroom-Vanity-600x600.webp 600w, https:\/\/www.shouyasanitary.com\/wp-content\/uploads\/2025\/05\/Custom-Cabinets-for-Bathroom-Modern-Plywood-Bathroom-Vanity-100x100.webp 100w\" sizes=\"(max-width: 800px) 100vw, 800px\" \/><\/figure>\n<\/div><\/div>\n<\/div>","protected":false},"excerpt":{"rendered":"<p>Les armoires sur mesure pour la salle de bains sont luxueuses et \u00e9l\u00e9gantes, et peuvent \u00eatre assorties \u00e0 une armoire de toilette \u00e0 LED, \u00e0 un lavabo et \u00e0 des accessoires de salle de bains. Possibilit\u00e9 de personnalisation en gros, prix d'usine. Contactez-nous pour des solutions en gros !<\/p>\n<h2>Armoires pour salle de bains Attributs\uff1a<\/h2>\n<p><strong>Num\u00e9ro d'article :<\/strong>CP8819-80<strong><br \/>Mat\u00e9riau de l'armoire :<\/strong>\u00a0Contreplaqu\u00e9<br \/><strong>Couleur de l'armoire :<\/strong> Jaune-gris<br \/><strong>Miroir :<\/strong> Miroir LED (3,5 mm\/3,8 mm), \u00e9clairage tricolore, d\u00e9sembuage par simple pression d'une touche, s\u00e9curis\u00e9 par un emballage en mousse multicouche.<br \/><strong>Type d'installation :<\/strong>\u00a0Montage mural<br \/><strong>Dimensions (L\u00d7L\u00d7H) :<\/strong> 80x50x50 cm<br \/><strong>Poids brut :<\/strong> 35kg\/set<\/p>\n<h2>Personnalisation et services :<\/h2>\n<p><strong>OEM ET ODM<\/strong>: Pris en charge<br \/><strong>Conception<\/strong>: Gratuit<br \/><strong>Accessoires<\/strong>: Lavabos, miroirs, robinets et autres accessoires de salle de bains<br \/><strong>Emballage<\/strong>: Pr\u00eat \u00e0 monter<\/p>","protected":false},"featured_media":1161,"comment_status":"closed","ping_status":"closed","template":"","meta":{"_acf_changed":false},"product_brand":[],"product_cat":[20],"product_tag":[],"class_list":{"0":"post-1158","1":"product","2":"type-product","3":"status-publish","4":"has-post-thumbnail","6":"product_cat-wholesale-plywood-bathroom-vanity-cabinets","8":"first","9":"instock","10":"shipping-taxable","11":"product-type-simple"},"acf":[],"_links":{"self":[{"href":"https:\/\/www.shouyasanitary.com\/fr\/wp-json\/wp\/v2\/product\/1158","targetHints":{"allow":["GET"]}}],"collection":[{"href":"https:\/\/www.shouyasanitary.com\/fr\/wp-json\/wp\/v2\/product"}],"about":[{"href":"https:\/\/www.shouyasanitary.com\/fr\/wp-json\/wp\/v2\/types\/product"}],"replies":[{"embeddable":true,"href":"https:\/\/www.shouyasanitary.com\/fr\/wp-json\/wp\/v2\/comments?post=1158"}],"wp:featuredmedia":[{"embeddable":true,"href":"https:\/\/www.shouyasanitary.com\/fr\/wp-json\/wp\/v2\/media\/1161"}],"wp:attachment":[{"href":"https:\/\/www.shouyasanitary.com\/fr\/wp-json\/wp\/v2\/media?parent=1158"}],"wp:term":[{"taxonomy":"product_brand","embeddable":true,"href":"https:\/\/www.shouyasanitary.com\/fr\/wp-json\/wp\/v2\/product_brand?post=1158"},{"taxonomy":"product_cat","embeddable":true,"href":"https:\/\/www.shouyasanitary.com\/fr\/wp-json\/wp\/v2\/product_cat?post=1158"},{"taxonomy":"product_tag","embeddable":true,"href":"https:\/\/www.shouyasanitary.com\/fr\/wp-json\/wp\/v2\/product_tag?post=1158"}],"curies":[{"name":"wp","href":"https:\/\/api.w.org\/{rel}","templated":true}]}}