{"id":1164,"date":"2025-05-22T18:16:06","date_gmt":"2025-05-22T18:16:06","guid":{"rendered":"https:\/\/www.shouyasanitary.com\/?post_type=product&#038;p=1164"},"modified":"2025-05-22T18:16:13","modified_gmt":"2025-05-22T18:16:13","slug":"wholesale-bathroom-vanity-with-sink","status":"publish","type":"product","link":"https:\/\/www.shouyasanitary.com\/fr\/produit\/wholesale-bathroom-vanity-with-sink\/","title":{"rendered":"Wholesale Bathroom Vanity with Sink, Single Cabinet Bathroom Bulk (meuble de salle de bain avec \u00e9vier)"},"content":{"rendered":"<div class=\"wp-block-columns is-layout-flex wp-container-core-columns-is-layout-9d6595d7 wp-block-columns-is-layout-flex\">\n<div class=\"wp-block-column is-layout-flow wp-block-column-is-layout-flow\">\n<h2 class=\"wp-block-heading\">Caract\u00e9ristiques du meuble-lavabo avec \u00e9vier\uff1a<\/h2>\n\n\n\n<p><strong>Mat\u00e9riau du contreplaqu\u00e9<\/strong>: Il a une fonction anti-humidit\u00e9 et peut prot\u00e9ger efficacement l'armoire, ce qui en fait un choix pratique et esth\u00e9tique pour la salle de bains.<\/p>\n\n\n\n<p><strong>Deux portes d'armoire<\/strong>Les espaces de rangement : ils offrent un grand espace int\u00e9rieur pour ranger les objets essentiels \u00e0 la vie quotidienne, tels que les serviettes et les articles de toilette, et r\u00e9pondent ainsi aux besoins de rangement de base.<\/p>\n\n\n\n<p><strong>Armoire de toilette multifonctionnelle<\/strong>: L'armoire de toilette est \u00e9quip\u00e9e d'un espace de rangement \u00e0 ouverture lat\u00e9rale permettant de ranger les produits de soin de la peau, les cosm\u00e9tiques, etc. les plus couramment utilis\u00e9s, pour un acc\u00e8s facile.<\/p>\n\n\n\n<p><strong>Aspect \u00e9l\u00e9gant : <\/strong>Il pr\u00e9sente un ton doux et l\u00e9ger, cr\u00e9ant une atmosph\u00e8re chaleureuse et confortable qui peut se marier avec diff\u00e9rents styles de d\u00e9coration de salle de bains.<\/p>\n\n\n\n<p><strong>\u00c9vier rectangulaire int\u00e9gr\u00e9 : <\/strong>Les bords sont arrondis et polis, parfaitement raccord\u00e9s au comptoir, sans angles morts sanitaires, et emp\u00eachent l'eau de s'infiltrer.<\/p>\n\n\n\n<p><strong>Taille pr\u00e9cise pour s'adapter aux petits espaces<\/strong>\uff1a L'armoire principale mesure 600*430*500 mm et l'armoire de toilette 600*140*650 mm. Ces sp\u00e9cifications relativement sophistiqu\u00e9es conviennent aux salles de bains dont l'espace est limit\u00e9.<\/p>\n<\/div>\n\n\n\n<div class=\"wp-block-column is-layout-flow wp-block-column-is-layout-flow\"><div class=\"wp-block-image\">\n<figure class=\"aligncenter size-full\"><img decoding=\"async\" width=\"800\" height=\"800\" src=\"https:\/\/www.shouyasanitary.com\/wp-content\/uploads\/2025\/05\/Wholesale-Bathroom-Vanity-with-Sink-Custom-Mirror-Cabinet-Bathroom-Khaki.webp\" alt=\"Wholesale Bathroom Vanity with Sink, Custom Mirror Cabinet Bathroom Khaki\" class=\"wp-image-1167\" style=\"object-fit:cover\" srcset=\"https:\/\/www.shouyasanitary.com\/wp-content\/uploads\/2025\/05\/Wholesale-Bathroom-Vanity-with-Sink-Custom-Mirror-Cabinet-Bathroom-Khaki.webp 800w, https:\/\/www.shouyasanitary.com\/wp-content\/uploads\/2025\/05\/Wholesale-Bathroom-Vanity-with-Sink-Custom-Mirror-Cabinet-Bathroom-Khaki-300x300.webp 300w, https:\/\/www.shouyasanitary.com\/wp-content\/uploads\/2025\/05\/Wholesale-Bathroom-Vanity-with-Sink-Custom-Mirror-Cabinet-Bathroom-Khaki-150x150.webp 150w, https:\/\/www.shouyasanitary.com\/wp-content\/uploads\/2025\/05\/Wholesale-Bathroom-Vanity-with-Sink-Custom-Mirror-Cabinet-Bathroom-Khaki-768x768.webp 768w, https:\/\/www.shouyasanitary.com\/wp-content\/uploads\/2025\/05\/Wholesale-Bathroom-Vanity-with-Sink-Custom-Mirror-Cabinet-Bathroom-Khaki-12x12.webp 12w, https:\/\/www.shouyasanitary.com\/wp-content\/uploads\/2025\/05\/Wholesale-Bathroom-Vanity-with-Sink-Custom-Mirror-Cabinet-Bathroom-Khaki-600x600.webp 600w, https:\/\/www.shouyasanitary.com\/wp-content\/uploads\/2025\/05\/Wholesale-Bathroom-Vanity-with-Sink-Custom-Mirror-Cabinet-Bathroom-Khaki-100x100.webp 100w\" sizes=\"(max-width: 800px) 100vw, 800px\" \/><\/figure>\n<\/div><\/div>\n<\/div>","protected":false},"excerpt":{"rendered":"<p>Ce meuble de salle de bain avec \u00e9vier, fabriqu\u00e9 en contreplaqu\u00e9 r\u00e9sistant \u00e0 l'humidit\u00e9, est con\u00e7u pour les petites salles de bain. Nous fournissons des services personnalis\u00e9s, des livraisons rapides et des exp\u00e9ditions dans le monde entier. N'h\u00e9sitez pas \u00e0 nous contacter !<\/p>\n<h2>Meuble de salle de bain avec lavabo Attributs\uff1a<\/h2>\n<p><strong>Num\u00e9ro d'article<\/strong>: CP8823-60<br \/><strong>Mat\u00e9riau de l'armoire :<\/strong>\u00a0Contreplaqu\u00e9<br \/><strong>Couleur de l'armoire : <\/strong>Kaki<br \/><strong>Miroir :<\/strong> Miroir LED (3,5 mm\/3,8 mm), \u00e9clairage tricolore, d\u00e9sembuage par simple pression d'une touche, s\u00e9curis\u00e9 par un emballage en mousse multicouche.<br \/><strong>Type d'installation :<\/strong>\u00a0Montage mural<br \/><strong>Dimensions (L\u00d7L\u00d7H) :<\/strong> 60x43x50 cm<br \/><strong>Poids brut :<\/strong> 28 kg\/set<\/p>\n<h2>Personnalisation et services :<\/h2>\n<p><strong>OEM ET ODM<\/strong>: Pris en charge<br \/><strong>Conception<\/strong>: Gratuit<br \/><strong>Accessoires<\/strong>: Lavabos, miroirs, robinets et autres accessoires de salle de bains<br \/><strong>Emballage<\/strong>: Pr\u00eat \u00e0 monter<\/p>","protected":false},"featured_media":1167,"comment_status":"closed","ping_status":"closed","template":"","meta":{"_acf_changed":false},"product_brand":[],"product_cat":[20],"product_tag":[],"class_list":{"0":"post-1164","1":"product","2":"type-product","3":"status-publish","4":"has-post-thumbnail","6":"product_cat-wholesale-plywood-bathroom-vanity-cabinets","8":"first","9":"instock","10":"shipping-taxable","11":"product-type-simple"},"acf":[],"_links":{"self":[{"href":"https:\/\/www.shouyasanitary.com\/fr\/wp-json\/wp\/v2\/product\/1164","targetHints":{"allow":["GET"]}}],"collection":[{"href":"https:\/\/www.shouyasanitary.com\/fr\/wp-json\/wp\/v2\/product"}],"about":[{"href":"https:\/\/www.shouyasanitary.com\/fr\/wp-json\/wp\/v2\/types\/product"}],"replies":[{"embeddable":true,"href":"https:\/\/www.shouyasanitary.com\/fr\/wp-json\/wp\/v2\/comments?post=1164"}],"wp:featuredmedia":[{"embeddable":true,"href":"https:\/\/www.shouyasanitary.com\/fr\/wp-json\/wp\/v2\/media\/1167"}],"wp:attachment":[{"href":"https:\/\/www.shouyasanitary.com\/fr\/wp-json\/wp\/v2\/media?parent=1164"}],"wp:term":[{"taxonomy":"product_brand","embeddable":true,"href":"https:\/\/www.shouyasanitary.com\/fr\/wp-json\/wp\/v2\/product_brand?post=1164"},{"taxonomy":"product_cat","embeddable":true,"href":"https:\/\/www.shouyasanitary.com\/fr\/wp-json\/wp\/v2\/product_cat?post=1164"},{"taxonomy":"product_tag","embeddable":true,"href":"https:\/\/www.shouyasanitary.com\/fr\/wp-json\/wp\/v2\/product_tag?post=1164"}],"curies":[{"name":"wp","href":"https:\/\/api.w.org\/{rel}","templated":true}]}}