{"id":1179,"date":"2025-05-22T18:20:38","date_gmt":"2025-05-22T18:20:38","guid":{"rendered":"https:\/\/www.shouyasanitary.com\/?post_type=product&#038;p=1179"},"modified":"2025-11-11T02:56:14","modified_gmt":"2025-11-11T02:56:14","slug":"wholesale-bathroom-vanities-and-cabinets","status":"publish","type":"product","link":"https:\/\/www.shouyasanitary.com\/fr\/produit\/wholesale-bathroom-vanities-and-cabinets\/","title":{"rendered":"Wholesale Bathroom Vanities and Cabinets, Grey Bathroom Cabinet Wall Hung Custom"},"content":{"rendered":"<div class=\"wp-block-columns is-layout-flex wp-container-core-columns-is-layout-9d6595d7 wp-block-columns-is-layout-flex\">\n<div class=\"wp-block-column is-layout-flow wp-block-column-is-layout-flow\">\n<h2 class=\"wp-block-heading\">Caract\u00e9ristiques des meubles-lavabos et des armoires de salle de bains\uff1a<\/h2>\n\n\n\n<p><strong>Design simple et tendance<\/strong>: Le style g\u00e9n\u00e9ral est simple, avec des lignes douces et une couleur grise tr\u00e8s tendance\uff0c qui peut \u00eatre facilement associ\u00e9e \u00e0 d'autres styles de d\u00e9coration de salle de bains.<\/p>\n\n\n\n<p><strong>Mat\u00e9riau de qualit\u00e9<\/strong>: Fabriqu\u00e9 en contreplaqu\u00e9 de haute qualit\u00e9, il est solide et r\u00e9sistant aux taches, facile \u00e0 nettoyer et \u00e0 entretenir, et peut \u00eatre utilis\u00e9 pendant longtemps.<\/p>\n\n\n\n<p><strong>Armoire de toilette avec bandes lumineuses<\/strong>: L'armoire de toilette est \u00e9quip\u00e9e de bandes lumineuses pour l'\u00e9clairage, ce qui est pratique pour la toilette quotidienne. L'armoire de toilette est dot\u00e9e de plusieurs compartiments qui permettent d'optimiser l'espace, de ranger les articles de toilette \u00e0 port\u00e9e de main et de rendre la salle de bains plus ordonn\u00e9e et mieux organis\u00e9e.<\/p>\n\n\n\n<p><strong>\u00c9clairage doux<\/strong>: Un \u00e9clairage doux au bas de l'armoire cr\u00e9e une atmosph\u00e8re chaleureuse en plus de fournir de la lumi\u00e8re et d'am\u00e9liorer l'exp\u00e9rience globale de l'utilisateur.<\/p>\n\n\n\n<p><strong>Grande capacit\u00e9 de stockage<\/strong>: L'armoire principale et l'armoire de toilette offrent toutes deux une grande capacit\u00e9 de rangement pour r\u00e9pondre \u00e0 diff\u00e9rents besoins. Articles de toilette, produits d'entretien ou autres articles de salle de bains, tout peut \u00eatre facilement rang\u00e9.<\/p>\n\n\n\n<p><strong>Conception humanis\u00e9e<\/strong>: Les appareils tels que les robinets adoptent une conception ergonomique, ce qui signifie qu'ils sont non seulement plus confortables, mais aussi plus faciles \u00e0 utiliser.<\/p>\n\n\n\n<p><strong>Des solutions uniques pour la salle de bains :<\/strong> Outre les armoires de toilette, nous proposons \u00e9galement un ensemble complet de solutions pour la salle de bains, telles que des miroirs, des armoires de toilette, des robinets, des \u00e9tag\u00e8res, etc. afin de r\u00e9pondre aux besoins d'achat globaux des clients.<\/p>\n<\/div>\n\n\n\n<div class=\"wp-block-column is-layout-flow wp-block-column-is-layout-flow\"><div class=\"wp-block-image\">\n<figure class=\"aligncenter size-full\"><img decoding=\"async\" width=\"800\" height=\"800\" src=\"https:\/\/www.shouyasanitary.com\/wp-content\/uploads\/2025\/05\/Wholesale-Bathroom-Vanities-and-Cabinets-Grey-Bathroom-Medicine-Cabinet-with-Mirror.webp\" alt=\"Wholesale Bathroom Vanities and Cabinets, Grey Bathroom Medicine Cabinet with Mirror (Armoire \u00e0 pharmacie de salle de bain avec miroir)\" class=\"wp-image-1180\" style=\"object-fit:cover\" srcset=\"https:\/\/www.shouyasanitary.com\/wp-content\/uploads\/2025\/05\/Wholesale-Bathroom-Vanities-and-Cabinets-Grey-Bathroom-Medicine-Cabinet-with-Mirror.webp 800w, https:\/\/www.shouyasanitary.com\/wp-content\/uploads\/2025\/05\/Wholesale-Bathroom-Vanities-and-Cabinets-Grey-Bathroom-Medicine-Cabinet-with-Mirror-300x300.webp 300w, https:\/\/www.shouyasanitary.com\/wp-content\/uploads\/2025\/05\/Wholesale-Bathroom-Vanities-and-Cabinets-Grey-Bathroom-Medicine-Cabinet-with-Mirror-150x150.webp 150w, https:\/\/www.shouyasanitary.com\/wp-content\/uploads\/2025\/05\/Wholesale-Bathroom-Vanities-and-Cabinets-Grey-Bathroom-Medicine-Cabinet-with-Mirror-768x768.webp 768w, https:\/\/www.shouyasanitary.com\/wp-content\/uploads\/2025\/05\/Wholesale-Bathroom-Vanities-and-Cabinets-Grey-Bathroom-Medicine-Cabinet-with-Mirror-12x12.webp 12w, https:\/\/www.shouyasanitary.com\/wp-content\/uploads\/2025\/05\/Wholesale-Bathroom-Vanities-and-Cabinets-Grey-Bathroom-Medicine-Cabinet-with-Mirror-600x600.webp 600w, https:\/\/www.shouyasanitary.com\/wp-content\/uploads\/2025\/05\/Wholesale-Bathroom-Vanities-and-Cabinets-Grey-Bathroom-Medicine-Cabinet-with-Mirror-100x100.webp 100w\" sizes=\"(max-width: 800px) 100vw, 800px\" \/><\/figure>\n<\/div><\/div>\n<\/div>","protected":false},"excerpt":{"rendered":"<p>Bienvenue dans les vanit\u00e9s et armoires de salle de bain en gros, elles ont une apparence simple et \u00e9l\u00e9gante. L'armoire de toilette est dot\u00e9e de bandes lumineuses int\u00e9gr\u00e9es et d'un espace de rangement \u00e0 plusieurs niveaux, durable et pratique. Nous fournissons des prix d'usine. Contactez nous pour obtenir un devis maintenant !<\/p>\n<h2>Attributs des meubles-lavabos et des armoires de salle de bains\uff1a<\/h2>\n<p><strong>Num\u00e9ro d'article<\/strong>: CP8825-90<br \/><strong>Mat\u00e9riau de l'armoire :<\/strong>\u00a0Contreplaqu\u00e9<br \/><strong>Couleur du meuble : Gris<\/strong><br \/><strong>Miroir :<\/strong> Miroir LED (3,5 mm\/3,8 mm), \u00e9clairage tricolore, d\u00e9sembuage par simple pression d'une touche, s\u00e9curis\u00e9 par un emballage en mousse multicouche.<br \/><strong>Type d'installation :<\/strong>\u00a0Montage mural<br \/><strong>Dimensions (L\u00d7L\u00d7H) :<\/strong> 90x50x45 cm<br \/><strong>Poids brut :<\/strong> 32 kg\/set<\/p>\n<h2>Personnalisation et services :<\/h2>\n<p><strong>OEM ET ODM<\/strong>: Pris en charge<br \/><strong>Conception<\/strong>: Gratuit<br \/><strong>Accessoires<\/strong>: Lavabos, miroirs, robinets et autres accessoires de salle de bains<br \/><strong>Emballage<\/strong>: Pr\u00eat \u00e0 monter<\/p>","protected":false},"featured_media":1180,"comment_status":"closed","ping_status":"closed","template":"","meta":{"_acf_changed":false},"product_brand":[],"product_cat":[20],"product_tag":[],"class_list":{"0":"post-1179","1":"product","2":"type-product","3":"status-publish","4":"has-post-thumbnail","6":"product_cat-wholesale-plywood-bathroom-vanity-cabinets","8":"first","9":"instock","10":"shipping-taxable","11":"product-type-simple"},"acf":[],"_links":{"self":[{"href":"https:\/\/www.shouyasanitary.com\/fr\/wp-json\/wp\/v2\/product\/1179","targetHints":{"allow":["GET"]}}],"collection":[{"href":"https:\/\/www.shouyasanitary.com\/fr\/wp-json\/wp\/v2\/product"}],"about":[{"href":"https:\/\/www.shouyasanitary.com\/fr\/wp-json\/wp\/v2\/types\/product"}],"replies":[{"embeddable":true,"href":"https:\/\/www.shouyasanitary.com\/fr\/wp-json\/wp\/v2\/comments?post=1179"}],"wp:featuredmedia":[{"embeddable":true,"href":"https:\/\/www.shouyasanitary.com\/fr\/wp-json\/wp\/v2\/media\/1180"}],"wp:attachment":[{"href":"https:\/\/www.shouyasanitary.com\/fr\/wp-json\/wp\/v2\/media?parent=1179"}],"wp:term":[{"taxonomy":"product_brand","embeddable":true,"href":"https:\/\/www.shouyasanitary.com\/fr\/wp-json\/wp\/v2\/product_brand?post=1179"},{"taxonomy":"product_cat","embeddable":true,"href":"https:\/\/www.shouyasanitary.com\/fr\/wp-json\/wp\/v2\/product_cat?post=1179"},{"taxonomy":"product_tag","embeddable":true,"href":"https:\/\/www.shouyasanitary.com\/fr\/wp-json\/wp\/v2\/product_tag?post=1179"}],"curies":[{"name":"wp","href":"https:\/\/api.w.org\/{rel}","templated":true}]}}