{"id":1212,"date":"2025-06-03T03:18:37","date_gmt":"2025-06-03T03:18:37","guid":{"rendered":"https:\/\/www.shouyasanitary.com\/?post_type=product&#038;p=1212"},"modified":"2025-06-19T10:01:30","modified_gmt":"2025-06-19T10:01:30","slug":"custom-bathroom-vanities-and-cabinets","status":"publish","type":"product","link":"https:\/\/www.shouyasanitary.com\/fr\/produit\/custom-bathroom-vanities-and-cabinets\/","title":{"rendered":"Vanit\u00e9s et armoires de salle de bain sur mesure en vrac Acier inoxydable flottant"},"content":{"rendered":"<div class=\"wp-block-columns is-layout-flex wp-container-core-columns-is-layout-9d6595d7 wp-block-columns-is-layout-flex\">\n<div class=\"wp-block-column is-layout-flow wp-block-column-is-layout-flow\">\n<h2 class=\"wp-block-heading\">Caract\u00e9ristiques des meubles-lavabos et des armoires de salle de bains\uff1a<\/h2>\n\n\n\n<p><strong>Aspect moderne<\/strong>: Le meuble gris clair est assorti d'une vasque en c\u00e9ramique blanche, polyvalente et \u00e0 la mode, qui s'adapte \u00e0 diff\u00e9rents styles de d\u00e9coration de la salle de bains.<\/p>\n\n\n\n<p><strong>Armoire de salle de bains de haute qualit\u00e9<\/strong>: L'armoire principale est fabriqu\u00e9e en acier inoxydable, avec un processus de pulv\u00e9risation \u00e9lectrostatique de surface, qui pr\u00e9sente d'excellentes performances en mati\u00e8re d'\u00e9tanch\u00e9it\u00e9, de r\u00e9sistance \u00e0 l'humidit\u00e9 et d'anticorrosion. Le corps de l'armoire est en aluminium, l\u00e9ger et facile \u00e0 installer.<\/p>\n\n\n\n<p><strong>Espace de stockage spacieux<\/strong>: Le meuble principal est \u00e9quip\u00e9 d'un grand espace de rangement, qui permet de stocker facilement les serviettes de bain, les v\u00eatements de rechange et d'autres objets, ce qui permet de garder la salle de bains propre et bien rang\u00e9e.<\/p>\n\n\n\n<p><strong>Armoire de toilette multifonctionnelle :<\/strong> Avec ses multiples \u00e9tag\u00e8res ouvertes, il est pratique pour classer et ranger les articles de toilette, les produits de soin de la peau, etc., ce qui permet d'utiliser efficacement l'espace mural.<\/p>\n\n\n\n<p><strong>Bassin en c\u00e9ramique facile \u00e0 nettoyer<\/strong>: La vasque en c\u00e9ramique blanche qui l'accompagne est cuite \u00e0 haute temp\u00e9rature, de sorte que sa structure est stable. La surface est lisse et facile \u00e0 nettoyer.<\/p>\n\n\n\n<p><strong>Fourniture directe \u00e0 l'usine<\/strong>: Nous proposons des options personnalis\u00e9es et semi-personnalis\u00e9es, des prix de gros \u00e9chelonn\u00e9s et des remises suppl\u00e9mentaires pour les achats en gros.<\/p>\n<\/div>\n\n\n\n<div class=\"wp-block-column is-layout-flow wp-block-column-is-layout-flow\"><div class=\"wp-block-image\">\n<figure class=\"aligncenter size-full\"><img decoding=\"async\" width=\"800\" height=\"800\" src=\"https:\/\/www.shouyasanitary.com\/wp-content\/uploads\/2025\/05\/Custom-Bathroom-Vanities-and-CabinetsStainless-Steel-Wall-Mounted-Bathroom-Cabinet-3.webp\" alt=\"Vanit\u00e9s et armoires de salle de bain sur mesure, armoire de salle de bain murale en acier inoxydable (3)\" class=\"wp-image-1213\" style=\"object-fit:cover\" srcset=\"https:\/\/www.shouyasanitary.com\/wp-content\/uploads\/2025\/05\/Custom-Bathroom-Vanities-and-CabinetsStainless-Steel-Wall-Mounted-Bathroom-Cabinet-3.webp 800w, https:\/\/www.shouyasanitary.com\/wp-content\/uploads\/2025\/05\/Custom-Bathroom-Vanities-and-CabinetsStainless-Steel-Wall-Mounted-Bathroom-Cabinet-3-300x300.webp 300w, https:\/\/www.shouyasanitary.com\/wp-content\/uploads\/2025\/05\/Custom-Bathroom-Vanities-and-CabinetsStainless-Steel-Wall-Mounted-Bathroom-Cabinet-3-150x150.webp 150w, https:\/\/www.shouyasanitary.com\/wp-content\/uploads\/2025\/05\/Custom-Bathroom-Vanities-and-CabinetsStainless-Steel-Wall-Mounted-Bathroom-Cabinet-3-768x768.webp 768w, https:\/\/www.shouyasanitary.com\/wp-content\/uploads\/2025\/05\/Custom-Bathroom-Vanities-and-CabinetsStainless-Steel-Wall-Mounted-Bathroom-Cabinet-3-12x12.webp 12w, https:\/\/www.shouyasanitary.com\/wp-content\/uploads\/2025\/05\/Custom-Bathroom-Vanities-and-CabinetsStainless-Steel-Wall-Mounted-Bathroom-Cabinet-3-600x600.webp 600w, https:\/\/www.shouyasanitary.com\/wp-content\/uploads\/2025\/05\/Custom-Bathroom-Vanities-and-CabinetsStainless-Steel-Wall-Mounted-Bathroom-Cabinet-3-100x100.webp 100w\" sizes=\"(max-width: 800px) 100vw, 800px\" \/><\/figure>\n<\/div><\/div>\n<\/div>","protected":false},"excerpt":{"rendered":"<p>Les vanit\u00e9s et armoires de salle de bain sont fabriqu\u00e9es en vrac \u00e0 des prix d'usine pour les revendeurs et les marchands de projets. Style minimaliste moderne, mat\u00e9riau en acier inoxydable, avec des armoires et des lavabos en miroir, beaux et durables. Fourniture directe par le fabricant, grandes quantit\u00e9s de stock, et support OEM. N'h\u00e9sitez pas \u00e0 vous renseigner !<\/p>\n<h2>Attributs des meubles-lavabos et des armoires de salle de bains\uff1a<\/h2>\n<p><strong>Num\u00e9ro d'article :<\/strong>BS204-70<strong><br \/>Mat\u00e9riau de l'armoire :<\/strong> Acier inoxydable<br \/><strong>Couleur de l'armoire : <\/strong>Gris clair<br \/><strong>Miroir : <\/strong>Miroir LED (3,5 mm\/3,8 mm), \u00e9clairage tricolore, d\u00e9sembuage par simple pression d'une touche, s\u00e9curis\u00e9 par un emballage en mousse multicouche.<strong><br \/>Type d'installation : <\/strong>Montage mural<br \/><strong>Dimensions (L\u00d7L\u00d7H) :<\/strong> 70*40*50 cm<br \/><strong>Poids brut :<\/strong> 28kg\/set<\/p>\n<h2>Personnalisation et services :<\/h2>\n<p><strong>OEM ET ODM<\/strong>: Pris en charge<br \/><strong>Conception<\/strong>: Gratuit<br \/><strong>Accessoires<\/strong>: Lavabos, miroirs, robinets et autres accessoires de salle de bains<br \/><strong>Emballage<\/strong>: Pr\u00eat \u00e0 monter<\/p>","protected":false},"featured_media":1213,"comment_status":"closed","ping_status":"closed","template":"","meta":{"_acf_changed":false},"product_brand":[],"product_cat":[27],"product_tag":[],"class_list":{"0":"post-1212","1":"product","2":"type-product","3":"status-publish","4":"has-post-thumbnail","6":"product_cat-wholesale-stainless-steel-bathroom-vanity-cabinets","8":"first","9":"instock","10":"shipping-taxable","11":"product-type-simple"},"acf":[],"_links":{"self":[{"href":"https:\/\/www.shouyasanitary.com\/fr\/wp-json\/wp\/v2\/product\/1212","targetHints":{"allow":["GET"]}}],"collection":[{"href":"https:\/\/www.shouyasanitary.com\/fr\/wp-json\/wp\/v2\/product"}],"about":[{"href":"https:\/\/www.shouyasanitary.com\/fr\/wp-json\/wp\/v2\/types\/product"}],"replies":[{"embeddable":true,"href":"https:\/\/www.shouyasanitary.com\/fr\/wp-json\/wp\/v2\/comments?post=1212"}],"wp:featuredmedia":[{"embeddable":true,"href":"https:\/\/www.shouyasanitary.com\/fr\/wp-json\/wp\/v2\/media\/1213"}],"wp:attachment":[{"href":"https:\/\/www.shouyasanitary.com\/fr\/wp-json\/wp\/v2\/media?parent=1212"}],"wp:term":[{"taxonomy":"product_brand","embeddable":true,"href":"https:\/\/www.shouyasanitary.com\/fr\/wp-json\/wp\/v2\/product_brand?post=1212"},{"taxonomy":"product_cat","embeddable":true,"href":"https:\/\/www.shouyasanitary.com\/fr\/wp-json\/wp\/v2\/product_cat?post=1212"},{"taxonomy":"product_tag","embeddable":true,"href":"https:\/\/www.shouyasanitary.com\/fr\/wp-json\/wp\/v2\/product_tag?post=1212"}],"curies":[{"name":"wp","href":"https:\/\/api.w.org\/{rel}","templated":true}]}}