{"id":1220,"date":"2025-06-03T06:38:03","date_gmt":"2025-06-03T06:38:03","guid":{"rendered":"https:\/\/www.shouyasanitary.com\/?post_type=product&#038;p=1220"},"modified":"2025-06-03T06:38:09","modified_gmt":"2025-06-03T06:38:09","slug":"custom-made-bathroom-vanity","status":"publish","type":"product","link":"https:\/\/www.shouyasanitary.com\/fr\/produit\/custom-made-bathroom-vanity\/","title":{"rendered":"Meuble de salle de bain sur mesure, armoires de salle de bain modernes avec miroir (Wholesale)"},"content":{"rendered":"<div class=\"wp-block-columns is-layout-flex wp-container-core-columns-is-layout-9d6595d7 wp-block-columns-is-layout-flex\">\n<div class=\"wp-block-column is-layout-flow wp-block-column-is-layout-flow\">\n<h2 class=\"wp-block-heading\">Caract\u00e9ristiques du meuble-lavabo\uff1a<\/h2>\n\n\n\n<p><strong>Mat\u00e9riau en acier inoxydable de haute qualit\u00e9 : <\/strong>Fabriqu\u00e9 en acier inoxydable r\u00e9sistant \u00e0 l'eau, le meuble principal pr\u00e9sente une finition par pulv\u00e9risation mate r\u00e9sistante \u00e0 la rouille et \u00e0 l'usure. Id\u00e9al pour les salles de bains situ\u00e9es dans des r\u00e9gions \u00e0 fort taux d'humidit\u00e9.<\/p>\n\n\n\n<p><strong>Forme moderne et \u00e9l\u00e9gante :<\/strong> Avec ses angles arrondis, ses accents verticaux et sa silhouette minimaliste, il pr\u00e9sente une \u00e9l\u00e9gante finition gris fonc\u00e9. L'ensemble de la salle de bains devient ainsi plus raffin\u00e9 et contemporain.<\/p>\n\n\n\n<p><strong>Am\u00e9lioration de la structure de l'armoire de toilette :<\/strong> Le design sym\u00e9trique gauche-droite comprend une \u00e9tag\u00e8re ouverte \u00e0 6 compartiments, offrant un acc\u00e8s facile et une organisation claire pour les articles de toilette fr\u00e9quemment utilis\u00e9s.<\/p>\n\n\n\n<p><strong>Miroir \u00e0 capteur intelligent avec \u00e9clairage doux :<\/strong> Le miroir int\u00e9gr\u00e9 \u00e0 la porte est \u00e9quip\u00e9 d'un capteur lumineux dissimul\u00e9. Il suffit de l'agiter pour activer un \u00e9clairage de nuit doux et non \u00e9blouissant, offrant un \u00e9quilibre entre esth\u00e9tique moderne et fonctionnalit\u00e9 pratique.<\/p>\n\n\n\n<p><strong>Dimensions optimis\u00e9es pour les espaces compacts : <\/strong>Les dimensions du meuble principal de l'armoire de toilette sont de 900 x 480 x 500 mm et celles de l'armoire de toilette de 900 x 130 x 650 mm, avec un espace de rangement et d'utilisation suffisant. Convient particuli\u00e8rement aux salles de bains de petite et moyenne taille qui ont des exigences \u00e9lev\u00e9es en mati\u00e8re d'utilisation de l'espace.<\/p>\n\n\n\n<p><strong>Contr\u00f4le strict de la qualit\u00e9 : <\/strong>Tous les produits sont fabriqu\u00e9s dans nos usines selon des normes de qualit\u00e9 strictes et contr\u00f4lables. Nous garantissons une qualit\u00e9 stable des produits et fournissons une assistance rapide en cas de probl\u00e8me.<\/p>\n<\/div>\n\n\n\n<div class=\"wp-block-column is-layout-flow wp-block-column-is-layout-flow\"><div class=\"wp-block-image\">\n<figure class=\"aligncenter size-full\"><img decoding=\"async\" width=\"800\" height=\"800\" src=\"https:\/\/www.shouyasanitary.com\/wp-content\/uploads\/2025\/05\/Custom-Made-Bathroom-Vanity-Wholesale-Modern-Bathroom-Cabinets-with-Mirror.webp\" alt=\"Meuble de salle de bain sur mesure, armoires de salle de bain modernes avec miroir (Wholesale)\" class=\"wp-image-1223\" style=\"object-fit:cover\" srcset=\"https:\/\/www.shouyasanitary.com\/wp-content\/uploads\/2025\/05\/Custom-Made-Bathroom-Vanity-Wholesale-Modern-Bathroom-Cabinets-with-Mirror.webp 800w, https:\/\/www.shouyasanitary.com\/wp-content\/uploads\/2025\/05\/Custom-Made-Bathroom-Vanity-Wholesale-Modern-Bathroom-Cabinets-with-Mirror-300x300.webp 300w, https:\/\/www.shouyasanitary.com\/wp-content\/uploads\/2025\/05\/Custom-Made-Bathroom-Vanity-Wholesale-Modern-Bathroom-Cabinets-with-Mirror-150x150.webp 150w, https:\/\/www.shouyasanitary.com\/wp-content\/uploads\/2025\/05\/Custom-Made-Bathroom-Vanity-Wholesale-Modern-Bathroom-Cabinets-with-Mirror-768x768.webp 768w, https:\/\/www.shouyasanitary.com\/wp-content\/uploads\/2025\/05\/Custom-Made-Bathroom-Vanity-Wholesale-Modern-Bathroom-Cabinets-with-Mirror-12x12.webp 12w, https:\/\/www.shouyasanitary.com\/wp-content\/uploads\/2025\/05\/Custom-Made-Bathroom-Vanity-Wholesale-Modern-Bathroom-Cabinets-with-Mirror-600x600.webp 600w, https:\/\/www.shouyasanitary.com\/wp-content\/uploads\/2025\/05\/Custom-Made-Bathroom-Vanity-Wholesale-Modern-Bathroom-Cabinets-with-Mirror-100x100.webp 100w\" sizes=\"(max-width: 800px) 100vw, 800px\" \/><\/figure>\n<\/div><\/div>\n<\/div>","protected":false},"excerpt":{"rendered":"<p>Meubles de salle de bain en vrac sur mesure, acier inoxydable de haute qualit\u00e9, design moderne, \u00e9quip\u00e9 d'une armoire de toilette LED \u00e0 capteur intelligent, et d'un grand espace de rangement. Qualit\u00e9 directe d'usine, prix de gros, n'h\u00e9sitez pas \u00e0 nous contacter pour un devis.<\/p>\n<h2>Attributs du meuble-lavabo\uff1a<\/h2>\n<p><strong>Num\u00e9ro d'article :<\/strong> BD205-90<strong><br \/>Mat\u00e9riau de l'armoire :<\/strong> Acier inoxydable<br \/><strong>Couleur de l'armoire : <\/strong>Gris fonc\u00e9<br \/><strong>Miroir : <\/strong>Miroir LED (3,5 mm\/3,8 mm), \u00e9clairage tricolore, d\u00e9sembuage par simple pression d'une touche, s\u00e9curis\u00e9 par un emballage en mousse multicouche.<strong><br \/>Type d'installation : <\/strong>Montage mural<br \/><strong>Dimensions (L\u00d7L\u00d7H) : <\/strong>90*48*50 cm<br \/><strong>Poids brut : <\/strong>28kg\/set<\/p>\n<h2>Personnalisation et services :<\/h2>\n<p><strong>OEM ET ODM<\/strong>: Pris en charge<br \/><strong>Conception<\/strong>: Gratuit<br \/><strong>Accessoires<\/strong>: Lavabos, miroirs, robinets et autres accessoires de salle de bains<br \/><strong>Emballage<\/strong>: Pr\u00eat \u00e0 monter<\/p>","protected":false},"featured_media":1223,"comment_status":"closed","ping_status":"closed","template":"","meta":{"_acf_changed":false},"product_brand":[],"product_cat":[27],"product_tag":[],"class_list":{"0":"post-1220","1":"product","2":"type-product","3":"status-publish","4":"has-post-thumbnail","6":"product_cat-wholesale-stainless-steel-bathroom-vanity-cabinets","8":"first","9":"instock","10":"shipping-taxable","11":"product-type-simple"},"acf":[],"_links":{"self":[{"href":"https:\/\/www.shouyasanitary.com\/fr\/wp-json\/wp\/v2\/product\/1220","targetHints":{"allow":["GET"]}}],"collection":[{"href":"https:\/\/www.shouyasanitary.com\/fr\/wp-json\/wp\/v2\/product"}],"about":[{"href":"https:\/\/www.shouyasanitary.com\/fr\/wp-json\/wp\/v2\/types\/product"}],"replies":[{"embeddable":true,"href":"https:\/\/www.shouyasanitary.com\/fr\/wp-json\/wp\/v2\/comments?post=1220"}],"wp:featuredmedia":[{"embeddable":true,"href":"https:\/\/www.shouyasanitary.com\/fr\/wp-json\/wp\/v2\/media\/1223"}],"wp:attachment":[{"href":"https:\/\/www.shouyasanitary.com\/fr\/wp-json\/wp\/v2\/media?parent=1220"}],"wp:term":[{"taxonomy":"product_brand","embeddable":true,"href":"https:\/\/www.shouyasanitary.com\/fr\/wp-json\/wp\/v2\/product_brand?post=1220"},{"taxonomy":"product_cat","embeddable":true,"href":"https:\/\/www.shouyasanitary.com\/fr\/wp-json\/wp\/v2\/product_cat?post=1220"},{"taxonomy":"product_tag","embeddable":true,"href":"https:\/\/www.shouyasanitary.com\/fr\/wp-json\/wp\/v2\/product_tag?post=1220"}],"curies":[{"name":"wp","href":"https:\/\/api.w.org\/{rel}","templated":true}]}}