{"id":1224,"date":"2025-06-03T07:00:55","date_gmt":"2025-06-03T07:00:55","guid":{"rendered":"https:\/\/www.shouyasanitary.com\/?post_type=product&#038;p=1224"},"modified":"2025-06-03T07:01:52","modified_gmt":"2025-06-03T07:01:52","slug":"wholesale-bathroom-cabinets-and-vanities","status":"publish","type":"product","link":"https:\/\/www.shouyasanitary.com\/fr\/produit\/wholesale-bathroom-cabinets-and-vanities\/","title":{"rendered":"Wholesale Bathroom Cabinets and Vanities Single Grey Stianless Steel (en anglais seulement)"},"content":{"rendered":"<div class=\"wp-block-columns is-layout-flex wp-container-core-columns-is-layout-9d6595d7 wp-block-columns-is-layout-flex\">\n<div class=\"wp-block-column is-layout-flow wp-block-column-is-layout-flow\">\n<h2 class=\"wp-block-heading\">Caract\u00e9ristiques des armoires et meubles-lavabos de salle de bains\uff1a<\/h2>\n\n\n\n<p><strong>Style moderne et minimaliste :<\/strong> L'ensemble est d'un gris \u00e9l\u00e9gant et la porte de l'armoire est d\u00e9cor\u00e9e de lignes fines pour cr\u00e9er un effet visuel \u00e9l\u00e9gant.<\/p>\n\n\n\n<p><strong>Mat\u00e9riau en acier inoxydable 100% r\u00e9sistant \u00e0 l'humidit\u00e9 : <\/strong>Fabriqu\u00e9 en acier inoxydable de haute qualit\u00e9, il est r\u00e9sistant \u00e0 l'humidit\u00e9 et \u00e0 la rouille, facile \u00e0 nettoyer et peut \u00eatre utilis\u00e9 pendant longtemps comme s'il \u00e9tait neuf.<\/p>\n\n\n\n<p><strong>Structure flottante : <\/strong>Installation murale pour am\u00e9liorer la transparence de l'espace de la salle de bains et faciliter le nettoyage des angles morts.<\/p>\n\n\n\n<p><strong>Armoire de toilette \u00e0 LED : <\/strong>L'armoire de toilette est \u00e9quip\u00e9e de bandes lumineuses LED cach\u00e9es pour fournir une lumi\u00e8re d'appoint douce et d'interrupteurs tactiles pour une utilisation quotidienne pratique.<\/p>\n\n\n\n<p><strong>Armoire de rangement multifonctionnelle : <\/strong>Le c\u00f4t\u00e9 de l'armoire de toilette est \u00e9quip\u00e9 d'\u00e9tag\u00e8res ouvertes pour un rangement pratique des articles de toilette ; la porte ferm\u00e9e de l'armoire de toilette permet de ranger les objets de la vie quotidienne et de les garder en ordre.<\/p>\n\n\n\n<p><strong>Lavabo int\u00e9gr\u00e9 en c\u00e9ramique :<\/strong> L'\u00e9vier en c\u00e9ramique lisse est r\u00e9sistant aux rayures et aux taches, facile \u00e0 nettoyer, et sa courbe s'adapte naturellement \u00e0 l'armoire pour am\u00e9liorer la coordination g\u00e9n\u00e9rale.<\/p>\n\n\n\n<p><strong>Service de personnalisation en vrac : <\/strong>Diff\u00e9rentes combinaisons de tailles peuvent \u00eatre fournies en fonction des besoins des clients pour r\u00e9pondre aux besoins d'approvisionnement en vrac ou de personnalisation des projets.<\/p>\n<\/div>\n\n\n\n<div class=\"wp-block-column is-layout-flow wp-block-column-is-layout-flow\"><div class=\"wp-block-image\">\n<figure class=\"aligncenter size-full\"><img decoding=\"async\" width=\"800\" height=\"800\" src=\"https:\/\/www.shouyasanitary.com\/wp-content\/uploads\/2025\/05\/Wholesale-Bathroom-Cabinets-and-Vanities-Light-Grey-Floating-Bathroom-Vanity-with-Sink-In-Bulk-1.webp\" alt=\"Wholesale Bathroom Cabinets and Vanities, Light Grey Floating Bathroom Vanity with Sink In Bulk (1)\" class=\"wp-image-1225\" style=\"object-fit:cover\" srcset=\"https:\/\/www.shouyasanitary.com\/wp-content\/uploads\/2025\/05\/Wholesale-Bathroom-Cabinets-and-Vanities-Light-Grey-Floating-Bathroom-Vanity-with-Sink-In-Bulk-1.webp 800w, https:\/\/www.shouyasanitary.com\/wp-content\/uploads\/2025\/05\/Wholesale-Bathroom-Cabinets-and-Vanities-Light-Grey-Floating-Bathroom-Vanity-with-Sink-In-Bulk-1-300x300.webp 300w, https:\/\/www.shouyasanitary.com\/wp-content\/uploads\/2025\/05\/Wholesale-Bathroom-Cabinets-and-Vanities-Light-Grey-Floating-Bathroom-Vanity-with-Sink-In-Bulk-1-150x150.webp 150w, https:\/\/www.shouyasanitary.com\/wp-content\/uploads\/2025\/05\/Wholesale-Bathroom-Cabinets-and-Vanities-Light-Grey-Floating-Bathroom-Vanity-with-Sink-In-Bulk-1-768x768.webp 768w, https:\/\/www.shouyasanitary.com\/wp-content\/uploads\/2025\/05\/Wholesale-Bathroom-Cabinets-and-Vanities-Light-Grey-Floating-Bathroom-Vanity-with-Sink-In-Bulk-1-12x12.webp 12w, https:\/\/www.shouyasanitary.com\/wp-content\/uploads\/2025\/05\/Wholesale-Bathroom-Cabinets-and-Vanities-Light-Grey-Floating-Bathroom-Vanity-with-Sink-In-Bulk-1-600x600.webp 600w, https:\/\/www.shouyasanitary.com\/wp-content\/uploads\/2025\/05\/Wholesale-Bathroom-Cabinets-and-Vanities-Light-Grey-Floating-Bathroom-Vanity-with-Sink-In-Bulk-1-100x100.webp 100w\" sizes=\"(max-width: 800px) 100vw, 800px\" \/><\/figure>\n<\/div><\/div>\n<\/div>\n\n\n\n<p><\/p>","protected":false},"excerpt":{"rendered":"<p>Bienvenue sur le site de vente en gros d'armoires de salle de bains et de meubles-lavabos. Le design flottant moderne int\u00e8gre des armoires de toilette, des rangements et des lavabos en c\u00e9ramique. Il permet la personnalisation en gros et r\u00e9pond aux besoins de votre projet de marque.<\/p>\n<h2>Attributs des armoires et meubles-lavabos de salle de bains\uff1a<\/h2>\n<p><strong>Num\u00e9ro d'article : <\/strong>BS204-60<strong><br \/>Mat\u00e9riau de l'armoire :<\/strong> Acier inoxydable<br \/><strong>Couleur de l'armoire :<\/strong> Gris clair<br \/><strong>Miroir : <\/strong>Miroir LED (3,5 mm\/3,8 mm), \u00e9clairage tricolore, d\u00e9sembuage par simple pression d'une touche, s\u00e9curis\u00e9 par un emballage en mousse multicouche.<strong><br \/>Type d'installation : <\/strong>Montage mural<br \/><strong>Dimensions (L\u00d7L\u00d7H) :<\/strong> 60*40*50 cm<br \/><strong>Poids brut :<\/strong> 28kg\/set<\/p>\n<h2>Personnalisation et services :<\/h2>\n<p><strong>OEM ET ODM<\/strong>: Pris en charge<br \/><strong>Conception<\/strong>: Gratuit<br \/><strong>Accessoires<\/strong>: Lavabos, miroirs, robinets et autres accessoires de salle de bains<br \/><strong>Emballage<\/strong>: Pr\u00eat \u00e0 monter<\/p>","protected":false},"featured_media":1225,"comment_status":"closed","ping_status":"closed","template":"","meta":{"_acf_changed":false},"product_brand":[],"product_cat":[27],"product_tag":[],"class_list":{"0":"post-1224","1":"product","2":"type-product","3":"status-publish","4":"has-post-thumbnail","6":"product_cat-wholesale-stainless-steel-bathroom-vanity-cabinets","8":"first","9":"instock","10":"shipping-taxable","11":"product-type-simple"},"acf":[],"_links":{"self":[{"href":"https:\/\/www.shouyasanitary.com\/fr\/wp-json\/wp\/v2\/product\/1224","targetHints":{"allow":["GET"]}}],"collection":[{"href":"https:\/\/www.shouyasanitary.com\/fr\/wp-json\/wp\/v2\/product"}],"about":[{"href":"https:\/\/www.shouyasanitary.com\/fr\/wp-json\/wp\/v2\/types\/product"}],"replies":[{"embeddable":true,"href":"https:\/\/www.shouyasanitary.com\/fr\/wp-json\/wp\/v2\/comments?post=1224"}],"wp:featuredmedia":[{"embeddable":true,"href":"https:\/\/www.shouyasanitary.com\/fr\/wp-json\/wp\/v2\/media\/1225"}],"wp:attachment":[{"href":"https:\/\/www.shouyasanitary.com\/fr\/wp-json\/wp\/v2\/media?parent=1224"}],"wp:term":[{"taxonomy":"product_brand","embeddable":true,"href":"https:\/\/www.shouyasanitary.com\/fr\/wp-json\/wp\/v2\/product_brand?post=1224"},{"taxonomy":"product_cat","embeddable":true,"href":"https:\/\/www.shouyasanitary.com\/fr\/wp-json\/wp\/v2\/product_cat?post=1224"},{"taxonomy":"product_tag","embeddable":true,"href":"https:\/\/www.shouyasanitary.com\/fr\/wp-json\/wp\/v2\/product_tag?post=1224"}],"curies":[{"name":"wp","href":"https:\/\/api.w.org\/{rel}","templated":true}]}}