{"id":1233,"date":"2025-06-03T09:25:40","date_gmt":"2025-06-03T09:25:40","guid":{"rendered":"https:\/\/www.shouyasanitary.com\/?post_type=product&#038;p=1233"},"modified":"2025-06-03T09:25:45","modified_gmt":"2025-06-03T09:25:45","slug":"custom-built-bathroom-vanity","status":"publish","type":"product","link":"https:\/\/www.shouyasanitary.com\/fr\/produit\/custom-built-bathroom-vanity\/","title":{"rendered":"Meuble de salle de bain sur mesure, petit meuble de salle de bain gris en vrac"},"content":{"rendered":"<div class=\"wp-block-columns is-layout-flex wp-container-core-columns-is-layout-9d6595d7 wp-block-columns-is-layout-flex\">\n<div class=\"wp-block-column is-layout-flow wp-block-column-is-layout-flow\">\n<h2 class=\"wp-block-heading\">Vanit\u00e9 de salle de bain sur mesure Caract\u00e9ristiques :<\/h2>\n\n\n\n<p><strong>Design moderne et minimaliste :<\/strong> peinture gris clair, double porte sans poign\u00e9e, convient \u00e0 une salle de bains minimaliste de style nordique.<\/p>\n\n\n\n<p><strong>Mat\u00e9riau \u00e9cologique SPC :<\/strong> L'utilisation de panneaux composites en pierre et en plastique de haute qualit\u00e9 permet d'obtenir d'excellentes performances en mati\u00e8re d'\u00e9tanch\u00e9it\u00e9, de r\u00e9sistance \u00e0 l'humidit\u00e9 et \u00e0 la moisissure, ce qui permet d'\u00e9viter efficacement les d\u00e9formations, la moisissure et d'autres probl\u00e8mes dans l'environnement humide de la salle de bains, et d'assurer une longue dur\u00e9e de vie.<\/p>\n\n\n\n<p><strong>Installation flottante : <\/strong>Installation l\u00e9g\u00e8re et rapide, nettoyage pratique du sol de la salle de bains, particuli\u00e8rement adapt\u00e9 aux utilisateurs modernes de petite taille.<\/p>\n\n\n\n<p><strong>Bassin en c\u00e9ramique de haute qualit\u00e9 :<\/strong> \u00e9quip\u00e9 d'un lavabo en c\u00e9ramique d'une seule pi\u00e8ce, \u00e0 la surface lisse et plate, antisalissure et r\u00e9sistant aux rayures.<\/p>\n\n\n\n<p><strong>Armoire de toilette \u00e0 LED : <\/strong>L'armoire de toilette est \u00e9quip\u00e9e de lampes LED int\u00e9gr\u00e9es et d'un compartiment de rangement ouvert \u00e0 double couche pour am\u00e9liorer l'efficacit\u00e9 du rangement, maintenir le plan de travail propre et ordonn\u00e9, et cr\u00e9er une atmosph\u00e8re chaleureuse et confortable.<\/p>\n\n\n\n<p><strong>Prise en charge de la personnalisation en masse : <\/strong>Nous fournissons des services personnalis\u00e9s pour les commandes en gros, y compris les couleurs, les finitions, les accessoires, etc., afin de r\u00e9pondre aux divers besoins d'achat des soci\u00e9t\u00e9s de projets h\u00f4teliers, des clients de l'ing\u00e9nierie, des revendeurs, etc.<\/p>\n<\/div>\n\n\n\n<div class=\"wp-block-column is-layout-flow wp-block-column-is-layout-flow\"><div class=\"wp-block-image\">\n<figure class=\"aligncenter size-full\"><img decoding=\"async\" width=\"800\" height=\"800\" src=\"https:\/\/www.shouyasanitary.com\/wp-content\/uploads\/2025\/05\/Custom-Built-Bathroom-Vanity-Modern-Grey-Banthroom-Cabinet-with-Ceramic-Basin-In-Bulk.webp\" alt=\"Meuble de salle de bain sur mesure, Meuble de salle de bain moderne gris avec vasque en c\u00e9ramique en vrac\" class=\"wp-image-1234\" style=\"object-fit:cover\" srcset=\"https:\/\/www.shouyasanitary.com\/wp-content\/uploads\/2025\/05\/Custom-Built-Bathroom-Vanity-Modern-Grey-Banthroom-Cabinet-with-Ceramic-Basin-In-Bulk.webp 800w, https:\/\/www.shouyasanitary.com\/wp-content\/uploads\/2025\/05\/Custom-Built-Bathroom-Vanity-Modern-Grey-Banthroom-Cabinet-with-Ceramic-Basin-In-Bulk-300x300.webp 300w, https:\/\/www.shouyasanitary.com\/wp-content\/uploads\/2025\/05\/Custom-Built-Bathroom-Vanity-Modern-Grey-Banthroom-Cabinet-with-Ceramic-Basin-In-Bulk-150x150.webp 150w, https:\/\/www.shouyasanitary.com\/wp-content\/uploads\/2025\/05\/Custom-Built-Bathroom-Vanity-Modern-Grey-Banthroom-Cabinet-with-Ceramic-Basin-In-Bulk-768x768.webp 768w, https:\/\/www.shouyasanitary.com\/wp-content\/uploads\/2025\/05\/Custom-Built-Bathroom-Vanity-Modern-Grey-Banthroom-Cabinet-with-Ceramic-Basin-In-Bulk-12x12.webp 12w, https:\/\/www.shouyasanitary.com\/wp-content\/uploads\/2025\/05\/Custom-Built-Bathroom-Vanity-Modern-Grey-Banthroom-Cabinet-with-Ceramic-Basin-In-Bulk-600x600.webp 600w, https:\/\/www.shouyasanitary.com\/wp-content\/uploads\/2025\/05\/Custom-Built-Bathroom-Vanity-Modern-Grey-Banthroom-Cabinet-with-Ceramic-Basin-In-Bulk-100x100.webp 100w\" sizes=\"(max-width: 800px) 100vw, 800px\" \/><\/figure>\n<\/div><\/div>\n<\/div>","protected":false},"excerpt":{"rendered":"<p>Armoire de salle de bain en gros, fabriqu\u00e9e en mat\u00e9riau \u00e9cologique SPC, de style moderne gris, avec armoire de toilette et lavabo \u00e0 LED. Nous fournissons des solutions OEM pour les projets des distributeurs internationaux. N'h\u00e9sitez pas \u00e0 nous contacter d\u00e8s aujourd'hui !<\/p>\n<h2>Vanit\u00e9 de salle de bain sur mesure Attributs\uff1a<\/h2>\n<p><strong>Num\u00e9ro d'article :<\/strong>J1219-60<strong><br \/>Mat\u00e9riau de l'armoire :<\/strong> CPS<br \/><strong>Couleur de l'armoire :<\/strong> Gris clair<br \/><strong>Miroir :<\/strong>\u00a0Miroir LED (3,5 mm \/ 3,8 mm), \u00e9clairage tricolore, d\u00e9sembuage par simple pression d'une touche, s\u00e9curis\u00e9 par un emballage en mousse multicouche<br \/><strong>Type d'installation :<\/strong>\u00a0Montage mural<br \/><strong>Dimensions (L \u00d7 L \u00d7 H) :<\/strong> 60*47.5*45 cm<br \/><strong>Poids brut :<\/strong> 28kg\/set<\/p>\n<h2>Personnalisation et services :<\/h2>\n<p><strong>OEM ET ODM<\/strong>: Pris en charge<br \/><strong>Conception<\/strong>: Gratuit<br \/><strong>Accessoires<\/strong>: Lavabos, miroirs, robinets et autres accessoires de salle de bains<br \/><strong>Emballage<\/strong>: Pr\u00eat \u00e0 monter<\/p>","protected":false},"featured_media":1234,"comment_status":"closed","ping_status":"closed","template":"","meta":{"_acf_changed":false},"product_brand":[],"product_cat":[29],"product_tag":[],"class_list":{"0":"post-1233","1":"product","2":"type-product","3":"status-publish","4":"has-post-thumbnail","6":"product_cat-wholesale-spc-bathroom-vanity-cabinets","8":"first","9":"instock","10":"shipping-taxable","11":"product-type-simple"},"acf":[],"_links":{"self":[{"href":"https:\/\/www.shouyasanitary.com\/fr\/wp-json\/wp\/v2\/product\/1233","targetHints":{"allow":["GET"]}}],"collection":[{"href":"https:\/\/www.shouyasanitary.com\/fr\/wp-json\/wp\/v2\/product"}],"about":[{"href":"https:\/\/www.shouyasanitary.com\/fr\/wp-json\/wp\/v2\/types\/product"}],"replies":[{"embeddable":true,"href":"https:\/\/www.shouyasanitary.com\/fr\/wp-json\/wp\/v2\/comments?post=1233"}],"wp:featuredmedia":[{"embeddable":true,"href":"https:\/\/www.shouyasanitary.com\/fr\/wp-json\/wp\/v2\/media\/1234"}],"wp:attachment":[{"href":"https:\/\/www.shouyasanitary.com\/fr\/wp-json\/wp\/v2\/media?parent=1233"}],"wp:term":[{"taxonomy":"product_brand","embeddable":true,"href":"https:\/\/www.shouyasanitary.com\/fr\/wp-json\/wp\/v2\/product_brand?post=1233"},{"taxonomy":"product_cat","embeddable":true,"href":"https:\/\/www.shouyasanitary.com\/fr\/wp-json\/wp\/v2\/product_cat?post=1233"},{"taxonomy":"product_tag","embeddable":true,"href":"https:\/\/www.shouyasanitary.com\/fr\/wp-json\/wp\/v2\/product_tag?post=1233"}],"curies":[{"name":"wp","href":"https:\/\/api.w.org\/{rel}","templated":true}]}}