{"id":1249,"date":"2025-06-03T09:33:30","date_gmt":"2025-06-03T09:33:30","guid":{"rendered":"https:\/\/www.shouyasanitary.com\/?post_type=product&#038;p=1249"},"modified":"2025-06-03T09:33:36","modified_gmt":"2025-06-03T09:33:36","slug":"wholesale-bathroom-mirror-cabinet","status":"publish","type":"product","link":"https:\/\/www.shouyasanitary.com\/fr\/produit\/wholesale-bathroom-mirror-cabinet\/","title":{"rendered":"Wholesale Bathroom Mirror Cabinet, SPC Wall Mounted Bathroom Vanity Custom"},"content":{"rendered":"<div class=\"wp-block-columns is-layout-flex wp-container-core-columns-is-layout-9d6595d7 wp-block-columns-is-layout-flex\">\n<div class=\"wp-block-column is-layout-flow wp-block-column-is-layout-flow\">\n<h2 class=\"wp-block-heading\">Armoire de toilette avec miroir Caract\u00e9ristiques :<\/h2>\n\n\n\n<p><strong>Mat\u00e9riau de haute qualit\u00e9<\/strong>Le produit est compos\u00e9 de SPC et d'aluminium en nid d'abeille de 18 mm d'\u00e9paisseur. L'aluminium alv\u00e9olaire est l\u00e9ger, solide et durable, avec d'excellentes propri\u00e9t\u00e9s de r\u00e9sistance \u00e0 l'humidit\u00e9 et \u00e0 la corrosion. Il n'a pas tendance \u00e0 se d\u00e9former ou \u00e0 rouiller dans l'environnement humide d'une salle de bains.<\/p>\n\n\n\n<p><strong>Aspect kaki<\/strong>: La couleur kaki calme et atmosph\u00e9rique cr\u00e9e une atmosph\u00e8re douce et chaleureuse dans la salle de bains. La texture mate de la surface ne laisse pas facilement de traces de doigts et s'adapte \u00e0 une grande vari\u00e9t\u00e9 de styles de d\u00e9coration.<\/p>\n\n\n\n<p><strong>Conception flexible de l'espace de stockage<\/strong>: L'armoire de toilette est \u00e9quip\u00e9e d'un espace de rangement ouvert qui permet d'acc\u00e9der facilement aux objets fr\u00e9quemment utilis\u00e9s. Les portes et les tiroirs de l'armoire principale sont con\u00e7us pour ranger des articles de diff\u00e9rentes tailles par cat\u00e9gorie.<\/p>\n\n\n\n<p><strong>Bande lumineuse LED int\u00e9gr\u00e9e dans l'armoire de toilette<\/strong>La lumi\u00e8re est uniforme et douce, ce qui est pratique pour les op\u00e9rations quotidiennes de lavage et de maquillage. Elle n'est pas \u00e9blouissante et n'\u00e9blouit pas, ce qui am\u00e9liore l'exp\u00e9rience et la qualit\u00e9 globales de l'utilisation.<\/p>\n\n\n\n<p><strong>Installation murale<\/strong>: Lib\u00e8re de l'espace au sol, am\u00e9liore la propret\u00e9 g\u00e9n\u00e9rale de la salle de bains et facilite le nettoyage quotidien et le nettoyage des angles morts.<\/p>\n\n\n\n<p><strong>Conception monobloc sans poign\u00e9e<\/strong>: La m\u00e9thode d'ouverture et de fermeture cach\u00e9e est plus nette, r\u00e9duisant les asp\u00e9rit\u00e9s et renfor\u00e7ant l'aspect moderne de la salle de bains.<\/p>\n\n\n\n<p><strong>Fourniture directe par l'usine :<\/strong> L'approvisionnement direct aupr\u00e8s de l'usine source garantit une livraison stable des produits et des prix d'usine plus comp\u00e9titifs.<\/p>\n<\/div>\n\n\n\n<div class=\"wp-block-column is-layout-flow wp-block-column-is-layout-flow\"><div class=\"wp-block-image\">\n<figure class=\"aligncenter size-full\"><img decoding=\"async\" width=\"800\" height=\"800\" src=\"https:\/\/www.shouyasanitary.com\/wp-content\/uploads\/2025\/05\/Wholesale-Bathroom-Mirror-CabinetSPC-Wall-Mounted-Bathroom-Vanity-with-Sink-Custom-1.webp\" alt=\"Wholesale Bathroom Mirror Cabinet, SPC Wall Mounted Bathroom Vanity with Sink Custom (1)\" class=\"wp-image-1238\" style=\"object-fit:cover\" srcset=\"https:\/\/www.shouyasanitary.com\/wp-content\/uploads\/2025\/05\/Wholesale-Bathroom-Mirror-CabinetSPC-Wall-Mounted-Bathroom-Vanity-with-Sink-Custom-1.webp 800w, https:\/\/www.shouyasanitary.com\/wp-content\/uploads\/2025\/05\/Wholesale-Bathroom-Mirror-CabinetSPC-Wall-Mounted-Bathroom-Vanity-with-Sink-Custom-1-300x300.webp 300w, https:\/\/www.shouyasanitary.com\/wp-content\/uploads\/2025\/05\/Wholesale-Bathroom-Mirror-CabinetSPC-Wall-Mounted-Bathroom-Vanity-with-Sink-Custom-1-150x150.webp 150w, https:\/\/www.shouyasanitary.com\/wp-content\/uploads\/2025\/05\/Wholesale-Bathroom-Mirror-CabinetSPC-Wall-Mounted-Bathroom-Vanity-with-Sink-Custom-1-768x768.webp 768w, https:\/\/www.shouyasanitary.com\/wp-content\/uploads\/2025\/05\/Wholesale-Bathroom-Mirror-CabinetSPC-Wall-Mounted-Bathroom-Vanity-with-Sink-Custom-1-12x12.webp 12w, https:\/\/www.shouyasanitary.com\/wp-content\/uploads\/2025\/05\/Wholesale-Bathroom-Mirror-CabinetSPC-Wall-Mounted-Bathroom-Vanity-with-Sink-Custom-1-600x600.webp 600w, https:\/\/www.shouyasanitary.com\/wp-content\/uploads\/2025\/05\/Wholesale-Bathroom-Mirror-CabinetSPC-Wall-Mounted-Bathroom-Vanity-with-Sink-Custom-1-100x100.webp 100w\" sizes=\"(max-width: 800px) 100vw, 800px\" \/><\/figure>\n<\/div><\/div>\n<\/div>","protected":false},"excerpt":{"rendered":"<p>Bienvenue sur le march\u00e9 de gros de l'armoire de toilette de salle de bain, design kaki, mat\u00e9riau durable SPC, avec une armoire de toilette et un lavabo \u00e0 LED. Direct usine, support OEM pour les commandes en gros, contactez-nous pour un devis maintenant !<\/p>\n<h2>Armoire de toilette Attributs\uff1a<\/h2>\n<p><strong>Num\u00e9ro d'article :<\/strong>T001-A<strong><br \/>Mat\u00e9riau de l'armoire : <\/strong>Panneau de plastique en pierre<br \/><strong>Couleur de l'armoire :<\/strong> Kaki<br \/><strong>Miroir :<\/strong>\u00a0Miroir LED (3,5 mm \/ 3,8 mm), \u00e9clairage tricolore, d\u00e9sembuage par simple pression d'une touche, s\u00e9curis\u00e9 par un emballage en mousse multicouche<br \/><strong>Type d'installation :<\/strong>\u00a0Montage mural<br \/><strong>Dimensions (L \u00d7 L \u00d7 H) :<\/strong> 60*47*45 cm<br \/><strong>Poids brut :<\/strong> 28kg\/set<\/p>\n<h2>Personnalisation et services :<\/h2>\n<p><strong>OEM ET ODM<\/strong>: Pris en charge<br \/><strong>Conception<\/strong>: Gratuit<br \/><strong>Accessoires<\/strong>: Lavabos, miroirs, robinets et autres accessoires de salle de bains<br \/><strong>Emballage<\/strong>: Pr\u00eat \u00e0 monter<\/p>","protected":false},"featured_media":1238,"comment_status":"closed","ping_status":"closed","template":"","meta":{"_acf_changed":false},"product_brand":[],"product_cat":[29],"product_tag":[],"class_list":{"0":"post-1249","1":"product","2":"type-product","3":"status-publish","4":"has-post-thumbnail","6":"product_cat-wholesale-spc-bathroom-vanity-cabinets","8":"first","9":"instock","10":"shipping-taxable","11":"product-type-simple"},"acf":[],"_links":{"self":[{"href":"https:\/\/www.shouyasanitary.com\/fr\/wp-json\/wp\/v2\/product\/1249","targetHints":{"allow":["GET"]}}],"collection":[{"href":"https:\/\/www.shouyasanitary.com\/fr\/wp-json\/wp\/v2\/product"}],"about":[{"href":"https:\/\/www.shouyasanitary.com\/fr\/wp-json\/wp\/v2\/types\/product"}],"replies":[{"embeddable":true,"href":"https:\/\/www.shouyasanitary.com\/fr\/wp-json\/wp\/v2\/comments?post=1249"}],"wp:featuredmedia":[{"embeddable":true,"href":"https:\/\/www.shouyasanitary.com\/fr\/wp-json\/wp\/v2\/media\/1238"}],"wp:attachment":[{"href":"https:\/\/www.shouyasanitary.com\/fr\/wp-json\/wp\/v2\/media?parent=1249"}],"wp:term":[{"taxonomy":"product_brand","embeddable":true,"href":"https:\/\/www.shouyasanitary.com\/fr\/wp-json\/wp\/v2\/product_brand?post=1249"},{"taxonomy":"product_cat","embeddable":true,"href":"https:\/\/www.shouyasanitary.com\/fr\/wp-json\/wp\/v2\/product_cat?post=1249"},{"taxonomy":"product_tag","embeddable":true,"href":"https:\/\/www.shouyasanitary.com\/fr\/wp-json\/wp\/v2\/product_tag?post=1249"}],"curies":[{"name":"wp","href":"https:\/\/api.w.org\/{rel}","templated":true}]}}