{"id":1250,"date":"2025-06-03T09:51:43","date_gmt":"2025-06-03T09:51:43","guid":{"rendered":"https:\/\/www.shouyasanitary.com\/?post_type=product&#038;p=1250"},"modified":"2025-06-03T09:51:49","modified_gmt":"2025-06-03T09:51:49","slug":"bathroom-vanities-custom-cabinetry","status":"publish","type":"product","link":"https:\/\/www.shouyasanitary.com\/fr\/produit\/bathroom-vanities-custom-cabinetry\/","title":{"rendered":"Wholesale SPC Bathroom Vanities Custom Cabinetry with Mirror for Hotel (Vanit\u00e9s de salle de bain SPC avec miroir)"},"content":{"rendered":"<div class=\"wp-block-columns is-layout-flex wp-container-core-columns-is-layout-9d6595d7 wp-block-columns-is-layout-flex\">\n<div class=\"wp-block-column is-layout-flow wp-block-column-is-layout-flow\">\n<h2 class=\"wp-block-heading\">Vanit\u00e9s de salle de bain Armoires sur mesure Caract\u00e9ristiques\uff1a<\/h2>\n\n\n\n<p><strong>Style moderne et minimaliste : <\/strong>Le gris g\u00e9n\u00e9ral est minimaliste et \u00e9pur\u00e9, ce qui est conforme aux styles de d\u00e9coration courants tels que le moderne nordique, et constitue un choix id\u00e9al pour les h\u00f4tels, les r\u00e9sidences et les projets d'ing\u00e9nierie.<\/p>\n\n\n\n<p><strong>Mat\u00e9riau SPC de haute qualit\u00e9 : <\/strong>Fabriqu\u00e9 \u00e0 partir de panneaux composites pierre-plastique, il est imperm\u00e9able \u00e0 l'eau et \u00e0 l'humidit\u00e9 et peut \u00eatre utilis\u00e9 dans divers environnements climatiques dans le monde entier.<\/p>\n\n\n\n<p><strong>Armoire de toilette LED pratique : <\/strong>Le c\u00f4t\u00e9 gauche de l'armoire de toilette est un miroir LED ferm\u00e9, et le c\u00f4t\u00e9 droit est \u00e9quip\u00e9 d'une \u00e9tag\u00e8re de rangement ouverte \u00e0 double couche. Les articles de toilette quotidiens, l'aromath\u00e9rapie, etc., peuvent \u00eatre plac\u00e9s \u00e0 diff\u00e9rents endroits, en tenant compte du rangement et de la pr\u00e9sentation.<\/p>\n\n\n\n<p><strong>Equip\u00e9 d'un lavabo en c\u00e9ramique : <\/strong>Le bassin est en c\u00e9ramique lisse et facile \u00e0 entretenir. Les robinets noirs assortis rehaussent la texture de l'ensemble.<\/p>\n\n\n\n<p><strong>Structure flottante : <\/strong>Il est install\u00e9 au mur pour \u00e9viter l'accumulation d'eau et est facile \u00e0 nettoyer.<\/p>\n\n\n\n<p><strong>Nous fournissons des services personnalis\u00e9s en direct de l'usine :<\/strong> Fourniture d'usine, prix de gros, possibilit\u00e9 de personnaliser la couleur, le logo, le style des accessoires, etc., en fonction des projets des clients, convient aux sc\u00e8nes commerciales telles que les h\u00f4tels, l'immobilier et la distribution.<\/p>\n<\/div>\n\n\n\n<div class=\"wp-block-column is-layout-flow wp-block-column-is-layout-flow\"><div class=\"wp-block-image\">\n<figure class=\"aligncenter size-full\"><img decoding=\"async\" width=\"800\" height=\"800\" src=\"https:\/\/www.shouyasanitary.com\/wp-content\/uploads\/2025\/05\/Bathroom-Vanities-Custom-CabinetryWholesale-Bathroom-Vanity-Mirror-Medicine-Cabinet-for-Hotel-1.webp\" alt=\"Meubles de salle de bain sur mesure, Meuble de salle de bain avec miroir et armoire \u00e0 pharmacie pour l&#039;h\u00f4tel (1)\" class=\"wp-image-1241\" style=\"object-fit:cover\" srcset=\"https:\/\/www.shouyasanitary.com\/wp-content\/uploads\/2025\/05\/Bathroom-Vanities-Custom-CabinetryWholesale-Bathroom-Vanity-Mirror-Medicine-Cabinet-for-Hotel-1.webp 800w, https:\/\/www.shouyasanitary.com\/wp-content\/uploads\/2025\/05\/Bathroom-Vanities-Custom-CabinetryWholesale-Bathroom-Vanity-Mirror-Medicine-Cabinet-for-Hotel-1-300x300.webp 300w, https:\/\/www.shouyasanitary.com\/wp-content\/uploads\/2025\/05\/Bathroom-Vanities-Custom-CabinetryWholesale-Bathroom-Vanity-Mirror-Medicine-Cabinet-for-Hotel-1-150x150.webp 150w, https:\/\/www.shouyasanitary.com\/wp-content\/uploads\/2025\/05\/Bathroom-Vanities-Custom-CabinetryWholesale-Bathroom-Vanity-Mirror-Medicine-Cabinet-for-Hotel-1-768x768.webp 768w, https:\/\/www.shouyasanitary.com\/wp-content\/uploads\/2025\/05\/Bathroom-Vanities-Custom-CabinetryWholesale-Bathroom-Vanity-Mirror-Medicine-Cabinet-for-Hotel-1-12x12.webp 12w, https:\/\/www.shouyasanitary.com\/wp-content\/uploads\/2025\/05\/Bathroom-Vanities-Custom-CabinetryWholesale-Bathroom-Vanity-Mirror-Medicine-Cabinet-for-Hotel-1-600x600.webp 600w, https:\/\/www.shouyasanitary.com\/wp-content\/uploads\/2025\/05\/Bathroom-Vanities-Custom-CabinetryWholesale-Bathroom-Vanity-Mirror-Medicine-Cabinet-for-Hotel-1-100x100.webp 100w\" sizes=\"(max-width: 800px) 100vw, 800px\" \/><\/figure>\n<\/div><\/div>\n<\/div>","protected":false},"excerpt":{"rendered":"<p>Vente en gros de vanit\u00e9s de salle de bain avec vasque en c\u00e9ramique et armoire de toilette LED, style minimaliste gris, design mural, id\u00e9al pour les salles de bain modernes. Approvisionnement direct de l'usine, stock en vrac semi-personnalis\u00e9. Contactez-nous pour obtenir des solutions personnalis\u00e9es et des devis en gros.<\/p>\n<h2>Vanit\u00e9s de salle de bain Armoires sur mesure Attributs\uff1a<\/h2>\n<p><strong>Num\u00e9ro d'article :<\/strong>T001-B<strong><br \/>Mat\u00e9riau de l'armoire : <\/strong>Panneau de pierre en plastique<br \/><strong>Couleur de l'armoire :<\/strong> Gris<br \/><strong>Miroir :<\/strong> Miroir LED (3,5 mm\/3,8 mm), \u00e9clairage tricolore, d\u00e9sembuage par simple pression d'une touche, s\u00e9curis\u00e9 par un emballage en mousse multicouche.<br \/><strong>Type d'installation :<\/strong>\u00a0Montage mural<br \/><strong>Dimensions (L\u00d7L\u00d7H) :<\/strong> 60*47*45 cm<br \/><strong>Poids brut :<\/strong> 28kg\/set<\/p>\n<h2>Personnalisation et services :<\/h2>\n<p><strong>OEM ET ODM<\/strong>: Pris en charge<br \/><strong>Conception<\/strong>: Gratuit<br \/><strong>Accessoires<\/strong>: Lavabos, miroirs, robinets et autres accessoires de salle de bains<br \/><strong>Emballage<\/strong>: Pr\u00eat \u00e0 monter<\/p>","protected":false},"featured_media":1241,"comment_status":"closed","ping_status":"closed","template":"","meta":{"_acf_changed":false},"product_brand":[],"product_cat":[29],"product_tag":[],"class_list":{"0":"post-1250","1":"product","2":"type-product","3":"status-publish","4":"has-post-thumbnail","6":"product_cat-wholesale-spc-bathroom-vanity-cabinets","8":"first","9":"instock","10":"shipping-taxable","11":"product-type-simple"},"acf":[],"_links":{"self":[{"href":"https:\/\/www.shouyasanitary.com\/fr\/wp-json\/wp\/v2\/product\/1250","targetHints":{"allow":["GET"]}}],"collection":[{"href":"https:\/\/www.shouyasanitary.com\/fr\/wp-json\/wp\/v2\/product"}],"about":[{"href":"https:\/\/www.shouyasanitary.com\/fr\/wp-json\/wp\/v2\/types\/product"}],"replies":[{"embeddable":true,"href":"https:\/\/www.shouyasanitary.com\/fr\/wp-json\/wp\/v2\/comments?post=1250"}],"wp:featuredmedia":[{"embeddable":true,"href":"https:\/\/www.shouyasanitary.com\/fr\/wp-json\/wp\/v2\/media\/1241"}],"wp:attachment":[{"href":"https:\/\/www.shouyasanitary.com\/fr\/wp-json\/wp\/v2\/media?parent=1250"}],"wp:term":[{"taxonomy":"product_brand","embeddable":true,"href":"https:\/\/www.shouyasanitary.com\/fr\/wp-json\/wp\/v2\/product_brand?post=1250"},{"taxonomy":"product_cat","embeddable":true,"href":"https:\/\/www.shouyasanitary.com\/fr\/wp-json\/wp\/v2\/product_cat?post=1250"},{"taxonomy":"product_tag","embeddable":true,"href":"https:\/\/www.shouyasanitary.com\/fr\/wp-json\/wp\/v2\/product_tag?post=1250"}],"curies":[{"name":"wp","href":"https:\/\/api.w.org\/{rel}","templated":true}]}}