{"id":1251,"date":"2025-06-03T10:08:07","date_gmt":"2025-06-03T10:08:07","guid":{"rendered":"https:\/\/www.shouyasanitary.com\/?post_type=product&#038;p=1251"},"modified":"2025-06-28T10:16:30","modified_gmt":"2025-06-28T10:16:30","slug":"wholesale-bathroom-vanity-cabinet","status":"publish","type":"product","link":"https:\/\/www.shouyasanitary.com\/fr\/produit\/wholesale-bathroom-vanity-cabinet\/","title":{"rendered":"Wholesale Bathroom Vanity Cabinet, Modern Grey SPC Vanity Supplier"},"content":{"rendered":"<div class=\"wp-block-columns is-layout-flex wp-container-core-columns-is-layout-9d6595d7 wp-block-columns-is-layout-flex\">\n<div class=\"wp-block-column is-layout-flow wp-block-column-is-layout-flow\">\n<h2 class=\"wp-block-heading\">Caract\u00e9ristiques du meuble-lavabo\uff1a<\/h2>\n\n\n\n<p><strong>Mat\u00e9riau SPC durable : <\/strong>Fabriqu\u00e9 en SPC de haute qualit\u00e9, ce meuble est imperm\u00e9able \u00e0 l'eau et sans formald\u00e9hyde, et tr\u00e8s r\u00e9sistant \u00e0 l'usure, id\u00e9al pour les salles de bains humides.<\/p>\n\n\n\n<p><strong>Un look moderne et sophistiqu\u00e9 : <\/strong>La finition gris clair tr\u00e8s tendance, au ton doux et \u00e0 la texture fine, apporte une esth\u00e9tique propre et moderne \u00e0 toute salle de bains.<\/p>\n\n\n\n<p><strong>Bande lumineuse LED environnante :\u00a0<\/strong>Les bandes LED int\u00e9gr\u00e9es sur les quatre c\u00f4t\u00e9s du miroir fournissent un \u00e9clairage doux et uniforme, parfait pour la toilette quotidienne tout en am\u00e9liorant l'ambiance g\u00e9n\u00e9rale.<\/p>\n\n\n\n<p><strong>Am\u00e9nagement polyvalent de l'armoire : <\/strong>Un compartiment \u00e0 une porte d'un c\u00f4t\u00e9 pour les gros objets et des tiroirs doubles lisses de l'autre pour les petits articles de toilette.<\/p>\n\n\n\n<p><strong>Qualit\u00e9 fiable et directe de l'usine : <\/strong>Gr\u00e2ce \u00e0 la ligne de production avanc\u00e9e de Shouya, nous offrons un approvisionnement stable, un contr\u00f4le de qualit\u00e9 strict et une livraison dans les d\u00e9lais, ce qui est id\u00e9al pour les commandes en gros et les projets.<\/p>\n<\/div>\n\n\n\n<div class=\"wp-block-column is-layout-flow wp-block-column-is-layout-flow\"><div class=\"wp-block-image\">\n<figure class=\"aligncenter size-full\"><img decoding=\"async\" width=\"800\" height=\"800\" src=\"https:\/\/www.shouyasanitary.com\/wp-content\/uploads\/2025\/05\/Wholesale-Bathroom-Vanity-Cabinet-Luxury-Grey-SPC-Floating-Bathroom-Cabinet.webp\" alt=\"Wholesale Bathroom Vanity Cabinet, Luxury Grey SPC Floating Bathroom Cabinet\" class=\"wp-image-1243\" style=\"object-fit:cover\" srcset=\"https:\/\/www.shouyasanitary.com\/wp-content\/uploads\/2025\/05\/Wholesale-Bathroom-Vanity-Cabinet-Luxury-Grey-SPC-Floating-Bathroom-Cabinet.webp 800w, https:\/\/www.shouyasanitary.com\/wp-content\/uploads\/2025\/05\/Wholesale-Bathroom-Vanity-Cabinet-Luxury-Grey-SPC-Floating-Bathroom-Cabinet-300x300.webp 300w, https:\/\/www.shouyasanitary.com\/wp-content\/uploads\/2025\/05\/Wholesale-Bathroom-Vanity-Cabinet-Luxury-Grey-SPC-Floating-Bathroom-Cabinet-150x150.webp 150w, https:\/\/www.shouyasanitary.com\/wp-content\/uploads\/2025\/05\/Wholesale-Bathroom-Vanity-Cabinet-Luxury-Grey-SPC-Floating-Bathroom-Cabinet-768x768.webp 768w, https:\/\/www.shouyasanitary.com\/wp-content\/uploads\/2025\/05\/Wholesale-Bathroom-Vanity-Cabinet-Luxury-Grey-SPC-Floating-Bathroom-Cabinet-12x12.webp 12w, https:\/\/www.shouyasanitary.com\/wp-content\/uploads\/2025\/05\/Wholesale-Bathroom-Vanity-Cabinet-Luxury-Grey-SPC-Floating-Bathroom-Cabinet-600x600.webp 600w, https:\/\/www.shouyasanitary.com\/wp-content\/uploads\/2025\/05\/Wholesale-Bathroom-Vanity-Cabinet-Luxury-Grey-SPC-Floating-Bathroom-Cabinet-100x100.webp 100w\" sizes=\"(max-width: 800px) 100vw, 800px\" \/><\/figure>\n<\/div><\/div>\n<\/div>","protected":false},"excerpt":{"rendered":"<p>Meuble de salle de bain en gros, aspect gris moderne, mat\u00e9riau SPC durable, avec armoires de toilette \u00e0 LED, convient aux h\u00f4tels et aux appartements. Shouya factory direct supply, support bulk custom, fast global delivery ! Nous vous invitons \u00e0 nous contacter !<\/p>\n<h2>Attributs du meuble-lavabo\uff1a<\/h2>\n<p><strong>Num\u00e9ro d'article :<\/strong>J1231-80<strong><br \/>Mat\u00e9riau de l'armoire :<\/strong> Panneau de pierre en plastique<br \/><strong>Couleur de l'armoire :<\/strong> Gris<br \/><strong>Miroir :<\/strong> Miroir LED (3,5 mm\/3,8 mm), \u00e9clairage tricolore, d\u00e9sembuage par simple pression d'une touche, s\u00e9curis\u00e9 par un emballage en mousse multicouche.<br \/><strong>Type d'installation :<\/strong>\u00a0Montage mural<br \/><strong>Dimensions (L\u00d7L\u00d7H) :<\/strong> 80*50*45 cm<br \/><strong>Poids brut :<\/strong> 35kg\/set<\/p>\n<h2>Personnalisation et services :<\/h2>\n<p><strong>OEM ET ODM<\/strong>: Pris en charge<br \/><strong>Conception<\/strong>: Gratuit<br \/><strong>Accessoires<\/strong>: Lavabos, miroirs, robinets et autres accessoires de salle de bains<br \/><strong>Emballage<\/strong>: Pr\u00eat \u00e0 monter<\/p>","protected":false},"featured_media":1347,"comment_status":"closed","ping_status":"closed","template":"","meta":{"_acf_changed":false},"product_brand":[],"product_cat":[29],"product_tag":[],"class_list":{"0":"post-1251","1":"product","2":"type-product","3":"status-publish","4":"has-post-thumbnail","6":"product_cat-wholesale-spc-bathroom-vanity-cabinets","8":"first","9":"instock","10":"shipping-taxable","11":"product-type-simple"},"acf":[],"_links":{"self":[{"href":"https:\/\/www.shouyasanitary.com\/fr\/wp-json\/wp\/v2\/product\/1251","targetHints":{"allow":["GET"]}}],"collection":[{"href":"https:\/\/www.shouyasanitary.com\/fr\/wp-json\/wp\/v2\/product"}],"about":[{"href":"https:\/\/www.shouyasanitary.com\/fr\/wp-json\/wp\/v2\/types\/product"}],"replies":[{"embeddable":true,"href":"https:\/\/www.shouyasanitary.com\/fr\/wp-json\/wp\/v2\/comments?post=1251"}],"wp:featuredmedia":[{"embeddable":true,"href":"https:\/\/www.shouyasanitary.com\/fr\/wp-json\/wp\/v2\/media\/1347"}],"wp:attachment":[{"href":"https:\/\/www.shouyasanitary.com\/fr\/wp-json\/wp\/v2\/media?parent=1251"}],"wp:term":[{"taxonomy":"product_brand","embeddable":true,"href":"https:\/\/www.shouyasanitary.com\/fr\/wp-json\/wp\/v2\/product_brand?post=1251"},{"taxonomy":"product_cat","embeddable":true,"href":"https:\/\/www.shouyasanitary.com\/fr\/wp-json\/wp\/v2\/product_cat?post=1251"},{"taxonomy":"product_tag","embeddable":true,"href":"https:\/\/www.shouyasanitary.com\/fr\/wp-json\/wp\/v2\/product_tag?post=1251"}],"curies":[{"name":"wp","href":"https:\/\/api.w.org\/{rel}","templated":true}]}}