{"id":1319,"date":"2025-06-11T09:03:39","date_gmt":"2025-06-11T09:03:39","guid":{"rendered":"https:\/\/www.shouyasanitary.com\/?post_type=product&#038;p=1319"},"modified":"2025-06-11T09:04:29","modified_gmt":"2025-06-11T09:04:29","slug":"wholesale-vanities-bathroom","status":"publish","type":"product","link":"https:\/\/www.shouyasanitary.com\/fr\/produit\/wholesale-vanities-bathroom\/","title":{"rendered":"Wholesale Vanities Bathroom, Aluminum Bathroom Cabinet with Basin Custom"},"content":{"rendered":"<div class=\"wp-block-columns is-layout-flex wp-container-core-columns-is-layout-9d6595d7 wp-block-columns-is-layout-flex\">\n<div class=\"wp-block-column is-layout-flow wp-block-column-is-layout-flow\">\n<h2 class=\"wp-block-heading\">Vanit\u00e9s Caract\u00e9ristiques de la salle de bains\uff1a<\/h2>\n\n\n\n<p><strong>Mat\u00e9riau en alliage d'aluminium de haute qualit\u00e9 :<\/strong> L\u00e9ger et durable, \u00e9tanche et r\u00e9sistant \u00e0 la corrosion, il convient aux salles de bains commerciales \u00e0 haute fr\u00e9quence.<\/p>\n\n\n\n<p><strong>Aspect gris fonc\u00e9 minimaliste : <\/strong>Le cadre m\u00e9tallique gris fonc\u00e9 et le miroir lumineux sont parfaitement assortis et pr\u00e9sentent un style moderne.<\/p>\n\n\n\n<p><strong>Rangement \u00e0 double porte : <\/strong>L'armoire de toilette adopte un design \u00e0 double porte, avec des cloisons internes raisonnables, maximisant l'utilisation de l'espace et cr\u00e9ant un environnement de bain efficace.<\/p>\n\n\n\n<p><strong>Installation murale :<\/strong> Le design flottant aide le sol \u00e0 rester propre et favorise la circulation de l'air, tout en am\u00e9liorant la sensation visuelle d'espace, ce qui convient particuli\u00e8rement aux salles de bains modernes et compactes.<\/p>\n\n\n\n<p><strong>Armoire de toilette LED avec \u00e9tag\u00e8res : <\/strong>L'armoire de toilette est \u00e9quip\u00e9e de miroirs haute d\u00e9finition et de lampes LED, prenant en compte \u00e0 la fois l'\u00e9clairage et la beaut\u00e9. L'\u00e9tag\u00e8re situ\u00e9e \u00e0 droite de l'armoire de toilette est pratique pour le rangement.<\/p>\n\n\n\n<p><strong>Vasque en c\u00e9ramique int\u00e9gr\u00e9e : <\/strong>Le corps de la vasque a des bords arrondis, un \u00e9mail lisse, r\u00e9sistant aux rayures et facile \u00e0 nettoyer.<\/p>\n\n\n\n<p><strong>Taille raisonnable :<\/strong> Le design de 80 cm de diam\u00e8tre permet de r\u00e9pondre aux besoins quotidiens sans prendre trop de place. Convient aux salles de bains de petite, moyenne et grande taille.<\/p>\n\n\n\n<p><strong>Support OEM\/ODM : <\/strong>La couleur, la taille, le style de l'armoire de toilette, la fonction d'\u00e9clairage, etc. peuvent \u00eatre personnalis\u00e9s en fonction des besoins du client pour r\u00e9pondre aux besoins de diff\u00e9rents projets d'ing\u00e9nierie.<\/p>\n<\/div>\n\n\n\n<div class=\"wp-block-column is-layout-flow wp-block-column-is-layout-flow\"><div class=\"wp-block-image\">\n<figure class=\"aligncenter size-full\"><img decoding=\"async\" width=\"800\" height=\"800\" src=\"https:\/\/www.shouyasanitary.com\/wp-content\/uploads\/2025\/06\/Wholesale-Vanities-Bathroom\uff0cAluminum-Bathroom-Cabinet-with-a-Ceramic-Basin-Custom-1.webp\" alt=\"Wholesale Vanities Bathroom\uff0cAluminum Bathroom Cabinet with a Ceramic Basin Custom (1)\" class=\"wp-image-1323\" style=\"object-fit:cover\" srcset=\"https:\/\/www.shouyasanitary.com\/wp-content\/uploads\/2025\/06\/Wholesale-Vanities-Bathroom\uff0cAluminum-Bathroom-Cabinet-with-a-Ceramic-Basin-Custom-1.webp 800w, https:\/\/www.shouyasanitary.com\/wp-content\/uploads\/2025\/06\/Wholesale-Vanities-Bathroom\uff0cAluminum-Bathroom-Cabinet-with-a-Ceramic-Basin-Custom-1-300x300.webp 300w, https:\/\/www.shouyasanitary.com\/wp-content\/uploads\/2025\/06\/Wholesale-Vanities-Bathroom\uff0cAluminum-Bathroom-Cabinet-with-a-Ceramic-Basin-Custom-1-150x150.webp 150w, https:\/\/www.shouyasanitary.com\/wp-content\/uploads\/2025\/06\/Wholesale-Vanities-Bathroom\uff0cAluminum-Bathroom-Cabinet-with-a-Ceramic-Basin-Custom-1-768x768.webp 768w, https:\/\/www.shouyasanitary.com\/wp-content\/uploads\/2025\/06\/Wholesale-Vanities-Bathroom\uff0cAluminum-Bathroom-Cabinet-with-a-Ceramic-Basin-Custom-1-12x12.webp 12w, https:\/\/www.shouyasanitary.com\/wp-content\/uploads\/2025\/06\/Wholesale-Vanities-Bathroom\uff0cAluminum-Bathroom-Cabinet-with-a-Ceramic-Basin-Custom-1-600x600.webp 600w, https:\/\/www.shouyasanitary.com\/wp-content\/uploads\/2025\/06\/Wholesale-Vanities-Bathroom\uff0cAluminum-Bathroom-Cabinet-with-a-Ceramic-Basin-Custom-1-100x100.webp 100w\" sizes=\"(max-width: 800px) 100vw, 800px\" \/><\/figure>\n<\/div><\/div>\n<\/div>","protected":false},"excerpt":{"rendered":"<p>Les meubles de salle de bain en gros, d'aspect gris fonc\u00e9, au design moderne, int\u00e8grent un lavabo en c\u00e9ramique, une armoire de toilette \u00e0 LED, et un rangement multifonctionnel, convenant \u00e0 une vari\u00e9t\u00e9 de sc\u00e8nes d'espace. Approvisionnement direct de l'usine, grandes quantit\u00e9s de stock, et soutien pour OEM. Nous vous invitons \u00e0 nous contacter !<\/p>\n<h2>Vanit\u00e9s Attributs de la salle de bains\uff1a<\/h2>\n<p><strong>Num\u00e9ro d'article : <\/strong>01-80G<strong><br \/>Mat\u00e9riau de l'armoire :<\/strong> Aluminium<br \/><strong>Couleur de l'armoire :<\/strong> Gris fonc\u00e9<br \/><strong>Miroir :<\/strong> Miroir LED (3,5 mm\/3,8 mm), \u00e9clairage tricolore, d\u00e9sembuage par simple pression d'une touche, s\u00e9curis\u00e9 par un emballage en mousse multicouche.<br \/><strong>Type d'installation :<\/strong>\u00a0Montage mural<br \/><strong>Dimensions (L\u00d7L\u00d7H) :<\/strong> 81x40x50 cm<br \/><strong>Poids brut :<\/strong> 28kg\/set<\/p>\n<h2>Personnalisation et services :<\/h2>\n<p><strong>OEM ET ODM<\/strong>: Pris en charge<br \/><strong>Conception<\/strong>: Gratuit<br \/><strong>Accessoires<\/strong>: Lavabos, miroirs, robinets et autres accessoires de salle de bains<br \/><strong>Emballage<\/strong>: Pr\u00eat \u00e0 monter<\/p>","protected":false},"featured_media":1323,"comment_status":"closed","ping_status":"closed","template":"","meta":{"_acf_changed":false},"product_brand":[],"product_cat":[23],"product_tag":[],"class_list":{"0":"post-1319","1":"product","2":"type-product","3":"status-publish","4":"has-post-thumbnail","6":"product_cat-wholesale-aluminum-bathroom-vanity-cabinets","8":"first","9":"instock","10":"shipping-taxable","11":"product-type-simple"},"acf":[],"_links":{"self":[{"href":"https:\/\/www.shouyasanitary.com\/fr\/wp-json\/wp\/v2\/product\/1319","targetHints":{"allow":["GET"]}}],"collection":[{"href":"https:\/\/www.shouyasanitary.com\/fr\/wp-json\/wp\/v2\/product"}],"about":[{"href":"https:\/\/www.shouyasanitary.com\/fr\/wp-json\/wp\/v2\/types\/product"}],"replies":[{"embeddable":true,"href":"https:\/\/www.shouyasanitary.com\/fr\/wp-json\/wp\/v2\/comments?post=1319"}],"wp:featuredmedia":[{"embeddable":true,"href":"https:\/\/www.shouyasanitary.com\/fr\/wp-json\/wp\/v2\/media\/1323"}],"wp:attachment":[{"href":"https:\/\/www.shouyasanitary.com\/fr\/wp-json\/wp\/v2\/media?parent=1319"}],"wp:term":[{"taxonomy":"product_brand","embeddable":true,"href":"https:\/\/www.shouyasanitary.com\/fr\/wp-json\/wp\/v2\/product_brand?post=1319"},{"taxonomy":"product_cat","embeddable":true,"href":"https:\/\/www.shouyasanitary.com\/fr\/wp-json\/wp\/v2\/product_cat?post=1319"},{"taxonomy":"product_tag","embeddable":true,"href":"https:\/\/www.shouyasanitary.com\/fr\/wp-json\/wp\/v2\/product_tag?post=1319"}],"curies":[{"name":"wp","href":"https:\/\/api.w.org\/{rel}","templated":true}]}}