{"id":1329,"date":"2025-06-11T09:07:39","date_gmt":"2025-06-11T09:07:39","guid":{"rendered":"https:\/\/www.shouyasanitary.com\/?post_type=product&#038;p=1329"},"modified":"2025-06-11T09:07:44","modified_gmt":"2025-06-11T09:07:44","slug":"wholesale-bathroom-vanity-units","status":"publish","type":"product","link":"https:\/\/www.shouyasanitary.com\/fr\/produit\/wholesale-bathroom-vanity-units\/","title":{"rendered":"Wholesale Bathroom Vanity Units, Dark Grey Bathroom Cabinet Set Manufacturer"},"content":{"rendered":"<div class=\"wp-block-columns is-layout-flex wp-container-core-columns-is-layout-9d6595d7 wp-block-columns-is-layout-flex\">\n<div class=\"wp-block-column is-layout-flow wp-block-column-is-layout-flow\">\n<h2 class=\"wp-block-heading\">Caract\u00e9ristiques des meubles-lavabos\uff1a<\/h2>\n\n\n\n<p><strong>Design moderne minimaliste<\/strong>: L'armoire en alliage d'aluminium gris fonc\u00e9 pr\u00e9sente une texture de haute qualit\u00e9, assortie d'une vasque en c\u00e9ramique blanche int\u00e9gr\u00e9e, avec des lignes simples et soign\u00e9es, convenant \u00e0 une vari\u00e9t\u00e9 de styles de d\u00e9coration.<\/p>\n\n\n\n<p><strong>Miroir lumineux intelligent<\/strong>: L'armoire de toilette est \u00e9quip\u00e9e de bandes lumineuses LED tout autour, et la lumi\u00e8re est douce et non \u00e9blouissante. L'interrupteur \u00e0 effleurement est simple et durable, adapt\u00e9 aux besoins de toilettage quotidiens.<\/p>\n\n\n\n<p><strong>Etag\u00e8re de d\u00e9veloppement<\/strong>: Des \u00e9tag\u00e8res sym\u00e9triques sont dispos\u00e9es de part et d'autre de l'armoire de toilette, ce qui permet de placer les articles de toilette couramment utilis\u00e9s, de r\u00e9aliser la double fonction de stockage et d'affichage, et de rendre l'utilisation quotidienne plus efficace.<\/p>\n\n\n\n<p><strong>Vasque en c\u00e9ramique int\u00e9gr\u00e9e<\/strong>: Le bassin et le meuble sont parfaitement reli\u00e9s, les bords sont lisses et sans bavures, ce qui emp\u00eache efficacement l'accumulation de salet\u00e9s et facilite le nettoyage quotidien.<\/p>\n\n\n\n<p><strong>Syst\u00e8me de stockage puissant : <\/strong>L'armoire de rangement de grande capacit\u00e9 situ\u00e9e en dessous adopte une conception \u00e0 double porte, et l'agencement de l'espace interne est raisonnable, ce qui permet de ranger les serviettes, les articles de toilette, etc. Combin\u00e9 \u00e0 l'\u00e9tag\u00e8re sup\u00e9rieure, le rangement \u00e0 plusieurs niveaux permet d'exploiter pleinement l'espace vertical.<\/p>\n\n\n\n<p><strong>Mat\u00e9riau de haute qualit\u00e9 :<\/strong> Le corps principal adopte une structure en alliage d'aluminium, qui est robuste et durable, \u00e0 l'\u00e9preuve de l'humidit\u00e9 et de la rouille, et qui prolonge la dur\u00e9e de vie.<\/p>\n\n\n\n<p><strong>Remises sur les prix de gros<\/strong>: Les achats en gros b\u00e9n\u00e9ficient de remises \u00e9chelonn\u00e9es, ce qui est plus rentable.<\/p>\n<\/div>\n\n\n\n<div class=\"wp-block-column is-layout-flow wp-block-column-is-layout-flow\"><div class=\"wp-block-image\">\n<figure class=\"aligncenter size-full\"><img decoding=\"async\" width=\"800\" height=\"800\" src=\"https:\/\/www.shouyasanitary.com\/wp-content\/uploads\/2025\/06\/Wholesale-Bathroom-Vanity-Units-Dark-Grey-Bathroom-Cabinet-Set-Manufacturer-1.webp\" alt=\"Wholesale Bathroom Vanity Units, Dark Grey Bathroom Cabinet Set Manufacturer (1)\" class=\"wp-image-1327\" style=\"object-fit:cover\" srcset=\"https:\/\/www.shouyasanitary.com\/wp-content\/uploads\/2025\/06\/Wholesale-Bathroom-Vanity-Units-Dark-Grey-Bathroom-Cabinet-Set-Manufacturer-1.webp 800w, https:\/\/www.shouyasanitary.com\/wp-content\/uploads\/2025\/06\/Wholesale-Bathroom-Vanity-Units-Dark-Grey-Bathroom-Cabinet-Set-Manufacturer-1-300x300.webp 300w, https:\/\/www.shouyasanitary.com\/wp-content\/uploads\/2025\/06\/Wholesale-Bathroom-Vanity-Units-Dark-Grey-Bathroom-Cabinet-Set-Manufacturer-1-150x150.webp 150w, https:\/\/www.shouyasanitary.com\/wp-content\/uploads\/2025\/06\/Wholesale-Bathroom-Vanity-Units-Dark-Grey-Bathroom-Cabinet-Set-Manufacturer-1-768x768.webp 768w, https:\/\/www.shouyasanitary.com\/wp-content\/uploads\/2025\/06\/Wholesale-Bathroom-Vanity-Units-Dark-Grey-Bathroom-Cabinet-Set-Manufacturer-1-12x12.webp 12w, https:\/\/www.shouyasanitary.com\/wp-content\/uploads\/2025\/06\/Wholesale-Bathroom-Vanity-Units-Dark-Grey-Bathroom-Cabinet-Set-Manufacturer-1-600x600.webp 600w, https:\/\/www.shouyasanitary.com\/wp-content\/uploads\/2025\/06\/Wholesale-Bathroom-Vanity-Units-Dark-Grey-Bathroom-Cabinet-Set-Manufacturer-1-100x100.webp 100w\" sizes=\"(max-width: 800px) 100vw, 800px\" \/><\/figure>\n<\/div><\/div>\n<\/div>\n\n\n\n<p><\/p>","protected":false},"excerpt":{"rendered":"<p>Bienvenue dans la vente en gros de meubles de salle de bain, design minimaliste moderne, miroir et \u00e9tag\u00e8re avec LED, \u00e0 la mode et magnifique. Vente directe d'usine, stock en vrac semi-personnalis\u00e9, personnalisation possible, n'h\u00e9sitez pas \u00e0 nous contacter.<\/p>\n<h2>Attributs des meubles-lavabos\uff1a<\/h2>\n<p><strong>Num\u00e9ro d'article :<\/strong>01-90G<strong><br \/>Mat\u00e9riau de l'armoire :<\/strong> Aluminium<br \/><strong>Couleur de l'armoire :<\/strong> Gris fonc\u00e9<br \/><strong>Miroir :<\/strong> Miroir LED (3,5 mm\/3,8 mm), \u00e9clairage tricolore, d\u00e9sembuage par simple pression d'une touche, s\u00e9curis\u00e9 par un emballage en mousse multicouche.<br \/><strong>Type d'installation :<\/strong>\u00a0Montage mural<br \/><strong>Dimensions (L\u00d7L\u00d7H) :<\/strong> 91x40x50 cm<br \/><strong>Poids brut :<\/strong> 29kg\/set<\/p>\n<h2>Personnalisation et services :<\/h2>\n<p><strong>OEM ET ODM<\/strong>: Pris en charge<br \/><strong>Conception<\/strong>: Gratuit<br \/><strong>Accessoires<\/strong>: Lavabos, miroirs, robinets et autres accessoires de salle de bains<br \/><strong>Emballage<\/strong>: Pr\u00eat \u00e0 monter<\/p>","protected":false},"featured_media":1327,"comment_status":"closed","ping_status":"closed","template":"","meta":{"_acf_changed":true},"product_brand":[],"product_cat":[23],"product_tag":[],"class_list":{"0":"post-1329","1":"product","2":"type-product","3":"status-publish","4":"has-post-thumbnail","6":"product_cat-wholesale-aluminum-bathroom-vanity-cabinets","8":"first","9":"instock","10":"shipping-taxable","11":"product-type-simple"},"acf":[],"_links":{"self":[{"href":"https:\/\/www.shouyasanitary.com\/fr\/wp-json\/wp\/v2\/product\/1329","targetHints":{"allow":["GET"]}}],"collection":[{"href":"https:\/\/www.shouyasanitary.com\/fr\/wp-json\/wp\/v2\/product"}],"about":[{"href":"https:\/\/www.shouyasanitary.com\/fr\/wp-json\/wp\/v2\/types\/product"}],"replies":[{"embeddable":true,"href":"https:\/\/www.shouyasanitary.com\/fr\/wp-json\/wp\/v2\/comments?post=1329"}],"wp:featuredmedia":[{"embeddable":true,"href":"https:\/\/www.shouyasanitary.com\/fr\/wp-json\/wp\/v2\/media\/1327"}],"wp:attachment":[{"href":"https:\/\/www.shouyasanitary.com\/fr\/wp-json\/wp\/v2\/media?parent=1329"}],"wp:term":[{"taxonomy":"product_brand","embeddable":true,"href":"https:\/\/www.shouyasanitary.com\/fr\/wp-json\/wp\/v2\/product_brand?post=1329"},{"taxonomy":"product_cat","embeddable":true,"href":"https:\/\/www.shouyasanitary.com\/fr\/wp-json\/wp\/v2\/product_cat?post=1329"},{"taxonomy":"product_tag","embeddable":true,"href":"https:\/\/www.shouyasanitary.com\/fr\/wp-json\/wp\/v2\/product_tag?post=1329"}],"curies":[{"name":"wp","href":"https:\/\/api.w.org\/{rel}","templated":true}]}}