{"id":1330,"date":"2025-06-11T09:21:01","date_gmt":"2025-06-11T09:21:01","guid":{"rendered":"https:\/\/www.shouyasanitary.com\/?post_type=product&#038;p=1330"},"modified":"2025-06-11T09:21:06","modified_gmt":"2025-06-11T09:21:06","slug":"custom-vanities-bathroom","status":"publish","type":"product","link":"https:\/\/www.shouyasanitary.com\/fr\/produit\/custom-vanities-bathroom\/","title":{"rendered":"Meubles-lavabos sur mesure, Meubles de salle de bain flottants avec miroir en vrac"},"content":{"rendered":"<div class=\"wp-block-columns is-layout-flex wp-container-core-columns-is-layout-9d6595d7 wp-block-columns-is-layout-flex\">\n<div class=\"wp-block-column is-layout-flow wp-block-column-is-layout-flow\">\n<h2 class=\"wp-block-heading\">Vanit\u00e9s Caract\u00e9ristiques de la salle de bains\uff1a<\/h2>\n\n\n\n<p><strong>Taille flexible : <\/strong>La largeur raisonnable de 50 cm convient aux salles de bains de petite et moyenne taille et peut \u00eatre facilement int\u00e9gr\u00e9e \u00e0 diff\u00e9rents styles de d\u00e9coration pour am\u00e9liorer l'utilisation de l'espace.<\/p>\n\n\n\n<p><strong>Aspect \u00e9l\u00e9gant :<\/strong> Les couleurs principales, beige clair et blanc, sont chaudes et douces ; le miroir est d\u00e9cor\u00e9 de motifs montagneux, ce qui est plus artistique et rehausse le style de la salle de bains.<\/p>\n\n\n\n<p><strong>Bo\u00eetier en alliage d'aluminium<\/strong>Il s'agit d'un choix id\u00e9al pour les salles de bains \u00e0 usage commercial, car il est \u00e9tanche et r\u00e9sistant \u00e0 l'humidit\u00e9, adaptable aux environnements tr\u00e8s humides, durable et l\u00e9ger, facile \u00e0 transporter et \u00e0 installer.<\/p>\n\n\n\n<p><strong>Conception pratique de l'espace de rangement : <\/strong>L'armoire de toilette \u00e0 LED se combine avec l'armoire principale de rangement, ce qui permet non seulement d'obtenir un \u00e9clairage clair, mais aussi de faciliter la mise en place et l'utilisation des articles de toilette quotidiens.<\/p>\n\n\n\n<p><strong>Facile \u00e0 nettoyer<\/strong>n : La surface du bassin en c\u00e9ramique est lisse et d\u00e9licate, et il n'est pas facile d'y accumuler de la poussi\u00e8re ; la structure murale \u00e9vite l'accumulation de poussi\u00e8re et d'eau, ce qui facilite le nettoyage du sol et l'entretien quotidien.<\/p>\n\n\n\n<p><strong>Fourniture directe \u00e0 l'usine<\/strong>Les produits de la cat\u00e9gorie \"produits d'hygi\u00e8ne\" sont des produits de qualit\u00e9 sup\u00e9rieure : ils permettent la personnalisation par lots de sp\u00e9cifications et de couleurs multiples. L'approvisionnement direct de l'usine garantit un prix avantageux et une qualit\u00e9 stable pour r\u00e9pondre aux besoins de personnalisation en gros des projets d'ing\u00e9nierie, des marques de salles de bains, etc.<\/p>\n<\/div>\n\n\n\n<div class=\"wp-block-column is-layout-flow wp-block-column-is-layout-flow\"><div class=\"wp-block-image\">\n<figure class=\"aligncenter size-full\"><img decoding=\"async\" width=\"800\" height=\"800\" src=\"https:\/\/www.shouyasanitary.com\/wp-content\/uploads\/2025\/06\/Custom-Vanities-Bathroom-Luxury-Floating-Bathroom-Cabiners-with-Mirror-in-Bulk-1.webp\" alt=\"Meubles de salle de bain sur mesure, Meubles de salle de bain flottants de luxe avec miroir en vrac (1)\" class=\"wp-image-1321\" style=\"object-fit:cover\" srcset=\"https:\/\/www.shouyasanitary.com\/wp-content\/uploads\/2025\/06\/Custom-Vanities-Bathroom-Luxury-Floating-Bathroom-Cabiners-with-Mirror-in-Bulk-1.webp 800w, https:\/\/www.shouyasanitary.com\/wp-content\/uploads\/2025\/06\/Custom-Vanities-Bathroom-Luxury-Floating-Bathroom-Cabiners-with-Mirror-in-Bulk-1-300x300.webp 300w, https:\/\/www.shouyasanitary.com\/wp-content\/uploads\/2025\/06\/Custom-Vanities-Bathroom-Luxury-Floating-Bathroom-Cabiners-with-Mirror-in-Bulk-1-150x150.webp 150w, https:\/\/www.shouyasanitary.com\/wp-content\/uploads\/2025\/06\/Custom-Vanities-Bathroom-Luxury-Floating-Bathroom-Cabiners-with-Mirror-in-Bulk-1-768x768.webp 768w, https:\/\/www.shouyasanitary.com\/wp-content\/uploads\/2025\/06\/Custom-Vanities-Bathroom-Luxury-Floating-Bathroom-Cabiners-with-Mirror-in-Bulk-1-12x12.webp 12w, https:\/\/www.shouyasanitary.com\/wp-content\/uploads\/2025\/06\/Custom-Vanities-Bathroom-Luxury-Floating-Bathroom-Cabiners-with-Mirror-in-Bulk-1-600x600.webp 600w, https:\/\/www.shouyasanitary.com\/wp-content\/uploads\/2025\/06\/Custom-Vanities-Bathroom-Luxury-Floating-Bathroom-Cabiners-with-Mirror-in-Bulk-1-100x100.webp 100w\" sizes=\"(max-width: 800px) 100vw, 800px\" \/><\/figure>\n<\/div><\/div>\n<\/div>","protected":false},"excerpt":{"rendered":"<p>Meubles de salle de bain personnalis\u00e9s en vrac, petit meuble de salle de bain simple, en aluminium, armoire de toilette \u00e0 LED avec d\u00e9coration en forme de montagne, \u00e9l\u00e9gante et belle. Nous fabriquons nos produits en direct, nous supportons la personnalisation en vrac. Veuillez nous contacter pour un devis et un catalogue de produits.<\/p>\n<h2>Vanit\u00e9s Attributs de la salle de bains\uff1a<\/h2>\n<p><strong>Num\u00e9ro d'article :<\/strong>01-50K<strong><br \/>Mat\u00e9riau de l'armoire :<\/strong> Aluminium<br \/><strong>Couleur de l'armoire :<\/strong> Jaune<br \/><strong>Miroir :<\/strong> Miroir LED (3,5 mm\/3,8 mm), \u00e9clairage tricolore, d\u00e9sembuage par simple pression d'une touche, s\u00e9curis\u00e9 par un emballage en mousse multicouche.<br \/><strong>Type d'installation :<\/strong>\u00a0Montage mural<br \/><strong>Dimensions (L\u00d7L\u00d7H) :<\/strong> 51x40x50 cm<br \/><strong>Poids brut :<\/strong> 28kg\/set<\/p>\n<h2>Personnalisation et services :<\/h2>\n<p><strong>OEM ET ODM<\/strong>: Pris en charge<br \/><strong>Conception<\/strong>: Gratuit<br \/><strong>Accessoires<\/strong>: Lavabos, miroirs, robinets et autres accessoires de salle de bains<br \/><strong>Emballage<\/strong>: Pr\u00eat \u00e0 monter<\/p>","protected":false},"featured_media":1321,"comment_status":"closed","ping_status":"closed","template":"","meta":{"_acf_changed":false},"product_brand":[],"product_cat":[23],"product_tag":[],"class_list":{"0":"post-1330","1":"product","2":"type-product","3":"status-publish","4":"has-post-thumbnail","6":"product_cat-wholesale-aluminum-bathroom-vanity-cabinets","8":"first","9":"instock","10":"shipping-taxable","11":"product-type-simple"},"acf":[],"_links":{"self":[{"href":"https:\/\/www.shouyasanitary.com\/fr\/wp-json\/wp\/v2\/product\/1330","targetHints":{"allow":["GET"]}}],"collection":[{"href":"https:\/\/www.shouyasanitary.com\/fr\/wp-json\/wp\/v2\/product"}],"about":[{"href":"https:\/\/www.shouyasanitary.com\/fr\/wp-json\/wp\/v2\/types\/product"}],"replies":[{"embeddable":true,"href":"https:\/\/www.shouyasanitary.com\/fr\/wp-json\/wp\/v2\/comments?post=1330"}],"wp:featuredmedia":[{"embeddable":true,"href":"https:\/\/www.shouyasanitary.com\/fr\/wp-json\/wp\/v2\/media\/1321"}],"wp:attachment":[{"href":"https:\/\/www.shouyasanitary.com\/fr\/wp-json\/wp\/v2\/media?parent=1330"}],"wp:term":[{"taxonomy":"product_brand","embeddable":true,"href":"https:\/\/www.shouyasanitary.com\/fr\/wp-json\/wp\/v2\/product_brand?post=1330"},{"taxonomy":"product_cat","embeddable":true,"href":"https:\/\/www.shouyasanitary.com\/fr\/wp-json\/wp\/v2\/product_cat?post=1330"},{"taxonomy":"product_tag","embeddable":true,"href":"https:\/\/www.shouyasanitary.com\/fr\/wp-json\/wp\/v2\/product_tag?post=1330"}],"curies":[{"name":"wp","href":"https:\/\/api.w.org\/{rel}","templated":true}]}}