{"id":1355,"date":"2025-06-11T09:54:36","date_gmt":"2025-06-11T09:54:36","guid":{"rendered":"https:\/\/www.shouyasanitary.com\/?post_type=product&#038;p=1355"},"modified":"2025-06-11T09:54:41","modified_gmt":"2025-06-11T09:54:41","slug":"wholesale-bathroom-cabinet-vanity","status":"publish","type":"product","link":"https:\/\/www.shouyasanitary.com\/fr\/produit\/wholesale-bathroom-cabinet-vanity\/","title":{"rendered":"Wholesale Bathroom Cabinet Vanity Gray with Mirror Cabinet in Bulk"},"content":{"rendered":"<div class=\"wp-block-columns is-layout-flex wp-container-core-columns-is-layout-9d6595d7 wp-block-columns-is-layout-flex\">\n<div class=\"wp-block-column is-layout-flow wp-block-column-is-layout-flow\">\n<h2 class=\"wp-block-heading\">Caract\u00e9ristiques de l'armoire de toilette\uff1a<\/h2>\n\n\n\n<p><strong>Style moderne et minimaliste<\/strong>La collection est compos\u00e9e d'un ensemble d'objets : gris fonc\u00e9 comme couleur principale, lignes minimalistes, aspect moderne et \u00e0 la mode, s'int\u00e9grant facilement dans diff\u00e9rents styles de d\u00e9coration int\u00e9rieure.<\/p>\n\n\n\n<p><strong>Mat\u00e9riau en alliage d'aluminium de haute qualit\u00e9<\/strong>Le produit : dot\u00e9 d'excellentes propri\u00e9t\u00e9s d'\u00e9tanch\u00e9it\u00e9, de r\u00e9sistance \u00e0 l'humidit\u00e9 et d'anticorrosion, il est stable et durable dans l'environnement humide de la salle de bains, et ne risque pas de se d\u00e9former ou de se d\u00e9colorer.<\/p>\n\n\n\n<p><strong>Am\u00e9nagement multifonctionnel<\/strong> <strong>d'armoire de toilette<\/strong>armoire de toilette combin\u00e9e \u00e0 des \u00e9tag\u00e8res ouvertes, facile \u00e0 ranger et \u00e0 acc\u00e9der aux n\u00e9cessit\u00e9s de la vie quotidienne<\/p>\n\n\n\n<p><strong>Conception de l'\u00e9clairage miroir LED<\/strong>L'armoire de toilette est \u00e9quip\u00e9e de bandes lumineuses LED, qui peuvent \u00eatre allum\u00e9es et \u00e9teintes d'une simple pression, et la lumi\u00e8re est douce et non \u00e9blouissante, ce qui am\u00e9liore le confort de l'utilisateur.<\/p>\n\n\n\n<p><strong>Installation murale<\/strong>L'espace de travail : lib\u00e8re de l'espace au sol, est plus l\u00e9ger, facile \u00e0 nettoyer, particuli\u00e8rement adapt\u00e9 \u00e0 l'agencement des salles de bains avec un espace limit\u00e9 ou \u00e0 des projets d'appartements haut de gamme.<\/p>\n\n\n\n<p><strong>Fourniture directe \u00e0 l'usine<\/strong>Les armoires de salle de bains : produites par des fabricants professionnels d'armoires de salle de bains, avec des services OEM\/ODM. Avec une capacit\u00e9 de production stable, une livraison rapide et un service apr\u00e8s-vente de haute qualit\u00e9.<\/p>\n<\/div>\n\n\n\n<div class=\"wp-block-column is-layout-flow wp-block-column-is-layout-flow\"><div class=\"wp-block-image\">\n<figure class=\"aligncenter size-full\"><img decoding=\"async\" width=\"766\" height=\"766\" src=\"https:\/\/www.shouyasanitary.com\/wp-content\/uploads\/2025\/06\/Wholesale-Bathroom-Cabinet-Vanity\uff0cAluminium-Gris-obscur-ensemble-armoire-de-salle-de-bain-personnalis\u00e9-1.webp\" alt=\"Wholesale Bathroom Cabinet Vanity\uff0cAluminum Dark Grey Bathroom Cabinet Set Custom (1)\" class=\"wp-image-1358\" style=\"object-fit:cover\" srcset=\"\" sizes=\"(max-width: 766px) 100vw, 766px\" data-srcset=\"\" \/><\/figure>\n<\/div><\/div>\n<\/div>","protected":false},"excerpt":{"rendered":"<p>Bienvenue dans la vente en gros d'armoires de salle de bain, ton gris fonc\u00e9, alliage d'aluminium, comprenant un miroir LED et une \u00e9tag\u00e8re, moderne et simple, pour r\u00e9pondre aux besoins d'utilisation de la salle de bain. Fourniture directe de l'usine, soutien de la vente en gros B-end et de la personnalisation, contactez-nous pour les demandes de renseignements.<\/p>\n<h2>Armoire de toilette Vanity Attributes\uff1a<\/h2>\n<p><strong>Num\u00e9ro d'article :<\/strong>01-60G<strong><br \/>Mat\u00e9riau de l'armoire :<\/strong> Aluminium<br \/><strong>Couleur de l'armoire :<\/strong> Gris fonc\u00e9<br \/><strong>Miroir :<\/strong> Miroir LED (3,5 mm\/3,8 mm), \u00e9clairage tricolore, d\u00e9sembuage par simple pression d'une touche, s\u00e9curis\u00e9 par un emballage en mousse multicouche.<br \/><strong>Type d'installation :<\/strong>\u00a0Montage mural<br \/><strong>Dimensions (L\u00d7L\u00d7H) :<\/strong> 61*40*50 cm<br \/><strong>Poids brut :<\/strong> 28kg\/set<\/p>\n<h2>Personnalisation et services :<\/h2>\n<p><strong>OEM ET ODM<\/strong>: Pris en charge<br \/><strong>Conception<\/strong>: Gratuit<br \/><strong>Accessoires<\/strong>: Lavabos, miroirs, robinets et autres accessoires de salle de bains<br \/><strong>Emballage<\/strong>: Pr\u00eat \u00e0 monter<\/p>","protected":false},"featured_media":1358,"comment_status":"closed","ping_status":"closed","template":"","meta":{"_acf_changed":false},"product_brand":[],"product_cat":[23],"product_tag":[],"class_list":{"0":"post-1355","1":"product","2":"type-product","3":"status-publish","4":"has-post-thumbnail","6":"product_cat-wholesale-aluminum-bathroom-vanity-cabinets","8":"first","9":"instock","10":"shipping-taxable","11":"product-type-simple"},"acf":[],"_links":{"self":[{"href":"https:\/\/www.shouyasanitary.com\/fr\/wp-json\/wp\/v2\/product\/1355","targetHints":{"allow":["GET"]}}],"collection":[{"href":"https:\/\/www.shouyasanitary.com\/fr\/wp-json\/wp\/v2\/product"}],"about":[{"href":"https:\/\/www.shouyasanitary.com\/fr\/wp-json\/wp\/v2\/types\/product"}],"replies":[{"embeddable":true,"href":"https:\/\/www.shouyasanitary.com\/fr\/wp-json\/wp\/v2\/comments?post=1355"}],"wp:featuredmedia":[{"embeddable":true,"href":"https:\/\/www.shouyasanitary.com\/fr\/wp-json\/wp\/v2\/media\/1358"}],"wp:attachment":[{"href":"https:\/\/www.shouyasanitary.com\/fr\/wp-json\/wp\/v2\/media?parent=1355"}],"wp:term":[{"taxonomy":"product_brand","embeddable":true,"href":"https:\/\/www.shouyasanitary.com\/fr\/wp-json\/wp\/v2\/product_brand?post=1355"},{"taxonomy":"product_cat","embeddable":true,"href":"https:\/\/www.shouyasanitary.com\/fr\/wp-json\/wp\/v2\/product_cat?post=1355"},{"taxonomy":"product_tag","embeddable":true,"href":"https:\/\/www.shouyasanitary.com\/fr\/wp-json\/wp\/v2\/product_tag?post=1355"}],"curies":[{"name":"wp","href":"https:\/\/api.w.org\/{rel}","templated":true}]}}