{"id":1361,"date":"2025-06-11T09:47:17","date_gmt":"2025-06-11T09:47:17","guid":{"rendered":"https:\/\/www.shouyasanitary.com\/?post_type=product&#038;p=1361"},"modified":"2025-10-28T07:35:16","modified_gmt":"2025-10-28T07:35:16","slug":"custom-made-bathroom-cabinets","status":"publish","type":"product","link":"https:\/\/www.shouyasanitary.com\/fr\/produit\/custom-made-bathroom-cabinets\/","title":{"rendered":"Armoires de salle de bain sur mesure avec miroir LED, meuble-lavabo mural blanc Wholesale"},"content":{"rendered":"<div class=\"wp-block-columns is-layout-flex wp-container-core-columns-is-layout-9d6595d7 wp-block-columns-is-layout-flex\">\n<div class=\"wp-block-column is-layout-flow wp-block-column-is-layout-flow\">\n<h2 class=\"wp-block-heading\">Armoires de salle de bain sur mesure Caract\u00e9ristiques\uff1a<\/h2>\n\n\n\n<p><strong>Mat\u00e9riau en alliage d'aluminium haut de gamme : <\/strong>Excellentes performances en mati\u00e8re d'\u00e9tanch\u00e9it\u00e9, r\u00e9sistant \u00e0 la rouille et aux fissures, c'est le premier choix pour les projets de salles de bains haut de gamme.<\/p>\n\n\n\n<p><strong>Armoire de toilette avec \u00e9tag\u00e8res :<\/strong> Les armoires de toilette LED sont combin\u00e9es \u00e0 des \u00e9tag\u00e8res ouvertes \u00e0 double couche des deux c\u00f4t\u00e9s, et les \u00e9tag\u00e8res ext\u00e9rieures sont utilis\u00e9es pour placer les articles courants, ce qui permet d'exploiter au maximum l'espace vertical.<\/p>\n\n\n\n<p><strong>Rangement efficace de l'armoire de salle de bains : <\/strong>Les trois portes de l'armoire sont r\u00e9parties, l'espace int\u00e9rieur est spacieux et les objets de grande taille peuvent \u00eatre facilement class\u00e9s et rang\u00e9s. La conception sans poign\u00e9e offre une sensation de douceur, rendant l'apparence plus minimaliste et am\u00e9liorant la beaut\u00e9 g\u00e9n\u00e9rale de l'espace tout en \u00e9tant plus s\u00fbre et plus anti-collision.<\/p>\n\n\n\n<p><strong>Fournir des services OEM\/ODM : <\/strong>permet une personnalisation multidimensionnelle (logo, couleur, taille, etc.), afin de r\u00e9pondre aux exigences d'espace et de style de diff\u00e9rents projets, et convient \u00e0 diverses sc\u00e8nes commerciales telles que les r\u00e9sidences, les appartements, les h\u00f4tels, etc.<\/p>\n<\/div>\n\n\n\n<div class=\"wp-block-column is-layout-flow wp-block-column-is-layout-flow\"><div class=\"wp-block-image\">\n<figure class=\"aligncenter size-full\"><img decoding=\"async\" width=\"756\" height=\"756\" src=\"https:\/\/www.shouyasanitary.com\/wp-content\/uploads\/2025\/06\/Custom-Made-Bathroom-Cabinets-1.webp\" alt=\"Armoires de salle de bains sur mesure (1)\" class=\"wp-image-1362\" style=\"object-fit:cover\" srcset=\"https:\/\/www.shouyasanitary.com\/wp-content\/uploads\/2025\/06\/Custom-Made-Bathroom-Cabinets-1.webp 756w, https:\/\/www.shouyasanitary.com\/wp-content\/uploads\/2025\/06\/Custom-Made-Bathroom-Cabinets-1-300x300.webp 300w, https:\/\/www.shouyasanitary.com\/wp-content\/uploads\/2025\/06\/Custom-Made-Bathroom-Cabinets-1-150x150.webp 150w, https:\/\/www.shouyasanitary.com\/wp-content\/uploads\/2025\/06\/Custom-Made-Bathroom-Cabinets-1-12x12.webp 12w, https:\/\/www.shouyasanitary.com\/wp-content\/uploads\/2025\/06\/Custom-Made-Bathroom-Cabinets-1-600x600.webp 600w, https:\/\/www.shouyasanitary.com\/wp-content\/uploads\/2025\/06\/Custom-Made-Bathroom-Cabinets-1-100x100.webp 100w\" sizes=\"(max-width: 756px) 100vw, 756px\" \/><\/figure>\n<\/div><\/div>\n<\/div>","protected":false},"excerpt":{"rendered":"<p>Armoires de toilette sur mesure, \u00e9quip\u00e9es d'une armoire de toilette \u00e0 LED et d'une vasque en c\u00e9ramique, id\u00e9ales pour les h\u00f4tels, les appartements et les projets d'am\u00e9lioration de l'habitat. Nous fournissons des commandes semi-inventaires par lots et prenons en charge la personnalisation.  Contactez-nous pour plus de devis en gros et des solutions personnalis\u00e9es !<\/p>\n<h2>Armoires de salle de bain sur mesure Attributs\uff1a<\/h2>\n<p><strong>Num\u00e9ro d'article :<\/strong>01-100K<strong><br \/>Mat\u00e9riau de l'armoire :<\/strong> Aluminium<br \/><strong>Couleur de l'armoire :<\/strong> Kaki<br \/><strong>Miroir :<\/strong> Miroir LED (3,5 mm\/3,8 mm), \u00e9clairage tricolore, d\u00e9sembuage par simple pression d'une touche, s\u00e9curis\u00e9 par un emballage en mousse multicouche.<br \/><strong>Type d'installation :<\/strong>\u00a0Montage mural<br \/><strong>Dimensions (L\u00d7L\u00d7H) :<\/strong> 101*40*50 cm<br \/><strong>Poids brut :<\/strong> 28kg\/set<\/p>\n<h2>Personnalisation et services :<\/h2>\n<p><strong>OEM ET ODM<\/strong>: Pris en charge<br \/><strong>Conception<\/strong>: Gratuit<br \/><strong>Accessoires<\/strong>: Lavabos, miroirs, robinets et autres accessoires de salle de bains<br \/><strong>Emballage<\/strong>: Pr\u00eat \u00e0 monter<\/p>","protected":false},"featured_media":1362,"comment_status":"closed","ping_status":"closed","template":"","meta":{"_acf_changed":false},"product_brand":[],"product_cat":[23],"product_tag":[],"class_list":{"0":"post-1361","1":"product","2":"type-product","3":"status-publish","4":"has-post-thumbnail","6":"product_cat-wholesale-aluminum-bathroom-vanity-cabinets","8":"first","9":"instock","10":"shipping-taxable","11":"product-type-simple"},"acf":[],"_links":{"self":[{"href":"https:\/\/www.shouyasanitary.com\/fr\/wp-json\/wp\/v2\/product\/1361","targetHints":{"allow":["GET"]}}],"collection":[{"href":"https:\/\/www.shouyasanitary.com\/fr\/wp-json\/wp\/v2\/product"}],"about":[{"href":"https:\/\/www.shouyasanitary.com\/fr\/wp-json\/wp\/v2\/types\/product"}],"replies":[{"embeddable":true,"href":"https:\/\/www.shouyasanitary.com\/fr\/wp-json\/wp\/v2\/comments?post=1361"}],"wp:featuredmedia":[{"embeddable":true,"href":"https:\/\/www.shouyasanitary.com\/fr\/wp-json\/wp\/v2\/media\/1362"}],"wp:attachment":[{"href":"https:\/\/www.shouyasanitary.com\/fr\/wp-json\/wp\/v2\/media?parent=1361"}],"wp:term":[{"taxonomy":"product_brand","embeddable":true,"href":"https:\/\/www.shouyasanitary.com\/fr\/wp-json\/wp\/v2\/product_brand?post=1361"},{"taxonomy":"product_cat","embeddable":true,"href":"https:\/\/www.shouyasanitary.com\/fr\/wp-json\/wp\/v2\/product_cat?post=1361"},{"taxonomy":"product_tag","embeddable":true,"href":"https:\/\/www.shouyasanitary.com\/fr\/wp-json\/wp\/v2\/product_tag?post=1361"}],"curies":[{"name":"wp","href":"https:\/\/api.w.org\/{rel}","templated":true}]}}