{"id":1372,"date":"2025-06-11T09:28:44","date_gmt":"2025-06-11T09:28:44","guid":{"rendered":"https:\/\/www.shouyasanitary.com\/?post_type=product&#038;p=1372"},"modified":"2025-06-11T09:28:49","modified_gmt":"2025-06-11T09:28:49","slug":"aluminum-bathroom-cabinet-custom","status":"publish","type":"product","link":"https:\/\/www.shouyasanitary.com\/fr\/produit\/aluminum-bathroom-cabinet-custom\/","title":{"rendered":"Meuble de salle de bain en aluminium sur mesure, vente en gros Petit meuble de salle de bain avec \u00e9vier"},"content":{"rendered":"<div class=\"wp-block-columns is-layout-flex wp-container-core-columns-is-layout-9d6595d7 wp-block-columns-is-layout-flex\">\n<div class=\"wp-block-column is-layout-flow wp-block-column-is-layout-flow\">\n<h2 class=\"wp-block-heading\">Armoire de salle de bain en aluminium Caract\u00e9ristiques :<\/h2>\n\n\n\n<p><strong>Conception de petite taille<\/strong>: La structure compacte peut \u00eatre adapt\u00e9e de mani\u00e8re flexible aux petits espaces, tels que les mini-salles de bains, les suites d'h\u00f4tel, les appartements individuels, etc.<\/p>\n\n\n\n<p><strong>Aluminium de haute qualit\u00e9 :<\/strong> Fabriqu\u00e9 en alliage d'aluminium l\u00e9ger et tr\u00e8s r\u00e9sistant, il est r\u00e9sistant \u00e0 l'humidit\u00e9 et anticorrosion, et ne rouille pas et ne se d\u00e9forme pas apr\u00e8s une utilisation prolong\u00e9e, ce qui le rend particuli\u00e8rement adapt\u00e9 aux environnements humides.<\/p>\n\n\n\n<p><strong>Aspect blanc laiteux frais :<\/strong> Le rev\u00eatement blanc laiteux est assorti \u00e0 des lignes minimalistes, chaudes et \u00e9l\u00e9gantes, compatibles avec une vari\u00e9t\u00e9 de styles de d\u00e9coration, et renforce la luminosit\u00e9 de l'espace.<\/p>\n\n\n\n<p><strong>Armoire de toilette int\u00e9gr\u00e9e<\/strong>: La couche sup\u00e9rieure est un miroir haute d\u00e9finition et la couche inf\u00e9rieure est une grille ouverte, qui permet de ranger et d'acc\u00e9der aux articles de toilette les plus courants.<\/p>\n\n\n\n<p><strong>Structure flottante<\/strong>: La conception murale, flottant dans l'air sans prendre de place, facile \u00e0 nettoyer, cr\u00e9e une sensation d'espace l\u00e9ger et transparent.<\/p>\n\n\n\n<p><strong>Lavabo en c\u00e9ramique<\/strong>: Le miroir glac\u00e9 est blanc et d\u00e9licat, r\u00e9sistant aux taches et facile \u00e0 nettoyer. Il est \u00e9quip\u00e9 d'une interface de robinetterie pour r\u00e9pondre aux besoins de lavage quotidiens.<\/p>\n\n\n\n<p><strong>Fourniture directe \u00e0 l'usine<\/strong>Les produits de cette cat\u00e9gorie peuvent \u00eatre personnalis\u00e9s (LOGO, couleur, taille, etc.). L'approvisionnement est stable, la qualit\u00e9 est fiable et le prix de gros est particuli\u00e8rement adapt\u00e9 aux h\u00f4tels, aux appartements de luxe et aux projets de d\u00e9coration raffin\u00e9s.<\/p>\n<\/div>\n\n\n\n<div class=\"wp-block-column is-layout-flow wp-block-column-is-layout-flow\"><div class=\"wp-block-image\">\n<figure class=\"aligncenter size-full\"><img decoding=\"async\" width=\"700\" height=\"700\" src=\"https:\/\/www.shouyasanitary.com\/wp-content\/uploads\/2025\/06\/Aluminum-Bathroom-Cabinet-Custom.webp\" alt=\"Armoire de salle de bain en aluminium sur mesure\" class=\"wp-image-1368\" style=\"object-fit:cover\" srcset=\"https:\/\/www.shouyasanitary.com\/wp-content\/uploads\/2025\/06\/Aluminum-Bathroom-Cabinet-Custom.webp 700w, https:\/\/www.shouyasanitary.com\/wp-content\/uploads\/2025\/06\/Aluminum-Bathroom-Cabinet-Custom-300x300.webp 300w, https:\/\/www.shouyasanitary.com\/wp-content\/uploads\/2025\/06\/Aluminum-Bathroom-Cabinet-Custom-150x150.webp 150w, https:\/\/www.shouyasanitary.com\/wp-content\/uploads\/2025\/06\/Aluminum-Bathroom-Cabinet-Custom-12x12.webp 12w, https:\/\/www.shouyasanitary.com\/wp-content\/uploads\/2025\/06\/Aluminum-Bathroom-Cabinet-Custom-600x600.webp 600w, https:\/\/www.shouyasanitary.com\/wp-content\/uploads\/2025\/06\/Aluminum-Bathroom-Cabinet-Custom-100x100.webp 100w\" sizes=\"(max-width: 700px) 100vw, 700px\" \/><\/figure>\n<\/div><\/div>\n<\/div>","protected":false},"excerpt":{"rendered":"<p>Armoire de salle de bain en aluminium sur mesure, con\u00e7ue sp\u00e9cifiquement pour les salles de bain de petit espace, elle int\u00e8gre les fonctions de stockage, de lavage et d'habillage, et constitue un choix id\u00e9al pour les h\u00f4tels, les appartements et les projets r\u00e9sidentiels de qualit\u00e9. Approvisionnement direct de l'usine, prix de gros, approvisionnement stable, qualit\u00e9 fiable ! Contactez-nous pour des solutions personnalis\u00e9es !<\/p>\n<h2>Armoire de toilette en aluminium Attributs\uff1a<\/h2>\n<p><strong>Num\u00e9ro d'article :<\/strong>HR6621-40<strong><br \/>Mat\u00e9riau de l'armoire :<\/strong> Aluminium<br \/><strong>Couleur de l'armoire : <\/strong>Blanc<br \/><strong>Miroir :<\/strong>\u00a0Miroir LED (3,5 mm \/ 3,8 mm), \u00e9clairage tricolore, d\u00e9sembuage par simple pression d'une touche, s\u00e9curis\u00e9 par un emballage en mousse multicouche<br \/><strong>Type d'installation :<\/strong>\u00a0Montage mural<br \/><strong>Dimensions (L \u00d7 L \u00d7 H) :<\/strong> 40*36*48 cm<br \/><strong>Poids brut :<\/strong> 25kg\/set<\/p>\n<h2>Personnalisation et services :<\/h2>\n<p><strong>OEM ET ODM<\/strong>: Pris en charge<br \/><strong>Conception<\/strong>: Gratuit<br \/><strong>Accessoires<\/strong>: Lavabos, miroirs, robinets et autres accessoires de salle de bains<br \/><strong>Emballage<\/strong>: Pr\u00eat \u00e0 monter<\/p>","protected":false},"featured_media":1368,"comment_status":"closed","ping_status":"closed","template":"","meta":{"_acf_changed":false},"product_brand":[],"product_cat":[23],"product_tag":[],"class_list":{"0":"post-1372","1":"product","2":"type-product","3":"status-publish","4":"has-post-thumbnail","6":"product_cat-wholesale-aluminum-bathroom-vanity-cabinets","8":"first","9":"instock","10":"shipping-taxable","11":"product-type-simple"},"acf":[],"_links":{"self":[{"href":"https:\/\/www.shouyasanitary.com\/fr\/wp-json\/wp\/v2\/product\/1372","targetHints":{"allow":["GET"]}}],"collection":[{"href":"https:\/\/www.shouyasanitary.com\/fr\/wp-json\/wp\/v2\/product"}],"about":[{"href":"https:\/\/www.shouyasanitary.com\/fr\/wp-json\/wp\/v2\/types\/product"}],"replies":[{"embeddable":true,"href":"https:\/\/www.shouyasanitary.com\/fr\/wp-json\/wp\/v2\/comments?post=1372"}],"wp:featuredmedia":[{"embeddable":true,"href":"https:\/\/www.shouyasanitary.com\/fr\/wp-json\/wp\/v2\/media\/1368"}],"wp:attachment":[{"href":"https:\/\/www.shouyasanitary.com\/fr\/wp-json\/wp\/v2\/media?parent=1372"}],"wp:term":[{"taxonomy":"product_brand","embeddable":true,"href":"https:\/\/www.shouyasanitary.com\/fr\/wp-json\/wp\/v2\/product_brand?post=1372"},{"taxonomy":"product_cat","embeddable":true,"href":"https:\/\/www.shouyasanitary.com\/fr\/wp-json\/wp\/v2\/product_cat?post=1372"},{"taxonomy":"product_tag","embeddable":true,"href":"https:\/\/www.shouyasanitary.com\/fr\/wp-json\/wp\/v2\/product_tag?post=1372"}],"curies":[{"name":"wp","href":"https:\/\/api.w.org\/{rel}","templated":true}]}}