{"id":1375,"date":"2025-06-20T10:52:08","date_gmt":"2025-06-20T10:52:08","guid":{"rendered":"https:\/\/www.shouyasanitary.com\/?post_type=product&#038;p=1375"},"modified":"2025-06-20T10:52:13","modified_gmt":"2025-06-20T10:52:13","slug":"bathroom-custom-vanities","status":"publish","type":"product","link":"https:\/\/www.shouyasanitary.com\/fr\/produit\/bathroom-custom-vanities\/","title":{"rendered":"Meubles de salle de bain sur mesure gris, meuble de salle de bain en gros avec miroir et lumi\u00e8re"},"content":{"rendered":"<div class=\"wp-block-columns is-layout-flex wp-container-core-columns-is-layout-9d6595d7 wp-block-columns-is-layout-flex\">\n<div class=\"wp-block-column is-layout-flow wp-block-column-is-layout-flow\">\n<h2 class=\"wp-block-heading\">Salle de bain Vanit\u00e9s sur mesure Caract\u00e9ristiques\uff1a<\/h2>\n\n\n\n<p><strong>Mat\u00e9riau en alliage d'aluminium de haute qualit\u00e9<\/strong>: Il pr\u00e9sente d'excellentes performances en mati\u00e8re d'\u00e9tanch\u00e9it\u00e9, de r\u00e9sistance \u00e0 l'humidit\u00e9 et \u00e0 la corrosion, ce qui lui permet de conserver une longue dur\u00e9e de vie dans un environnement de salle de bains \u00e0 forte humidit\u00e9.<\/p>\n\n\n\n<p><strong>Aspect \u00e9l\u00e9gant<\/strong>: Il s'agit principalement d'un gris-violet doux, avec un effet visuel frais et \u00e9l\u00e9gant. Les lignes minimalistes et le design suspendu cr\u00e9ent un effet d'espace plus net et une atmosph\u00e8re l\u00e9g\u00e8re et transparente dans la salle de bains.<\/p>\n\n\n\n<p><strong>Armoire de toilette de conception exquise<\/strong>: Le c\u00f4t\u00e9 gauche est une armoire de toilette haute d\u00e9finition avec des lumi\u00e8res LED tactiles pour r\u00e9pondre aux besoins de lavage, d'\u00e9clairage et de stockage. Le c\u00f4t\u00e9 droit est une \u00e9tag\u00e8re ouverte \u00e0 trois niveaux, et les articles couramment utilis\u00e9s sont plac\u00e9s par couches, visibles et faciles \u00e0 utiliser.<\/p>\n\n\n\n<p><strong>Vasque en c\u00e9ramique haut de gamme<\/strong>: La surface est lisse et d\u00e9licate, avec une forte capacit\u00e9 anti-salissure. Elle est facile \u00e0 nettoyer et \u00e9quip\u00e9e d'une interface de robinetterie verticale pour faciliter les op\u00e9rations de lavage quotidiennes.<\/p>\n\n\n\n<p><strong>Armoire principale \u00e0 double porte<\/strong>: Le panneau de la porte est plat et lisse, et l'ouverture et la fermeture se font en douceur. L'espace de rangement interne est raisonnablement con\u00e7u pour accueillir les serviettes, les articles de toilette, les pi\u00e8ces d\u00e9tach\u00e9es, etc. pour r\u00e9pondre aux besoins quotidiens.<\/p>\n\n\n\n<p><strong>Taille compacte<\/strong>: S'adapte parfaitement aux salles de bains de petite et moyenne taille, aux appartements individuels, aux suites d'h\u00f4tel et \u00e0 d'autres espaces compacts afin d'utiliser efficacement l'espace tout en am\u00e9liorant la texture g\u00e9n\u00e9rale de la salle de bains.<\/p>\n\n\n\n<p><strong>Support OEM\/ODM<\/strong>: Nous fournissons une vari\u00e9t\u00e9 de solutions de personnalisation, y compris la couleur, la taille, le LOGO et le mat\u00e9riau, etc. La fourniture directe d'usine et la qualit\u00e9 stable en font un bon choix pour ceux qui recherchent des partenaires de vente en gros d'armoires de toilette de milieu \u00e0 haut de gamme.<\/p>\n<\/div>\n\n\n\n<div class=\"wp-block-column is-layout-flow wp-block-column-is-layout-flow\"><div class=\"wp-block-image\">\n<figure class=\"aligncenter size-full\"><img decoding=\"async\" width=\"700\" height=\"700\" src=\"https:\/\/www.shouyasanitary.com\/wp-content\/uploads\/2025\/06\/Bathroom-Custom-Vanities-Grey-Wholesale-Bathroom-Cabinet.webp\" alt=\"Salle de bain Vanit\u00e9s sur mesure Gris Wholesale Bathroom Cabinet\" class=\"wp-image-1376\" style=\"object-fit:cover\" srcset=\"https:\/\/www.shouyasanitary.com\/wp-content\/uploads\/2025\/06\/Bathroom-Custom-Vanities-Grey-Wholesale-Bathroom-Cabinet.webp 700w, https:\/\/www.shouyasanitary.com\/wp-content\/uploads\/2025\/06\/Bathroom-Custom-Vanities-Grey-Wholesale-Bathroom-Cabinet-300x300.webp 300w, https:\/\/www.shouyasanitary.com\/wp-content\/uploads\/2025\/06\/Bathroom-Custom-Vanities-Grey-Wholesale-Bathroom-Cabinet-150x150.webp 150w, https:\/\/www.shouyasanitary.com\/wp-content\/uploads\/2025\/06\/Bathroom-Custom-Vanities-Grey-Wholesale-Bathroom-Cabinet-12x12.webp 12w, https:\/\/www.shouyasanitary.com\/wp-content\/uploads\/2025\/06\/Bathroom-Custom-Vanities-Grey-Wholesale-Bathroom-Cabinet-600x600.webp 600w, https:\/\/www.shouyasanitary.com\/wp-content\/uploads\/2025\/06\/Bathroom-Custom-Vanities-Grey-Wholesale-Bathroom-Cabinet-100x100.webp 100w\" sizes=\"(max-width: 700px) 100vw, 700px\" \/><\/figure>\n<\/div><\/div>\n<\/div>","protected":false},"excerpt":{"rendered":"<p>Vanit\u00e9s de salle de bain personnalis\u00e9es, con\u00e7ues pour les petits espaces, fabriqu\u00e9es en aluminium de haute qualit\u00e9, \u00e9quip\u00e9es d'armoires de toilette, d'\u00e9tag\u00e8res et d'un lavabo. Fourniture directe \u00e0 l'usine, support OEM\/ODM, nous vous invitons \u00e0 vous renseigner sur la personnalisation en vrac !<\/p>\n<h2>Attributs des meubles-lavabos sur mesure\uff1a<\/h2>\n<p><strong>Num\u00e9ro d'article :<\/strong>HR6626-60<strong><br \/>Mat\u00e9riau de l'armoire :<\/strong> Aluminium<br \/><strong>Couleur de l'armoire :<\/strong> Gris<br \/><strong>Miroir :<\/strong> Miroir LED (3,5 mm\/3,8 mm), \u00e9clairage tricolore, d\u00e9sembuage par simple pression d'une touche, s\u00e9curis\u00e9 par un emballage en mousse multicouche.<br \/><strong>Type d'installation :<\/strong>\u00a0Montage mural<br \/><strong>Dimensions (L\u00d7L\u00d7H) :<\/strong> 64*51*55 cm<br \/><strong>Poids brut :<\/strong> 28kg\/set<\/p>\n<h2>Personnalisation et services :<\/h2>\n<p><strong>OEM ET ODM<\/strong>: Pris en charge<br \/><strong>Conception<\/strong>: Gratuit<br \/><strong>Accessoires<\/strong>: Lavabos, miroirs, robinets et autres accessoires de salle de bains<br \/><strong>Emballage<\/strong>: Pr\u00eat \u00e0 monter<\/p>","protected":false},"featured_media":1376,"comment_status":"closed","ping_status":"closed","template":"","meta":{"_acf_changed":true},"product_brand":[],"product_cat":[23],"product_tag":[],"class_list":{"0":"post-1375","1":"product","2":"type-product","3":"status-publish","4":"has-post-thumbnail","6":"product_cat-wholesale-aluminum-bathroom-vanity-cabinets","8":"first","9":"instock","10":"shipping-taxable","11":"product-type-simple"},"acf":[],"_links":{"self":[{"href":"https:\/\/www.shouyasanitary.com\/fr\/wp-json\/wp\/v2\/product\/1375","targetHints":{"allow":["GET"]}}],"collection":[{"href":"https:\/\/www.shouyasanitary.com\/fr\/wp-json\/wp\/v2\/product"}],"about":[{"href":"https:\/\/www.shouyasanitary.com\/fr\/wp-json\/wp\/v2\/types\/product"}],"replies":[{"embeddable":true,"href":"https:\/\/www.shouyasanitary.com\/fr\/wp-json\/wp\/v2\/comments?post=1375"}],"wp:featuredmedia":[{"embeddable":true,"href":"https:\/\/www.shouyasanitary.com\/fr\/wp-json\/wp\/v2\/media\/1376"}],"wp:attachment":[{"href":"https:\/\/www.shouyasanitary.com\/fr\/wp-json\/wp\/v2\/media?parent=1375"}],"wp:term":[{"taxonomy":"product_brand","embeddable":true,"href":"https:\/\/www.shouyasanitary.com\/fr\/wp-json\/wp\/v2\/product_brand?post=1375"},{"taxonomy":"product_cat","embeddable":true,"href":"https:\/\/www.shouyasanitary.com\/fr\/wp-json\/wp\/v2\/product_cat?post=1375"},{"taxonomy":"product_tag","embeddable":true,"href":"https:\/\/www.shouyasanitary.com\/fr\/wp-json\/wp\/v2\/product_tag?post=1375"}],"curies":[{"name":"wp","href":"https:\/\/api.w.org\/{rel}","templated":true}]}}