{"id":1385,"date":"2025-06-20T10:52:35","date_gmt":"2025-06-20T10:52:35","guid":{"rendered":"https:\/\/www.shouyasanitary.com\/?post_type=product&#038;p=1385"},"modified":"2025-06-20T10:52:40","modified_gmt":"2025-06-20T10:52:40","slug":"custom-built-bathroom-vanities","status":"publish","type":"product","link":"https:\/\/www.shouyasanitary.com\/fr\/produit\/custom-built-bathroom-vanities\/","title":{"rendered":"Meubles de salle de bain sur mesure, Meuble de salle de bain blanc \u00e0 montage mural en vrac"},"content":{"rendered":"<div class=\"wp-block-columns is-layout-flex wp-container-core-columns-is-layout-9d6595d7 wp-block-columns-is-layout-flex\">\n<div class=\"wp-block-column is-layout-flow wp-block-column-is-layout-flow\">\n<h2 class=\"wp-block-heading\">Vanit\u00e9s de salle de bain sur mesure Caract\u00e9ristiques\uff1a<\/h2>\n\n\n\n<p><strong>Aspect moderne et \u00e9l\u00e9gant<\/strong>: L'ensemble des couleurs est un beige clair chaud, assorti \u00e0 une vasque blanche, pr\u00e9sentant une atmosph\u00e8re de salle de bain propre, lumineuse et moderne, adapt\u00e9e aux espaces de salle de bain domestiques ou commerciaux.<\/p>\n\n\n\n<p><strong>Mat\u00e9riau de haute qualit\u00e9 :<\/strong> Fabriqu\u00e9 en alliage d'aluminium, il est l\u00e9ger et solide, r\u00e9sistant \u00e0 l'humidit\u00e9, \u00e0 la rouille et \u00e0 la corrosion, et peut \u00eatre utilis\u00e9 pendant longtemps dans un environnement humide.<\/p>\n\n\n\n<p><strong>Cabine de toilette multifonctionnelle<\/strong>t : Le c\u00f4t\u00e9 gauche est un miroir de grande taille, et le c\u00f4t\u00e9 droit est divis\u00e9 en trois couches de casiers de rangement, qui sont pratiques pour classer et ranger les articles de toilette, les d\u00e9corations, etc., r\u00e9pondant pleinement au double besoin d'une utilisation quotidienne et d'une belle pr\u00e9sentation.<\/p>\n\n\n\n<p><strong>Armoire principale \u00e0 double porte<\/strong>: Les lignes sont douces et s'harmonisent avec le style de l'armoire de toilette. L'espace de grande capacit\u00e9 est cach\u00e9 \u00e0 l'int\u00e9rieur, ce qui permet de ranger les serviettes, les produits de nettoyage, etc. et de garder la salle de bains bien rang\u00e9e.<\/p>\n\n\n\n<p><strong>Installation murale<\/strong>: La conception suspendue facilite le nettoyage du sol et am\u00e9liore efficacement la transparence visuelle de la salle de bains. Elle s'adapte \u00e0 l'am\u00e9nagement des petites salles de bains.<\/p>\n\n\n\n<p><strong>Fournir un ensemble complet d'accessoires de salle de bains<\/strong>: Les accessoires de salle de bains, tels que les armoires de toilette, les robinets et les \u00e9tag\u00e8res de m\u00eame style, peuvent \u00eatre assortis, ce qui est pratique pour les projets d'ing\u00e9nierie : approvisionnement centralis\u00e9 et installation rapide.<\/p>\n\n\n\n<p><strong>Remise sur les commandes en nombre : <\/strong>Shouya factory direct supply, we provide competitive wholesale prices, support brand customization services, suitable for dealers, distributors, and large-scale decoration engineering companies' long-term cooperation.<\/p>\n<\/div>\n\n\n\n<div class=\"wp-block-column is-layout-flow wp-block-column-is-layout-flow\"><div class=\"wp-block-image\">\n<figure class=\"aligncenter size-full\"><img decoding=\"async\" width=\"700\" height=\"700\" src=\"https:\/\/www.shouyasanitary.com\/wp-content\/uploads\/2025\/06\/Custom-Built-Bathroom-Vanities.webp\" alt=\"Vanit\u00e9s de salle de bain sur mesure\" class=\"wp-image-1379\" style=\"object-fit:cover\" srcset=\"https:\/\/www.shouyasanitary.com\/wp-content\/uploads\/2025\/06\/Custom-Built-Bathroom-Vanities.webp 700w, https:\/\/www.shouyasanitary.com\/wp-content\/uploads\/2025\/06\/Custom-Built-Bathroom-Vanities-300x300.webp 300w, https:\/\/www.shouyasanitary.com\/wp-content\/uploads\/2025\/06\/Custom-Built-Bathroom-Vanities-150x150.webp 150w, https:\/\/www.shouyasanitary.com\/wp-content\/uploads\/2025\/06\/Custom-Built-Bathroom-Vanities-12x12.webp 12w, https:\/\/www.shouyasanitary.com\/wp-content\/uploads\/2025\/06\/Custom-Built-Bathroom-Vanities-600x600.webp 600w, https:\/\/www.shouyasanitary.com\/wp-content\/uploads\/2025\/06\/Custom-Built-Bathroom-Vanities-100x100.webp 100w\" sizes=\"(max-width: 700px) 100vw, 700px\" \/><\/figure>\n<\/div><\/div>\n<\/div>\n\n\n\n<p><\/p>","protected":false},"excerpt":{"rendered":"<p>Meubles de salle de bain sur mesure, style moderne et simple, mat\u00e9riau en alliage d'aluminium de haute qualit\u00e9, avec armoire de toilette multifonctionnelle et design mural, convenant aux h\u00f4tels, aux appartements, aux maisons, etc. Nous proposons un ensemble complet d'accessoires de salle de bain et de personnalisation de lots. N'h\u00e9sitez pas \u00e0 nous demander un devis en gros !<\/p>\n<h2>Vanit\u00e9s de salle de bain sur mesure Attributs\uff1a<\/h2>\n<p><strong>Num\u00e9ro d'article :<\/strong>HR6621-60<strong><br \/>Mat\u00e9riau de l'armoire :<\/strong> Aluminium<br \/><strong>Couleur de l'armoire :<\/strong> Blanc<br \/><strong>Miroir :<\/strong> Miroir LED (3,5 mm\/3,8 mm), \u00e9clairage tricolore, d\u00e9sembuage par simple pression d'une touche, s\u00e9curis\u00e9 par un emballage en mousse multicouche.<br \/><strong>Type d'installation :<\/strong>\u00a0Montage mural<br \/><strong>Dimensions (L\u00d7L\u00d7H) :<\/strong> 60*40*48 cm<br \/><strong>Poids brut :<\/strong> 25kg\/set<\/p>\n<h2>Personnalisation et services :<\/h2>\n<p><strong>OEM ET ODM<\/strong>: Pris en charge<br \/><strong>Conception<\/strong>: Gratuit<br \/><strong>Accessoires<\/strong>: Lavabos, miroirs, robinets et autres accessoires de salle de bains<br \/><strong>Emballage<\/strong>: Pr\u00eat \u00e0 monter<\/p>","protected":false},"featured_media":1379,"comment_status":"closed","ping_status":"closed","template":"","meta":{"_acf_changed":true},"product_brand":[],"product_cat":[23],"product_tag":[],"class_list":{"0":"post-1385","1":"product","2":"type-product","3":"status-publish","4":"has-post-thumbnail","6":"product_cat-wholesale-aluminum-bathroom-vanity-cabinets","8":"first","9":"instock","10":"shipping-taxable","11":"product-type-simple"},"acf":[],"_links":{"self":[{"href":"https:\/\/www.shouyasanitary.com\/fr\/wp-json\/wp\/v2\/product\/1385","targetHints":{"allow":["GET"]}}],"collection":[{"href":"https:\/\/www.shouyasanitary.com\/fr\/wp-json\/wp\/v2\/product"}],"about":[{"href":"https:\/\/www.shouyasanitary.com\/fr\/wp-json\/wp\/v2\/types\/product"}],"replies":[{"embeddable":true,"href":"https:\/\/www.shouyasanitary.com\/fr\/wp-json\/wp\/v2\/comments?post=1385"}],"wp:featuredmedia":[{"embeddable":true,"href":"https:\/\/www.shouyasanitary.com\/fr\/wp-json\/wp\/v2\/media\/1379"}],"wp:attachment":[{"href":"https:\/\/www.shouyasanitary.com\/fr\/wp-json\/wp\/v2\/media?parent=1385"}],"wp:term":[{"taxonomy":"product_brand","embeddable":true,"href":"https:\/\/www.shouyasanitary.com\/fr\/wp-json\/wp\/v2\/product_brand?post=1385"},{"taxonomy":"product_cat","embeddable":true,"href":"https:\/\/www.shouyasanitary.com\/fr\/wp-json\/wp\/v2\/product_cat?post=1385"},{"taxonomy":"product_tag","embeddable":true,"href":"https:\/\/www.shouyasanitary.com\/fr\/wp-json\/wp\/v2\/product_tag?post=1385"}],"curies":[{"name":"wp","href":"https:\/\/api.w.org\/{rel}","templated":true}]}}