{"id":1386,"date":"2025-06-21T01:32:36","date_gmt":"2025-06-21T01:32:36","guid":{"rendered":"https:\/\/www.shouyasanitary.com\/?post_type=product&#038;p=1386"},"modified":"2025-06-21T01:32:42","modified_gmt":"2025-06-21T01:32:42","slug":"bathroom-mirror-vanity-wholesale","status":"publish","type":"product","link":"https:\/\/www.shouyasanitary.com\/fr\/produit\/bathroom-mirror-vanity-wholesale\/","title":{"rendered":"Miroir de salle de bain Vanity Wholesale, Aluminum Bathroom Cabinet Grey Suppliers"},"content":{"rendered":"<div class=\"wp-block-columns is-layout-flex wp-container-core-columns-is-layout-9d6595d7 wp-block-columns-is-layout-flex\">\n<div class=\"wp-block-column is-layout-flow wp-block-column-is-layout-flow\">\n<h2 class=\"wp-block-heading\">Miroir de salle de bains Caract\u00e9ristiques\uff1a<\/h2>\n\n\n\n<p><strong>Mat\u00e9riau durable : <\/strong>Fabriqu\u00e9 en aluminium, il allie l\u00e9g\u00e8ret\u00e9 et durabilit\u00e9, ce qui lui permet de r\u00e9sister efficacement \u00e0 l'humidit\u00e9. Il est \u00e9tanche et inoxydable, ce qui garantit une utilisation \u00e0 long terme dans les salles de bains.<\/p>\n\n\n\n<p><strong>Miroir intelligent \u00e0 LED<\/strong>: Le miroir est \u00e9quip\u00e9 de lumi\u00e8res LED douces int\u00e9gr\u00e9es, et l'\u00e9clairage circulaire est uniforme et non \u00e9blouissant, offrant une vue claire et am\u00e9liorant l'exp\u00e9rience de l'utilisateur.<\/p>\n\n\n\n<p><strong>Armoire de toilette pratique<\/strong>: Le miroir de gauche peut \u00eatre ouvert pour cacher des objets de rangement, et l'\u00e9tag\u00e8re ouverte \u00e0 plusieurs niveaux sur la droite est claire au premier coup d'\u0153il, et les objets couramment utilis\u00e9s sont affich\u00e9s par cat\u00e9gories pour un acc\u00e8s facile.<\/p>\n\n\n\n<p><strong>Armoire principale \u00e0 grande capacit\u00e9 de stockage<\/strong>: L'armoire principale murale adopte une conception \u00e0 double porte, avec une structure interne r\u00e9guli\u00e8re, qui peut facilement accueillir des articles de toilette et r\u00e9pondre aux besoins de la maison et de l'espace commercial.<\/p>\n\n\n\n<p><strong>Aspect moderne et minimaliste<\/strong>: Le gris de qualit\u00e9 sup\u00e9rieure est assorti \u00e0 une vasque en c\u00e9ramique blanche, avec des lignes nettes et un style g\u00e9n\u00e9ral moderne et simple, qui convient \u00e0 une vari\u00e9t\u00e9 de sc\u00e8nes de d\u00e9coration telles que les maisons, les h\u00f4tels et les appartements.<\/p>\n\n\n\n<p><strong>Vente en gros directe \u00e0 l'usine<\/strong>: Shouya se concentre sur la fabrication et l'exportation de vanit\u00e9s de salle de bains, fournissant des services personnalis\u00e9s et un approvisionnement stable en lots, un contr\u00f4le de qualit\u00e9 strict et des prix plus comp\u00e9titifs.<\/p>\n<\/div>\n\n\n\n<div class=\"wp-block-column is-layout-flow wp-block-column-is-layout-flow\"><div class=\"wp-block-image\">\n<figure class=\"aligncenter size-full\"><img decoding=\"async\" width=\"700\" height=\"700\" src=\"https:\/\/www.shouyasanitary.com\/wp-content\/uploads\/2025\/06\/Bathroom-Mirror-Vanity-Wholesale-Aluminum-Bathroom-Cabinet-Grey-Suppliers-1.webp\" alt=\"Miroir de salle de bain Vanity Wholesale Aluminum Bathroom Cabinet Grey Suppliers (1)\" class=\"wp-image-1382\" style=\"object-fit:cover\" srcset=\"https:\/\/www.shouyasanitary.com\/wp-content\/uploads\/2025\/06\/Bathroom-Mirror-Vanity-Wholesale-Aluminum-Bathroom-Cabinet-Grey-Suppliers-1.webp 700w, https:\/\/www.shouyasanitary.com\/wp-content\/uploads\/2025\/06\/Bathroom-Mirror-Vanity-Wholesale-Aluminum-Bathroom-Cabinet-Grey-Suppliers-1-300x300.webp 300w, https:\/\/www.shouyasanitary.com\/wp-content\/uploads\/2025\/06\/Bathroom-Mirror-Vanity-Wholesale-Aluminum-Bathroom-Cabinet-Grey-Suppliers-1-150x150.webp 150w, https:\/\/www.shouyasanitary.com\/wp-content\/uploads\/2025\/06\/Bathroom-Mirror-Vanity-Wholesale-Aluminum-Bathroom-Cabinet-Grey-Suppliers-1-12x12.webp 12w, https:\/\/www.shouyasanitary.com\/wp-content\/uploads\/2025\/06\/Bathroom-Mirror-Vanity-Wholesale-Aluminum-Bathroom-Cabinet-Grey-Suppliers-1-600x600.webp 600w, https:\/\/www.shouyasanitary.com\/wp-content\/uploads\/2025\/06\/Bathroom-Mirror-Vanity-Wholesale-Aluminum-Bathroom-Cabinet-Grey-Suppliers-1-100x100.webp 100w\" sizes=\"(max-width: 700px) 100vw, 700px\" \/><\/figure>\n<\/div><\/div>\n<\/div>","protected":false},"excerpt":{"rendered":"<p>Miroir de salle de bain vanity wholesale, \u00e9quip\u00e9 d'une armoire de toilette LED, d'un robinet, d'un grand espace de stockage, cr\u00e9e une solution de salle de bain moderne et pratique. Prix d'usine, support de personnalisation, logistique fiable, commande en vrac, bienvenue \u00e0 nous contacter pour obtenir un devis !<\/p>\n<h2>Miroir de salle de bain Vanity Attributes\uff1a<\/h2>\n<p><strong>Num\u00e9ro d'article :<\/strong>HR6626-80<strong><br \/>Mat\u00e9riau de l'armoire :<\/strong> Aluminium<br \/><strong>Couleur de l'armoire :<\/strong> Gris<br \/><strong>Miroir :<\/strong> Miroir LED (3,5 mm\/3,8 mm), \u00e9clairage tricolore, d\u00e9sembuage par simple pression d'une touche, s\u00e9curis\u00e9 par un emballage en mousse multicouche.<br \/><strong>Type d'installation :<\/strong>\u00a0Montage mural<br \/><strong>Dimensions (L\u00d7L\u00d7H) :<\/strong> 84*51*55 cm<br \/><strong>Poids brut :<\/strong> 28kg\/set<\/p>\n<h2>Personnalisation et services :<\/h2>\n<p><strong>OEM ET ODM<\/strong>: Pris en charge<br \/><strong>Conception<\/strong>: Gratuit<br \/><strong>Accessoires<\/strong>: Lavabos, miroirs, robinets et autres accessoires de salle de bains<br \/><strong>Emballage<\/strong>: Pr\u00eat \u00e0 monter<\/p>","protected":false},"featured_media":1382,"comment_status":"closed","ping_status":"closed","template":"","meta":{"_acf_changed":true},"product_brand":[],"product_cat":[23],"product_tag":[],"class_list":{"0":"post-1386","1":"product","2":"type-product","3":"status-publish","4":"has-post-thumbnail","6":"product_cat-wholesale-aluminum-bathroom-vanity-cabinets","8":"first","9":"instock","10":"shipping-taxable","11":"product-type-simple"},"acf":[],"_links":{"self":[{"href":"https:\/\/www.shouyasanitary.com\/fr\/wp-json\/wp\/v2\/product\/1386","targetHints":{"allow":["GET"]}}],"collection":[{"href":"https:\/\/www.shouyasanitary.com\/fr\/wp-json\/wp\/v2\/product"}],"about":[{"href":"https:\/\/www.shouyasanitary.com\/fr\/wp-json\/wp\/v2\/types\/product"}],"replies":[{"embeddable":true,"href":"https:\/\/www.shouyasanitary.com\/fr\/wp-json\/wp\/v2\/comments?post=1386"}],"wp:featuredmedia":[{"embeddable":true,"href":"https:\/\/www.shouyasanitary.com\/fr\/wp-json\/wp\/v2\/media\/1382"}],"wp:attachment":[{"href":"https:\/\/www.shouyasanitary.com\/fr\/wp-json\/wp\/v2\/media?parent=1386"}],"wp:term":[{"taxonomy":"product_brand","embeddable":true,"href":"https:\/\/www.shouyasanitary.com\/fr\/wp-json\/wp\/v2\/product_brand?post=1386"},{"taxonomy":"product_cat","embeddable":true,"href":"https:\/\/www.shouyasanitary.com\/fr\/wp-json\/wp\/v2\/product_cat?post=1386"},{"taxonomy":"product_tag","embeddable":true,"href":"https:\/\/www.shouyasanitary.com\/fr\/wp-json\/wp\/v2\/product_tag?post=1386"}],"curies":[{"name":"wp","href":"https:\/\/api.w.org\/{rel}","templated":true}]}}