{"id":1403,"date":"2025-06-20T10:51:31","date_gmt":"2025-06-20T10:51:31","guid":{"rendered":"https:\/\/www.shouyasanitary.com\/?post_type=product&#038;p=1403"},"modified":"2025-06-20T10:51:38","modified_gmt":"2025-06-20T10:51:38","slug":"bathroom-cabinet-set-custom","status":"publish","type":"product","link":"https:\/\/www.shouyasanitary.com\/fr\/produit\/bathroom-cabinet-set-custom\/","title":{"rendered":"Ensemble d'armoires de salle de bain sur mesure, meuble-lavabo flottant pour salle de bain en vrac"},"content":{"rendered":"<div class=\"wp-block-columns is-layout-flex wp-container-core-columns-is-layout-9d6595d7 wp-block-columns-is-layout-flex\">\n<div class=\"wp-block-column is-layout-flow wp-block-column-is-layout-flow\">\n<h2 class=\"wp-block-heading\">Ensemble d'armoires de salle de bains Caract\u00e9ristiques\uff1a<\/h2>\n\n\n\n<p><strong>Aspect moderne<\/strong>Le style g\u00e9n\u00e9ral est moderne et \u00e9pur\u00e9, et peut facilement s'int\u00e9grer dans une vari\u00e9t\u00e9 de styles de d\u00e9coration de salle de bains tels que le style nordique, japonais et simple.<\/p>\n\n\n\n<p><strong>Mat\u00e9riau SPC de haute qualit\u00e9<\/strong>: Il est r\u00e9sistant \u00e0 l'humidit\u00e9, \u00e0 la moisissure, \u00e0 la pression et ne se d\u00e9forme pas facilement. Il est id\u00e9al pour les salles de bains humides, et il est l\u00e9ger et durable.<\/p>\n\n\n\n<p><strong>Combinaison pratique d'armoires de toilette<\/strong>: Le miroir haute d\u00e9finition situ\u00e9 au centre est clair et lumineux et r\u00e9pond aux besoins quotidiens de lavage et de maquillage. Le compartiment ouvert des deux c\u00f4t\u00e9s permet d'avoir les objets courants \u00e0 port\u00e9e de main et de les ranger et de les exposer.<\/p>\n\n\n\n<p><strong>Disposition raisonnable de l'espace de stockage :<\/strong> Le c\u00f4t\u00e9 gauche de l'armoire principale est dot\u00e9 d'une double porte qui permet de ranger des articles de grande taille tels que les serviettes et les produits d'entretien ; les doubles tiroirs de droite conviennent au rangement des produits cosm\u00e9tiques et des petits articles de toilette.<\/p>\n\n\n\n<p><strong>Vasque en c\u00e9ramique design int\u00e9gr\u00e9<\/strong>: La surface est lisse et facile \u00e0 nettoyer, anti-salissures et r\u00e9sistante aux rayures, ce qui am\u00e9liore la facilit\u00e9 d'utilisation et la texture g\u00e9n\u00e9rale.<\/p>\n\n\n\n<p><strong>Glissi\u00e8res silencieuses et mat\u00e9riel de haute qualit\u00e9<\/strong>: Le tiroir coulisse en douceur et la porte de l'armoire est silencieuse et ne se coince pas, ce qui am\u00e9liore l'exp\u00e9rience de l'utilisateur et la qualit\u00e9 du produit.<\/p>\n\n\n\n<p><strong>Fourniture directe par l'usine :<\/strong> Une vari\u00e9t\u00e9 de couleurs et de tailles est disponible, permettant la personnalisation de la marque, et le prix d'achat en gros est plus comp\u00e9titif, ce qui est tr\u00e8s appr\u00e9ci\u00e9 par les projets d'ing\u00e9nierie et les clients en gros.<\/p>\n<\/div>\n\n\n\n<div class=\"wp-block-column is-layout-flow wp-block-column-is-layout-flow\"><div class=\"wp-block-image\">\n<figure class=\"aligncenter size-full\"><img decoding=\"async\" width=\"700\" height=\"700\" src=\"https:\/\/www.shouyasanitary.com\/wp-content\/uploads\/2025\/06\/Bathroom-Cabinet-Set-Custom-Floating-Bathroom-Sink-Vanity-in-Bulk-1.webp\" alt=\"Ensemble d&#039;armoires de salle de bain Custom , Floating Bathroom Sink Vanity in Bulk (1)\" class=\"wp-image-1407\" style=\"object-fit:cover\" srcset=\"https:\/\/www.shouyasanitary.com\/wp-content\/uploads\/2025\/06\/Bathroom-Cabinet-Set-Custom-Floating-Bathroom-Sink-Vanity-in-Bulk-1.webp 700w, https:\/\/www.shouyasanitary.com\/wp-content\/uploads\/2025\/06\/Bathroom-Cabinet-Set-Custom-Floating-Bathroom-Sink-Vanity-in-Bulk-1-300x300.webp 300w, https:\/\/www.shouyasanitary.com\/wp-content\/uploads\/2025\/06\/Bathroom-Cabinet-Set-Custom-Floating-Bathroom-Sink-Vanity-in-Bulk-1-150x150.webp 150w, https:\/\/www.shouyasanitary.com\/wp-content\/uploads\/2025\/06\/Bathroom-Cabinet-Set-Custom-Floating-Bathroom-Sink-Vanity-in-Bulk-1-12x12.webp 12w, https:\/\/www.shouyasanitary.com\/wp-content\/uploads\/2025\/06\/Bathroom-Cabinet-Set-Custom-Floating-Bathroom-Sink-Vanity-in-Bulk-1-600x600.webp 600w, https:\/\/www.shouyasanitary.com\/wp-content\/uploads\/2025\/06\/Bathroom-Cabinet-Set-Custom-Floating-Bathroom-Sink-Vanity-in-Bulk-1-100x100.webp 100w\" sizes=\"(max-width: 700px) 100vw, 700px\" \/><\/figure>\n<\/div><\/div>\n<\/div>","protected":false},"excerpt":{"rendered":"<p>Ensemble de salle de bain personnalis\u00e9, avec vasque en c\u00e9ramique, armoire de toilette et robinet, aspect moderne, fonction pratique, convient \u00e0 la maison et \u00e0 l'usage commercial. Fourniture directe par l'usine, prix de gros, service personnalis\u00e9. Commande d'un ensemble complet d'accessoires de salle de bains, nous vous invitons \u00e0 nous contacter.<\/p>\n<h2>Ensemble d'armoires de toilette Attributs\uff1a<\/h2>\n<p><strong>Num\u00e9ro d'article :<\/strong>J1231-100<strong><br \/>Mat\u00e9riau de l'armoire :<\/strong> Panneau de pierre en plastique<br \/><strong>Couleur de l'armoire :<\/strong> Gris<br \/><strong>Miroir :<\/strong> Miroir LED (3,5 mm\/3,8 mm), \u00e9clairage tricolore, d\u00e9sembuage par simple pression d'une touche, s\u00e9curis\u00e9 par un emballage en mousse multicouche.<br \/><strong>Type d'installation :<\/strong>\u00a0Montage mural<br \/><strong>Dimensions (L\u00d7L\u00d7H) :<\/strong> 100*50*45 cm<br \/><strong>Poids brut :<\/strong> 38kg\/set<\/p>\n<h2>Personnalisation et services :<\/h2>\n<p><strong>OEM ET ODM<\/strong>: Pris en charge<br \/><strong>Conception<\/strong>: Gratuit<br \/><strong>Accessoires<\/strong>: Lavabos, miroirs, robinets et autres accessoires de salle de bains<br \/><strong>Emballage<\/strong>: Pr\u00eat \u00e0 monter<\/p>","protected":false},"featured_media":1407,"comment_status":"closed","ping_status":"closed","template":"","meta":{"_acf_changed":true},"product_brand":[],"product_cat":[29],"product_tag":[],"class_list":{"0":"post-1403","1":"product","2":"type-product","3":"status-publish","4":"has-post-thumbnail","6":"product_cat-wholesale-spc-bathroom-vanity-cabinets","8":"first","9":"instock","10":"shipping-taxable","11":"product-type-simple"},"acf":[],"_links":{"self":[{"href":"https:\/\/www.shouyasanitary.com\/fr\/wp-json\/wp\/v2\/product\/1403","targetHints":{"allow":["GET"]}}],"collection":[{"href":"https:\/\/www.shouyasanitary.com\/fr\/wp-json\/wp\/v2\/product"}],"about":[{"href":"https:\/\/www.shouyasanitary.com\/fr\/wp-json\/wp\/v2\/types\/product"}],"replies":[{"embeddable":true,"href":"https:\/\/www.shouyasanitary.com\/fr\/wp-json\/wp\/v2\/comments?post=1403"}],"wp:featuredmedia":[{"embeddable":true,"href":"https:\/\/www.shouyasanitary.com\/fr\/wp-json\/wp\/v2\/media\/1407"}],"wp:attachment":[{"href":"https:\/\/www.shouyasanitary.com\/fr\/wp-json\/wp\/v2\/media?parent=1403"}],"wp:term":[{"taxonomy":"product_brand","embeddable":true,"href":"https:\/\/www.shouyasanitary.com\/fr\/wp-json\/wp\/v2\/product_brand?post=1403"},{"taxonomy":"product_cat","embeddable":true,"href":"https:\/\/www.shouyasanitary.com\/fr\/wp-json\/wp\/v2\/product_cat?post=1403"},{"taxonomy":"product_tag","embeddable":true,"href":"https:\/\/www.shouyasanitary.com\/fr\/wp-json\/wp\/v2\/product_tag?post=1403"}],"curies":[{"name":"wp","href":"https:\/\/api.w.org\/{rel}","templated":true}]}}