{"id":1410,"date":"2025-06-20T10:54:23","date_gmt":"2025-06-20T10:54:23","guid":{"rendered":"https:\/\/www.shouyasanitary.com\/?post_type=product&#038;p=1410"},"modified":"2025-06-20T10:54:28","modified_gmt":"2025-06-20T10:54:28","slug":"bathroom-vanity-cabinet-wholesale","status":"publish","type":"product","link":"https:\/\/www.shouyasanitary.com\/fr\/produit\/bathroom-vanity-cabinet-wholesale\/","title":{"rendered":"Meuble de salle de bain Wholesale, Bulk Wall Mounted Bathroom Medicine Cabinets"},"content":{"rendered":"<div class=\"wp-block-columns is-layout-flex wp-container-core-columns-is-layout-9d6595d7 wp-block-columns-is-layout-flex\">\n<div class=\"wp-block-column is-layout-flow wp-block-column-is-layout-flow\">\n<h2 class=\"wp-block-heading\">Meuble de salle de bain Caract\u00e9ristiques :<\/h2>\n\n\n\n<p><strong>Mat\u00e9riau SPC de haute qualit\u00e9<\/strong>Les accessoires en acier inoxydable et en alliage d'aluminium sont durables et r\u00e9sistants \u00e0 la corrosion, garantissant une utilisation \u00e0 long terme dans les salles de bains humides.<\/p>\n\n\n\n<p><strong>Conception int\u00e9gr\u00e9e<\/strong>: La vasque et le meuble sont harmonieusement reli\u00e9s, et les lignes simples et les tons doux sont combin\u00e9s pour cr\u00e9er un espace de salle de bains l\u00e9ger et luxueux.<\/p>\n\n\n\n<p><strong>Armoire de toilette LED pratique :<\/strong> Le miroir est \u00e9quip\u00e9 d'une lumi\u00e8re LED tactile qui fournit une source de lumi\u00e8re douce, pratique pour l'utilisation nocturne ou le maquillage quotidien.<\/p>\n\n\n\n<p><strong>Stockage raisonnable des partitions<\/strong>: La structure de l'armoire combin\u00e9e \u00e0 double tiroir gauche + porte simple droite offre un grand espace de stockage, peut \u00eatre class\u00e9e pour ranger des objets, et le tiroir coulisse en douceur et est facile \u00e0 utiliser.<\/p>\n\n\n\n<p><strong>Structure murale<\/strong>: Le design suspendu facilite le nettoyage du sol de la salle de bains, ce qui convient particuli\u00e8rement aux petits appartements ou aux salles de bains \u00e0 l'espace limit\u00e9, am\u00e9liorant ainsi l'utilisation de l'espace et la transparence.<\/p>\n\n\n\n<p><strong>Adaptation multi-sc\u00e8ne<\/strong>: Qu'il s'agisse d'une salle de bain domestique, d'une chambre d'h\u00f4tel ou d'un appartement commercial, il peut \u00eatre adapt\u00e9 de mani\u00e8re flexible pour r\u00e9pondre aux besoins des clients en mati\u00e8re d'ing\u00e9nierie ou de vente en gros.<\/p>\n\n\n\n<p><strong>Fourniture directe \u00e0 l'usine<\/strong>Shouya : prend en charge la personnalisation des lots et les services OEM, b\u00e9n\u00e9ficie des prix de gros de l'usine Shouya et constitue un choix id\u00e9al pour une coop\u00e9ration \u00e0 long terme avec les distributeurs, les entreprises de d\u00e9coration et les marques.<\/p>\n<\/div>\n\n\n\n<div class=\"wp-block-column is-layout-flow wp-block-column-is-layout-flow\"><div class=\"wp-block-image\">\n<figure class=\"aligncenter size-full\"><img decoding=\"async\" width=\"700\" height=\"700\" src=\"https:\/\/www.shouyasanitary.com\/wp-content\/uploads\/2025\/06\/Bathroom-Vanity-Cabinet-Wholesale-Bulk-Wall-Mounted-Bathroom-Medicine-Cabinets.webp\" alt=\"Meuble de salle de bain Wholesale, Bulk Wall Mounted Bathroom Medicine Cabinets\" class=\"wp-image-1413\" style=\"object-fit:cover\" srcset=\"https:\/\/www.shouyasanitary.com\/wp-content\/uploads\/2025\/06\/Bathroom-Vanity-Cabinet-Wholesale-Bulk-Wall-Mounted-Bathroom-Medicine-Cabinets.webp 700w, https:\/\/www.shouyasanitary.com\/wp-content\/uploads\/2025\/06\/Bathroom-Vanity-Cabinet-Wholesale-Bulk-Wall-Mounted-Bathroom-Medicine-Cabinets-300x300.webp 300w, https:\/\/www.shouyasanitary.com\/wp-content\/uploads\/2025\/06\/Bathroom-Vanity-Cabinet-Wholesale-Bulk-Wall-Mounted-Bathroom-Medicine-Cabinets-150x150.webp 150w, https:\/\/www.shouyasanitary.com\/wp-content\/uploads\/2025\/06\/Bathroom-Vanity-Cabinet-Wholesale-Bulk-Wall-Mounted-Bathroom-Medicine-Cabinets-12x12.webp 12w, https:\/\/www.shouyasanitary.com\/wp-content\/uploads\/2025\/06\/Bathroom-Vanity-Cabinet-Wholesale-Bulk-Wall-Mounted-Bathroom-Medicine-Cabinets-600x600.webp 600w, https:\/\/www.shouyasanitary.com\/wp-content\/uploads\/2025\/06\/Bathroom-Vanity-Cabinet-Wholesale-Bulk-Wall-Mounted-Bathroom-Medicine-Cabinets-100x100.webp 100w\" sizes=\"(max-width: 700px) 100vw, 700px\" \/><\/figure>\n<\/div><\/div>\n<\/div>","protected":false},"excerpt":{"rendered":"<p>Meuble de salle de bain en gros, utilisant le mat\u00e9riau SPC, conception murale, avec miroir LED, lavabo en c\u00e9ramique, meuble \u00e0 tiroirs, etc., apparence moderne et simple, convenant \u00e0 la maison et \u00e0 l'utilisation commerciale. Les ventes directes de Shouya, les commandes en gros semi-personnalis\u00e9es et les prix de gros r\u00e9pondent aux besoins de vos projets d'ing\u00e9nierie. N'h\u00e9sitez pas \u00e0 vous renseigner !<\/p>\n<h2>Attributs du meuble-lavabo\uff1a<\/h2>\n<p><strong>Num\u00e9ro d'article :<\/strong>HR6625-80<strong><br \/>Mat\u00e9riau de l'armoire :<\/strong> CPS<br \/><strong>Couleur de l'armoire :<\/strong> Jaune<br \/><strong>Miroir :<\/strong>\u00a0Miroir LED (3,5 mm \/ 3,8 mm), \u00e9clairage tricolore, d\u00e9sembuage par simple pression d'une touche, s\u00e9curis\u00e9 par un emballage en mousse multicouche<br \/><strong>Type d'installation :<\/strong>\u00a0Montage mural<br \/><strong>Dimensions (L \u00d7 L \u00d7 H) :<\/strong> 80*47.5*48.5 cm<br \/><strong>Poids brut :<\/strong> 28kg\/set<\/p>\n<h2>Personnalisation et services :<\/h2>\n<p><strong>OEM ET ODM<\/strong>: Pris en charge<br \/><strong>Conception<\/strong>: Gratuit<br \/><strong>Accessoires<\/strong>: Lavabos, miroirs, robinets et autres accessoires de salle de bains<br \/><strong>Emballage<\/strong>: Pr\u00eat \u00e0 monter<\/p>","protected":false},"featured_media":1413,"comment_status":"closed","ping_status":"closed","template":"","meta":{"_acf_changed":true},"product_brand":[],"product_cat":[29],"product_tag":[],"class_list":{"0":"post-1410","1":"product","2":"type-product","3":"status-publish","4":"has-post-thumbnail","6":"product_cat-wholesale-spc-bathroom-vanity-cabinets","8":"first","9":"instock","10":"shipping-taxable","11":"product-type-simple"},"acf":[],"_links":{"self":[{"href":"https:\/\/www.shouyasanitary.com\/fr\/wp-json\/wp\/v2\/product\/1410","targetHints":{"allow":["GET"]}}],"collection":[{"href":"https:\/\/www.shouyasanitary.com\/fr\/wp-json\/wp\/v2\/product"}],"about":[{"href":"https:\/\/www.shouyasanitary.com\/fr\/wp-json\/wp\/v2\/types\/product"}],"replies":[{"embeddable":true,"href":"https:\/\/www.shouyasanitary.com\/fr\/wp-json\/wp\/v2\/comments?post=1410"}],"wp:featuredmedia":[{"embeddable":true,"href":"https:\/\/www.shouyasanitary.com\/fr\/wp-json\/wp\/v2\/media\/1413"}],"wp:attachment":[{"href":"https:\/\/www.shouyasanitary.com\/fr\/wp-json\/wp\/v2\/media?parent=1410"}],"wp:term":[{"taxonomy":"product_brand","embeddable":true,"href":"https:\/\/www.shouyasanitary.com\/fr\/wp-json\/wp\/v2\/product_brand?post=1410"},{"taxonomy":"product_cat","embeddable":true,"href":"https:\/\/www.shouyasanitary.com\/fr\/wp-json\/wp\/v2\/product_cat?post=1410"},{"taxonomy":"product_tag","embeddable":true,"href":"https:\/\/www.shouyasanitary.com\/fr\/wp-json\/wp\/v2\/product_tag?post=1410"}],"curies":[{"name":"wp","href":"https:\/\/api.w.org\/{rel}","templated":true}]}}