{"id":1418,"date":"2025-07-04T02:33:46","date_gmt":"2025-07-04T02:33:46","guid":{"rendered":"https:\/\/www.shouyasanitary.com\/?post_type=product&#038;p=1418"},"modified":"2025-07-04T02:33:53","modified_gmt":"2025-07-04T02:33:53","slug":"factory-wholesale-bathroom-vanity","status":"publish","type":"product","link":"https:\/\/www.shouyasanitary.com\/fr\/produit\/factory-wholesale-bathroom-vanity\/","title":{"rendered":"New Arrival 2025 Factory Wholesale Bathroom Vanity, Custom Mirror Cabinet for Hotel Bathroom"},"content":{"rendered":"<div class=\"wp-block-columns is-layout-flex wp-container-core-columns-is-layout-9d6595d7 wp-block-columns-is-layout-flex\">\n<div class=\"wp-block-column is-layout-flow wp-block-column-is-layout-flow\">\n<h2 class=\"wp-block-heading\">Vanit\u00e9 de salle de bain Caract\u00e9ristiques :<\/h2>\n\n\n\n<p>\u200b<strong>\u200b<\/strong>1.<strong>Philosophie g\u00e9n\u00e9rale de la conception :<\/strong> En adoptant une approche pratique tout en tenant compte de l'esth\u00e9tique, cette conception conf\u00e8re aux futures salles de bains un sentiment de raffinement.<\/p>\n\n\n\n<p>2.<strong>Espace de stockage cach\u00e9<\/strong>: Le c\u00f4t\u00e9 gauche de l'armoire de toilette reprend le design de l'armoire principale. Lorsqu'il est ouvert, il r\u00e9v\u00e8le un petit espace de rangement pour les cosm\u00e9tiques et les articles de toilette. Lorsqu'elle est ferm\u00e9e, elle s'int\u00e8gre parfaitement au miroir, cr\u00e9ant ainsi une apparence \u00e9l\u00e9gante et raffin\u00e9e.<\/p>\n\n\n\n<p>3.<strong>Conception d'\u00e9tag\u00e8res ouvertes<\/strong>: Les \u00e9tag\u00e8res ouvertes et transparentes facilitent l'acc\u00e8s et le rangement des objets de la vie quotidienne.<\/p>\n\n\n\n<p>4.<strong>Stockage extra-large<\/strong>: Le design \u00e0 deux tiroirs divise efficacement les zones de stockage, tandis que le tiroir unique extra-large peut accueillir un volume important d'articles, ce qui le rend id\u00e9al pour le stockage d'articles de grande taille.<\/p>\n\n\n\n<p>\u200b<\/p>\n<\/div>\n\n\n\n<div class=\"wp-block-column is-layout-flow wp-block-column-is-layout-flow\"><div class=\"wp-block-image\">\n<figure class=\"aligncenter size-full\"><img decoding=\"async\" width=\"609\" height=\"609\" src=\"https:\/\/www.shouyasanitary.com\/wp-content\/uploads\/2025\/06\/bathroom-cabinet-with-aluminum-material.webp\" alt=\"armoire-de-bain-avec-mat\u00e9riau-aluminium\" class=\"wp-image-1419\" style=\"object-fit:cover\" srcset=\"https:\/\/www.shouyasanitary.com\/wp-content\/uploads\/2025\/06\/bathroom-cabinet-with-aluminum-material.webp 609w, https:\/\/www.shouyasanitary.com\/wp-content\/uploads\/2025\/06\/bathroom-cabinet-with-aluminum-material-300x300.webp 300w, https:\/\/www.shouyasanitary.com\/wp-content\/uploads\/2025\/06\/bathroom-cabinet-with-aluminum-material-150x150.webp 150w, https:\/\/www.shouyasanitary.com\/wp-content\/uploads\/2025\/06\/bathroom-cabinet-with-aluminum-material-12x12.webp 12w, https:\/\/www.shouyasanitary.com\/wp-content\/uploads\/2025\/06\/bathroom-cabinet-with-aluminum-material-600x600.webp 600w, https:\/\/www.shouyasanitary.com\/wp-content\/uploads\/2025\/06\/bathroom-cabinet-with-aluminum-material-100x100.webp 100w\" sizes=\"(max-width: 609px) 100vw, 609px\" \/><\/figure>\n<\/div><\/div>\n<\/div>","protected":false},"excerpt":{"rendered":"<p>Vanit\u00e9 de salle de bain en gros, apparence \u00e9l\u00e9gante avec une armoire de toilette, espace de stockage abondant, id\u00e9al pour les h\u00f4tels, les maisons, etc. Fourni directement par le fabricant Shouya, prix de gros pr\u00e9f\u00e9rentiels, options personnalis\u00e9es possibles. Contactez-nous pour un devis.<\/p>\n<h2>Attributs du meuble-lavabo\uff1a<\/h2>\n<p><strong>Num\u00e9ro d'article :<\/strong>NB9901-60G<strong><br \/>Mat\u00e9riau de l'armoire :<\/strong> Aluminium<br \/><strong>Couleur de l'armoire :<\/strong> Gris<br \/><strong>Miroir :<\/strong>\u00a0Miroir LED (3,5 mm \/ 3,8 mm), \u00e9clairage tricolore, d\u00e9sembuage par simple pression d'une touche, s\u00e9curis\u00e9 par un emballage en mousse multicouche<br \/><strong>Type d'installation :<\/strong>\u00a0Montage mural<br \/><strong>Dimensions (L \u00d7 L \u00d7 H) :<\/strong> 60*47*49 cm<br \/><strong>Poids brut :<\/strong> 30kg\/set<\/p>\n<h2>Personnalisation et services :<\/h2>\n<p><strong>OEM ET ODM<\/strong>: Pris en charge<br \/><strong>Conception<\/strong>: Gratuit<br \/><strong>Accessoires<\/strong>: Lavabos, miroirs, robinets et autres accessoires de salle de bains<br \/><strong>Emballage<\/strong>: Pr\u00eat \u00e0 monter<\/p>","protected":false},"featured_media":1419,"comment_status":"closed","ping_status":"closed","template":"","meta":{"_acf_changed":false},"product_brand":[],"product_cat":[23],"product_tag":[],"class_list":{"0":"post-1418","1":"product","2":"type-product","3":"status-publish","4":"has-post-thumbnail","6":"product_cat-wholesale-aluminum-bathroom-vanity-cabinets","8":"first","9":"instock","10":"shipping-taxable","11":"product-type-simple"},"acf":[],"_links":{"self":[{"href":"https:\/\/www.shouyasanitary.com\/fr\/wp-json\/wp\/v2\/product\/1418","targetHints":{"allow":["GET"]}}],"collection":[{"href":"https:\/\/www.shouyasanitary.com\/fr\/wp-json\/wp\/v2\/product"}],"about":[{"href":"https:\/\/www.shouyasanitary.com\/fr\/wp-json\/wp\/v2\/types\/product"}],"replies":[{"embeddable":true,"href":"https:\/\/www.shouyasanitary.com\/fr\/wp-json\/wp\/v2\/comments?post=1418"}],"wp:featuredmedia":[{"embeddable":true,"href":"https:\/\/www.shouyasanitary.com\/fr\/wp-json\/wp\/v2\/media\/1419"}],"wp:attachment":[{"href":"https:\/\/www.shouyasanitary.com\/fr\/wp-json\/wp\/v2\/media?parent=1418"}],"wp:term":[{"taxonomy":"product_brand","embeddable":true,"href":"https:\/\/www.shouyasanitary.com\/fr\/wp-json\/wp\/v2\/product_brand?post=1418"},{"taxonomy":"product_cat","embeddable":true,"href":"https:\/\/www.shouyasanitary.com\/fr\/wp-json\/wp\/v2\/product_cat?post=1418"},{"taxonomy":"product_tag","embeddable":true,"href":"https:\/\/www.shouyasanitary.com\/fr\/wp-json\/wp\/v2\/product_tag?post=1418"}],"curies":[{"name":"wp","href":"https:\/\/api.w.org\/{rel}","templated":true}]}}