{"id":1422,"date":"2025-07-04T02:20:44","date_gmt":"2025-07-04T02:20:44","guid":{"rendered":"https:\/\/www.shouyasanitary.com\/?post_type=product&#038;p=1422"},"modified":"2025-07-04T02:20:49","modified_gmt":"2025-07-04T02:20:49","slug":"wholesale-modern-bathroom-vanity","status":"publish","type":"product","link":"https:\/\/www.shouyasanitary.com\/fr\/produit\/wholesale-modern-bathroom-vanity\/","title":{"rendered":"Wholesale Modern Bathroom Vanity, Aluminum Bathroom Cabinet with Mirror Ceramic Basin (Meuble de salle de bain en aluminium avec miroir et vasque en c\u00e9ramique)"},"content":{"rendered":"<div class=\"wp-block-columns is-layout-flex wp-container-core-columns-is-layout-9d6595d7 wp-block-columns-is-layout-flex\">\n<div class=\"wp-block-column is-layout-flow wp-block-column-is-layout-flow\">\n<h2 class=\"wp-block-heading\">Caract\u00e9ristiques du meuble-lavabo\uff1a<\/h2>\n\n\n\n<p><strong>Armoire de toilette pratique : <\/strong>Dot\u00e9 d'une double porte en verre, l'int\u00e9rieur peut \u00eatre utilis\u00e9 pour classer et ranger les produits de soin et d'hygi\u00e8ne quotidiens.<br>Lorsque les portes de l'armoire sont ferm\u00e9es, la surface du miroir reste claire et intacte, ce qui permet de conserver un espace bien rang\u00e9.<\/p>\n\n\n\n<p><strong>Armoire principale multifonctionnelle : <\/strong>Il se compose de deux tiroirs et pr\u00e9sente une couleur grise classique et \u00e9l\u00e9gante. Le grand tiroir accueille les serviettes et les articles de toilette, tandis que les petits articles peuvent \u00eatre organis\u00e9s \u00e0 l'aide de s\u00e9parateurs. <\/p>\n\n\n\n<p><strong>Aspect moderne : <\/strong>La palette de couleurs grises s'harmonise avec diff\u00e9rents styles d'am\u00e9nagement int\u00e9rieur<br>Le design g\u00e9n\u00e9ral s'aligne sur l'esth\u00e9tique des maisons modernes<\/p>\n\n\n\n<p><strong>Philosophie de la conception centr\u00e9e sur l'homme : <\/strong>Armoire de toilette avec rangement priv\u00e9 + armoire principale avec rangement cat\u00e9goris\u00e9 \u00e0 double conception. Chaque d\u00e9tail est optimis\u00e9 pour une utilisation quotidienne. L'\u00e9quilibre entre la commodit\u00e9 d'utilisation et l'esth\u00e9tique visuelle.<\/p>\n\n\n\n<p><strong>Am\u00e9liorer la valeur de la salle de bains : <\/strong>R\u00e9sout le probl\u00e8me de l'encombrement dans les salles de bains, cr\u00e9ant ainsi un environnement sans d\u00e9sordre. Un coin de gu\u00e9rison qui allie forme et fonction. Am\u00e9liore fondamentalement la qualit\u00e9 de vie \u00e0 la maison<\/p>\n<\/div>\n\n\n\n<div class=\"wp-block-column is-layout-flow wp-block-column-is-layout-flow\"><div class=\"wp-block-image\">\n<figure class=\"aligncenter size-full\"><img decoding=\"async\" width=\"601\" height=\"601\" src=\"https:\/\/www.shouyasanitary.com\/wp-content\/uploads\/2025\/06\/bathroom-cabinet-with-ceramic-basin.webp\" alt=\"armoire de salle de bain avec vasque en c\u00e9ramique\" class=\"wp-image-1423\" style=\"object-fit:cover\" srcset=\"https:\/\/www.shouyasanitary.com\/wp-content\/uploads\/2025\/06\/bathroom-cabinet-with-ceramic-basin.webp 601w, https:\/\/www.shouyasanitary.com\/wp-content\/uploads\/2025\/06\/bathroom-cabinet-with-ceramic-basin-300x300.webp 300w, https:\/\/www.shouyasanitary.com\/wp-content\/uploads\/2025\/06\/bathroom-cabinet-with-ceramic-basin-150x150.webp 150w, https:\/\/www.shouyasanitary.com\/wp-content\/uploads\/2025\/06\/bathroom-cabinet-with-ceramic-basin-12x12.webp 12w, https:\/\/www.shouyasanitary.com\/wp-content\/uploads\/2025\/06\/bathroom-cabinet-with-ceramic-basin-100x100.webp 100w\" sizes=\"(max-width: 601px) 100vw, 601px\" \/><\/figure>\n<\/div><\/div>\n<\/div>","protected":false},"excerpt":{"rendered":"<p>Bienvenue sur le site de vente en gros de vanit\u00e9 de salle de bain moderne gris fonc\u00e9, en aluminium, avec une armoire de toilette LED, id\u00e9ale pour une salle de bain humide. Fourniture directe par l'usine, support OEM\/ODM, contactez-nous pour toute demande de renseignements.\u00a0<\/p>\n<h2>Attributs du meuble-lavabo\uff1a<\/h2>\n<p><strong>Num\u00e9ro d'article :<\/strong>NB9905-60G<strong><br \/>Mat\u00e9riau de l'armoire :<\/strong> Aluminium<br \/><strong>Couleur de l'armoire :<\/strong> Gris fonc\u00e9<br \/><strong>Miroir :<\/strong> Miroir LED (3,5 mm\/3,8 mm), \u00e9clairage tricolore, d\u00e9sembuage par simple pression d'une touche, s\u00e9curis\u00e9 par un emballage en mousse multicouche.<br \/><strong>Type d'installation :<\/strong>\u00a0Montage mural<br \/><strong>Dimensions (L\u00d7L\u00d7H) :<\/strong> 60*47*49 cm<br \/><strong>Poids brut :<\/strong> 30kg\/set<\/p>\n<h2>Personnalisation et services :<\/h2>\n<p><strong>OEM ET ODM<\/strong>: Pris en charge<br \/><strong>Conception<\/strong>: Gratuit<br \/><strong>Accessoires<\/strong>: Lavabos, miroirs, robinets et autres accessoires de salle de bains<br \/><strong>Emballage<\/strong>: Pr\u00eat \u00e0 monter<\/p>","protected":false},"featured_media":1423,"comment_status":"closed","ping_status":"closed","template":"","meta":{"_acf_changed":false},"product_brand":[],"product_cat":[23],"product_tag":[],"class_list":{"0":"post-1422","1":"product","2":"type-product","3":"status-publish","4":"has-post-thumbnail","6":"product_cat-wholesale-aluminum-bathroom-vanity-cabinets","8":"first","9":"instock","10":"shipping-taxable","11":"product-type-simple"},"acf":[],"_links":{"self":[{"href":"https:\/\/www.shouyasanitary.com\/fr\/wp-json\/wp\/v2\/product\/1422","targetHints":{"allow":["GET"]}}],"collection":[{"href":"https:\/\/www.shouyasanitary.com\/fr\/wp-json\/wp\/v2\/product"}],"about":[{"href":"https:\/\/www.shouyasanitary.com\/fr\/wp-json\/wp\/v2\/types\/product"}],"replies":[{"embeddable":true,"href":"https:\/\/www.shouyasanitary.com\/fr\/wp-json\/wp\/v2\/comments?post=1422"}],"wp:featuredmedia":[{"embeddable":true,"href":"https:\/\/www.shouyasanitary.com\/fr\/wp-json\/wp\/v2\/media\/1423"}],"wp:attachment":[{"href":"https:\/\/www.shouyasanitary.com\/fr\/wp-json\/wp\/v2\/media?parent=1422"}],"wp:term":[{"taxonomy":"product_brand","embeddable":true,"href":"https:\/\/www.shouyasanitary.com\/fr\/wp-json\/wp\/v2\/product_brand?post=1422"},{"taxonomy":"product_cat","embeddable":true,"href":"https:\/\/www.shouyasanitary.com\/fr\/wp-json\/wp\/v2\/product_cat?post=1422"},{"taxonomy":"product_tag","embeddable":true,"href":"https:\/\/www.shouyasanitary.com\/fr\/wp-json\/wp\/v2\/product_tag?post=1422"}],"curies":[{"name":"wp","href":"https:\/\/api.w.org\/{rel}","templated":true}]}}