{"id":1426,"date":"2025-07-04T02:18:56","date_gmt":"2025-07-04T02:18:56","guid":{"rendered":"https:\/\/www.shouyasanitary.com\/?post_type=product&#038;p=1426"},"modified":"2025-07-04T02:19:01","modified_gmt":"2025-07-04T02:19:01","slug":"custom-bathroom-cabinet-set","status":"publish","type":"product","link":"https:\/\/www.shouyasanitary.com\/fr\/produit\/custom-bathroom-cabinet-set\/","title":{"rendered":"Ensemble de meubles de salle de bain sur mesure, meuble de salle de bain flottant en aluminium avec miroir en vrac"},"content":{"rendered":"<div class=\"wp-block-columns is-layout-flex wp-container-core-columns-is-layout-9d6595d7 wp-block-columns-is-layout-flex\">\n<div class=\"wp-block-column is-layout-flow wp-block-column-is-layout-flow\">\n<h2 class=\"wp-block-heading\">Ensemble d'armoires de salle de bains Caract\u00e9ristiques\uff1a<\/h2>\n\n\n\n<p><strong>aluminium de haute qualit\u00e9 :<\/strong> il poss\u00e8de d'excellentes propri\u00e9t\u00e9s d'\u00e9tanch\u00e9it\u00e9 et de r\u00e9sistance \u00e0 l'humidit\u00e9. Il ne rouille pas et ne se d\u00e9forme pas, m\u00eame dans une salle de bains humide, ce qui le rend stable et durable. Le mat\u00e9riau est l\u00e9ger, facile \u00e0 installer et respectueux de l'environnement. Il n'a pas d'odeur et ne d\u00e9gage pas de substances nocives, ce qui garantit la salubrit\u00e9 de la maison. <\/p>\n\n\n\n<p><strong>Aspect moderne<\/strong>: La largeur \u00e9troite de 60 cm convient \u00e0 divers espaces de salle de bains. Le ton gris clair est simple et \u00e9l\u00e9gant, et peut s'int\u00e9grer dans diff\u00e9rents styles de d\u00e9coration tels que le style cr\u00e8me et le style moderne. Les lignes de bord de l'armoire de toilette sont nettes, et l'anneau lumineux blanc dessine une forme raffin\u00e9e. Associ\u00e9 au robinet noir, il forme un contraste de couleurs, cr\u00e9ant une atmosph\u00e8re rafra\u00eechissante et ordonn\u00e9e.<\/p>\n\n\n\n<p><strong>Espace de stockage abondant<\/strong>: L'armoire de toilette est divis\u00e9e en plusieurs niveaux, ce qui permet de ranger de petits objets tels que les produits de soin de la peau et les brosses \u00e0 dents, et d'y acc\u00e9der facilement. L'armoire principale est dot\u00e9e d'une double porte et d'une grande capacit\u00e9 permettant de ranger les serviettes et les produits de bain. La cloison raisonnable permet de ranger les articles dans l'ordre et d'\u00e9viter le d\u00e9sordre.<\/p>\n\n\n\n<p><strong>Lavabo int\u00e9gr\u00e9 en c\u00e9ramique<\/strong>Surface lisse et d\u00e9licate, r\u00e9sistance aux temp\u00e9ratures \u00e9lev\u00e9es, r\u00e9sistance aux taches, facile \u00e0 nettoyer, am\u00e9liorant le confort g\u00e9n\u00e9ral et la beaut\u00e9 de l'espace.<\/p>\n\n\n\n<p><strong>Structure murale<\/strong>: La conception suspendue permet d'\u00e9conomiser de l'espace, est facile \u00e0 nettoyer et offre une vision plus transparente. C'est un choix id\u00e9al pour la d\u00e9coration des salles de bains modernes et les projets d'approvisionnement.<\/p>\n\n\n\n<p><strong>Support OEM\/ODM<\/strong>: Nous offrons des services OEM\/ODM tels que la personnalisation du logo, de la couleur, de la taille et des sp\u00e9cifications. Approvisionnement direct de l'usine, prix plus avantageux, approvisionnement stable, choix id\u00e9al pour les projets d'ing\u00e9nierie et les achats en gros.<\/p>\n<\/div>\n\n\n\n<div class=\"wp-block-column is-layout-flow wp-block-column-is-layout-flow\"><div class=\"wp-block-image\">\n<figure class=\"aligncenter size-full\"><img decoding=\"async\" width=\"700\" height=\"700\" src=\"https:\/\/www.shouyasanitary.com\/wp-content\/uploads\/2025\/06\/bathroom-cabinet-with-LED-mirrorr-cabinet.webp\" alt=\"armoire-salle-de-bain-avec-miroir-LED-armoire\" class=\"wp-image-1427\" style=\"object-fit:cover\" srcset=\"https:\/\/www.shouyasanitary.com\/wp-content\/uploads\/2025\/06\/bathroom-cabinet-with-LED-mirrorr-cabinet.webp 700w, https:\/\/www.shouyasanitary.com\/wp-content\/uploads\/2025\/06\/bathroom-cabinet-with-LED-mirrorr-cabinet-300x300.webp 300w, https:\/\/www.shouyasanitary.com\/wp-content\/uploads\/2025\/06\/bathroom-cabinet-with-LED-mirrorr-cabinet-150x150.webp 150w, https:\/\/www.shouyasanitary.com\/wp-content\/uploads\/2025\/06\/bathroom-cabinet-with-LED-mirrorr-cabinet-12x12.webp 12w, https:\/\/www.shouyasanitary.com\/wp-content\/uploads\/2025\/06\/bathroom-cabinet-with-LED-mirrorr-cabinet-600x600.webp 600w, https:\/\/www.shouyasanitary.com\/wp-content\/uploads\/2025\/06\/bathroom-cabinet-with-LED-mirrorr-cabinet-100x100.webp 100w\" sizes=\"(max-width: 700px) 100vw, 700px\" \/><\/figure>\n<\/div><\/div>\n<\/div>","protected":false},"excerpt":{"rendered":"<p>Ensemble d'armoires de salle de bains sur mesure, dot\u00e9 d'une structure murale \u00e9l\u00e9gante aux lignes douces. \u00c9quip\u00e9 d'une armoire de toilette \u00e9clairante, d'un robinet, d'une vasque en c\u00e9ramique, etc., pour cr\u00e9er une solution de salle de bains moderne. Support OEM\/ODM, contactez-nous pour des solutions personnalis\u00e9es et des devis en gros.<\/p>\n<h2>Ensemble d'armoires de toilette Attributs\uff1a<\/h2>\n<p><strong>Num\u00e9ro d'article :<\/strong>J1006-60<strong><br \/>Mat\u00e9riau de l'armoire :<\/strong> Aluminium<br \/><strong>Couleur de l'armoire :<\/strong> Blanc<br \/><strong>Miroir :<\/strong> Miroir LED (3,5 mm\/3,8 mm), \u00e9clairage tricolore, d\u00e9sembuage par simple pression d'une touche, s\u00e9curis\u00e9 par un emballage en mousse multicouche.<br \/><strong>Type d'installation :<\/strong>\u00a0Montage mural<br \/><strong>Dimensions (L\u00d7L\u00d7H) :<\/strong> 60*47*42 cm<br \/><strong>Poids brut :<\/strong> 28kg\/set<\/p>\n<h2>Personnalisation et services :<\/h2>\n<p><strong>OEM ET ODM<\/strong>: Pris en charge<br \/><strong>Conception<\/strong>: Gratuit<br \/><strong>Accessoires<\/strong>: Lavabos, miroirs, robinets et autres accessoires de salle de bains<br \/><strong>Emballage<\/strong>: Pr\u00eat \u00e0 monter<\/p>","protected":false},"featured_media":1427,"comment_status":"closed","ping_status":"closed","template":"","meta":{"_acf_changed":true},"product_brand":[],"product_cat":[23],"product_tag":[],"class_list":{"0":"post-1426","1":"product","2":"type-product","3":"status-publish","4":"has-post-thumbnail","6":"product_cat-wholesale-aluminum-bathroom-vanity-cabinets","8":"first","9":"instock","10":"shipping-taxable","11":"product-type-simple"},"acf":[],"_links":{"self":[{"href":"https:\/\/www.shouyasanitary.com\/fr\/wp-json\/wp\/v2\/product\/1426","targetHints":{"allow":["GET"]}}],"collection":[{"href":"https:\/\/www.shouyasanitary.com\/fr\/wp-json\/wp\/v2\/product"}],"about":[{"href":"https:\/\/www.shouyasanitary.com\/fr\/wp-json\/wp\/v2\/types\/product"}],"replies":[{"embeddable":true,"href":"https:\/\/www.shouyasanitary.com\/fr\/wp-json\/wp\/v2\/comments?post=1426"}],"wp:featuredmedia":[{"embeddable":true,"href":"https:\/\/www.shouyasanitary.com\/fr\/wp-json\/wp\/v2\/media\/1427"}],"wp:attachment":[{"href":"https:\/\/www.shouyasanitary.com\/fr\/wp-json\/wp\/v2\/media?parent=1426"}],"wp:term":[{"taxonomy":"product_brand","embeddable":true,"href":"https:\/\/www.shouyasanitary.com\/fr\/wp-json\/wp\/v2\/product_brand?post=1426"},{"taxonomy":"product_cat","embeddable":true,"href":"https:\/\/www.shouyasanitary.com\/fr\/wp-json\/wp\/v2\/product_cat?post=1426"},{"taxonomy":"product_tag","embeddable":true,"href":"https:\/\/www.shouyasanitary.com\/fr\/wp-json\/wp\/v2\/product_tag?post=1426"}],"curies":[{"name":"wp","href":"https:\/\/api.w.org\/{rel}","templated":true}]}}