{"id":1469,"date":"2025-07-04T03:32:12","date_gmt":"2025-07-04T03:32:12","guid":{"rendered":"https:\/\/www.shouyasanitary.com\/?post_type=product&#038;p=1469"},"modified":"2025-07-04T03:32:17","modified_gmt":"2025-07-04T03:32:17","slug":"wholesale-bathroom-cabinet","status":"publish","type":"product","link":"https:\/\/www.shouyasanitary.com\/fr\/produit\/wholesale-bathroom-cabinet\/","title":{"rendered":"Wholesale Bathroom Cabinet Brown, Modern SPC Vanity Bathroo for Hotel Custom"},"content":{"rendered":"<div class=\"wp-block-columns is-layout-flex wp-container-core-columns-is-layout-9d6595d7 wp-block-columns-is-layout-flex\">\n<div class=\"wp-block-column is-layout-flow wp-block-column-is-layout-flow\">\n<h2 class=\"wp-block-heading\">Caract\u00e9ristiques du meuble de salle de bains\uff1a<\/h2>\n\n\n\n<p><strong>Style moderne et minimaliste<\/strong>La salle de bains : la combinaison de la texture chaude du grain de bois et des lignes \u00e9pur\u00e9es du design minimaliste moderne, pr\u00e9sente une esth\u00e9tique de salle de bains haut de gamme, calme et soign\u00e9e, convenant \u00e0 une vari\u00e9t\u00e9 de styles d\u00e9coratifs de la maison et de l'h\u00f4tel.<\/p>\n\n\n\n<p><strong>Mat\u00e9riau SPC de haute qualit\u00e9 :<\/strong> Mat\u00e9riau SPC respectueux de l'environnement, imperm\u00e9able, r\u00e9sistant \u00e0 l'humidit\u00e9 et \u00e0 l'usure, l'utilisation \u00e0 long terme n'est pas facile \u00e0 d\u00e9former, il est id\u00e9al pour les salles de bains humides.<\/p>\n\n\n\n<p><strong>Syst\u00e8me de stockage efficace<\/strong>: L'armoire de toilette sup\u00e9rieure est \u00e9quip\u00e9e de doubles compartiments de rangement ouverts, parfaits pour placer les articles de toilette fr\u00e9quemment utilis\u00e9s et les d\u00e9corations, tandis que l'armoire principale inf\u00e9rieure adopte un design \u00e0 double porte, offrant suffisamment d'espace de rangement cach\u00e9 et permettant de garder le plan de travail bien rang\u00e9.<\/p>\n\n\n\n<p><strong>Configuration pratique des miroirs<\/strong>Le miroir de grande taille est clair et lumineux pour r\u00e9pondre aux besoins de la toilette quotidienne, du maquillage et d'autres besoins, en tenant compte de l'esth\u00e9tique et de la fonctionnalit\u00e9, afin d'am\u00e9liorer l'exp\u00e9rience globale de l'utilisateur.<\/p>\n\n\n\n<p><strong>Esth\u00e9tique du contraste des couleurs noir et blanc<\/strong>La vasque classique en c\u00e9ramique blanche et le robinet noir mat forment une hi\u00e9rarchie visuelle forte, t\u00e9moignant d'un style \u00e0 la mode et d'une performance stable en mati\u00e8re d'eau.<\/p>\n\n\n\n<p><strong>Conception de l'installation murale<\/strong>L'installation suspendue permet d'\u00e9conomiser de l'espace au sol, de faciliter le nettoyage et d'am\u00e9liorer la transparence visuelle de la salle de bains, ce qui convient particuli\u00e8rement aux appartements modernes, aux h\u00f4tels et aux projets d'ing\u00e9nierie.<\/p>\n\n\n\n<p><strong>Fourniture directe \u00e0 l'usine<\/strong>Les armoires de salle de bains sont un choix id\u00e9al pour les revendeurs, les entreprises de d\u00e9coration et les projets d'ing\u00e9nierie.<\/p>\n<\/div>\n\n\n\n<div class=\"wp-block-column is-layout-flow wp-block-column-is-layout-flow\"><div class=\"wp-block-image\">\n<figure class=\"aligncenter size-full\"><img decoding=\"async\" width=\"700\" height=\"700\" src=\"https:\/\/www.shouyasanitary.com\/wp-content\/uploads\/2025\/06\/wholesale-bathroom-cabinet.webp\" alt=\"grossiste-armoire-salle-de-bain.\" class=\"wp-image-1470\" style=\"object-fit:cover\" srcset=\"https:\/\/www.shouyasanitary.com\/wp-content\/uploads\/2025\/06\/wholesale-bathroom-cabinet.webp 700w, https:\/\/www.shouyasanitary.com\/wp-content\/uploads\/2025\/06\/wholesale-bathroom-cabinet-300x300.webp 300w, https:\/\/www.shouyasanitary.com\/wp-content\/uploads\/2025\/06\/wholesale-bathroom-cabinet-150x150.webp 150w, https:\/\/www.shouyasanitary.com\/wp-content\/uploads\/2025\/06\/wholesale-bathroom-cabinet-12x12.webp 12w, https:\/\/www.shouyasanitary.com\/wp-content\/uploads\/2025\/06\/wholesale-bathroom-cabinet-600x600.webp 600w, https:\/\/www.shouyasanitary.com\/wp-content\/uploads\/2025\/06\/wholesale-bathroom-cabinet-100x100.webp 100w\" sizes=\"(max-width: 700px) 100vw, 700px\" \/><\/figure>\n<\/div><\/div>\n<\/div>","protected":false},"excerpt":{"rendered":"<p>Armoire de salle de bain en gros. Mat\u00e9riau SPC \u00e9cologique, couleur marron unique, avec vasque en c\u00e9ramique et robinet noir, id\u00e9al pour une salle de bain d'h\u00f4tel moderne. Fourniture directe de l'usine, service OEM, contactez-nous pour une solution personnalis\u00e9e et un devis.<\/p>\n<h2>Armoire pour salle de bains Attributs\uff1a<\/h2>\n<p><strong>Num\u00e9ro d'article :<\/strong>A003-60<strong><br \/>Mat\u00e9riau de l'armoire : <\/strong>Mat\u00e9riel SPC<br \/><strong>Couleur de l'armoire : <\/strong>Marron<br \/><strong>Miroir :<\/strong> Miroir LED (3,5 mm\/3,8 mm), \u00e9clairage tricolore, d\u00e9sembuage par simple pression d'une touche, s\u00e9curis\u00e9 par un emballage en mousse multicouche.<br \/><strong>Type d'installation :<\/strong>\u00a0Montage mural<br \/><strong>Dimensions (L\u00d7L\u00d7H) :<\/strong> 60*47*42 cm<br \/><strong>Poids brut :<\/strong> 27kg\/set<\/p>\n<h2>Personnalisation et services :<\/h2>\n<p><strong>OEM ET ODM<\/strong>: Pris en charge<br \/><strong>Conception<\/strong>: Gratuit<br \/><strong>Accessoires<\/strong>: Lavabos, miroirs, robinets et autres accessoires de salle de bains<br \/><strong>Emballage<\/strong>: Pr\u00eat \u00e0 monter<\/p>","protected":false},"featured_media":1470,"comment_status":"closed","ping_status":"closed","template":"","meta":{"_acf_changed":false},"product_brand":[],"product_cat":[29],"product_tag":[],"class_list":{"0":"post-1469","1":"product","2":"type-product","3":"status-publish","4":"has-post-thumbnail","6":"product_cat-wholesale-spc-bathroom-vanity-cabinets","8":"first","9":"instock","10":"shipping-taxable","11":"product-type-simple"},"acf":[],"_links":{"self":[{"href":"https:\/\/www.shouyasanitary.com\/fr\/wp-json\/wp\/v2\/product\/1469","targetHints":{"allow":["GET"]}}],"collection":[{"href":"https:\/\/www.shouyasanitary.com\/fr\/wp-json\/wp\/v2\/product"}],"about":[{"href":"https:\/\/www.shouyasanitary.com\/fr\/wp-json\/wp\/v2\/types\/product"}],"replies":[{"embeddable":true,"href":"https:\/\/www.shouyasanitary.com\/fr\/wp-json\/wp\/v2\/comments?post=1469"}],"wp:featuredmedia":[{"embeddable":true,"href":"https:\/\/www.shouyasanitary.com\/fr\/wp-json\/wp\/v2\/media\/1470"}],"wp:attachment":[{"href":"https:\/\/www.shouyasanitary.com\/fr\/wp-json\/wp\/v2\/media?parent=1469"}],"wp:term":[{"taxonomy":"product_brand","embeddable":true,"href":"https:\/\/www.shouyasanitary.com\/fr\/wp-json\/wp\/v2\/product_brand?post=1469"},{"taxonomy":"product_cat","embeddable":true,"href":"https:\/\/www.shouyasanitary.com\/fr\/wp-json\/wp\/v2\/product_cat?post=1469"},{"taxonomy":"product_tag","embeddable":true,"href":"https:\/\/www.shouyasanitary.com\/fr\/wp-json\/wp\/v2\/product_tag?post=1469"}],"curies":[{"name":"wp","href":"https:\/\/api.w.org\/{rel}","templated":true}]}}