{"id":1491,"date":"2025-07-18T11:22:35","date_gmt":"2025-07-18T11:22:35","guid":{"rendered":"https:\/\/www.shouyasanitary.com\/?post_type=product&#038;p=1491"},"modified":"2025-07-19T09:30:22","modified_gmt":"2025-07-19T09:30:22","slug":"factory-wholesale-bathroom-cabinet","status":"publish","type":"product","link":"https:\/\/www.shouyasanitary.com\/fr\/produit\/factory-wholesale-bathroom-cabinet\/","title":{"rendered":"Factory Wholesale Bathroom Cabinet, Durable Sink Bathroom Vanity for Hotel in Bulk"},"content":{"rendered":"<div class=\"wp-block-columns is-layout-flex wp-container-core-columns-is-layout-9d6595d7 wp-block-columns-is-layout-flex\">\n<div class=\"wp-block-column is-layout-flow wp-block-column-is-layout-flow\">\n<h2 class=\"wp-block-heading\">Caract\u00e9ristiques du meuble de salle de bains\uff1a<\/h2>\n\n\n\n<p><strong>Correspondance simple des couleurs : <\/strong>L'armoire principale a \u00e9t\u00e9 choisie en noir classique, qui est stable et intrins\u00e8quement discret, formant un contraste de couleur net avec la vasque blanche et le miroir ovale, cr\u00e9ant une tension \u00e0 la mode et injectant une touche de luxe l\u00e9ger dans l'ensemble de l'espace. Il convient \u00e0 diff\u00e9rents styles de d\u00e9coration de salles de bains modernes.<\/p>\n\n\n\n<p><strong>Mat\u00e9riau PVC durable<\/strong>: Le mat\u00e9riau de base de l'armoire principale est le PVC, qui est imperm\u00e9able \u00e0 l'eau et \u00e0 l'humidit\u00e9 et facile \u00e0 nettoyer, ce qui convient parfaitement \u00e0 l'environnement humide de la salle de bains. <\/p>\n\n\n\n<p><strong>Miroir elliptique :<\/strong>\u00a0Le miroir adopte une forme ovale, avec des lignes douces et lisses pour adoucir la duret\u00e9 de l'espace. Au quotidien, l'image claire r\u00e9pond aux besoins de se laver, de s'habiller, etc. Install\u00e9 sur un mur en marbre, le miroir \u00e9tire astucieusement la hauteur spatiale d'une dimension visuelle, rehausse l'ouverture de la salle de bains et fait \u00e9cho \u00e0 l'\u00e9clat du mat\u00e9riau.<\/p>\n\n\n\n<p><strong>Le meuble noir pr\u00e9sente des lignes \u00e9pur\u00e9es : <\/strong>Le design unique des rayures verticales sur la surface de l'armoire enrichit non seulement la hi\u00e9rarchie visuelle, donnant \u00e0 la forme simple une texture d\u00e9licate, mais dissimule \u00e9galement une ing\u00e9niosit\u00e9 pratique.<\/p>\n\n\n\n<p><strong>Livraison garantie<\/strong>: Avec une capacit\u00e9 de production stable et des lignes de production professionnelles, nous pouvons livrer rapidement selon le calendrier du projet, r\u00e9pondre aux exigences de la p\u00e9riode de construction et soutenir les exp\u00e9ditions de soutien en une seule fois.<\/p>\n<\/div>\n\n\n\n<div class=\"wp-block-column is-layout-flow wp-block-column-is-layout-flow\"><div class=\"wp-block-image\">\n<figure class=\"aligncenter size-full\"><img decoding=\"async\" width=\"700\" height=\"700\" src=\"https:\/\/www.shouyasanitary.com\/wp-content\/uploads\/2025\/07\/Custom-Solutions-With-Black-Cabinet.webp\" alt=\"\" class=\"wp-image-1492\" style=\"object-fit:cover\" srcset=\"https:\/\/www.shouyasanitary.com\/wp-content\/uploads\/2025\/07\/Custom-Solutions-With-Black-Cabinet.webp 700w, https:\/\/www.shouyasanitary.com\/wp-content\/uploads\/2025\/07\/Custom-Solutions-With-Black-Cabinet-300x300.webp 300w, https:\/\/www.shouyasanitary.com\/wp-content\/uploads\/2025\/07\/Custom-Solutions-With-Black-Cabinet-150x150.webp 150w, https:\/\/www.shouyasanitary.com\/wp-content\/uploads\/2025\/07\/Custom-Solutions-With-Black-Cabinet-12x12.webp 12w, https:\/\/www.shouyasanitary.com\/wp-content\/uploads\/2025\/07\/Custom-Solutions-With-Black-Cabinet-600x600.webp 600w, https:\/\/www.shouyasanitary.com\/wp-content\/uploads\/2025\/07\/Custom-Solutions-With-Black-Cabinet-100x100.webp 100w\" sizes=\"(max-width: 700px) 100vw, 700px\" \/><\/figure>\n<\/div><\/div>\n<\/div>","protected":false},"excerpt":{"rendered":"<p>Armoire de salle de bain en gros, fabriqu\u00e9e en PVC, armoire de toilette LED avec d\u00e9coration en forme de montagne, \u00e9l\u00e9gante et belle. Fourniture d'usine, support de personnalisation en vrac et livraison garantie. Veuillez nous contacter pour un devis et un catalogue de produits.<\/p>\n<h2>Attributs du meuble-lavabo en PVC\uff1a<\/h2>\n<p><strong>Num\u00e9ro d'article :<\/strong>LD-5083-140BD<strong><br \/>Mat\u00e9riau de l'armoire :<\/strong> PVC<br \/><strong>Couleur de l'armoire :<\/strong> Noir<br \/><strong>Miroir :<\/strong> Miroir LED (3,5 mm\/3,8 mm), \u00e9clairage tricolore, d\u00e9sembuage par simple pression d'une touche, s\u00e9curis\u00e9 par un emballage en mousse multicouche.<br \/><strong>Type d'installation :<\/strong> Au sol<br \/><strong>Dimensions (L\u00d7L\u00d7H) :<\/strong> 140*50*55cm<br \/><strong>Poids brut :<\/strong> 42kg\/set<\/p>\n<h2>Personnalisation et services :<\/h2>\n<p><strong>OEM ET ODM<\/strong>: Pris en charge<br \/><strong>Conception<\/strong>: Gratuit<br \/><strong>Accessoires<\/strong>: Lavabos, miroirs, robinets et autres accessoires de salle de bains<br \/><strong>Emballage<\/strong>: Pr\u00eat \u00e0 monter<\/p>","protected":false},"featured_media":1492,"comment_status":"closed","ping_status":"closed","template":"","meta":{"_acf_changed":false},"product_brand":[],"product_cat":[24],"product_tag":[],"class_list":{"0":"post-1491","1":"product","2":"type-product","3":"status-publish","4":"has-post-thumbnail","6":"product_cat-wholesale-pvc-bathroom-vanity-cabinets","8":"first","9":"instock","10":"shipping-taxable","11":"product-type-simple"},"acf":[],"_links":{"self":[{"href":"https:\/\/www.shouyasanitary.com\/fr\/wp-json\/wp\/v2\/product\/1491","targetHints":{"allow":["GET"]}}],"collection":[{"href":"https:\/\/www.shouyasanitary.com\/fr\/wp-json\/wp\/v2\/product"}],"about":[{"href":"https:\/\/www.shouyasanitary.com\/fr\/wp-json\/wp\/v2\/types\/product"}],"replies":[{"embeddable":true,"href":"https:\/\/www.shouyasanitary.com\/fr\/wp-json\/wp\/v2\/comments?post=1491"}],"wp:featuredmedia":[{"embeddable":true,"href":"https:\/\/www.shouyasanitary.com\/fr\/wp-json\/wp\/v2\/media\/1492"}],"wp:attachment":[{"href":"https:\/\/www.shouyasanitary.com\/fr\/wp-json\/wp\/v2\/media?parent=1491"}],"wp:term":[{"taxonomy":"product_brand","embeddable":true,"href":"https:\/\/www.shouyasanitary.com\/fr\/wp-json\/wp\/v2\/product_brand?post=1491"},{"taxonomy":"product_cat","embeddable":true,"href":"https:\/\/www.shouyasanitary.com\/fr\/wp-json\/wp\/v2\/product_cat?post=1491"},{"taxonomy":"product_tag","embeddable":true,"href":"https:\/\/www.shouyasanitary.com\/fr\/wp-json\/wp\/v2\/product_tag?post=1491"}],"curies":[{"name":"wp","href":"https:\/\/api.w.org\/{rel}","templated":true}]}}