{"id":1495,"date":"2025-07-18T11:22:49","date_gmt":"2025-07-18T11:22:49","guid":{"rendered":"https:\/\/www.shouyasanitary.com\/?post_type=product&#038;p=1495"},"modified":"2025-07-18T11:22:51","modified_gmt":"2025-07-18T11:22:51","slug":"wholesale-bathroom-makeup-vanity","status":"publish","type":"product","link":"https:\/\/www.shouyasanitary.com\/fr\/produit\/wholesale-bathroom-makeup-vanity\/","title":{"rendered":"Wholesale Bathroom Makeup Vanity, New Arrival 2025 Bathroom PVC Wall Cabinets Custom"},"content":{"rendered":"<div class=\"wp-block-columns is-layout-flex wp-container-core-columns-is-layout-9d6595d7 wp-block-columns-is-layout-flex\">\n<div class=\"wp-block-column is-layout-flow wp-block-column-is-layout-flow\">\n<h2 class=\"wp-block-heading\">Vanit\u00e9 de maquillage de salle de bain Caract\u00e9ristiques :<\/h2>\n\n\n\n<p><strong>Coordination des couleurs : <\/strong>L'ensemble de la palette de couleurs se compose principalement d'un beige clair et doux, \u00e9voquant une impression de chaleur, de confort et de douceur. La vasque est peinte en blanc immacul\u00e9, cr\u00e9ant un contraste subtil avec le meuble beige clair, ce qui renforce l'impression de profondeur tout en \u00e9claircissant et en rangeant la salle de bains.<\/p>\n\n\n\n<p><strong>Conception de l'\u00e9clairage : <\/strong>Le miroir pr\u00e9sente un design carr\u00e9 irr\u00e9gulier aux lignes simples et \u00e9pur\u00e9es. Entour\u00e9 d'une d\u00e9licate bande lumineuse, l'\u00e9clairage doux fournit non seulement une lumi\u00e8re suffisante et uniforme pendant la toilette et le maquillage quotidiens, en r\u00e9duisant les ombres, mais il cr\u00e9e \u00e9galement une atmosph\u00e8re chaleureuse et romantique la nuit. En m\u00eame temps, il sert d'\u00e9l\u00e9ment d\u00e9coratif, faisant du miroir une pr\u00e9sence frappante dans la salle de bains.<\/p>\n\n\n\n<p><strong>R\u00e9sistant \u00e0 l'humidit\u00e9 : <\/strong>L'armoire principale est fabriqu\u00e9e en PVC et pr\u00e9sente d'excellentes propri\u00e9t\u00e9s d'\u00e9tanch\u00e9it\u00e9 et de r\u00e9sistance \u00e0 l'humidit\u00e9, ce qui lui permet de s'adapter efficacement \u00e0 l'environnement humide de la salle de bains et de prolonger sa dur\u00e9e de vie. <\/p>\n\n\n\n<p><strong>D\u00e9tails<\/strong>: La porte du meuble adopte un design sans poign\u00e9e, associ\u00e9 \u00e0 une poign\u00e9e invisible dor\u00e9e, \u00e0 la fois simple et \u00e9l\u00e9gante. <\/p>\n\n\n\n<p><strong>Facile \u00e0 nettoyer<\/strong>La m\u00e9thode d'installation suspendue permet non seulement de donner \u00e0 l'armoire de salle de bains un aspect l\u00e9ger et \u00e0 la mode, mais aussi de faciliter le nettoyage quotidien et de r\u00e9duire les zones mortes sanitaires. Un certain espace est r\u00e9serv\u00e9 sous le corps de l'armoire, qui peut accueillir de petits appareils m\u00e9nagers tels que des aspirateurs robotis\u00e9s, am\u00e9liorant ainsi l'utilisation de l'espace et la commodit\u00e9 de la vie quotidienne.<\/p>\n\n\n\n<p><strong>Fournir des options personnalis\u00e9es<\/strong>: Des services flexibles de personnalisation de la taille, de la couleur et de la configuration fonctionnelle peuvent \u00eatre fournis en fonction de l'agencement de l'espace, des besoins en eau, des styles de couleur, etc.<\/p>\n<\/div>\n\n\n\n<div class=\"wp-block-column is-layout-flow wp-block-column-is-layout-flow\"><div class=\"wp-block-image\">\n<figure class=\"aligncenter size-full\"><img decoding=\"async\" width=\"700\" height=\"700\" src=\"https:\/\/www.shouyasanitary.com\/wp-content\/uploads\/2025\/07\/Bulk-Purchases-Vanity.webp\" alt=\"Achats en vrac Vanit\u00e9\" class=\"wp-image-1496\" style=\"object-fit:cover\" srcset=\"https:\/\/www.shouyasanitary.com\/wp-content\/uploads\/2025\/07\/Bulk-Purchases-Vanity.webp 700w, https:\/\/www.shouyasanitary.com\/wp-content\/uploads\/2025\/07\/Bulk-Purchases-Vanity-300x300.webp 300w, https:\/\/www.shouyasanitary.com\/wp-content\/uploads\/2025\/07\/Bulk-Purchases-Vanity-150x150.webp 150w, https:\/\/www.shouyasanitary.com\/wp-content\/uploads\/2025\/07\/Bulk-Purchases-Vanity-12x12.webp 12w, https:\/\/www.shouyasanitary.com\/wp-content\/uploads\/2025\/07\/Bulk-Purchases-Vanity-600x600.webp 600w, https:\/\/www.shouyasanitary.com\/wp-content\/uploads\/2025\/07\/Bulk-Purchases-Vanity-100x100.webp 100w\" sizes=\"(max-width: 700px) 100vw, 700px\" \/><\/figure>\n<\/div><\/div>\n<\/div>","protected":false},"excerpt":{"rendered":"<p>Meuble de maquillage pour salle de bain, couleur blanc cr\u00e8me \u00e9l\u00e9gant, assorti d'un mat\u00e9riau PVC imperm\u00e9able, d'un \u00e9vier et d'une armoire de toilette \u00e0 LED, id\u00e9al pour les salles de bain modernes. Shouya fournit une solution compl\u00e8te, nous vous invitons \u00e0 nous contacter pour obtenir un devis gratuit d\u00e8s aujourd'hui !<\/p>\n<h2>Attributs du meuble de maquillage de salle de bains\uff1a<\/h2>\n<p><strong>Num\u00e9ro d'article :<\/strong>LD-5078-100M<strong><br \/>Mat\u00e9riau de l'armoire :<\/strong> PVC<br \/><strong>Couleur de l'armoire :<\/strong>Jaune<br \/><strong>Miroir :<\/strong> Miroir LED (3,5 mm\/3,8 mm), \u00e9clairage tricolore, d\u00e9sembuage par simple pression d'une touche, s\u00e9curis\u00e9 par un emballage en mousse multicouche.<br \/><strong>Type d'installation :<\/strong>\u00a0Montage mural<br \/><strong>Dimensions (L\u00d7L\u00d7H) :<\/strong> 100*47*50cm<br \/><strong>Poids brut :<\/strong> 38kg\/set<\/p>\n<h2>Personnalisation et services :<\/h2>\n<p><strong>OEM ET ODM<\/strong>: Pris en charge<br \/><strong>Conception<\/strong>: Gratuit<br \/><strong>Accessoires<\/strong>: Lavabos, miroirs, robinets et autres accessoires de salle de bains<br \/><strong>Emballage<\/strong>: Pr\u00eat \u00e0 monter<\/p>","protected":false},"featured_media":1496,"comment_status":"closed","ping_status":"closed","template":"","meta":{"_acf_changed":false},"product_brand":[],"product_cat":[24],"product_tag":[],"class_list":{"0":"post-1495","1":"product","2":"type-product","3":"status-publish","4":"has-post-thumbnail","6":"product_cat-wholesale-pvc-bathroom-vanity-cabinets","8":"first","9":"instock","10":"shipping-taxable","11":"product-type-simple"},"acf":[],"_links":{"self":[{"href":"https:\/\/www.shouyasanitary.com\/fr\/wp-json\/wp\/v2\/product\/1495","targetHints":{"allow":["GET"]}}],"collection":[{"href":"https:\/\/www.shouyasanitary.com\/fr\/wp-json\/wp\/v2\/product"}],"about":[{"href":"https:\/\/www.shouyasanitary.com\/fr\/wp-json\/wp\/v2\/types\/product"}],"replies":[{"embeddable":true,"href":"https:\/\/www.shouyasanitary.com\/fr\/wp-json\/wp\/v2\/comments?post=1495"}],"wp:featuredmedia":[{"embeddable":true,"href":"https:\/\/www.shouyasanitary.com\/fr\/wp-json\/wp\/v2\/media\/1496"}],"wp:attachment":[{"href":"https:\/\/www.shouyasanitary.com\/fr\/wp-json\/wp\/v2\/media?parent=1495"}],"wp:term":[{"taxonomy":"product_brand","embeddable":true,"href":"https:\/\/www.shouyasanitary.com\/fr\/wp-json\/wp\/v2\/product_brand?post=1495"},{"taxonomy":"product_cat","embeddable":true,"href":"https:\/\/www.shouyasanitary.com\/fr\/wp-json\/wp\/v2\/product_cat?post=1495"},{"taxonomy":"product_tag","embeddable":true,"href":"https:\/\/www.shouyasanitary.com\/fr\/wp-json\/wp\/v2\/product_tag?post=1495"}],"curies":[{"name":"wp","href":"https:\/\/api.w.org\/{rel}","templated":true}]}}