{"id":1499,"date":"2025-07-18T11:22:42","date_gmt":"2025-07-18T11:22:42","guid":{"rendered":"https:\/\/www.shouyasanitary.com\/?post_type=product&#038;p=1499"},"modified":"2025-07-19T09:29:21","modified_gmt":"2025-07-19T09:29:21","slug":"custom-cabinet-bathroom","status":"publish","type":"product","link":"https:\/\/www.shouyasanitary.com\/fr\/produit\/custom-cabinet-bathroom\/","title":{"rendered":"Meuble de salle de bain PVC, Meuble de salle de bain gris moderne avec miroir en vrac"},"content":{"rendered":"<div class=\"wp-block-columns is-layout-flex wp-container-core-columns-is-layout-9d6595d7 wp-block-columns-is-layout-flex\">\n<div class=\"wp-block-column is-layout-flow wp-block-column-is-layout-flow\">\n<h2 class=\"wp-block-heading\">Cabinet Caract\u00e9ristiques de la salle de bains\uff1a<\/h2>\n\n\n\n<p><strong>Fonction de rangement : <\/strong>Le meuble principal est \u00e9quip\u00e9 de deux tiroirs aux lignes \u00e9pur\u00e9es qui s'harmonisent avec le style g\u00e9n\u00e9ral. La disposition des deux tiroirs offre un espace de rangement important et clairement cat\u00e9goris\u00e9, permettant de ranger s\u00e9par\u00e9ment les articles de toilette, les produits de soins de la peau et bien plus encore. Cela facilite l'acc\u00e8s, \u00e9limine l'encombrement du plan de travail et permet de garder la salle de bains bien rang\u00e9e et organis\u00e9e, am\u00e9liorant ainsi l'efficacit\u00e9 de l'utilisation quotidienne.<\/p>\n\n\n\n<p><strong>Coordination g\u00e9n\u00e9rale du style : <\/strong>\u00c9quip\u00e9e d'un miroir circulaire lumineux, la bande lumineuse annulaire renforce la sensation d'exquise de l'espace, combin\u00e9e \u00e0 une armoire en PVC de couleur grise et \u00e0 un comptoir simple. Des caract\u00e9ristiques des mat\u00e9riaux \u00e0 la conception fonctionnelle, ce meuble permet de cr\u00e9er une salle de bains pratique et belle, r\u00e9pondant aux divers besoins des familles modernes en mati\u00e8re de rangement, de durabilit\u00e9 et d'apparence.<\/p>\n\n\n\n<p><strong>Facile \u00e0 installer<\/strong>: La structure modulaire permet une installation pratique et rapide sur le mur, ce qui permet d'\u00e9conomiser du temps de construction et des co\u00fbts de main-d'\u0153uvre.<\/p>\n\n\n\n<p><strong>Soutenir les solutions personnalis\u00e9es<\/strong>: Fournir de multiples services personnalis\u00e9s en termes de taille, de couleur, de mat\u00e9riau, de LOGO et d'emballage, et s'adapter avec souplesse aux diff\u00e9rents besoins du march\u00e9 dans le monde entier.<\/p>\n<\/div>\n\n\n\n<div class=\"wp-block-column is-layout-flow wp-block-column-is-layout-flow\"><div class=\"wp-block-image\">\n<figure class=\"aligncenter size-full\"><img decoding=\"async\" width=\"700\" height=\"700\" src=\"https:\/\/www.shouyasanitary.com\/wp-content\/uploads\/2025\/07\/Custom-Luxury-Bathroom.webp\" alt=\"Armoire de salle de bain de luxe sur mesure\" class=\"wp-image-1500\" style=\"object-fit:cover\" srcset=\"https:\/\/www.shouyasanitary.com\/wp-content\/uploads\/2025\/07\/Custom-Luxury-Bathroom.webp 700w, https:\/\/www.shouyasanitary.com\/wp-content\/uploads\/2025\/07\/Custom-Luxury-Bathroom-300x300.webp 300w, https:\/\/www.shouyasanitary.com\/wp-content\/uploads\/2025\/07\/Custom-Luxury-Bathroom-150x150.webp 150w, https:\/\/www.shouyasanitary.com\/wp-content\/uploads\/2025\/07\/Custom-Luxury-Bathroom-12x12.webp 12w, https:\/\/www.shouyasanitary.com\/wp-content\/uploads\/2025\/07\/Custom-Luxury-Bathroom-600x600.webp 600w, https:\/\/www.shouyasanitary.com\/wp-content\/uploads\/2025\/07\/Custom-Luxury-Bathroom-100x100.webp 100w\" sizes=\"(max-width: 700px) 100vw, 700px\" \/><\/figure>\n<\/div><\/div>\n<\/div>","protected":false},"excerpt":{"rendered":"<p>Armoire de salle de bain personnalis\u00e9e, fabriqu\u00e9e en PVC, d'aspect gris, assortie au miroir LED tactile, qui est moderne et pratique. Il est possible de le personnaliser en OEM et de l'acheter en gros. N'h\u00e9sitez pas \u00e0 nous demander un devis pour la vente en gros !<\/p>\n<h2>Cabinet Attributs de la salle de bain\uff1a<\/h2>\n<p><strong>Num\u00e9ro d'article : <\/strong>LT-5080-80LG<strong><br \/>Mat\u00e9riau de l'armoire :<\/strong> PVC<br \/><strong>Couleur de l'armoire :<\/strong> Gris<br \/><strong>Miroir :<\/strong> Miroir LED (3,5 mm\/3,8 mm), \u00e9clairage tricolore, d\u00e9sembuage par simple pression d'une touche, s\u00e9curis\u00e9 par un emballage en mousse multicouche.<br \/><strong>Type d'installation :<\/strong>\u00a0Montage mural<br \/><strong>Dimensions (L\u00d7L\u00d7H) :<\/strong> 80x47x50 cm<br \/><strong>Poids brut : <\/strong>35kg\/set<\/p>\n<h2>Personnalisation et services :<\/h2>\n<p><strong>OEM ET ODM<\/strong>: Pris en charge<br \/><strong>Conception<\/strong>: Gratuit<br \/><strong>Accessoires<\/strong>: Lavabos, miroirs, robinets et autres accessoires de salle de bains<br \/><strong>Emballage<\/strong>: Pr\u00eat \u00e0 monter<\/p>","protected":false},"featured_media":1500,"comment_status":"closed","ping_status":"closed","template":"","meta":{"_acf_changed":false},"product_brand":[],"product_cat":[24],"product_tag":[],"class_list":{"0":"post-1499","1":"product","2":"type-product","3":"status-publish","4":"has-post-thumbnail","6":"product_cat-wholesale-pvc-bathroom-vanity-cabinets","8":"first","9":"instock","10":"shipping-taxable","11":"product-type-simple"},"acf":[],"_links":{"self":[{"href":"https:\/\/www.shouyasanitary.com\/fr\/wp-json\/wp\/v2\/product\/1499","targetHints":{"allow":["GET"]}}],"collection":[{"href":"https:\/\/www.shouyasanitary.com\/fr\/wp-json\/wp\/v2\/product"}],"about":[{"href":"https:\/\/www.shouyasanitary.com\/fr\/wp-json\/wp\/v2\/types\/product"}],"replies":[{"embeddable":true,"href":"https:\/\/www.shouyasanitary.com\/fr\/wp-json\/wp\/v2\/comments?post=1499"}],"wp:featuredmedia":[{"embeddable":true,"href":"https:\/\/www.shouyasanitary.com\/fr\/wp-json\/wp\/v2\/media\/1500"}],"wp:attachment":[{"href":"https:\/\/www.shouyasanitary.com\/fr\/wp-json\/wp\/v2\/media?parent=1499"}],"wp:term":[{"taxonomy":"product_brand","embeddable":true,"href":"https:\/\/www.shouyasanitary.com\/fr\/wp-json\/wp\/v2\/product_brand?post=1499"},{"taxonomy":"product_cat","embeddable":true,"href":"https:\/\/www.shouyasanitary.com\/fr\/wp-json\/wp\/v2\/product_cat?post=1499"},{"taxonomy":"product_tag","embeddable":true,"href":"https:\/\/www.shouyasanitary.com\/fr\/wp-json\/wp\/v2\/product_tag?post=1499"}],"curies":[{"name":"wp","href":"https:\/\/api.w.org\/{rel}","templated":true}]}}