{"id":1503,"date":"2025-07-18T11:22:55","date_gmt":"2025-07-18T11:22:55","guid":{"rendered":"https:\/\/www.shouyasanitary.com\/?post_type=product&#038;p=1503"},"modified":"2025-07-18T11:22:57","modified_gmt":"2025-07-18T11:22:57","slug":"wholesale-cabinets-bathroom","status":"publish","type":"product","link":"https:\/\/www.shouyasanitary.com\/fr\/produit\/wholesale-cabinets-bathroom\/","title":{"rendered":"Wholesale Cabinets Bathroom, Plywood Black Bathroom Vanity with Mirror Light and Washbasin"},"content":{"rendered":"<div class=\"wp-block-columns is-layout-flex wp-container-core-columns-is-layout-9d6595d7 wp-block-columns-is-layout-flex\">\n<div class=\"wp-block-column is-layout-flow wp-block-column-is-layout-flow\">\n<h2 class=\"wp-block-heading\">Armoires Caract\u00e9ristiques de la salle de bains\uff1a<\/h2>\n\n\n\n<p><strong>Style de couleur unique : <\/strong>Ce meuble de salle de bains adopte une couleur noire classique. Plac\u00e9 contre le mur de marbre textur\u00e9, le corps de l'armoire noire semble particuli\u00e8rement stable, \u00e9l\u00e9gant et riche en texture. Le noir n'est pas seulement polyvalent, il s'int\u00e8gre facilement dans les salles de bains de diff\u00e9rents styles de d\u00e9coration, mais il d\u00e9gage \u00e9galement un style luxueux et discret, ajoutant un charme unique \u00e0 l'espace de la salle de bains.<\/p>\n\n\n\n<p><strong>Excellente r\u00e9sistance \u00e0 l'humidit\u00e9 et \u00e0 l'eau : <\/strong>Fabriqu\u00e9 en contreplaqu\u00e9 et trait\u00e9 selon des techniques sp\u00e9ciales, il pr\u00e9sente une excellente r\u00e9sistance \u00e0 l'humidit\u00e9 et \u00e0 l'eau. Dans une salle de bains humide, il peut r\u00e9sister efficacement \u00e0 l'\u00e9rosion de l'humidit\u00e9, emp\u00eachant la d\u00e9formation, la moisissure et d'autres probl\u00e8mes dans l'armoire, prolongeant consid\u00e9rablement la dur\u00e9e de vie de l'armoire de salle de bains et \u00e9liminant la n\u00e9cessit\u00e9 pour les utilisateurs de s'inqui\u00e9ter des dommages caus\u00e9s par l'humidit\u00e9.<\/p>\n\n\n\n<p><strong>Forte durabilit\u00e9 : <\/strong>Le contreplaqu\u00e9 lui-m\u00eame a une structure stable et une grande r\u00e9sistance. Apr\u00e8s un traitement et une fabrication minutieux, ce meuble de salle de bains poss\u00e8de une excellente durabilit\u00e9. Qu'elle soit utilis\u00e9e fr\u00e9quemment dans la vie quotidienne ou expos\u00e9e \u00e0 l'environnement particulier de la salle de bains pendant une longue p\u00e9riode, elle peut conserver un bon \u00e9tat, \u00e9tant robuste et fiable, et capable de r\u00e9sister \u00e0 l'\u00e9preuve du temps.<\/p>\n\n\n\n<p><strong>Une conception ing\u00e9nieuse du rangement : <\/strong>Le meuble principal est \u00e9quip\u00e9 de grands tiroirs aux lignes douces et simples qui compl\u00e8tent le style g\u00e9n\u00e9ral. Ces grands tiroirs offrent un vaste espace de rangement, permettant d'organiser facilement les divers articles de toilette, les serviettes et d'autres articles, pour que la salle de bains reste propre et ordonn\u00e9e. Les tiroirs s'ouvrent et se ferment en douceur, offrant une excellente exp\u00e9rience \u00e0 l'utilisateur. Ils facilitent \u00e9galement l'acc\u00e8s aux articles et leur rangement, r\u00e9pondant ainsi aux besoins pratiques des utilisateurs en mati\u00e8re d'organisation de la salle de bains.<\/p>\n\n\n\n<p><strong>Prise en charge de la personnalisation int\u00e9gr\u00e9e<\/strong>Les produits de salle de bain : un ensemble complet de produits de salle de bain, y compris les armoires de toilette, les robinets, les \u00e9tag\u00e8res, les accessoires de quincaillerie, etc. sont fournis simultan\u00e9ment pour faciliter l'approvisionnement et l'installation unifi\u00e9s des projets d'ing\u00e9nierie.<\/p>\n<\/div>\n\n\n\n<div class=\"wp-block-column is-layout-flow wp-block-column-is-layout-flow\"><div class=\"wp-block-image\">\n<figure class=\"aligncenter size-full\"><img decoding=\"async\" width=\"700\" height=\"700\" src=\"https:\/\/www.shouyasanitary.com\/wp-content\/uploads\/2025\/07\/Wholesale-Bathroom-Cabinet.webp\" alt=\"Wholesale Bathroom Cabinet\" class=\"wp-image-1506\" style=\"object-fit:cover\" srcset=\"https:\/\/www.shouyasanitary.com\/wp-content\/uploads\/2025\/07\/Wholesale-Bathroom-Cabinet.webp 700w, https:\/\/www.shouyasanitary.com\/wp-content\/uploads\/2025\/07\/Wholesale-Bathroom-Cabinet-300x300.webp 300w, https:\/\/www.shouyasanitary.com\/wp-content\/uploads\/2025\/07\/Wholesale-Bathroom-Cabinet-150x150.webp 150w, https:\/\/www.shouyasanitary.com\/wp-content\/uploads\/2025\/07\/Wholesale-Bathroom-Cabinet-12x12.webp 12w, https:\/\/www.shouyasanitary.com\/wp-content\/uploads\/2025\/07\/Wholesale-Bathroom-Cabinet-600x600.webp 600w, https:\/\/www.shouyasanitary.com\/wp-content\/uploads\/2025\/07\/Wholesale-Bathroom-Cabinet-100x100.webp 100w\" sizes=\"(max-width: 700px) 100vw, 700px\" \/><\/figure>\n<\/div><\/div>\n<\/div>","protected":false},"excerpt":{"rendered":"<p>Armoires de salle de bain en gros, design mural, avec miroir LED, lavabo et facuet, etc., aspect noir, parfait pour les projets d'ing\u00e9nierie de salle de bain qui recherchent un style haut de gamme. Nombreuses options de personnalisation, stock en vrac semi-personnalis\u00e9. Contactez-nous pour obtenir des solutions !<\/p>\n<h2>Armoires Salle de bain Attributs\uff1a<\/h2>\n<p><strong>Num\u00e9ro d'article : <\/strong>SY2004-80G<strong><br \/>Mat\u00e9riau de l'armoire :<\/strong> Contreplaqu\u00e9<br \/><strong>Couleur de l'armoire :<\/strong> Noir<br \/><strong>Miroir :<\/strong> Miroir LED (3,5 mm\/3,8 mm), \u00e9clairage tricolore, d\u00e9sembuage par simple pression d'une touche, s\u00e9curis\u00e9 par un emballage en mousse multicouche.<br \/><strong>Type d'installation :<\/strong>\u00a0Montage mural<br \/><strong>Dimensions (L\u00d7L\u00d7H) :<\/strong> 80x50x55 cm<br \/><strong>Poids brut : <\/strong>35kg\/set<\/p>\n<h2>Personnalisation et services :<\/h2>\n<p><strong>OEM ET ODM<\/strong>: Pris en charge<br \/><strong>Conception<\/strong>: Gratuit<br \/><strong>Accessoires<\/strong>: Lavabos, miroirs, robinets et autres accessoires de salle de bains<br \/><strong>Emballage<\/strong>: Pr\u00eat \u00e0 monter<\/p>","protected":false},"featured_media":1506,"comment_status":"closed","ping_status":"closed","template":"","meta":{"_acf_changed":false},"product_brand":[],"product_cat":[20],"product_tag":[],"class_list":{"0":"post-1503","1":"product","2":"type-product","3":"status-publish","4":"has-post-thumbnail","6":"product_cat-wholesale-plywood-bathroom-vanity-cabinets","8":"first","9":"instock","10":"shipping-taxable","11":"product-type-simple"},"acf":[],"_links":{"self":[{"href":"https:\/\/www.shouyasanitary.com\/fr\/wp-json\/wp\/v2\/product\/1503","targetHints":{"allow":["GET"]}}],"collection":[{"href":"https:\/\/www.shouyasanitary.com\/fr\/wp-json\/wp\/v2\/product"}],"about":[{"href":"https:\/\/www.shouyasanitary.com\/fr\/wp-json\/wp\/v2\/types\/product"}],"replies":[{"embeddable":true,"href":"https:\/\/www.shouyasanitary.com\/fr\/wp-json\/wp\/v2\/comments?post=1503"}],"wp:featuredmedia":[{"embeddable":true,"href":"https:\/\/www.shouyasanitary.com\/fr\/wp-json\/wp\/v2\/media\/1506"}],"wp:attachment":[{"href":"https:\/\/www.shouyasanitary.com\/fr\/wp-json\/wp\/v2\/media?parent=1503"}],"wp:term":[{"taxonomy":"product_brand","embeddable":true,"href":"https:\/\/www.shouyasanitary.com\/fr\/wp-json\/wp\/v2\/product_brand?post=1503"},{"taxonomy":"product_cat","embeddable":true,"href":"https:\/\/www.shouyasanitary.com\/fr\/wp-json\/wp\/v2\/product_cat?post=1503"},{"taxonomy":"product_tag","embeddable":true,"href":"https:\/\/www.shouyasanitary.com\/fr\/wp-json\/wp\/v2\/product_tag?post=1503"}],"curies":[{"name":"wp","href":"https:\/\/api.w.org\/{rel}","templated":true}]}}