{"id":1535,"date":"2025-07-18T11:23:59","date_gmt":"2025-07-18T11:23:59","guid":{"rendered":"https:\/\/www.shouyasanitary.com\/?post_type=product&#038;p=1535"},"modified":"2025-07-19T07:24:03","modified_gmt":"2025-07-19T07:24:03","slug":"custom-bathroom-wall-cabinets","status":"publish","type":"product","link":"https:\/\/www.shouyasanitary.com\/fr\/produit\/custom-bathroom-wall-cabinets\/","title":{"rendered":"Armoires murales de salle de bain sur mesure, Vanit\u00e9 de salle de bain en PVC blanc avec \u00e9vier en vrac"},"content":{"rendered":"<div class=\"wp-block-columns is-layout-flex wp-container-core-columns-is-layout-9d6595d7 wp-block-columns-is-layout-flex\">\n<div class=\"wp-block-column is-layout-flow wp-block-column-is-layout-flow\">\n<h2 class=\"wp-block-heading\">Caract\u00e9ristiques des armoires murales de salle de bains\uff1a<\/h2>\n\n\n\n<p><strong>Mat\u00e9riau PVC de haute qualit\u00e9<\/strong>Il ne se d\u00e9forme pas et ne pourrit pas dans un environnement de salle de bains humide. Il ne se d\u00e9forme pas et ne pourrit pas dans une salle de bains humide. Il est facile \u00e0 entretenir, car il se nettoie avec un chiffon humide. De plus, il est respectueux de l'environnement et constitue une solution de rangement durable pour la salle de bains.<\/p>\n\n\n\n<p><strong>Aspect moderne :<\/strong> Le design pr\u00e9sente une esth\u00e9tique simple et tendance, avec des lignes douces et soign\u00e9es. Associ\u00e9 \u00e0 une armoire de toilette intelligente, il est dot\u00e9 d'un \u00e9clairage d'ambiance et d'un affichage de l'heure, ce qui renforce l'atmosph\u00e8re et l'aspect pratique. La couleur de l'armoire est douce, avec des poign\u00e9es dor\u00e9es pour la d\u00e9coration, ce qui am\u00e9liore l'effet visuel. Elle est compatible avec diff\u00e9rents styles de d\u00e9coration, ajoutant une touche haut de gamme \u00e0 la salle de bains.<\/p>\n\n\n\n<p><strong>Fonction de rangement pratique : <\/strong>L'armoire de toilette et l'armoire basse ont une double fonction de rangement. L'armoire de toilette dispose de plusieurs niveaux de rangement pour les articles de toilette, ce qui en facilite l'acc\u00e8s ; l'armoire inf\u00e9rieure a une grande capacit\u00e9 et est bien organis\u00e9e, ce qui permet de ranger par cat\u00e9gorie les serviettes de bain, les articles divers, etc., \u00e9liminant ainsi le d\u00e9sordre dans la salle de bains et permettant un rangement ordonn\u00e9, r\u00e9pondant aux besoins de rangement des articles de toilette quotidiens.<\/p>\n\n\n\n<p><strong>Soutenir les solutions personnalis\u00e9es<\/strong>: Fournir de multiples services personnalis\u00e9s en termes de taille, de couleur, de mat\u00e9riau, de LOGO et d'emballage, et s'adapter avec souplesse aux diff\u00e9rents besoins du march\u00e9 dans le monde entier.<\/p>\n<\/div>\n\n\n\n<div class=\"wp-block-column is-layout-flow wp-block-column-is-layout-flow\"><div class=\"wp-block-image\">\n<figure class=\"aligncenter size-full\"><img decoding=\"async\" width=\"700\" height=\"700\" src=\"https:\/\/www.shouyasanitary.com\/wp-content\/uploads\/2025\/07\/Wholesale-Bathroom-Vanity-Cabinet.webp\" alt=\"Wholesale Bathroom Vanity Cabinet\" class=\"wp-image-1537\" style=\"object-fit:cover\" srcset=\"https:\/\/www.shouyasanitary.com\/wp-content\/uploads\/2025\/07\/Wholesale-Bathroom-Vanity-Cabinet.webp 700w, https:\/\/www.shouyasanitary.com\/wp-content\/uploads\/2025\/07\/Wholesale-Bathroom-Vanity-Cabinet-300x300.webp 300w, https:\/\/www.shouyasanitary.com\/wp-content\/uploads\/2025\/07\/Wholesale-Bathroom-Vanity-Cabinet-150x150.webp 150w, https:\/\/www.shouyasanitary.com\/wp-content\/uploads\/2025\/07\/Wholesale-Bathroom-Vanity-Cabinet-12x12.webp 12w, https:\/\/www.shouyasanitary.com\/wp-content\/uploads\/2025\/07\/Wholesale-Bathroom-Vanity-Cabinet-600x600.webp 600w, https:\/\/www.shouyasanitary.com\/wp-content\/uploads\/2025\/07\/Wholesale-Bathroom-Vanity-Cabinet-100x100.webp 100w\" sizes=\"(max-width: 700px) 100vw, 700px\" \/><\/figure>\n<\/div><\/div>\n<\/div>","protected":false},"excerpt":{"rendered":"<p>Armoires murales de salle de bain personnalis\u00e9es, \u00e9tanches \u00e0 l'eau et \u00e0 l'humidit\u00e9, faciles \u00e0 nettoyer, avec une armoire de toilette \u00e0 LED, convenant \u00e0 une vari\u00e9t\u00e9 d'agencements de salle de bain. Nous offrons un service de personnalisation OEM\/ODM. N'h\u00e9sitez pas \u00e0 nous contacter pour obtenir le catalogue des produits et un devis !<\/p>\n<h2>Armoires murales de salle de bains Attributs\uff1a<\/h2>\n<p><strong>Num\u00e9ro d'article :<\/strong>LD-5078-80M<strong><br \/>Mat\u00e9riau de l'armoire :<\/strong> PVC<br \/><strong>Couleur de l'armoire :<\/strong> Blanc<br \/><strong>Miroir :<\/strong> Miroir LED (3,5 mm\/3,8 mm), \u00e9clairage tricolore, d\u00e9sembuage par simple pression d'une touche, s\u00e9curis\u00e9 par un emballage en mousse multicouche.<br \/><strong>Type d'installation :<\/strong>\u00a0Montage mural<br \/><strong>Dimensions (L\u00d7L\u00d7H) :<\/strong> 80x47x50 cm<br \/><strong>Poids brut :<\/strong> 30kg\/set<\/p>\n<h2>Personnalisation et services :<\/h2>\n<p><strong>OEM ET ODM<\/strong>: Pris en charge<br \/><strong>Conception<\/strong>: Gratuit<br \/><strong>Accessoires<\/strong>: Lavabos, miroirs, robinets et autres accessoires de salle de bains<br \/><strong>Emballage<\/strong>: Pr\u00eat \u00e0 monter<\/p>","protected":false},"featured_media":1537,"comment_status":"closed","ping_status":"closed","template":"","meta":{"_acf_changed":false},"product_brand":[],"product_cat":[24],"product_tag":[],"class_list":{"0":"post-1535","1":"product","2":"type-product","3":"status-publish","4":"has-post-thumbnail","6":"product_cat-wholesale-pvc-bathroom-vanity-cabinets","8":"first","9":"instock","10":"shipping-taxable","11":"product-type-simple"},"acf":[],"_links":{"self":[{"href":"https:\/\/www.shouyasanitary.com\/fr\/wp-json\/wp\/v2\/product\/1535","targetHints":{"allow":["GET"]}}],"collection":[{"href":"https:\/\/www.shouyasanitary.com\/fr\/wp-json\/wp\/v2\/product"}],"about":[{"href":"https:\/\/www.shouyasanitary.com\/fr\/wp-json\/wp\/v2\/types\/product"}],"replies":[{"embeddable":true,"href":"https:\/\/www.shouyasanitary.com\/fr\/wp-json\/wp\/v2\/comments?post=1535"}],"wp:featuredmedia":[{"embeddable":true,"href":"https:\/\/www.shouyasanitary.com\/fr\/wp-json\/wp\/v2\/media\/1537"}],"wp:attachment":[{"href":"https:\/\/www.shouyasanitary.com\/fr\/wp-json\/wp\/v2\/media?parent=1535"}],"wp:term":[{"taxonomy":"product_brand","embeddable":true,"href":"https:\/\/www.shouyasanitary.com\/fr\/wp-json\/wp\/v2\/product_brand?post=1535"},{"taxonomy":"product_cat","embeddable":true,"href":"https:\/\/www.shouyasanitary.com\/fr\/wp-json\/wp\/v2\/product_cat?post=1535"},{"taxonomy":"product_tag","embeddable":true,"href":"https:\/\/www.shouyasanitary.com\/fr\/wp-json\/wp\/v2\/product_tag?post=1535"}],"curies":[{"name":"wp","href":"https:\/\/api.w.org\/{rel}","templated":true}]}}