{"id":1536,"date":"2025-07-18T11:23:30","date_gmt":"2025-07-18T11:23:30","guid":{"rendered":"https:\/\/www.shouyasanitary.com\/?post_type=product&#038;p=1536"},"modified":"2025-07-19T09:12:26","modified_gmt":"2025-07-19T09:12:26","slug":"wholesale-bathroom-vanities-cabinets","status":"publish","type":"product","link":"https:\/\/www.shouyasanitary.com\/fr\/produit\/wholesale-bathroom-vanities-cabinets\/","title":{"rendered":"Wholesale Bathroom Vanities Cabinets, Floating White Bathroom Cabinet Custom"},"content":{"rendered":"<div class=\"wp-block-columns is-layout-flex wp-container-core-columns-is-layout-9d6595d7 wp-block-columns-is-layout-flex\">\n<div class=\"wp-block-column is-layout-flow wp-block-column-is-layout-flow\">\n<h2 class=\"wp-block-heading\">Wholesale Bathroom Vanities Cabinets Features\uff1a<\/h2>\n\n\n\n<p><strong>Mat\u00e9riau PVC durable :<\/strong> Il est imperm\u00e9able \u00e0 l'eau et \u00e0 l'humidit\u00e9. Il ne se d\u00e9forme pas et ne pourrit pas dans une salle de bains humide. Il est facile \u00e0 nettoyer et \u00e0 entretenir. Un chiffon humide suffit pour le nettoyer quotidiennement. Durable et respectueux de l'environnement, il prot\u00e8ge l'espace de la salle de bains.<\/p>\n\n\n\n<p><strong>Avantage de taille<\/strong>: La largeur de 80 cm convient \u00e0 la plupart des salles de bains familiales. Apr\u00e8s installation, il n'occupe pas trop d'espace. Dans une petite salle de bains, il peut cr\u00e9er une sensation d'ouverture, et dans une grande salle de bains, il est \u00e9galement coordonn\u00e9. Il offre un grand espace pour se laver et se toiletter, il est tr\u00e8s adaptable et peut \u00eatre facilement int\u00e9gr\u00e9 dans diff\u00e9rents am\u00e9nagements.<\/p>\n\n\n\n<p><strong>Conception polyvalente Concept<\/strong>: Il est associ\u00e9 \u00e0 une plaque de miroir simple et \u00e9l\u00e9gante. Les bords sont entour\u00e9s de bandes lumineuses d'ambiance. Lorsqu'elles sont allum\u00e9es, elles cr\u00e9ent un environnement chaleureux et lavant. Les lignes de l'armoire sont douces. La couleur principale est le blanc avec des poign\u00e9es exquises. Simple et \u00e0 la mode, elle s'adapte \u00e0 diff\u00e9rents styles de d\u00e9coration.<\/p>\n\n\n\n<p><strong>Facile \u00e0 installer<\/strong>: La structure modulaire permet une installation pratique et rapide sur le mur, ce qui permet d'\u00e9conomiser du temps de construction et des co\u00fbts de main-d'\u0153uvre.<\/p>\n\n\n\n<p><strong>Service OEM\/ODM<\/strong>: Shouya fournit des services professionnels de personnalisation pour r\u00e9pondre aux exigences de conception de la marque et aux exigences fonctionnelles des clients du commerce de d\u00e9tail et des projets de salle de bains.<\/p>\n<\/div>\n\n\n\n<div class=\"wp-block-column is-layout-flow wp-block-column-is-layout-flow\"><div class=\"wp-block-image\">\n<figure class=\"aligncenter size-full\"><img decoding=\"async\" width=\"700\" height=\"700\" src=\"https:\/\/www.shouyasanitary.com\/wp-content\/uploads\/2025\/07\/Wholesale-Bathroom-Vanity-Cabinet_1.webp\" alt=\"Wholesale Bathroom Vanity Cabinet_1\" class=\"wp-image-1542\" style=\"object-fit:cover\" srcset=\"https:\/\/www.shouyasanitary.com\/wp-content\/uploads\/2025\/07\/Wholesale-Bathroom-Vanity-Cabinet_1.webp 700w, https:\/\/www.shouyasanitary.com\/wp-content\/uploads\/2025\/07\/Wholesale-Bathroom-Vanity-Cabinet_1-300x300.webp 300w, https:\/\/www.shouyasanitary.com\/wp-content\/uploads\/2025\/07\/Wholesale-Bathroom-Vanity-Cabinet_1-150x150.webp 150w, https:\/\/www.shouyasanitary.com\/wp-content\/uploads\/2025\/07\/Wholesale-Bathroom-Vanity-Cabinet_1-12x12.webp 12w, https:\/\/www.shouyasanitary.com\/wp-content\/uploads\/2025\/07\/Wholesale-Bathroom-Vanity-Cabinet_1-600x600.webp 600w, https:\/\/www.shouyasanitary.com\/wp-content\/uploads\/2025\/07\/Wholesale-Bathroom-Vanity-Cabinet_1-100x100.webp 100w\" sizes=\"(max-width: 700px) 100vw, 700px\" \/><\/figure>\n<\/div><\/div>\n<\/div>\n\n\n\n<p><\/p>","protected":false},"excerpt":{"rendered":"<p>Meubles de salle de bain en gros, mat\u00e9riau PVC durable, simple et \u00e9l\u00e9gant, parfait pour diff\u00e9rents styles de salle de bain, facile \u00e0 installer et \u00e0 nettoyer. Nous vous invitons \u00e0 nous contacter pour un devis d'achat en gros !\u00a0<\/p>\n<h2>Armoires-lavabos Attributs\uff1a<\/h2>\n<p><strong>Num\u00e9ro d'article : <\/strong>6001-80V<strong><br \/>Mat\u00e9riau de l'armoire :<\/strong> PVC<br \/><strong>Couleur de l'armoire :<\/strong> Blanc<br \/><strong>Miroir :<\/strong> Miroir LED (3,5 mm\/3,8 mm), \u00e9clairage tricolore, d\u00e9sembuage par simple pression d'une touche, s\u00e9curis\u00e9 par un emballage en mousse multicouche.<br \/><strong>Type d'installation :<\/strong>\u00a0Montage mural<br \/><strong>Dimensions (L\u00d7L\u00d7H) :<\/strong> 80x47x47 cm<br \/><strong>Poids brut :<\/strong> 30kg\/set<\/p>\n<h2>Personnalisation et services :<\/h2>\n<p><strong>OEM ET ODM<\/strong>: Pris en charge<br \/><strong>Conception<\/strong>: Gratuit<br \/><strong>Accessoires<\/strong>: Lavabos, miroirs, robinets et autres accessoires de salle de bains<br \/><strong>Emballage<\/strong>: Pr\u00eat \u00e0 monter<\/p>","protected":false},"featured_media":1542,"comment_status":"closed","ping_status":"closed","template":"","meta":{"_acf_changed":true},"product_brand":[],"product_cat":[24],"product_tag":[],"class_list":{"0":"post-1536","1":"product","2":"type-product","3":"status-publish","4":"has-post-thumbnail","6":"product_cat-wholesale-pvc-bathroom-vanity-cabinets","8":"first","9":"instock","10":"shipping-taxable","11":"product-type-simple"},"acf":[],"_links":{"self":[{"href":"https:\/\/www.shouyasanitary.com\/fr\/wp-json\/wp\/v2\/product\/1536","targetHints":{"allow":["GET"]}}],"collection":[{"href":"https:\/\/www.shouyasanitary.com\/fr\/wp-json\/wp\/v2\/product"}],"about":[{"href":"https:\/\/www.shouyasanitary.com\/fr\/wp-json\/wp\/v2\/types\/product"}],"replies":[{"embeddable":true,"href":"https:\/\/www.shouyasanitary.com\/fr\/wp-json\/wp\/v2\/comments?post=1536"}],"wp:featuredmedia":[{"embeddable":true,"href":"https:\/\/www.shouyasanitary.com\/fr\/wp-json\/wp\/v2\/media\/1542"}],"wp:attachment":[{"href":"https:\/\/www.shouyasanitary.com\/fr\/wp-json\/wp\/v2\/media?parent=1536"}],"wp:term":[{"taxonomy":"product_brand","embeddable":true,"href":"https:\/\/www.shouyasanitary.com\/fr\/wp-json\/wp\/v2\/product_brand?post=1536"},{"taxonomy":"product_cat","embeddable":true,"href":"https:\/\/www.shouyasanitary.com\/fr\/wp-json\/wp\/v2\/product_cat?post=1536"},{"taxonomy":"product_tag","embeddable":true,"href":"https:\/\/www.shouyasanitary.com\/fr\/wp-json\/wp\/v2\/product_tag?post=1536"}],"curies":[{"name":"wp","href":"https:\/\/api.w.org\/{rel}","templated":true}]}}