{"id":1545,"date":"2025-07-18T11:23:16","date_gmt":"2025-07-18T11:23:16","guid":{"rendered":"https:\/\/www.shouyasanitary.com\/?post_type=product&#038;p=1545"},"modified":"2025-07-19T09:21:55","modified_gmt":"2025-07-19T09:21:55","slug":"factory-wholesale-bathroom-cabinets","status":"publish","type":"product","link":"https:\/\/www.shouyasanitary.com\/fr\/produit\/factory-wholesale-bathroom-cabinets\/","title":{"rendered":"Factory Wholesale Bathroom Cabinets, Plywood Wall mounted Bathroom Vanity"},"content":{"rendered":"<div class=\"wp-block-columns is-layout-flex wp-container-core-columns-is-layout-9d6595d7 wp-block-columns-is-layout-flex\">\n<div class=\"wp-block-column is-layout-flow wp-block-column-is-layout-flow\">\n<h2 class=\"wp-block-heading\">Armoires de salle de bains Caract\u00e9ristiques :<\/h2>\n\n\n\n<p><strong>Mat\u00e9riau durable en contreplaqu\u00e9 :<\/strong>Le corps de l'armoire est fabriqu\u00e9 en contreplaqu\u00e9, qui pr\u00e9sente une excellente stabilit\u00e9 structurelle, n'est pas susceptible de se d\u00e9former ou de se fissurer, pr\u00e9sente une bonne r\u00e9sistance \u00e0 l'humidit\u00e9 et est adapt\u00e9 \u00e0 un environnement humide. Le comptoir en granit est dur et r\u00e9sistant \u00e0 l'usure, anti-t\u00e2ches et anti-suintement.<\/p>\n\n\n\n<p><strong>Aspect moderne :<\/strong>La sp\u00e9cification de 100 cm convient \u00e0 la plupart des espaces de salle de bains, avec une disposition compacte et harmonieuse. Le meuble en contreplaqu\u00e9 peut subir diff\u00e9rents traitements de surface, pr\u00e9sentant une texture rustique ou \u00e0 la mode. Associ\u00e9e \u00e0 la texture naturelle du granit, elle est simple et moderne. Le miroir circulaire r\u00e9tro-\u00e9clair\u00e9 ajoute \u00e0 l'atmosph\u00e8re raffin\u00e9e et haut de gamme, rehaussant l'aspect de la salle de bains.<\/p>\n\n\n\n<p><strong>Grande capacit\u00e9 de stockage :<\/strong>Planification raisonnable des sections de rangement internes, combinant tiroirs et \u00e9tag\u00e8res. Les petits objets peuvent \u00eatre rang\u00e9s dans les tiroirs, tandis que les grands objets et les produits d'entretien peuvent \u00eatre plac\u00e9s sur les \u00e9tag\u00e8res. La longueur de 100 cm offre un espace de rangement suffisant, ce qui permet d'organiser le d\u00e9sordre dans la salle de bains et d'\u00e9viter le chaos sur le plan de travail, tout en pr\u00e9servant la propret\u00e9 et la fra\u00eecheur.<\/p>\n\n\n\n<p><strong>Service de personnalisation en vrac : <\/strong>Nous proposons des solutions semi-personnalis\u00e9es en vrac, avec une gamme de choix comprenant la couleur des armoires, les configurations des armoires de toilette, les mat\u00e9riaux des comptoirs et les styles de robinetterie, ce qui vous permet d'adapter la conception \u00e0 vos besoins sp\u00e9cifiques.<\/p>\n<\/div>\n\n\n\n<div class=\"wp-block-column is-layout-flow wp-block-column-is-layout-flow\"><div class=\"wp-block-image\">\n<figure class=\"aligncenter size-full\"><img decoding=\"async\" width=\"700\" height=\"700\" src=\"https:\/\/www.shouyasanitary.com\/wp-content\/uploads\/2025\/07\/wholesale-bathroom-cabinet-vanity.webp\" alt=\"meuble de salle de bain en gros\" class=\"wp-image-1546\" style=\"object-fit:cover\" srcset=\"https:\/\/www.shouyasanitary.com\/wp-content\/uploads\/2025\/07\/wholesale-bathroom-cabinet-vanity.webp 700w, https:\/\/www.shouyasanitary.com\/wp-content\/uploads\/2025\/07\/wholesale-bathroom-cabinet-vanity-300x300.webp 300w, https:\/\/www.shouyasanitary.com\/wp-content\/uploads\/2025\/07\/wholesale-bathroom-cabinet-vanity-150x150.webp 150w, https:\/\/www.shouyasanitary.com\/wp-content\/uploads\/2025\/07\/wholesale-bathroom-cabinet-vanity-12x12.webp 12w, https:\/\/www.shouyasanitary.com\/wp-content\/uploads\/2025\/07\/wholesale-bathroom-cabinet-vanity-600x600.webp 600w, https:\/\/www.shouyasanitary.com\/wp-content\/uploads\/2025\/07\/wholesale-bathroom-cabinet-vanity-100x100.webp 100w\" sizes=\"(max-width: 700px) 100vw, 700px\" \/><\/figure>\n<\/div><\/div>\n<\/div>","protected":false},"excerpt":{"rendered":"<p>Armoires de salle de bain en gros, aspect bleu fonc\u00e9, avec miroir LED, grande capacit\u00e9 de stockage et design mural, durable et pratique. Nous fournissons des services personnalis\u00e9s pour r\u00e9pondre aux besoins de votre projet, contactez-nous maintenant pour obtenir le catalogue des produits et le MOQ.\u00a0<\/p>\n<h2>Attributs des armoires de salle de bains\uff1a<\/h2>\n<p><strong>Num\u00e9ro d'article<\/strong>: SY1051-100<br \/><strong>Mat\u00e9riau de l'armoire<\/strong>: Contreplaqu\u00e9<br \/><strong>Couleur de l'armoire<\/strong>: Bleu fonc\u00e9<br \/><strong>Miroir<\/strong>: Miroir LED (3,5mm \/ 3,8mm), \u00e9clairage tricolore, d\u00e9sembuage par simple pression d'une touche, s\u00e9curis\u00e9 par un emballage en mousse multicouche. <br \/><strong>Type d'installation<\/strong>: Montage mural <br \/><strong>Dimensions (L \u00d7 L \u00d7 H)<\/strong>: 100 x 50 x 40 cm<br \/><strong>Poids brut<\/strong>: 35 kg\/set<\/p>\n<h2>Personnalisation et services :<\/h2>\n<p><strong>OEM ET ODM<\/strong>: Pris en charge<br \/><strong>Conception<\/strong>: Gratuit<br \/><strong>Accessoires<\/strong>: Lavabos, miroirs, robinets et autres accessoires de salle de bains<br \/><strong>Emballage<\/strong>: Pr\u00eat \u00e0 monter<\/p>","protected":false},"featured_media":1546,"comment_status":"closed","ping_status":"closed","template":"","meta":{"_acf_changed":true},"product_brand":[],"product_cat":[20],"product_tag":[],"class_list":{"0":"post-1545","1":"product","2":"type-product","3":"status-publish","4":"has-post-thumbnail","6":"product_cat-wholesale-plywood-bathroom-vanity-cabinets","8":"first","9":"instock","10":"shipping-taxable","11":"product-type-simple"},"acf":[],"_links":{"self":[{"href":"https:\/\/www.shouyasanitary.com\/fr\/wp-json\/wp\/v2\/product\/1545","targetHints":{"allow":["GET"]}}],"collection":[{"href":"https:\/\/www.shouyasanitary.com\/fr\/wp-json\/wp\/v2\/product"}],"about":[{"href":"https:\/\/www.shouyasanitary.com\/fr\/wp-json\/wp\/v2\/types\/product"}],"replies":[{"embeddable":true,"href":"https:\/\/www.shouyasanitary.com\/fr\/wp-json\/wp\/v2\/comments?post=1545"}],"wp:featuredmedia":[{"embeddable":true,"href":"https:\/\/www.shouyasanitary.com\/fr\/wp-json\/wp\/v2\/media\/1546"}],"wp:attachment":[{"href":"https:\/\/www.shouyasanitary.com\/fr\/wp-json\/wp\/v2\/media?parent=1545"}],"wp:term":[{"taxonomy":"product_brand","embeddable":true,"href":"https:\/\/www.shouyasanitary.com\/fr\/wp-json\/wp\/v2\/product_brand?post=1545"},{"taxonomy":"product_cat","embeddable":true,"href":"https:\/\/www.shouyasanitary.com\/fr\/wp-json\/wp\/v2\/product_cat?post=1545"},{"taxonomy":"product_tag","embeddable":true,"href":"https:\/\/www.shouyasanitary.com\/fr\/wp-json\/wp\/v2\/product_tag?post=1545"}],"curies":[{"name":"wp","href":"https:\/\/api.w.org\/{rel}","templated":true}]}}