{"id":1550,"date":"2025-07-18T11:23:23","date_gmt":"2025-07-18T11:23:23","guid":{"rendered":"https:\/\/www.shouyasanitary.com\/?post_type=product&#038;p=1550"},"modified":"2025-07-19T09:21:31","modified_gmt":"2025-07-19T09:21:31","slug":"custom-vanity-bathroom-cabinet","status":"publish","type":"product","link":"https:\/\/www.shouyasanitary.com\/fr\/produit\/custom-vanity-bathroom-cabinet\/","title":{"rendered":"Meuble de salle de bain en contreplaqu\u00e9 avec miroir LED en vrac"},"content":{"rendered":"<div class=\"wp-block-columns is-layout-flex wp-container-core-columns-is-layout-9d6595d7 wp-block-columns-is-layout-flex\">\n<div class=\"wp-block-column is-layout-flow wp-block-column-is-layout-flow\">\n<h2 class=\"wp-block-heading\">Meuble de salle de bain avec vasque Caract\u00e9ristiques :<\/h2>\n\n\n\n<p><strong>Contreplaqu\u00e9 de haute qualit\u00e9<\/strong>: Il pr\u00e9sente une r\u00e9sistance \u00e9lev\u00e9e et une bonne stabilit\u00e9, et n'est pas susceptible de se d\u00e9former ou de se fissurer. Il peut rester en bon \u00e9tat pendant longtemps. Le comptoir en granit est r\u00e9sistant \u00e0 l'usure, aux rayures, aux taches et facile \u00e0 nettoyer, et pr\u00e9sente \u00e9galement une excellente r\u00e9sistance aux temp\u00e9ratures \u00e9lev\u00e9es. Qu'il s'agisse de poser des articles de toilette ou d'en faire un usage quotidien, il peut tout supporter sans probl\u00e8me.<\/p>\n\n\n\n<p><strong>Fonction de stockage : <\/strong>Ce meuble de salle de bains offre un vaste espace de rangement. Il comporte des tiroirs de grande capacit\u00e9 et des compartiments de rangement ouverts. Les tiroirs peuvent \u00eatre utilis\u00e9s pour ranger divers articles de toilette, et les compartiments de rangement ouverts sont pratiques pour placer les articles fr\u00e9quemment utilis\u00e9s, ce qui les rend faciles d'acc\u00e8s. Le concept de zonage raisonnable permet de ranger les articles de toilette de mani\u00e8re ordonn\u00e9e, \u00e9liminant ainsi le d\u00e9sordre.<\/p>\n\n\n\n<p><strong>Avantages en termes de taille : <\/strong>La taille de 100 cm est juste ce qu'il faut. Elle n'occupe pas trop d'espace dans la salle de bains et ne r\u00e9pond pas aux besoins quotidiens. Il utilise pleinement l'espace mural.<\/p>\n\n\n\n<p><strong>Fourniture directe \u00e0 l'usine<\/strong>: Approvisionnement en usine Shouya, qualit\u00e9 du produit et d\u00e9lai de livraison garantis, prix plus comp\u00e9titifs. Possibilit\u00e9 d'acheter des produits en gros et \u00e0 bas prix.<\/p>\n<\/div>\n\n\n\n<div class=\"wp-block-column is-layout-flow wp-block-column-is-layout-flow\"><div class=\"wp-block-image\">\n<figure class=\"aligncenter size-full\"><img decoding=\"async\" width=\"700\" height=\"700\" src=\"https:\/\/www.shouyasanitary.com\/wp-content\/uploads\/2025\/07\/Wholesale-modern-Bathroom-Vanity-Cabinet.webp\" alt=\"Wholesale modern Bathroom Vanity Cabinet\" class=\"wp-image-1551\" style=\"object-fit:cover\" srcset=\"https:\/\/www.shouyasanitary.com\/wp-content\/uploads\/2025\/07\/Wholesale-modern-Bathroom-Vanity-Cabinet.webp 700w, https:\/\/www.shouyasanitary.com\/wp-content\/uploads\/2025\/07\/Wholesale-modern-Bathroom-Vanity-Cabinet-300x300.webp 300w, https:\/\/www.shouyasanitary.com\/wp-content\/uploads\/2025\/07\/Wholesale-modern-Bathroom-Vanity-Cabinet-150x150.webp 150w, https:\/\/www.shouyasanitary.com\/wp-content\/uploads\/2025\/07\/Wholesale-modern-Bathroom-Vanity-Cabinet-12x12.webp 12w, https:\/\/www.shouyasanitary.com\/wp-content\/uploads\/2025\/07\/Wholesale-modern-Bathroom-Vanity-Cabinet-600x600.webp 600w, https:\/\/www.shouyasanitary.com\/wp-content\/uploads\/2025\/07\/Wholesale-modern-Bathroom-Vanity-Cabinet-100x100.webp 100w\" sizes=\"(max-width: 700px) 100vw, 700px\" \/><\/figure>\n<\/div><\/div>\n<\/div>","protected":false},"excerpt":{"rendered":"<p>Meuble de salle de bain sur mesure, \u00e9quip\u00e9 d'un lavabo en c\u00e9ramique et d'un miroir LED, facile \u00e0 installer et \u00e0 nettoyer. Fabriqu\u00e9 en contreplaqu\u00e9 imperm\u00e9able, fourni directement par le fabricant, offre des services OED\/ODM, id\u00e9al pour les projets de salle de bain. Contactez-nous pour obtenir des solutions personnalis\u00e9es !<\/p>\n<h2>Armoire-lavabo sur mesure Attributs\uff1a<\/h2>\n<p><strong>Num\u00e9ro d'article :<\/strong>SY2004-100BE<strong><br \/>Mat\u00e9riau de l'armoire :<\/strong> Contreplaqu\u00e9<br \/><strong>Couleur de l'armoire : <\/strong> Marron<br \/><strong>Miroir :<\/strong>\u00a0Miroir LED (3,5 mm \/ 3,8 mm), \u00e9clairage tricolore, d\u00e9sembuage par simple pression d'une touche, s\u00e9curis\u00e9 par un emballage en mousse multicouche<br \/><strong>Type d'installation :<\/strong>\u00a0Montage mural<br \/><strong>Dimensions (L \u00d7 L \u00d7 H) :<\/strong> 100 x 50 x 55 cm<br \/><strong>Poids brut :<\/strong> 30 kg\/set<\/p>\n<h2>Personnalisation et services :<\/h2>\n<p><strong>OEM ET ODM<\/strong>: Pris en charge<br \/><strong>Conception<\/strong>: Gratuit<br \/><strong>Accessoires<\/strong>: Lavabos, miroirs, robinets et autres accessoires de salle de bains<br \/><strong>Emballage<\/strong>: Pr\u00eat \u00e0 monter<\/p>","protected":false},"featured_media":1551,"comment_status":"closed","ping_status":"closed","template":"","meta":{"_acf_changed":false},"product_brand":[],"product_cat":[20],"product_tag":[],"class_list":{"0":"post-1550","1":"product","2":"type-product","3":"status-publish","4":"has-post-thumbnail","6":"product_cat-wholesale-plywood-bathroom-vanity-cabinets","8":"first","9":"instock","10":"shipping-taxable","11":"product-type-simple"},"acf":[],"_links":{"self":[{"href":"https:\/\/www.shouyasanitary.com\/fr\/wp-json\/wp\/v2\/product\/1550","targetHints":{"allow":["GET"]}}],"collection":[{"href":"https:\/\/www.shouyasanitary.com\/fr\/wp-json\/wp\/v2\/product"}],"about":[{"href":"https:\/\/www.shouyasanitary.com\/fr\/wp-json\/wp\/v2\/types\/product"}],"replies":[{"embeddable":true,"href":"https:\/\/www.shouyasanitary.com\/fr\/wp-json\/wp\/v2\/comments?post=1550"}],"wp:featuredmedia":[{"embeddable":true,"href":"https:\/\/www.shouyasanitary.com\/fr\/wp-json\/wp\/v2\/media\/1551"}],"wp:attachment":[{"href":"https:\/\/www.shouyasanitary.com\/fr\/wp-json\/wp\/v2\/media?parent=1550"}],"wp:term":[{"taxonomy":"product_brand","embeddable":true,"href":"https:\/\/www.shouyasanitary.com\/fr\/wp-json\/wp\/v2\/product_brand?post=1550"},{"taxonomy":"product_cat","embeddable":true,"href":"https:\/\/www.shouyasanitary.com\/fr\/wp-json\/wp\/v2\/product_cat?post=1550"},{"taxonomy":"product_tag","embeddable":true,"href":"https:\/\/www.shouyasanitary.com\/fr\/wp-json\/wp\/v2\/product_tag?post=1550"}],"curies":[{"name":"wp","href":"https:\/\/api.w.org\/{rel}","templated":true}]}}