{"id":1571,"date":"2025-08-01T11:30:43","date_gmt":"2025-08-01T11:30:43","guid":{"rendered":"https:\/\/www.shouyasanitary.com\/?post_type=product&#038;p=1571"},"modified":"2025-08-01T11:30:50","modified_gmt":"2025-08-01T11:30:50","slug":"custom-bathroom-cabinets-vanity","status":"publish","type":"product","link":"https:\/\/www.shouyasanitary.com\/fr\/produit\/custom-bathroom-cabinets-vanity\/","title":{"rendered":"Meubles de salle de bain sur mesure, meuble de salle de bain avec double vasque et miroirs pour h\u00f4tel en vrac"},"content":{"rendered":"<div class=\"wp-block-columns is-layout-flex wp-container-core-columns-is-layout-9d6595d7 wp-block-columns-is-layout-flex\">\n<div class=\"wp-block-column is-layout-flow wp-block-column-is-layout-flow\">\n<h2 class=\"wp-block-heading\">Armoires de salle de bains Vanity Features\uff1a<\/h2>\n\n\n\n<p><strong>Style moderne et minimaliste<\/strong>: Le grand miroir d'ambiance intelligent est associ\u00e9 \u00e0 un meuble \u00e0 motifs verticaux, aux lignes \u00e9pur\u00e9es. La plate-forme de rangement inf\u00e9rieure ouverte et la double vasque cr\u00e9ent un espace de salle de bains transparent et ordonn\u00e9, r\u00e9pondant aux exigences esth\u00e9tiques des h\u00f4tels haut de gamme et d'autres lieux.<\/p>\n\n\n\n<p><strong>Large espace de stockage<\/strong>: Les articles de toilette les plus courants peuvent \u00eatre plac\u00e9s au-dessus des doubles vasques. La partie verticale de l'armoire dissimule l'espace de rangement. La plate-forme inf\u00e9rieure ouverte permet de ranger les serviettes et les objets en surplus, avec une division raisonnable qui r\u00e9pond aux besoins de plusieurs personnes l'utilisant simultan\u00e9ment et stockant une grande quantit\u00e9 d'objets de salle de bains.<\/p>\n\n\n\n<p><strong>Id\u00e9al pour les salles de bains spacieuses<\/strong>: La largeur de 120 cm convient aux grands espaces. La conception \u00e0 double cuve permet \u00e0 deux personnes de se laver simultan\u00e9ment, ce qui am\u00e9liore l'efficacit\u00e9 de l'utilisation. La taille \u00e9tendue offre plus d'espace pour le rangement et l'utilisation, cr\u00e9ant ainsi un environnement de salle de bains confortable et efficace.<\/p>\n\n\n\n<p><strong>Contreplaqu\u00e9 de haute qualit\u00e9<\/strong>: Fabriqu\u00e9 en contreplaqu\u00e9, il pr\u00e9sente une structure stable et une forte capacit\u00e9 de charge. Le traitement imperm\u00e9able \u00e0 l'eau et \u00e0 l'humidit\u00e9 convient \u00e0 l'environnement humide de la salle de bains, et il n'est pas susceptible de se d\u00e9former ou de se fissurer. Il allie durabilit\u00e9 et esth\u00e9tique, ce qui permet de r\u00e9duire les co\u00fbts d'entretien \u00e0 long terme.<\/p>\n\n\n\n<p><strong>Des solutions uniques pour la salle de bains :<\/strong> Outre les armoires de toilette, nous proposons \u00e9galement un ensemble complet de solutions pour la salle de bains, telles que des miroirs, des armoires de toilette, des robinets, des \u00e9tag\u00e8res, etc., afin de r\u00e9pondre \u00e0 l'ensemble des besoins d'achat des clients.<\/p>\n<\/div>\n\n\n\n<div class=\"wp-block-column is-layout-flow wp-block-column-is-layout-flow\"><div class=\"wp-block-image\">\n<figure class=\"aligncenter size-full\"><img decoding=\"async\" width=\"700\" height=\"700\" src=\"https:\/\/www.shouyasanitary.com\/wp-content\/uploads\/2025\/07\/Bulk-Purchases-Bathroom-Cabinet-Vanity.webp\" alt=\"Bulk Purchases Bathroom Cabinet Vanity\" class=\"wp-image-1572\" style=\"object-fit:cover\" srcset=\"https:\/\/www.shouyasanitary.com\/wp-content\/uploads\/2025\/07\/Bulk-Purchases-Bathroom-Cabinet-Vanity.webp 700w, https:\/\/www.shouyasanitary.com\/wp-content\/uploads\/2025\/07\/Bulk-Purchases-Bathroom-Cabinet-Vanity-300x300.webp 300w, https:\/\/www.shouyasanitary.com\/wp-content\/uploads\/2025\/07\/Bulk-Purchases-Bathroom-Cabinet-Vanity-150x150.webp 150w, https:\/\/www.shouyasanitary.com\/wp-content\/uploads\/2025\/07\/Bulk-Purchases-Bathroom-Cabinet-Vanity-12x12.webp 12w, https:\/\/www.shouyasanitary.com\/wp-content\/uploads\/2025\/07\/Bulk-Purchases-Bathroom-Cabinet-Vanity-600x600.webp 600w, https:\/\/www.shouyasanitary.com\/wp-content\/uploads\/2025\/07\/Bulk-Purchases-Bathroom-Cabinet-Vanity-100x100.webp 100w\" sizes=\"(max-width: 700px) 100vw, 700px\" \/><\/figure>\n<\/div><\/div>\n<\/div>","protected":false},"excerpt":{"rendered":"<p>Meuble de salle de bain sur mesure, design moderne, avec un mat\u00e9riau en contreplaqu\u00e9 de haute qualit\u00e9, une double vasque et une armoire de toilette intelligente. Id\u00e9al pour les projets h\u00f4teliers. Shouya offre une solution compl\u00e8te pour la salle de bain. N'h\u00e9sitez pas \u00e0 nous contacter pour un devis !<\/p>\n<h2>Armoires de salle de bain sur mesure Attributs du meuble-lavabo\uff1a<\/h2>\n<p><strong>Num\u00e9ro d'article<\/strong>: 6069-120<br \/><strong>Mat\u00e9riau de l'armoire :<\/strong>\u00a0Contreplaqu\u00e9<br \/><strong>Couleur de l'armoire :<\/strong> Marron<br \/><strong>Miroir :<\/strong> Miroir LED (3,5 mm\/3,8 mm), \u00e9clairage tricolore, d\u00e9sembuage par simple pression d'une touche, s\u00e9curis\u00e9 par un emballage en mousse multicouche.<br \/><strong>Type d'installation :<\/strong>\u00a0Montage mural<br \/><strong>Dimensions (L\u00d7L\u00d7H) :<\/strong> 120*47*27 cm<br \/>\u00a0 \u00a0 \u00a0 \u00a0 \u00a0 \u00a0 \u00a0 \u00a0 \u00a0 \u00a0 \u00a0 \u00a0 \u00a0 \u00a0 \u00a0 \u00a0 \u00a0 \u00a0 \u00a0 \u00a0 \u00a0 \u00a0 \u00a0 \u00a0 \u00a0 120*47*10 cm<br \/><strong>Poids brut :<\/strong> 38 kg\/set<\/p>\n<h2>Personnalisation et services :<\/h2>\n<p><strong>OEM ET ODM<\/strong>: Pris en charge<br \/><strong>Conception<\/strong>: Gratuit<br \/><strong>Accessoires<\/strong>: Lavabos, miroirs, robinets et autres accessoires de salle de bains<br \/><strong>Emballage<\/strong>: Pr\u00eat \u00e0 monter<\/p>","protected":false},"featured_media":1572,"comment_status":"closed","ping_status":"closed","template":"","meta":{"_acf_changed":true},"product_brand":[],"product_cat":[20],"product_tag":[],"class_list":{"0":"post-1571","1":"product","2":"type-product","3":"status-publish","4":"has-post-thumbnail","6":"product_cat-wholesale-plywood-bathroom-vanity-cabinets","8":"first","9":"instock","10":"shipping-taxable","11":"product-type-simple"},"acf":[],"_links":{"self":[{"href":"https:\/\/www.shouyasanitary.com\/fr\/wp-json\/wp\/v2\/product\/1571","targetHints":{"allow":["GET"]}}],"collection":[{"href":"https:\/\/www.shouyasanitary.com\/fr\/wp-json\/wp\/v2\/product"}],"about":[{"href":"https:\/\/www.shouyasanitary.com\/fr\/wp-json\/wp\/v2\/types\/product"}],"replies":[{"embeddable":true,"href":"https:\/\/www.shouyasanitary.com\/fr\/wp-json\/wp\/v2\/comments?post=1571"}],"wp:featuredmedia":[{"embeddable":true,"href":"https:\/\/www.shouyasanitary.com\/fr\/wp-json\/wp\/v2\/media\/1572"}],"wp:attachment":[{"href":"https:\/\/www.shouyasanitary.com\/fr\/wp-json\/wp\/v2\/media?parent=1571"}],"wp:term":[{"taxonomy":"product_brand","embeddable":true,"href":"https:\/\/www.shouyasanitary.com\/fr\/wp-json\/wp\/v2\/product_brand?post=1571"},{"taxonomy":"product_cat","embeddable":true,"href":"https:\/\/www.shouyasanitary.com\/fr\/wp-json\/wp\/v2\/product_cat?post=1571"},{"taxonomy":"product_tag","embeddable":true,"href":"https:\/\/www.shouyasanitary.com\/fr\/wp-json\/wp\/v2\/product_tag?post=1571"}],"curies":[{"name":"wp","href":"https:\/\/api.w.org\/{rel}","templated":true}]}}