{"id":1575,"date":"2025-08-01T11:31:04","date_gmt":"2025-08-01T11:31:04","guid":{"rendered":"https:\/\/www.shouyasanitary.com\/?post_type=product&#038;p=1575"},"modified":"2025-08-01T11:31:06","modified_gmt":"2025-08-01T11:31:06","slug":"wholesale-bathroom-cabinet-set","status":"publish","type":"product","link":"https:\/\/www.shouyasanitary.com\/fr\/produit\/wholesale-bathroom-cabinet-set\/","title":{"rendered":"Wholesale Bathroom Cabinet Set, Custom Modern PVC Bathroom Vanity with Mirror"},"content":{"rendered":"<div class=\"wp-block-columns is-layout-flex wp-container-core-columns-is-layout-9d6595d7 wp-block-columns-is-layout-flex\">\n<div class=\"wp-block-column is-layout-flow wp-block-column-is-layout-flow\">\n<h2 class=\"wp-block-heading\">Ensemble d'armoires de salle de bains Caract\u00e9ristiques :<\/h2>\n\n\n\n<p><strong>Design moderne<\/strong>: Le design est minimaliste, avec le miroir intelligent associ\u00e9 \u00e0 un meuble en PVC de la m\u00eame couleur, aux lignes \u00e9pur\u00e9es. Des lumi\u00e8res d'ambiance entourent le miroir, renfor\u00e7ant l'atmosph\u00e8re raffin\u00e9e lorsqu'elles sont allum\u00e9es, et s'adaptent \u00e0 diff\u00e9rents styles de d\u00e9coration de salles de bains modernes.<\/p>\n\n\n\n<p><strong>Fonction de stockage<\/strong>: L'agencement est raisonnable, avec un comptoir spacieux pour les articles de toilette courants et un espace de rangement de grande capacit\u00e9 en dessous, dispos\u00e9 en couches et de mani\u00e8re ordonn\u00e9e, qui permet de ranger facilement les produits de bain, les outils de nettoyage, etc. et de garder la salle de bains bien rang\u00e9e.<\/p>\n\n\n\n<p><strong>Convient aux espaces compacts<\/strong>: D'une taille compacte mais d'une grande fonctionnalit\u00e9, il r\u00e9pond aux besoins quotidiens d'une personne seule en mati\u00e8re de lavage. Il s'installe de mani\u00e8re flexible et convient aux espaces compacts, cr\u00e9ant ainsi un mini-comptoir de salle de bains tr\u00e8s efficace.<\/p>\n\n\n\n<p><strong>PVC<\/strong> <strong>Mat\u00e9riau<\/strong>: Il est \u00e9tanche, r\u00e9sistant \u00e0 l'humidit\u00e9, antitache et durable, ce qui facilite l'entretien quotidien. Le miroir intelligent est r\u00e9tro\u00e9clair\u00e9 en trois couleurs, alliant praticit\u00e9 et sens de la technologie. L'ensemble de l'armoire est stable, et il est peu probable qu'elle se d\u00e9forme sur une longue p\u00e9riode d'utilisation, offrant ainsi un excellent rapport qualit\u00e9-prix.<\/p>\n<\/div>\n\n\n\n<div class=\"wp-block-column is-layout-flow wp-block-column-is-layout-flow\"><div class=\"wp-block-image\">\n<figure class=\"aligncenter size-full\"><img decoding=\"async\" width=\"1000\" height=\"1000\" src=\"https:\/\/www.shouyasanitary.com\/wp-content\/uploads\/2025\/05\/Contemporary-Bathroom-Cabinet-Custom-PVC-Wall-Hung-Bathroom-Vanity-with-Mirror-Supplier-1.webp\" alt=\"Meuble de salle de bain contemporain sur mesure, Meuble de salle de bain suspendu en PVC avec miroir Fournisseur (1)\" class=\"wp-image-1134\" style=\"object-fit:cover\" srcset=\"https:\/\/www.shouyasanitary.com\/wp-content\/uploads\/2025\/05\/Contemporary-Bathroom-Cabinet-Custom-PVC-Wall-Hung-Bathroom-Vanity-with-Mirror-Supplier-1.webp 1000w, https:\/\/www.shouyasanitary.com\/wp-content\/uploads\/2025\/05\/Contemporary-Bathroom-Cabinet-Custom-PVC-Wall-Hung-Bathroom-Vanity-with-Mirror-Supplier-1-300x300.webp 300w, https:\/\/www.shouyasanitary.com\/wp-content\/uploads\/2025\/05\/Contemporary-Bathroom-Cabinet-Custom-PVC-Wall-Hung-Bathroom-Vanity-with-Mirror-Supplier-1-150x150.webp 150w, https:\/\/www.shouyasanitary.com\/wp-content\/uploads\/2025\/05\/Contemporary-Bathroom-Cabinet-Custom-PVC-Wall-Hung-Bathroom-Vanity-with-Mirror-Supplier-1-768x768.webp 768w, https:\/\/www.shouyasanitary.com\/wp-content\/uploads\/2025\/05\/Contemporary-Bathroom-Cabinet-Custom-PVC-Wall-Hung-Bathroom-Vanity-with-Mirror-Supplier-1-12x12.webp 12w, https:\/\/www.shouyasanitary.com\/wp-content\/uploads\/2025\/05\/Contemporary-Bathroom-Cabinet-Custom-PVC-Wall-Hung-Bathroom-Vanity-with-Mirror-Supplier-1-600x600.webp 600w, https:\/\/www.shouyasanitary.com\/wp-content\/uploads\/2025\/05\/Contemporary-Bathroom-Cabinet-Custom-PVC-Wall-Hung-Bathroom-Vanity-with-Mirror-Supplier-1-100x100.webp 100w\" sizes=\"(max-width: 1000px) 100vw, 1000px\" \/><\/figure>\n<\/div><\/div>\n<\/div>\n\n\n\n<p><strong>Support OEM\/ODM<\/strong>: Shouya propose des services de personnalisation flexibles, notamment en ce qui concerne la couleur, la taille, les accessoires, etc,<\/p>","protected":false},"excerpt":{"rendered":"<p>Ensemble d'armoires de salle de bains en gros, comprenant un miroir intelligent \u00e0 LED et un design moderne. 60 - taille adapt\u00e9e \u00e0 l'espace compact, grand espace de stockage. PVC r\u00e9sistant \u00e0 l'humidit\u00e9, facile \u00e0 nettoyer. Fourni par l'usine de Shouya, personnalisation possible.  N'h\u00e9sitez pas \u00e0 nous contacter pour plus d'informations !<\/p>\n<h2>Ensemble d'armoires de toilette Attributs\uff1a<\/h2>\n<p><strong>Num\u00e9ro d'article :<\/strong>6026-60<strong><br \/>Mat\u00e9riau de l'armoire :<\/strong> PVC<br \/><strong>Couleur de l'armoire : <\/strong> Jaune<br \/><strong>Miroir :<\/strong> Miroir LED (3,5 mm\/3,8 mm), \u00e9clairage tricolore, d\u00e9sembuage par simple pression d'une touche, s\u00e9curis\u00e9 par un emballage en mousse multicouche.<br \/><strong>Type d'installation :<\/strong>\u00a0Montage mural<br \/><strong>Dimensions (L\u00d7L\u00d7H) :<\/strong> 60*47*47 cm<br \/><strong>Poids brut :<\/strong> 28kg\/set<\/p>\n<h2>Personnalisation et services :<\/h2>\n<p><strong>OEM ET ODM<\/strong>: Pris en charge<br \/><strong>Conception<\/strong>: Gratuit<br \/><strong>Accessoires<\/strong>: Lavabos, miroirs, robinets et autres accessoires de salle de bains<br \/><strong>Emballage<\/strong>: Pr\u00eat \u00e0 monter<\/p>","protected":false},"featured_media":1577,"comment_status":"closed","ping_status":"closed","template":"","meta":{"_acf_changed":false},"product_brand":[],"product_cat":[24],"product_tag":[],"class_list":{"0":"post-1575","1":"product","2":"type-product","3":"status-publish","4":"has-post-thumbnail","6":"product_cat-wholesale-pvc-bathroom-vanity-cabinets","8":"first","9":"instock","10":"shipping-taxable","11":"product-type-simple"},"acf":[],"_links":{"self":[{"href":"https:\/\/www.shouyasanitary.com\/fr\/wp-json\/wp\/v2\/product\/1575","targetHints":{"allow":["GET"]}}],"collection":[{"href":"https:\/\/www.shouyasanitary.com\/fr\/wp-json\/wp\/v2\/product"}],"about":[{"href":"https:\/\/www.shouyasanitary.com\/fr\/wp-json\/wp\/v2\/types\/product"}],"replies":[{"embeddable":true,"href":"https:\/\/www.shouyasanitary.com\/fr\/wp-json\/wp\/v2\/comments?post=1575"}],"wp:featuredmedia":[{"embeddable":true,"href":"https:\/\/www.shouyasanitary.com\/fr\/wp-json\/wp\/v2\/media\/1577"}],"wp:attachment":[{"href":"https:\/\/www.shouyasanitary.com\/fr\/wp-json\/wp\/v2\/media?parent=1575"}],"wp:term":[{"taxonomy":"product_brand","embeddable":true,"href":"https:\/\/www.shouyasanitary.com\/fr\/wp-json\/wp\/v2\/product_brand?post=1575"},{"taxonomy":"product_cat","embeddable":true,"href":"https:\/\/www.shouyasanitary.com\/fr\/wp-json\/wp\/v2\/product_cat?post=1575"},{"taxonomy":"product_tag","embeddable":true,"href":"https:\/\/www.shouyasanitary.com\/fr\/wp-json\/wp\/v2\/product_tag?post=1575"}],"curies":[{"name":"wp","href":"https:\/\/api.w.org\/{rel}","templated":true}]}}