{"id":1576,"date":"2025-08-01T11:31:00","date_gmt":"2025-08-01T11:31:00","guid":{"rendered":"https:\/\/www.shouyasanitary.com\/?post_type=product&#038;p=1576"},"modified":"2025-08-01T11:31:04","modified_gmt":"2025-08-01T11:31:04","slug":"wholesale-unique-bathroom-cabinets","status":"publish","type":"product","link":"https:\/\/www.shouyasanitary.com\/fr\/produit\/wholesale-unique-bathroom-cabinets\/","title":{"rendered":"Wholesale Unique Bathroom Cabinets, French Style PVC Bathroom Vanity with LED Mirror (en anglais)"},"content":{"rendered":"<div class=\"wp-block-columns is-layout-flex wp-container-core-columns-is-layout-9d6595d7 wp-block-columns-is-layout-flex\">\n<div class=\"wp-block-column is-layout-flow wp-block-column-is-layout-flow\">\n<h2 class=\"wp-block-heading\">Caract\u00e9ristiques des armoires de salle de bain uniques :<\/h2>\n\n\n\n<p><strong>Esth\u00e9tique minimaliste fran\u00e7aise : <\/strong>Les lignes du meuble sont douces, associ\u00e9es \u00e0 un miroir intelligent de grande taille avec r\u00e9tro-\u00e9clairage, une \u00e9tag\u00e8re de rangement ouverte sous le miroir, cr\u00e9ant une atmosph\u00e8re \u00e9l\u00e9gante et ordonn\u00e9e dans la salle de bains, adapt\u00e9e \u00e0 diff\u00e9rents styles de d\u00e9coration.<\/p>\n\n\n\n<p><strong>Stockage fonctionnel<\/strong>: Deux tiroirs et une \u00e9tag\u00e8re sous le miroir. Les tiroirs ont une grande capacit\u00e9 pour ranger les produits de bain, et l'\u00e9tag\u00e8re est pratique pour acc\u00e9der aux articles de toilette fr\u00e9quemment utilis\u00e9s. Le rangement est raisonnablement divis\u00e9, ce qui permet de placer les articles de salle de bains dans leurs positions respectives.<\/p>\n\n\n\n<p><strong>Taille raisonnable<\/strong>: La largeur est en harmonie avec le nombre d'or, ce qui permet de r\u00e9pondre aux besoins des op\u00e9rations de bain quotidiennes sans occuper trop d'espace. Elle s'int\u00e8gre facilement dans les petites salles de bains ou dans les am\u00e9nagements locaux des grands espaces.<\/p>\n\n\n\n<p><strong>Mat\u00e9riau PVC de haute qualit\u00e9<\/strong>: Excellentes performances en mati\u00e8re d'imperm\u00e9abilit\u00e9 \u00e0 l'eau et \u00e0 l'humidit\u00e9, pas de risque de d\u00e9formation ou de fissuration. La surface est lisse et facile \u00e0 nettoyer. Elle conserve sa beaut\u00e9 et sa durabilit\u00e9 pendant longtemps, ce qui r\u00e9duit les co\u00fbts d'entretien.<\/p>\n\n\n\n<p><strong>Contr\u00f4le strict de la qualit\u00e9 :<\/strong> Shouya factory direct supply, nous avons des normes de qualit\u00e9 strictes et g\u00e9rables. Nous assurons une qualit\u00e9 stable des solutions d'armoires de toilette pour les clients du monde entier.<\/p>\n<\/div>\n\n\n\n<div class=\"wp-block-column is-layout-flow wp-block-column-is-layout-flow\"><div class=\"wp-block-image\">\n<figure class=\"aligncenter size-full\"><img decoding=\"async\" width=\"700\" height=\"700\" src=\"https:\/\/www.shouyasanitary.com\/wp-content\/uploads\/2025\/07\/OEM-bathroom-cabinet-vanity.webp\" alt=\"Meuble de salle de bains OEM\" class=\"wp-image-1580\" style=\"object-fit:cover\" srcset=\"https:\/\/www.shouyasanitary.com\/wp-content\/uploads\/2025\/07\/OEM-bathroom-cabinet-vanity.webp 700w, https:\/\/www.shouyasanitary.com\/wp-content\/uploads\/2025\/07\/OEM-bathroom-cabinet-vanity-300x300.webp 300w, https:\/\/www.shouyasanitary.com\/wp-content\/uploads\/2025\/07\/OEM-bathroom-cabinet-vanity-150x150.webp 150w, https:\/\/www.shouyasanitary.com\/wp-content\/uploads\/2025\/07\/OEM-bathroom-cabinet-vanity-12x12.webp 12w, https:\/\/www.shouyasanitary.com\/wp-content\/uploads\/2025\/07\/OEM-bathroom-cabinet-vanity-600x600.webp 600w, https:\/\/www.shouyasanitary.com\/wp-content\/uploads\/2025\/07\/OEM-bathroom-cabinet-vanity-100x100.webp 100w\" sizes=\"(max-width: 700px) 100vw, 700px\" \/><\/figure>\n<\/div><\/div>\n<\/div>","protected":false},"excerpt":{"rendered":"<p>Grossiste vanity 80cm en PVC fran\u00e7ais : miroir intelligent r\u00e9tro-\u00e9clair\u00e9, double tiroirs, PVC r\u00e9sistant \u00e0 l'humidit\u00e9. Id\u00e9al pour les r\u00e9novations d'h\u00f4tels et de maisons d'h\u00f4tes. Prix d'usine !<\/p>\n<h2>Armoire de salle de bain en PVC Attributs\uff1a<\/h2>\n<p><strong>Num\u00e9ro d'article :<\/strong>6045-80<strong><br \/>Mat\u00e9riau de l'armoire :<\/strong> PVC<br \/><strong>Couleur de l'armoire : <\/strong> Kahai<br \/><strong>Miroir :<\/strong> Miroir LED (3,5 mm\/3,8 mm), \u00e9clairage tricolore, d\u00e9sembuage par simple pression d'une touche, s\u00e9curis\u00e9 par un emballage en mousse multicouche.<br \/><strong>Type d'installation :<\/strong>\u00a0Montage mural<br \/><strong>Dimensions (L\u00d7L\u00d7H) :<\/strong> 80*47*48cm<br \/><strong>Poids brut :<\/strong> 28kg\/set<\/p>\n<h2>Personnalisation et services :<\/h2>\n<p><strong>OEM ET ODM<\/strong>: Pris en charge<br \/><strong>Conception<\/strong>: Gratuit<br \/><strong>Accessoires<\/strong>: Lavabos, miroirs, robinets et autres accessoires de salle de bains<br \/><strong>Emballage<\/strong>: Pr\u00eat \u00e0 monter<\/p>","protected":false},"featured_media":1580,"comment_status":"closed","ping_status":"closed","template":"","meta":{"_acf_changed":true},"product_brand":[],"product_cat":[24],"product_tag":[],"class_list":{"0":"post-1576","1":"product","2":"type-product","3":"status-publish","4":"has-post-thumbnail","6":"product_cat-wholesale-pvc-bathroom-vanity-cabinets","8":"first","9":"instock","10":"shipping-taxable","11":"product-type-simple"},"acf":[],"_links":{"self":[{"href":"https:\/\/www.shouyasanitary.com\/fr\/wp-json\/wp\/v2\/product\/1576","targetHints":{"allow":["GET"]}}],"collection":[{"href":"https:\/\/www.shouyasanitary.com\/fr\/wp-json\/wp\/v2\/product"}],"about":[{"href":"https:\/\/www.shouyasanitary.com\/fr\/wp-json\/wp\/v2\/types\/product"}],"replies":[{"embeddable":true,"href":"https:\/\/www.shouyasanitary.com\/fr\/wp-json\/wp\/v2\/comments?post=1576"}],"wp:featuredmedia":[{"embeddable":true,"href":"https:\/\/www.shouyasanitary.com\/fr\/wp-json\/wp\/v2\/media\/1580"}],"wp:attachment":[{"href":"https:\/\/www.shouyasanitary.com\/fr\/wp-json\/wp\/v2\/media?parent=1576"}],"wp:term":[{"taxonomy":"product_brand","embeddable":true,"href":"https:\/\/www.shouyasanitary.com\/fr\/wp-json\/wp\/v2\/product_brand?post=1576"},{"taxonomy":"product_cat","embeddable":true,"href":"https:\/\/www.shouyasanitary.com\/fr\/wp-json\/wp\/v2\/product_cat?post=1576"},{"taxonomy":"product_tag","embeddable":true,"href":"https:\/\/www.shouyasanitary.com\/fr\/wp-json\/wp\/v2\/product_tag?post=1576"}],"curies":[{"name":"wp","href":"https:\/\/api.w.org\/{rel}","templated":true}]}}