{"id":1584,"date":"2025-08-01T11:30:36","date_gmt":"2025-08-01T11:30:36","guid":{"rendered":"https:\/\/www.shouyasanitary.com\/?post_type=product&#038;p=1584"},"modified":"2025-08-01T11:30:37","modified_gmt":"2025-08-01T11:30:37","slug":"custom-wall-hung-bathroom-vanity","status":"publish","type":"product","link":"https:\/\/www.shouyasanitary.com\/fr\/produit\/custom-wall-hung-bathroom-vanity\/","title":{"rendered":"Meuble de salle de bain Kaki, Meuble de salle de bain PVC grand format pour les projets de salle de bain haut de gamme"},"content":{"rendered":"<div class=\"wp-block-columns is-layout-flex wp-container-core-columns-is-layout-9d6595d7 wp-block-columns-is-layout-flex\">\n<div class=\"wp-block-column is-layout-flow wp-block-column-is-layout-flow\">\n<h2 class=\"wp-block-heading\">Caract\u00e9ristiques du meuble-lavabo suspendu\uff1a<\/h2>\n\n\n\n<p><strong>Style \u00e9l\u00e9gant : <\/strong>Les lignes du meuble sont douces. Il est \u00e9quip\u00e9 d'un miroir intelligent de grande taille avec r\u00e9tro-\u00e9clairage, d'une \u00e9tag\u00e8re de rangement ouverte sous le miroir, cr\u00e9ant ainsi une atmosph\u00e8re \u00e9l\u00e9gante et ordonn\u00e9e dans la salle de bains. Il convient \u00e0 diff\u00e9rents styles de d\u00e9coration.<\/p>\n\n\n\n<p><strong>Grand espace de stockage<\/strong>: Double porte + tiroirs + \u00e9tag\u00e8re sous le miroir. Les tiroirs ont une grande capacit\u00e9 pour ranger les produits de bain, et les \u00e9tag\u00e8res sont pratiques pour sortir les articles de toilette couramment utilis\u00e9s. L'espace de rangement est raisonnablement divis\u00e9, ce qui permet de placer les articles de salle de bains dans les tiroirs et les \u00e9tag\u00e8res.<br>leurs positions respectives.<\/p>\n\n\n\n<p><strong>PVC de haute qualit\u00e9 :  <\/strong>avec d'excellentes performances en mati\u00e8re d'imperm\u00e9abilit\u00e9 \u00e0 l'eau et \u00e0 l'humidit\u00e9. La surface est lisse et facile \u00e0 nettoyer,<strong> <\/strong>\u00e0 la fois belle et pratique.<\/p>\n\n\n\n<p><strong>Spacieux<\/strong> s<strong>ize<\/strong>: Le mod\u00e8le mesure 120 cm. Il r\u00e9pond aux besoins quotidiens de lavage et de toilettage et n'occupe pas trop d'espace. Il s'int\u00e8gre facilement dans les petites salles de bains ou dans les grands espaces.<\/p>\n\n\n\n<p><strong>Support OEM\/ODM<\/strong>:  Nous offrons une vari\u00e9t\u00e9 de tailles, de couleurs et de finitions personnalisables pour la flexibilit\u00e9 de la marque et du design.<\/p>\n<\/div>\n\n\n\n<div class=\"wp-block-column is-layout-flow wp-block-column-is-layout-flow\"><div class=\"wp-block-image\">\n<figure class=\"aligncenter size-full\"><img decoding=\"async\" width=\"700\" height=\"700\" src=\"https:\/\/www.shouyasanitary.com\/wp-content\/uploads\/2025\/07\/Factory-made-custom-bathroom-cabinet-vanity.webp\" alt=\"Meuble de salle de bain sur mesure fabriqu\u00e9 en usine\" class=\"wp-image-1585\" style=\"object-fit:cover\" srcset=\"https:\/\/www.shouyasanitary.com\/wp-content\/uploads\/2025\/07\/Factory-made-custom-bathroom-cabinet-vanity.webp 700w, https:\/\/www.shouyasanitary.com\/wp-content\/uploads\/2025\/07\/Factory-made-custom-bathroom-cabinet-vanity-300x300.webp 300w, https:\/\/www.shouyasanitary.com\/wp-content\/uploads\/2025\/07\/Factory-made-custom-bathroom-cabinet-vanity-150x150.webp 150w, https:\/\/www.shouyasanitary.com\/wp-content\/uploads\/2025\/07\/Factory-made-custom-bathroom-cabinet-vanity-12x12.webp 12w, https:\/\/www.shouyasanitary.com\/wp-content\/uploads\/2025\/07\/Factory-made-custom-bathroom-cabinet-vanity-600x600.webp 600w, https:\/\/www.shouyasanitary.com\/wp-content\/uploads\/2025\/07\/Factory-made-custom-bathroom-cabinet-vanity-100x100.webp 100w\" sizes=\"(max-width: 700px) 100vw, 700px\" \/><\/figure>\n<\/div><\/div>\n<\/div>","protected":false},"excerpt":{"rendered":"<p>Le meuble de salle de bain suspendu adopte un style moderne, un mat\u00e9riau PVC de haute qualit\u00e9, un design mural, \u00e9l\u00e9gant et durable, facile \u00e0 nettoyer, convenant \u00e0 divers espaces commerciaux. Contactez-nous pour plus d'options de personnalisation<\/p>\n<h2>Vanit\u00e9 de salle de bain suspendue Attributs\uff1a<\/h2>\n<p><strong>Num\u00e9ro d'article : <\/strong>6045-120<strong><br \/>Mat\u00e9riau de l'armoire :<\/strong> PVC<br \/><strong>Couleur de l'armoire : <\/strong>Kaki<br \/><strong>Miroir :<\/strong> Miroir LED (3,5 mm\/3,8 mm), \u00e9clairage tricolore, d\u00e9sembuage par simple pression d'une touche, s\u00e9curis\u00e9 par un emballage en mousse multicouche.<br \/><strong>Type d'installation :<\/strong>\u00a0Montage mural<br \/><strong>Dimensions (L\u00d7L\u00d7H) :<\/strong> 120*48*47 cm<br \/><strong>Poids brut :<\/strong> 38kg\/set<\/p>\n<h2>Personnalisation et services :<\/h2>\n<p><strong>OEM ET ODM<\/strong>: Pris en charge<br \/><strong>Conception<\/strong>: Gratuit<br \/><strong>Accessoires<\/strong>: Lavabos, miroirs, robinets et autres accessoires de salle de bains<br \/><strong>Emballage<\/strong>: Pr\u00eat \u00e0 monter<\/p>","protected":false},"featured_media":1585,"comment_status":"closed","ping_status":"closed","template":"","meta":{"_acf_changed":true},"product_brand":[],"product_cat":[24],"product_tag":[],"class_list":{"0":"post-1584","1":"product","2":"type-product","3":"status-publish","4":"has-post-thumbnail","6":"product_cat-wholesale-pvc-bathroom-vanity-cabinets","8":"first","9":"instock","10":"shipping-taxable","11":"product-type-simple"},"acf":[],"_links":{"self":[{"href":"https:\/\/www.shouyasanitary.com\/fr\/wp-json\/wp\/v2\/product\/1584","targetHints":{"allow":["GET"]}}],"collection":[{"href":"https:\/\/www.shouyasanitary.com\/fr\/wp-json\/wp\/v2\/product"}],"about":[{"href":"https:\/\/www.shouyasanitary.com\/fr\/wp-json\/wp\/v2\/types\/product"}],"replies":[{"embeddable":true,"href":"https:\/\/www.shouyasanitary.com\/fr\/wp-json\/wp\/v2\/comments?post=1584"}],"wp:featuredmedia":[{"embeddable":true,"href":"https:\/\/www.shouyasanitary.com\/fr\/wp-json\/wp\/v2\/media\/1585"}],"wp:attachment":[{"href":"https:\/\/www.shouyasanitary.com\/fr\/wp-json\/wp\/v2\/media?parent=1584"}],"wp:term":[{"taxonomy":"product_brand","embeddable":true,"href":"https:\/\/www.shouyasanitary.com\/fr\/wp-json\/wp\/v2\/product_brand?post=1584"},{"taxonomy":"product_cat","embeddable":true,"href":"https:\/\/www.shouyasanitary.com\/fr\/wp-json\/wp\/v2\/product_cat?post=1584"},{"taxonomy":"product_tag","embeddable":true,"href":"https:\/\/www.shouyasanitary.com\/fr\/wp-json\/wp\/v2\/product_tag?post=1584"}],"curies":[{"name":"wp","href":"https:\/\/api.w.org\/{rel}","templated":true}]}}