{"id":1597,"date":"2025-08-01T11:30:50","date_gmt":"2025-08-01T11:30:50","guid":{"rendered":"https:\/\/www.shouyasanitary.com\/?post_type=product&#038;p=1597"},"modified":"2025-08-01T11:31:00","modified_gmt":"2025-08-01T11:31:00","slug":"custom-floating-bathroom-vanity","status":"publish","type":"product","link":"https:\/\/www.shouyasanitary.com\/fr\/produit\/custom-floating-bathroom-vanity\/","title":{"rendered":"Custom Floating Bathroom Vanity, Brown PVC Modern Bathroom Cabinets Supplier"},"content":{"rendered":"<div class=\"wp-block-columns is-layout-flex wp-container-core-columns-is-layout-9d6595d7 wp-block-columns-is-layout-flex\">\n<div class=\"wp-block-column is-layout-flow wp-block-column-is-layout-flow\">\n<h2 class=\"wp-block-heading\">Vanit\u00e9 de salle de bain flottante Caract\u00e9ristiques :<\/h2>\n\n\n\n<p><strong>Miroir pratique<\/strong>: Le miroir mesure 1200\u00d7700 mm et s'int\u00e8gre parfaitement dans la plupart des salles de bains. \u00c9quip\u00e9 d'une lumi\u00e8re \u00e0 trois couleurs, il peut ajuster l'\u00e9clairage en fonction de diff\u00e9rents sc\u00e9narios et humeurs, cr\u00e9ant une vari\u00e9t\u00e9 d'atmosph\u00e8res telles que la chaleur et la luminosit\u00e9. Il sert \u00e0 la fois de miroir pratique et de cr\u00e9ateur d'ambiance.<\/p>\n\n\n\n<p><strong>Rangement \u00e0 plusieurs compartiments<\/strong>: L'armoire principale mesure 1200\u00d7470\u00d7470 mm et pr\u00e9sente un design \u00e0 tiroirs qui organise scientifiquement les compartiments de rangement. Il peut accueillir \u00e0 la fois des articles volumineux et des petits objets, am\u00e9liorant ainsi la propret\u00e9 de la salle de bains et r\u00e9pondant aux besoins quotidiens de rangement des articles de toilette. <\/p>\n\n\n\n<p><strong>Mat\u00e9riau durable<\/strong>: Fabriqu\u00e9 en PVC, il est imperm\u00e9able, r\u00e9sistant \u00e0 l'humidit\u00e9 et durable, et convient \u00e0 l'environnement humide de la salle de bains. <\/p>\n\n\n\n<p><strong>Une palette de couleurs harmonieuse<\/strong>: Le meuble principal marron d\u00e9gage un ton stable et \u00e9l\u00e9gant, associ\u00e9 \u00e0 une vasque en c\u00e9ramique blanche pour un contraste de couleurs harmonieux. Sa simplicit\u00e9 et sa texture s'int\u00e8grent facilement \u00e0 diff\u00e9rents styles de d\u00e9coration, y compris le luxe moderne et minimal.<\/p>\n\n\n\n<p><strong>Combinaison globale<\/strong>: L'armoire de toilette en PVC r\u00e9pond aux besoins pratiques et esth\u00e9tiques, de l'\u00e9clairage de l'armoire de toilette au rangement de l'armoire principale, en passant par l'aspect des mat\u00e9riaux et d'autres dimensions, contribuant ainsi \u00e0 am\u00e9liorer l'espace de la salle de bain.<\/p>\n<\/div>\n\n\n\n<div class=\"wp-block-column is-layout-flow wp-block-column-is-layout-flow\"><div class=\"wp-block-image\">\n<figure class=\"aligncenter size-full\"><img decoding=\"async\" width=\"800\" height=\"800\" src=\"https:\/\/www.shouyasanitary.com\/wp-content\/uploads\/2025\/07\/Wholesale-Bathroom-Vanity-Cabinet-1.webp\" alt=\"Wholesale Bathroom Vanity Cabinet\" class=\"wp-image-1601\" style=\"object-fit:cover\" srcset=\"https:\/\/www.shouyasanitary.com\/wp-content\/uploads\/2025\/07\/Wholesale-Bathroom-Vanity-Cabinet-1.webp 800w, https:\/\/www.shouyasanitary.com\/wp-content\/uploads\/2025\/07\/Wholesale-Bathroom-Vanity-Cabinet-1-300x300.webp 300w, https:\/\/www.shouyasanitary.com\/wp-content\/uploads\/2025\/07\/Wholesale-Bathroom-Vanity-Cabinet-1-150x150.webp 150w, https:\/\/www.shouyasanitary.com\/wp-content\/uploads\/2025\/07\/Wholesale-Bathroom-Vanity-Cabinet-1-768x768.webp 768w, https:\/\/www.shouyasanitary.com\/wp-content\/uploads\/2025\/07\/Wholesale-Bathroom-Vanity-Cabinet-1-12x12.webp 12w, https:\/\/www.shouyasanitary.com\/wp-content\/uploads\/2025\/07\/Wholesale-Bathroom-Vanity-Cabinet-1-600x600.webp 600w, https:\/\/www.shouyasanitary.com\/wp-content\/uploads\/2025\/07\/Wholesale-Bathroom-Vanity-Cabinet-1-100x100.webp 100w\" sizes=\"(max-width: 800px) 100vw, 800px\" \/><\/figure>\n<\/div><\/div>\n<\/div>","protected":false},"excerpt":{"rendered":"<p>Meuble de salle de bain flottant sur mesure, en PVC, design mural. Equip\u00e9 d'une armoire de toilette, d'un robinet, d'une vasque en c\u00e9ramique, de grandes dimensions et d'options de personnalisation multiples. N'h\u00e9sitez pas \u00e0 nous contacter pour obtenir un devis et un catalogue de produits !<\/p>\n<h2>Armoire de salle de bain flottante Attributs\uff1a<\/h2>\n<p><strong>Num\u00e9ro d'article :<\/strong>6040-120<strong><br \/>Mat\u00e9riau de l'armoire :<\/strong> PVC<br \/><strong>Couleur de l'armoire : <\/strong> Marron<br \/><strong>Miroir :<\/strong> Miroir LED (3,5 mm\/3,8 mm), \u00e9clairage tricolore, d\u00e9sembuage par simple pression d'une touche, s\u00e9curis\u00e9 par un emballage en mousse multicouche.<br \/><strong>Type d'installation :<\/strong>\u00a0Montage mural<br \/><strong>Dimensions (L\u00d7L\u00d7H) :<\/strong> 120*47*47cm<br \/><strong>Poids brut :<\/strong> 40kg\/set<\/p>\n<h2>Personnalisation et services :<\/h2>\n<p><strong>OEM ET ODM<\/strong>: Pris en charge<br \/><strong>Conception<\/strong>: Gratuit<br \/><strong>Accessoires<\/strong>: Lavabos, miroirs, robinets et autres accessoires de salle de bains<br \/><strong>Emballage<\/strong>: Pr\u00eat \u00e0 monter<\/p>","protected":false},"featured_media":1601,"comment_status":"closed","ping_status":"closed","template":"","meta":{"_acf_changed":true},"product_brand":[],"product_cat":[24],"product_tag":[],"class_list":{"0":"post-1597","1":"product","2":"type-product","3":"status-publish","4":"has-post-thumbnail","6":"product_cat-wholesale-pvc-bathroom-vanity-cabinets","8":"first","9":"instock","10":"shipping-taxable","11":"product-type-simple"},"acf":[],"_links":{"self":[{"href":"https:\/\/www.shouyasanitary.com\/fr\/wp-json\/wp\/v2\/product\/1597","targetHints":{"allow":["GET"]}}],"collection":[{"href":"https:\/\/www.shouyasanitary.com\/fr\/wp-json\/wp\/v2\/product"}],"about":[{"href":"https:\/\/www.shouyasanitary.com\/fr\/wp-json\/wp\/v2\/types\/product"}],"replies":[{"embeddable":true,"href":"https:\/\/www.shouyasanitary.com\/fr\/wp-json\/wp\/v2\/comments?post=1597"}],"wp:featuredmedia":[{"embeddable":true,"href":"https:\/\/www.shouyasanitary.com\/fr\/wp-json\/wp\/v2\/media\/1601"}],"wp:attachment":[{"href":"https:\/\/www.shouyasanitary.com\/fr\/wp-json\/wp\/v2\/media?parent=1597"}],"wp:term":[{"taxonomy":"product_brand","embeddable":true,"href":"https:\/\/www.shouyasanitary.com\/fr\/wp-json\/wp\/v2\/product_brand?post=1597"},{"taxonomy":"product_cat","embeddable":true,"href":"https:\/\/www.shouyasanitary.com\/fr\/wp-json\/wp\/v2\/product_cat?post=1597"},{"taxonomy":"product_tag","embeddable":true,"href":"https:\/\/www.shouyasanitary.com\/fr\/wp-json\/wp\/v2\/product_tag?post=1597"}],"curies":[{"name":"wp","href":"https:\/\/api.w.org\/{rel}","templated":true}]}}