{"id":1598,"date":"2025-08-01T11:31:15","date_gmt":"2025-08-01T11:31:15","guid":{"rendered":"https:\/\/www.shouyasanitary.com\/?post_type=product&#038;p=1598"},"modified":"2025-08-01T11:31:16","modified_gmt":"2025-08-01T11:31:16","slug":"wholesale-luxury-bathroom-cabinets","status":"publish","type":"product","link":"https:\/\/www.shouyasanitary.com\/fr\/produit\/wholesale-luxury-bathroom-cabinets\/","title":{"rendered":"Whoelsale Luxury Bathroom Cabinets, Custom Vanities Bathroom With PVC Material Mirror Cabinet"},"content":{"rendered":"<div class=\"wp-block-columns is-layout-flex wp-container-core-columns-is-layout-9d6595d7 wp-block-columns-is-layout-flex\">\n<div class=\"wp-block-column is-layout-flow wp-block-column-is-layout-flow\">\n<h2 class=\"wp-block-heading\">Armoire de salle de bains de luxe Caract\u00e9ristiques :<\/h2>\n\n\n\n<p><strong>Armoire de toilette au design unique<\/strong>: Adoptant un design de miroir circulaire, il rompt avec les formes conventionnelles et pr\u00e9sente des lignes douces et lisses. \u00c9quip\u00e9 d'un r\u00e9tro\u00e9clairage int\u00e9gr\u00e9 de type surround, il cr\u00e9e une atmosph\u00e8re chaleureuse lorsqu'il est \u00e9clair\u00e9, illuminant le visage sans ombres. Il convient au maquillage, \u00e0 la toilette et \u00e0 d'autres situations, ajoutant une touche artistique et atmosph\u00e9rique \u00e0 l'espace de la salle de bains.<\/p>\n\n\n\n<p><strong>Disposition raisonnable de l'espace de stockage<\/strong>: L'armoire principale mesure 1000\u00d7480\u00d7470 mm et pr\u00e9sente une conception scientifique et raisonnable des tiroirs. Les tiroirs spacieux offrent un vaste espace de rangement, permettant une organisation cat\u00e9goris\u00e9e des articles de toilette, des serviettes et autres. Les compartiments sont soigneusement divis\u00e9s, ce qui facilite la recherche et \u00e9limine facilement le d\u00e9sordre et le chaos souvent associ\u00e9s aux salles de bains.<\/p>\n\n\n\n<p><strong>Mat\u00e9riau PVC : <\/strong>il poss\u00e8de des propri\u00e9t\u00e9s d'imperm\u00e9abilit\u00e9 et de r\u00e9sistance \u00e0 l'humidit\u00e9, ce qui lui permet de r\u00e9sister efficacement \u00e0 l'environnement humide des salles de bains. Il r\u00e9siste \u00e0 la d\u00e9formation et aux dommages, ce qui garantit sa durabilit\u00e9. <\/p>\n\n\n\n<p><strong>Combinaison de couleurs \u00e9l\u00e9gante<\/strong>: Le meuble principal se caract\u00e9rise par une teinte bleue, associ\u00e9e \u00e0 une vasque en c\u00e9ramique blanche, cr\u00e9ant ainsi une palette de couleurs fra\u00eeche et harmonieuse. La texture riche de la d\u00e9coration ajoute une profondeur visuelle, tout en conservant une esth\u00e9tique minimaliste mais \u00e0 la mode, s'adaptant \u00e0 diff\u00e9rents styles de d\u00e9coration tels que le moderne et le minimaliste.<\/p>\n\n\n\n<p><strong>Harmonieuse et unifi\u00e9e<\/strong> <strong>combinaison globale<\/strong>: Ce meuble de salle de bains en PVC, avec son armoire de toilette ronde unique, son rangement principal pratique et sa belle apparence, r\u00e9ussit \u00e0 int\u00e9grer la fonction et l'apparence, aidant \u00e0 cr\u00e9er un espace de salle de bains raffin\u00e9 et ordonn\u00e9.<\/p>\n<\/div>\n\n\n\n<div class=\"wp-block-column is-layout-flow wp-block-column-is-layout-flow\"><div class=\"wp-block-image\">\n<figure class=\"aligncenter size-full\"><img decoding=\"async\" width=\"800\" height=\"800\" src=\"https:\/\/www.shouyasanitary.com\/wp-content\/uploads\/2025\/07\/Bulk-Purchases-Batnroom-Vanity-Cabinet.webp\" alt=\"Achats en vrac Meuble de salle de bain\" class=\"wp-image-1613\" style=\"object-fit:cover\" srcset=\"https:\/\/www.shouyasanitary.com\/wp-content\/uploads\/2025\/07\/Bulk-Purchases-Batnroom-Vanity-Cabinet.webp 800w, https:\/\/www.shouyasanitary.com\/wp-content\/uploads\/2025\/07\/Bulk-Purchases-Batnroom-Vanity-Cabinet-300x300.webp 300w, https:\/\/www.shouyasanitary.com\/wp-content\/uploads\/2025\/07\/Bulk-Purchases-Batnroom-Vanity-Cabinet-150x150.webp 150w, https:\/\/www.shouyasanitary.com\/wp-content\/uploads\/2025\/07\/Bulk-Purchases-Batnroom-Vanity-Cabinet-768x768.webp 768w, https:\/\/www.shouyasanitary.com\/wp-content\/uploads\/2025\/07\/Bulk-Purchases-Batnroom-Vanity-Cabinet-12x12.webp 12w, https:\/\/www.shouyasanitary.com\/wp-content\/uploads\/2025\/07\/Bulk-Purchases-Batnroom-Vanity-Cabinet-600x600.webp 600w, https:\/\/www.shouyasanitary.com\/wp-content\/uploads\/2025\/07\/Bulk-Purchases-Batnroom-Vanity-Cabinet-100x100.webp 100w\" sizes=\"(max-width: 800px) 100vw, 800px\" \/><\/figure>\n<\/div><\/div>\n<\/div>","protected":false},"excerpt":{"rendered":"<p>Bienvenue dans la vente en gros d'armoires de salle de bains de luxe, en contreplaqu\u00e9 haut de gamme, d'armoires de toilette et de vastes espaces de rangement, sp\u00e9cialement con\u00e7ues pour les salles de bains modernes. La structure murale intelligente permet non seulement d'\u00e9conomiser de l'espace, mais aussi de garder la salle de bains bien rang\u00e9e. C'est un choix id\u00e9al pour ceux qui recherchent un espace de salle de bain moderne, simple et pratique. Contactez-nous pour un devis..<\/p>\n<h2>Armoire de salle de bains de luxe Attributs\uff1a<\/h2>\n<p><strong>Num\u00e9ro d'article :<\/strong>6046-100<strong><br \/>Mat\u00e9riau de l'armoire :<\/strong> PVC<br \/><strong>Couleur de l'armoire : <\/strong> Bleu<br \/><strong>Miroir :<\/strong> Miroir LED (3,5 mm\/3,8 mm), \u00e9clairage tricolore, d\u00e9sembuage par simple pression d'une touche, s\u00e9curis\u00e9 par un emballage en mousse multicouche.<br \/><strong>Type d'installation :<\/strong>\u00a0Montage mural<br \/><strong>Dimensions (L\u00d7L\u00d7H) :<\/strong> 100*47*48cm<br \/><strong>Poids brut :<\/strong> 35kg\/set<\/p>\n<h2>Personnalisation et services :<\/h2>\n<p><strong>OEM ET ODM<\/strong>: Pris en charge<br \/><strong>Conception<\/strong>: Gratuit<br \/><strong>Accessoires<\/strong>: Lavabos, miroirs, robinets et autres accessoires de salle de bains<br \/><strong>Emballage<\/strong>: Pr\u00eat \u00e0 monter<\/p>","protected":false},"featured_media":1613,"comment_status":"closed","ping_status":"closed","template":"","meta":{"_acf_changed":true},"product_brand":[],"product_cat":[24],"product_tag":[],"class_list":{"0":"post-1598","1":"product","2":"type-product","3":"status-publish","4":"has-post-thumbnail","6":"product_cat-wholesale-pvc-bathroom-vanity-cabinets","8":"first","9":"instock","10":"shipping-taxable","11":"product-type-simple"},"acf":[],"_links":{"self":[{"href":"https:\/\/www.shouyasanitary.com\/fr\/wp-json\/wp\/v2\/product\/1598","targetHints":{"allow":["GET"]}}],"collection":[{"href":"https:\/\/www.shouyasanitary.com\/fr\/wp-json\/wp\/v2\/product"}],"about":[{"href":"https:\/\/www.shouyasanitary.com\/fr\/wp-json\/wp\/v2\/types\/product"}],"replies":[{"embeddable":true,"href":"https:\/\/www.shouyasanitary.com\/fr\/wp-json\/wp\/v2\/comments?post=1598"}],"wp:featuredmedia":[{"embeddable":true,"href":"https:\/\/www.shouyasanitary.com\/fr\/wp-json\/wp\/v2\/media\/1613"}],"wp:attachment":[{"href":"https:\/\/www.shouyasanitary.com\/fr\/wp-json\/wp\/v2\/media?parent=1598"}],"wp:term":[{"taxonomy":"product_brand","embeddable":true,"href":"https:\/\/www.shouyasanitary.com\/fr\/wp-json\/wp\/v2\/product_brand?post=1598"},{"taxonomy":"product_cat","embeddable":true,"href":"https:\/\/www.shouyasanitary.com\/fr\/wp-json\/wp\/v2\/product_cat?post=1598"},{"taxonomy":"product_tag","embeddable":true,"href":"https:\/\/www.shouyasanitary.com\/fr\/wp-json\/wp\/v2\/product_tag?post=1598"}],"curies":[{"name":"wp","href":"https:\/\/api.w.org\/{rel}","templated":true}]}}