{"id":1600,"date":"2025-08-01T11:30:39","date_gmt":"2025-08-01T11:30:39","guid":{"rendered":"https:\/\/www.shouyasanitary.com\/?post_type=product&#038;p=1600"},"modified":"2025-08-01T11:30:42","modified_gmt":"2025-08-01T11:30:42","slug":"wholesale-bathroom-mirror-cabinets","status":"publish","type":"product","link":"https:\/\/www.shouyasanitary.com\/fr\/produit\/wholesale-bathroom-mirror-cabinets\/","title":{"rendered":"Wholesale Bathroom Mirror Cabinets, Custom PVC Light Grey Vanity Bathroom Mirror Cabinets Modern Style"},"content":{"rendered":"<div class=\"wp-block-columns is-layout-flex wp-container-core-columns-is-layout-9d6595d7 wp-block-columns-is-layout-flex\">\n<div class=\"wp-block-column is-layout-flow wp-block-column-is-layout-flow\">\n<h2 class=\"wp-block-heading\">Miroir de salle de bains Caract\u00e9ristiques :<\/h2>\n\n\n\n<p><strong>Miroir pratique<\/strong>: Le miroir a une taille de 1200\u00d7700 mm, offrant un large champ de vision pour r\u00e9pondre aux besoins quotidiens de toilettage et de rangement. \u00c9quip\u00e9 d'un r\u00e9tro\u00e9clairage \u00e0 trois couleurs, il permet de passer en toute transparence d'un \u00e9clairage froid \u00e0 un \u00e9clairage chaud ou neutre. Cette fonction polyvalente permet non seulement d'obtenir un \u00e9clairage clair pendant la toilette, mais aussi d'am\u00e9liorer l'ambiance, ce qui en fait un outil id\u00e9al pour divers sc\u00e9narios d'utilisation.<\/p>\n\n\n\n<p><strong>Conception d'un riche espace de stockage<\/strong>: Le meuble principal mesure 1200\u00d7470\u00d7470 mm et adopte une disposition en tiroirs. Les tiroirs \u00e0 plusieurs niveaux sont raisonnablement divis\u00e9s, ce qui permet de classer les produits de soin de la peau, les serviettes, les objets divers de la salle de bains, etc. La conception \u00e0 grande capacit\u00e9 \u00e9limine le d\u00e9sordre dans l'espace de la salle de bains, ce qui rend la r\u00e9cup\u00e9ration des articles pratique et efficace.<\/p>\n\n\n\n<p><strong>Excellent mat\u00e9riau PVC<\/strong>Il s'adapte bien \u00e0 l'environnement humide de la salle de bains, r\u00e9siste \u00e0 la d\u00e9formation et \u00e0 la moisissure et est durable. L'armoire principale est principalement de couleur grise, simple et \u00e9l\u00e9gante.<\/p>\n\n\n\n<p><strong>Belle et g\u00e9n\u00e9reuse<\/strong>: Ce meuble de salle de bains en PVC r\u00e9alise un \u00e9quilibre entre fonctionnalit\u00e9 et esth\u00e9tique gr\u00e2ce \u00e0 la combinaison d'une armoire de toilette pratique et d'un meuble principal de grande capacit\u00e9, contribuant \u00e0 cr\u00e9er un environnement de salle de bains propre et confortable.<\/p>\n\n\n\n<p><strong>Support OEM\/ODM :\u00a0<\/strong>La taille, la couleur et la configuration peuvent \u00eatre personnalis\u00e9es en fonction des besoins du client, ce qui convient aux projets d'ing\u00e9nierie et aux marques de salles de bains haut de gamme.<\/p>\n<\/div>\n\n\n\n<div class=\"wp-block-column is-layout-flow wp-block-column-is-layout-flow\"><div class=\"wp-block-image\">\n<figure class=\"aligncenter size-full\"><img decoding=\"async\" width=\"700\" height=\"700\" src=\"https:\/\/www.shouyasanitary.com\/wp-content\/uploads\/2025\/07\/Wholesale-of-Bathroom-Cabinet-1.webp\" alt=\"Vente en gros d&#039;armoires de toilette\" class=\"wp-image-1604\" style=\"object-fit:cover\" srcset=\"https:\/\/www.shouyasanitary.com\/wp-content\/uploads\/2025\/07\/Wholesale-of-Bathroom-Cabinet-1.webp 700w, https:\/\/www.shouyasanitary.com\/wp-content\/uploads\/2025\/07\/Wholesale-of-Bathroom-Cabinet-1-300x300.webp 300w, https:\/\/www.shouyasanitary.com\/wp-content\/uploads\/2025\/07\/Wholesale-of-Bathroom-Cabinet-1-150x150.webp 150w, https:\/\/www.shouyasanitary.com\/wp-content\/uploads\/2025\/07\/Wholesale-of-Bathroom-Cabinet-1-12x12.webp 12w, https:\/\/www.shouyasanitary.com\/wp-content\/uploads\/2025\/07\/Wholesale-of-Bathroom-Cabinet-1-600x600.webp 600w, https:\/\/www.shouyasanitary.com\/wp-content\/uploads\/2025\/07\/Wholesale-of-Bathroom-Cabinet-1-100x100.webp 100w\" sizes=\"(max-width: 700px) 100vw, 700px\" \/><\/figure>\n<\/div><\/div>\n<\/div>","protected":false},"excerpt":{"rendered":"<p>Bienvenue dans la vente en gros d'armoires de toilette, design flottant, couleur gris clair, riche en fonctions de stockage\uff0c \u00e9l\u00e9gant et durable. Stock en vrac semi-personnalis\u00e9, vente directe \u00e0 l'usine, contactez-nous pour la personnalisation et les devis de vente en gros.<\/p>\n<h2>Armoires de toilette Attributs\uff1a<\/h2>\n<p><strong>Num\u00e9ro d'article :<\/strong>6042-120<strong><br \/>Mat\u00e9riau de l'armoire :<\/strong> PVC<br \/><strong>Couleur de l'armoire : <\/strong> Gris clair<br \/><strong>Miroir :<\/strong> Miroir LED (3,5 mm\/3,8 mm), \u00e9clairage tricolore, d\u00e9sembuage par simple pression d'une touche, s\u00e9curis\u00e9 par un emballage en mousse multicouche.<br \/><strong>Type d'installation :<\/strong>\u00a0Montage mural<br \/><strong>Dimensions (L\u00d7L\u00d7H) :<\/strong> 120*47*47cm<br \/><strong>Poids brut :<\/strong> 40kg\/set<\/p>\n<h2>Personnalisation et services :<\/h2>\n<p><strong>OEM ET ODM<\/strong>: Pris en charge<br \/><strong>Conception<\/strong>: Gratuit<br \/><strong>Accessoires<\/strong>: Lavabos, miroirs, robinets et autres accessoires de salle de bains<br \/><strong>Emballage<\/strong>: Pr\u00eat \u00e0 monter<\/p>","protected":false},"featured_media":1604,"comment_status":"closed","ping_status":"closed","template":"","meta":{"_acf_changed":false},"product_brand":[],"product_cat":[24],"product_tag":[],"class_list":{"0":"post-1600","1":"product","2":"type-product","3":"status-publish","4":"has-post-thumbnail","6":"product_cat-wholesale-pvc-bathroom-vanity-cabinets","8":"first","9":"instock","10":"shipping-taxable","11":"product-type-simple"},"acf":[],"_links":{"self":[{"href":"https:\/\/www.shouyasanitary.com\/fr\/wp-json\/wp\/v2\/product\/1600","targetHints":{"allow":["GET"]}}],"collection":[{"href":"https:\/\/www.shouyasanitary.com\/fr\/wp-json\/wp\/v2\/product"}],"about":[{"href":"https:\/\/www.shouyasanitary.com\/fr\/wp-json\/wp\/v2\/types\/product"}],"replies":[{"embeddable":true,"href":"https:\/\/www.shouyasanitary.com\/fr\/wp-json\/wp\/v2\/comments?post=1600"}],"wp:featuredmedia":[{"embeddable":true,"href":"https:\/\/www.shouyasanitary.com\/fr\/wp-json\/wp\/v2\/media\/1604"}],"wp:attachment":[{"href":"https:\/\/www.shouyasanitary.com\/fr\/wp-json\/wp\/v2\/media?parent=1600"}],"wp:term":[{"taxonomy":"product_brand","embeddable":true,"href":"https:\/\/www.shouyasanitary.com\/fr\/wp-json\/wp\/v2\/product_brand?post=1600"},{"taxonomy":"product_cat","embeddable":true,"href":"https:\/\/www.shouyasanitary.com\/fr\/wp-json\/wp\/v2\/product_cat?post=1600"},{"taxonomy":"product_tag","embeddable":true,"href":"https:\/\/www.shouyasanitary.com\/fr\/wp-json\/wp\/v2\/product_tag?post=1600"}],"curies":[{"name":"wp","href":"https:\/\/api.w.org\/{rel}","templated":true}]}}