{"id":1616,"date":"2025-08-01T11:30:37","date_gmt":"2025-08-01T11:30:37","guid":{"rendered":"https:\/\/www.shouyasanitary.com\/?post_type=product&#038;p=1616"},"modified":"2025-08-01T11:30:39","modified_gmt":"2025-08-01T11:30:39","slug":"wholesale-single-sink-bathroom-vanities","status":"publish","type":"product","link":"https:\/\/www.shouyasanitary.com\/fr\/produit\/wholesale-single-sink-bathroom-vanities\/","title":{"rendered":"Wholesale Single Sink Bathroom Vanities, Plywood Bathroom Cabinet with LED Mirror Custom"},"content":{"rendered":"<div class=\"wp-block-columns is-layout-flex wp-container-core-columns-is-layout-9d6595d7 wp-block-columns-is-layout-flex\">\n<div class=\"wp-block-column is-layout-flow wp-block-column-is-layout-flow\">\n<h2 class=\"wp-block-heading\">Vanit\u00e9s de salle de bain \u00e0 un seul lavabo Caract\u00e9ristiques :<\/h2>\n\n\n\n<p><strong>Aspect minimaliste<\/strong>: Le corps de l'armoire gris clair a un ton de couleur doux et polyvalent, adapt\u00e9 \u00e0 diff\u00e9rents styles de d\u00e9coration de salle de bains, cr\u00e9ant une atmosph\u00e8re d'espace soign\u00e9 et confortable. Le cadre de l'armoire de toilette est exquis et la surface du miroir est claire. Elle allie fonctionnalit\u00e9 pratique et \u00e9l\u00e9ments d\u00e9coratifs, ajoutant une touche d'\u00e9l\u00e9gance \u00e0 la salle de bains.<\/p>\n\n\n\n<p><strong>Sp\u00e9cifications standard : <\/strong>La largeur est de 80 cm, ce qui correspond \u00e0 une taille standard compatible. Il s'int\u00e8gre facilement dans l'agencement de la plupart des salles de bains familiales. Qu'il s'agisse d'une salle de bains compacte, de petite taille ou de taille normale, il peut \u00eatre plac\u00e9 raisonnablement, sans occuper trop d'espace parce qu'il est trop large, ni para\u00eetre \u00e0 l'\u00e9troit parce qu'il est trop \u00e9troit, ce qui permet d'\u00e9quilibrer l'utilisation de l'espace et les exigences d'utilisation.<\/p>\n\n\n\n<p><strong>Fonction de rangement pratique de l'armoire de toilette<\/strong>: Il s'agit d'un syst\u00e8me de rangement multizone. L'armoire de toilette offre un espace de rangement cach\u00e9, o\u00f9 l'on peut placer de petits objets tels que des brosses \u00e0 dents, du dentifrice et des produits de soin de la peau. La surface du miroir prot\u00e8ge l'intimit\u00e9 et permet aux objets fr\u00e9quemment utilis\u00e9s d'\u00eatre facilement accessibles et bien rang\u00e9s. Elle permet de classer efficacement les objets, d'\u00e9liminer le d\u00e9sordre dans la salle de bains et de r\u00e9pondre \u00e0 divers besoins de rangement.<\/p>\n\n\n\n<p><strong>Facile \u00e0 nettoyer<\/strong>: Le bassin int\u00e9gr\u00e9 en c\u00e9ramique blanche poss\u00e8de d'excellentes propri\u00e9t\u00e9s physiques. La surface est lisse et fine, peu sujette aux taches. Les taches d'eau et les salissures se nettoient facilement d'un simple coup de chiffon. L'entretien quotidien se fait sans effort et de mani\u00e8re pratique, ce qui ajoute \u00e0 l'exp\u00e9rience de lavage.<\/p>\n<\/div>\n\n\n\n<div class=\"wp-block-column is-layout-flow wp-block-column-is-layout-flow\"><div class=\"wp-block-image\">\n<figure class=\"aligncenter size-full\"><img decoding=\"async\" width=\"700\" height=\"700\" src=\"https:\/\/www.shouyasanitary.com\/wp-content\/uploads\/2025\/07\/Wholesale-Bathroom-Vanity-Cabinet_1-1.webp\" alt=\"Wholesale Bathroom Vanity Cabinet\" class=\"wp-image-1620\" style=\"object-fit:cover\" srcset=\"https:\/\/www.shouyasanitary.com\/wp-content\/uploads\/2025\/07\/Wholesale-Bathroom-Vanity-Cabinet_1-1.webp 700w, https:\/\/www.shouyasanitary.com\/wp-content\/uploads\/2025\/07\/Wholesale-Bathroom-Vanity-Cabinet_1-1-300x300.webp 300w, https:\/\/www.shouyasanitary.com\/wp-content\/uploads\/2025\/07\/Wholesale-Bathroom-Vanity-Cabinet_1-1-150x150.webp 150w, https:\/\/www.shouyasanitary.com\/wp-content\/uploads\/2025\/07\/Wholesale-Bathroom-Vanity-Cabinet_1-1-12x12.webp 12w, https:\/\/www.shouyasanitary.com\/wp-content\/uploads\/2025\/07\/Wholesale-Bathroom-Vanity-Cabinet_1-1-600x600.webp 600w, https:\/\/www.shouyasanitary.com\/wp-content\/uploads\/2025\/07\/Wholesale-Bathroom-Vanity-Cabinet_1-1-100x100.webp 100w\" sizes=\"(max-width: 700px) 100vw, 700px\" \/><\/figure>\n<\/div><\/div>\n<\/div>","protected":false},"excerpt":{"rendered":"<p>Vente en gros de meubles de salle de bain gris, \u00e9vier int\u00e9gr\u00e9, armoire de toilette LED. Construction en contreplaqu\u00e9, r\u00e9sistant \u00e0 l'humidit\u00e9, grandes dimensions. Contactez-nous pour un devis et un catalogue !<\/p>\n<h2>Attributs des armoires de salle de bains\uff1a<\/h2>\n<p><strong>Num\u00e9ro d'article<\/strong>: 3001-80<br \/><strong>Mat\u00e9riau de l'armoire<\/strong>: Contreplaqu\u00e9<br \/><strong>Couleur de l'armoire<\/strong>: Marron clair<br \/><strong>Miroir<\/strong>: Miroir LED (3,5mm \/ 3,8mm), \u00e9clairage tricolore, d\u00e9sembuage par simple pression d'une touche, s\u00e9curis\u00e9 par un emballage en mousse multicouche. <br \/><strong>Type d'installation<\/strong>: Montage mural <br \/><strong>Dimensions (L \u00d7 L \u00d7 H)<\/strong>: 80 x 47 x 50 cm<br \/><strong>Poids brut<\/strong>: 31 kg\/set<\/p>\n<h2>Personnalisation et services :<\/h2>\n<p><strong>OEM ET ODM<\/strong>: Pris en charge<br \/><strong>Conception<\/strong>: Gratuit<br \/><strong>Accessoires<\/strong>: Lavabos, miroirs, robinets et autres accessoires de salle de bains<br \/><strong>Emballage<\/strong>: Pr\u00eat \u00e0 monter<\/p>","protected":false},"featured_media":1620,"comment_status":"closed","ping_status":"closed","template":"","meta":{"_acf_changed":true},"product_brand":[],"product_cat":[20],"product_tag":[],"class_list":{"0":"post-1616","1":"product","2":"type-product","3":"status-publish","4":"has-post-thumbnail","6":"product_cat-wholesale-plywood-bathroom-vanity-cabinets","8":"first","9":"instock","10":"shipping-taxable","11":"product-type-simple"},"acf":[],"_links":{"self":[{"href":"https:\/\/www.shouyasanitary.com\/fr\/wp-json\/wp\/v2\/product\/1616","targetHints":{"allow":["GET"]}}],"collection":[{"href":"https:\/\/www.shouyasanitary.com\/fr\/wp-json\/wp\/v2\/product"}],"about":[{"href":"https:\/\/www.shouyasanitary.com\/fr\/wp-json\/wp\/v2\/types\/product"}],"replies":[{"embeddable":true,"href":"https:\/\/www.shouyasanitary.com\/fr\/wp-json\/wp\/v2\/comments?post=1616"}],"wp:featuredmedia":[{"embeddable":true,"href":"https:\/\/www.shouyasanitary.com\/fr\/wp-json\/wp\/v2\/media\/1620"}],"wp:attachment":[{"href":"https:\/\/www.shouyasanitary.com\/fr\/wp-json\/wp\/v2\/media?parent=1616"}],"wp:term":[{"taxonomy":"product_brand","embeddable":true,"href":"https:\/\/www.shouyasanitary.com\/fr\/wp-json\/wp\/v2\/product_brand?post=1616"},{"taxonomy":"product_cat","embeddable":true,"href":"https:\/\/www.shouyasanitary.com\/fr\/wp-json\/wp\/v2\/product_cat?post=1616"},{"taxonomy":"product_tag","embeddable":true,"href":"https:\/\/www.shouyasanitary.com\/fr\/wp-json\/wp\/v2\/product_tag?post=1616"}],"curies":[{"name":"wp","href":"https:\/\/api.w.org\/{rel}","templated":true}]}}