{"id":1618,"date":"2025-08-01T11:31:08","date_gmt":"2025-08-01T11:31:08","guid":{"rendered":"https:\/\/www.shouyasanitary.com\/?post_type=product&#038;p=1618"},"modified":"2025-08-01T11:31:09","modified_gmt":"2025-08-01T11:31:09","slug":"wholesale-wall-cabinet-bathroom","status":"publish","type":"product","link":"https:\/\/www.shouyasanitary.com\/fr\/produit\/wholesale-wall-cabinet-bathroom\/","title":{"rendered":"Wholesale Wall Cabinet Bathroom, White Bathroom Vanity with Drawers High-quality Mirror Cabinet Manufacturer"},"content":{"rendered":"<div class=\"wp-block-columns is-layout-flex wp-container-core-columns-is-layout-9d6595d7 wp-block-columns-is-layout-flex\">\n<div class=\"wp-block-column is-layout-flow wp-block-column-is-layout-flow\">\n<h2 class=\"wp-block-heading\">Wholesale Wall Cabinet Bathroom Features\uff1a<\/h2>\n\n\n\n<p><strong>Aspect moderne<\/strong>: La combinaison de deux tiroirs et d'une seule porte d'armoire cr\u00e9e une disposition nette et ordonn\u00e9e. L'ensemble du corps adopte un ton blanc doux et l\u00e9ger, avec un degr\u00e9 \u00e9lev\u00e9 d'uniformit\u00e9 des couleurs du corps de l'armoire au comptoir et \u00e0 l'armoire de toilette. Il n'y a pas d'interf\u00e9rence de couleurs complexes, ce qui cr\u00e9e une atmosph\u00e8re visuelle pure et tranquille, qui peut facilement s'int\u00e9grer dans divers espaces de salle de bains minimalistes.<\/p>\n\n\n\n<p><strong>Contreplaqu\u00e9 de qualit\u00e9 sup\u00e9rieure<\/strong>: Fabriqu\u00e9 par pressage crois\u00e9 de plusieurs couches de placage, le contreplaqu\u00e9 a une structure stable et peut supporter sans d\u00e9formation l'ouverture et la fermeture fr\u00e9quentes des tiroirs et des portes d'armoires. Il pr\u00e9sente une bonne r\u00e9sistance \u00e0 l'humidit\u00e9 et, apr\u00e8s un traitement sp\u00e9cial, il peut r\u00e9sister \u00e0 l'humidit\u00e9 dans la salle de bains. En outre, il pr\u00e9sente de bonnes performances environnementales, est conforme aux normes en vigueur, r\u00e9duit les \u00e9missions de substances nocives et garantit la s\u00e9curit\u00e9 et la tranquillit\u00e9 d'esprit lors de son utilisation. Il garantit la durabilit\u00e9 et la sant\u00e9 du meuble de salle de bains.<\/p>\n\n\n\n<p><strong>Fonction de stockage<\/strong>: Les deux tiroirs sont utilis\u00e9s pour classer les petits objets, et la porte de l'armoire unique permet de cacher les gros objets. Combin\u00e9e \u00e0 l'armoire de toilette \u00e0 LED pour le rangement, les zones de rangement sont clairement d\u00e9finies, ce qui facilite la prise des objets et \u00e9limine le d\u00e9sordre, r\u00e9pondant ainsi aux besoins de rangement des articles de toilette quotidiens.<\/p>\n\n\n\n<p><strong>Avantages li\u00e9s \u00e0 la taille<\/strong>: La largeur de 100 cm est une taille id\u00e9ale, adapt\u00e9e \u00e0 la plupart des salles de bains familiales. L'espace est spacieux et non exigu, capable d'accueillir des tiroirs doubles et des armoires simples, \u00e9quilibrant le stockage et le mouvement, sans encombrement dans les petits appartements, et harmonieux dans les grandes salles de bains.<\/p>\n\n\n\n<p><strong>Approvisionnement de l'usine de Shouya<\/strong>: La personnalisation en masse permet de b\u00e9n\u00e9ficier de remises plus importantes pour r\u00e9pondre aux besoins d'approvisionnement.<\/p>\n<\/div>\n\n\n\n<div class=\"wp-block-column is-layout-flow wp-block-column-is-layout-flow\"><div class=\"wp-block-image\">\n<figure class=\"aligncenter size-full\"><img decoding=\"async\" width=\"700\" height=\"700\" src=\"https:\/\/www.shouyasanitary.com\/wp-content\/uploads\/2025\/07\/OEM-bathroom-cabinet-vanity_1.webp\" alt=\"OEM meuble de salle de bain vanity_1\" class=\"wp-image-1627\" style=\"object-fit:cover\" srcset=\"https:\/\/www.shouyasanitary.com\/wp-content\/uploads\/2025\/07\/OEM-bathroom-cabinet-vanity_1.webp 700w, https:\/\/www.shouyasanitary.com\/wp-content\/uploads\/2025\/07\/OEM-bathroom-cabinet-vanity_1-300x300.webp 300w, https:\/\/www.shouyasanitary.com\/wp-content\/uploads\/2025\/07\/OEM-bathroom-cabinet-vanity_1-150x150.webp 150w, https:\/\/www.shouyasanitary.com\/wp-content\/uploads\/2025\/07\/OEM-bathroom-cabinet-vanity_1-12x12.webp 12w, https:\/\/www.shouyasanitary.com\/wp-content\/uploads\/2025\/07\/OEM-bathroom-cabinet-vanity_1-600x600.webp 600w, https:\/\/www.shouyasanitary.com\/wp-content\/uploads\/2025\/07\/OEM-bathroom-cabinet-vanity_1-100x100.webp 100w\" sizes=\"(max-width: 700px) 100vw, 700px\" \/><\/figure>\n<\/div><\/div>\n<\/div>","protected":false},"excerpt":{"rendered":"<p>Bienvenue sur le site de vente en gros d'armoires murales pour la salle de bains. Le design mural combine une armoire de toilette avec un grand espace de rangement pour apporter propret\u00e9 et commodit\u00e9 \u00e0 votre salle de bains. Il comprend des tiroirs et de grandes armoires pour r\u00e9pondre parfaitement \u00e0 divers besoins de stockage. Contactez-nous pour un devis et un catalogue de produits !\u00a0<\/p>\n<h2>Armoire murale Salle de bain Attributs\uff1a<\/h2>\n<p><strong>Num\u00e9ro d'article :<\/strong>9501-100c<strong><br \/>Mat\u00e9riau de l'armoire :<\/strong>\u00a0Contreplaqu\u00e9<br \/><strong>Couleur de l'armoire :<\/strong> Blanc<br \/><strong>Miroir :<\/strong> Miroir LED (3,5 mm\/3,8 mm), \u00e9clairage tricolore, d\u00e9sembuage par simple pression d'une touche, s\u00e9curis\u00e9 par un emballage en mousse multicouche.<br \/><strong>Type d'installation :<\/strong>\u00a0Montage mural<br \/><strong>Dimensions (L\u00d7L\u00d7H) :<\/strong> 100x50x51 cm<br \/><strong>Poids brut :<\/strong> 32kg\/set<\/p>\n<h2>Personnalisation et services :<\/h2>\n<p><strong>OEM ET ODM<\/strong>: Pris en charge<br \/><strong>Conception<\/strong>: Gratuit<br \/><strong>Accessoires<\/strong>: Lavabos, miroirs, robinets et autres accessoires de salle de bains<br \/><strong>Emballage<\/strong>: Pr\u00eat \u00e0 monter<\/p>","protected":false},"featured_media":1627,"comment_status":"closed","ping_status":"closed","template":"","meta":{"_acf_changed":true},"product_brand":[],"product_cat":[20],"product_tag":[],"class_list":{"0":"post-1618","1":"product","2":"type-product","3":"status-publish","4":"has-post-thumbnail","6":"product_cat-wholesale-plywood-bathroom-vanity-cabinets","8":"first","9":"instock","10":"shipping-taxable","11":"product-type-simple"},"acf":[],"_links":{"self":[{"href":"https:\/\/www.shouyasanitary.com\/fr\/wp-json\/wp\/v2\/product\/1618","targetHints":{"allow":["GET"]}}],"collection":[{"href":"https:\/\/www.shouyasanitary.com\/fr\/wp-json\/wp\/v2\/product"}],"about":[{"href":"https:\/\/www.shouyasanitary.com\/fr\/wp-json\/wp\/v2\/types\/product"}],"replies":[{"embeddable":true,"href":"https:\/\/www.shouyasanitary.com\/fr\/wp-json\/wp\/v2\/comments?post=1618"}],"wp:featuredmedia":[{"embeddable":true,"href":"https:\/\/www.shouyasanitary.com\/fr\/wp-json\/wp\/v2\/media\/1627"}],"wp:attachment":[{"href":"https:\/\/www.shouyasanitary.com\/fr\/wp-json\/wp\/v2\/media?parent=1618"}],"wp:term":[{"taxonomy":"product_brand","embeddable":true,"href":"https:\/\/www.shouyasanitary.com\/fr\/wp-json\/wp\/v2\/product_brand?post=1618"},{"taxonomy":"product_cat","embeddable":true,"href":"https:\/\/www.shouyasanitary.com\/fr\/wp-json\/wp\/v2\/product_cat?post=1618"},{"taxonomy":"product_tag","embeddable":true,"href":"https:\/\/www.shouyasanitary.com\/fr\/wp-json\/wp\/v2\/product_tag?post=1618"}],"curies":[{"name":"wp","href":"https:\/\/api.w.org\/{rel}","templated":true}]}}