{"id":1619,"date":"2025-08-01T11:31:09","date_gmt":"2025-08-01T11:31:09","guid":{"rendered":"https:\/\/www.shouyasanitary.com\/?post_type=product&#038;p=1619"},"modified":"2025-08-01T11:31:14","modified_gmt":"2025-08-01T11:31:14","slug":"custom-plywood-bathroom-cabinets","status":"publish","type":"product","link":"https:\/\/www.shouyasanitary.com\/fr\/produit\/custom-plywood-bathroom-cabinets\/","title":{"rendered":"Meubles de salle de bain en contreplaqu\u00e9 sur mesure, meuble-lavabo flottant pour salle de bain avec \u00e9vier simple"},"content":{"rendered":"<div class=\"wp-block-columns is-layout-flex wp-container-core-columns-is-layout-9d6595d7 wp-block-columns-is-layout-flex\">\n<div class=\"wp-block-column is-layout-flow wp-block-column-is-layout-flow\">\n<h2 class=\"wp-block-heading\">Armoires de salle de bain en contreplaqu\u00e9 Caract\u00e9ristiques :<\/h2>\n\n\n\n<p><strong>Avantages du contreplaqu\u00e9<\/strong>: Il est form\u00e9 par le pressage de plusieurs couches de placages entrelac\u00e9s. La structure est stable et r\u00e9siste bien \u00e0 la d\u00e9formation, ce qui permet de conserver la forme de l'armoire pendant longtemps. Elle pr\u00e9sente d'excellentes performances en mati\u00e8re d'\u00e9tanch\u00e9it\u00e9 \u00e0 l'humidit\u00e9, ce qui lui permet de r\u00e9sister efficacement \u00e0 la vapeur d'eau dans la salle de bains et de prolonger la dur\u00e9e de vie de l'armoire. En outre, il est conforme aux normes de protection de l'environnement et d\u00e9gage peu de substances nocives, ce qui garantit une utilisation s\u00fbre et fiable.<\/p>\n\n\n\n<p><strong>Avantages li\u00e9s \u00e0 la taille<\/strong>: La largeur de 60 cm est pr\u00e9cise et convient \u00e0 divers espaces de salle de bains. Dans les petits appartements, elle n'occupe pas trop d'espace, permettant un espace de rangement complet dans la salle de bains, m\u00eame dans une salle de bains \u00e9troite ; tandis que dans les grands espaces, elle peut servir de rangement suppl\u00e9mentaire ou de configuration pour une salle de bains d'invit\u00e9s, sans para\u00eetre d\u00e9plac\u00e9e et avec un agencement plus flexible.<\/p>\n\n\n\n<p><strong>Espace de stockage abondant<\/strong>: Bien que la taille soit petite, la fonction de stockage est pratique. L'armoire de toilette permet de ranger les produits de soin et de toilette fr\u00e9quemment utilis\u00e9s et est facile d'acc\u00e8s. Le corps de l'armoire inf\u00e9rieure pr\u00e9sente un design en couches, qui peut \u00eatre utilis\u00e9 pour classer les serviettes, les produits de bain, etc., en utilisant pleinement l'espace vertical et en permettant aux petites armoires de salle de bains de r\u00e9pondre \u00e9galement au stockage ordonn\u00e9 des articles de toilette quotidiens.<\/p>\n\n\n\n<p><strong>Environnementale et saine :<\/strong> Respectant strictement les normes de protection de l'environnement, les \u00e9missions de substances nocives telles que le formald\u00e9hyde sont extr\u00eamement faibles. Cela permet non seulement de r\u00e9pondre aux attentes des consommateurs modernes en mati\u00e8re d'environnement domestique sain, mais aussi de garantir que les produits de l'UE ne sont pas polluants.<strong>,<\/strong> dans une salle de bain relativement ferm\u00e9e, il ne sera pas nocif pour la sant\u00e9 humaine, offrant aux utilisateurs une exp\u00e9rience d'utilisation rassurante.<\/p>\n<\/div>\n\n\n\n<div class=\"wp-block-column is-layout-flow wp-block-column-is-layout-flow\"><div class=\"wp-block-image\">\n<figure class=\"aligncenter size-full\"><img decoding=\"async\" width=\"700\" height=\"700\" src=\"https:\/\/www.shouyasanitary.com\/wp-content\/uploads\/2025\/07\/Bulk-Purchases-Bathroom-Cabinet-Vanity_1.webp\" alt=\"Bulk Purchases Bathroom Cabinet Vanity\" class=\"wp-image-1624\" style=\"object-fit:cover\" srcset=\"https:\/\/www.shouyasanitary.com\/wp-content\/uploads\/2025\/07\/Bulk-Purchases-Bathroom-Cabinet-Vanity_1.webp 700w, https:\/\/www.shouyasanitary.com\/wp-content\/uploads\/2025\/07\/Bulk-Purchases-Bathroom-Cabinet-Vanity_1-300x300.webp 300w, https:\/\/www.shouyasanitary.com\/wp-content\/uploads\/2025\/07\/Bulk-Purchases-Bathroom-Cabinet-Vanity_1-150x150.webp 150w, https:\/\/www.shouyasanitary.com\/wp-content\/uploads\/2025\/07\/Bulk-Purchases-Bathroom-Cabinet-Vanity_1-12x12.webp 12w, https:\/\/www.shouyasanitary.com\/wp-content\/uploads\/2025\/07\/Bulk-Purchases-Bathroom-Cabinet-Vanity_1-600x600.webp 600w, https:\/\/www.shouyasanitary.com\/wp-content\/uploads\/2025\/07\/Bulk-Purchases-Bathroom-Cabinet-Vanity_1-100x100.webp 100w\" sizes=\"(max-width: 700px) 100vw, 700px\" \/><\/figure>\n<\/div><\/div>\n<\/div>","protected":false},"excerpt":{"rendered":"<p>Les armoires de salle de bains en contreplaqu\u00e9 sont con\u00e7ues sp\u00e9cialement pour les salles de bains modernes. Elles sont fabriqu\u00e9es en contreplaqu\u00e9 haut de gamme et sont dot\u00e9es d'une armoire de toilette et d'un vaste espace de rangement. La structure murale astucieuse permet non seulement d'\u00e9conomiser de l'espace, mais aussi de garder la salle de bains bien rang\u00e9e. C'est un choix id\u00e9al pour ceux qui recherchent un espace de salle de bain moderne, simple et pratique. N'h\u00e9sitez pas \u00e0 nous contacter pour un devis.<\/p>\n<h2>Armoires de salle de bain en contreplaqu\u00e9 Attributs\uff1a<\/h2>\n<p><strong>Num\u00e9ro d'article<\/strong>: 3003-60<br \/><strong>Mat\u00e9riau de l'armoire<\/strong>: Contreplaqu\u00e9<br \/><strong>Couleur de l'armoire<\/strong>: Jaune<\/p>\n<p><strong>Miroir :<\/strong> Miroir LED (3,5 mm\/3,8 mm), \u00e9clairage tricolore, d\u00e9sembuage par simple pression d'une touche, s\u00e9curis\u00e9 par un emballage en mousse multicouche.<br \/><strong>Type d'installation :<\/strong>\u00a0Montage mural<br \/><strong>Dimensions (L\u00d7L\u00d7H) :<\/strong> 60*47*45cm<\/p>\n<h2>Personnalisation et services :<\/h2>\n<p><strong>OEM ET ODM<\/strong>: Pris en charge<br \/><strong>Conception<\/strong>: Gratuit<br \/><strong>Accessoires<\/strong>: Lavabos, miroirs, robinets et autres accessoires de salle de bains<br \/><strong>Emballage<\/strong>: Pr\u00eat \u00e0 monter<\/p>","protected":false},"featured_media":1624,"comment_status":"closed","ping_status":"closed","template":"","meta":{"_acf_changed":true},"product_brand":[],"product_cat":[20],"product_tag":[],"class_list":{"0":"post-1619","1":"product","2":"type-product","3":"status-publish","4":"has-post-thumbnail","6":"product_cat-wholesale-plywood-bathroom-vanity-cabinets","8":"first","9":"instock","10":"shipping-taxable","11":"product-type-simple"},"acf":[],"_links":{"self":[{"href":"https:\/\/www.shouyasanitary.com\/fr\/wp-json\/wp\/v2\/product\/1619","targetHints":{"allow":["GET"]}}],"collection":[{"href":"https:\/\/www.shouyasanitary.com\/fr\/wp-json\/wp\/v2\/product"}],"about":[{"href":"https:\/\/www.shouyasanitary.com\/fr\/wp-json\/wp\/v2\/types\/product"}],"replies":[{"embeddable":true,"href":"https:\/\/www.shouyasanitary.com\/fr\/wp-json\/wp\/v2\/comments?post=1619"}],"wp:featuredmedia":[{"embeddable":true,"href":"https:\/\/www.shouyasanitary.com\/fr\/wp-json\/wp\/v2\/media\/1624"}],"wp:attachment":[{"href":"https:\/\/www.shouyasanitary.com\/fr\/wp-json\/wp\/v2\/media?parent=1619"}],"wp:term":[{"taxonomy":"product_brand","embeddable":true,"href":"https:\/\/www.shouyasanitary.com\/fr\/wp-json\/wp\/v2\/product_brand?post=1619"},{"taxonomy":"product_cat","embeddable":true,"href":"https:\/\/www.shouyasanitary.com\/fr\/wp-json\/wp\/v2\/product_cat?post=1619"},{"taxonomy":"product_tag","embeddable":true,"href":"https:\/\/www.shouyasanitary.com\/fr\/wp-json\/wp\/v2\/product_tag?post=1619"}],"curies":[{"name":"wp","href":"https:\/\/api.w.org\/{rel}","templated":true}]}}