{"id":1649,"date":"2025-08-01T11:30:27","date_gmt":"2025-08-01T11:30:27","guid":{"rendered":"https:\/\/www.shouyasanitary.com\/?post_type=product&#038;p=1649"},"modified":"2025-08-01T11:30:36","modified_gmt":"2025-08-01T11:30:36","slug":"wholesale-bathroom-vanity-with-mirror","status":"publish","type":"product","link":"https:\/\/www.shouyasanitary.com\/fr\/produit\/wholesale-bathroom-vanity-with-mirror\/","title":{"rendered":"Wholesale Bathroom Vanity with Mirror, Batch Custom Bathroom Cabinet Waterproof PVC Cabinets for Commercial Bathroom Projects"},"content":{"rendered":"<div class=\"wp-block-columns is-layout-flex wp-container-core-columns-is-layout-9d6595d7 wp-block-columns-is-layout-flex\">\n<div class=\"wp-block-column is-layout-flow wp-block-column-is-layout-flow\">\n<h2 class=\"wp-block-heading\">Meuble de salle de bain avec miroir Caract\u00e9ristiques\uff1a<\/h2>\n\n\n\n<p><strong>Aspect moderne et simple<\/strong>Le produit adopte un design suspendu, associ\u00e9 \u00e0 des miroirs circulaires intelligents. Les lignes simples s'harmonisent avec les panneaux de porte en forme de vagues tridimensionnelles, cr\u00e9ant une atmosph\u00e8re l\u00e9g\u00e8re et \u00e0 la mode. Il convient aux salles de bains modernes des h\u00f4tels haut de gamme, aux appartements enti\u00e8rement finis, etc. et r\u00e9pond aux exigences esth\u00e9tiques des salles de bains modernes.<\/p>\n\n\n\n<p><strong>Mat\u00e9riau PVC imperm\u00e9able<\/strong>l : Il pr\u00e9sente d'excellentes performances en mati\u00e8re d'\u00e9tanch\u00e9it\u00e9 et de r\u00e9sistance \u00e0 l'humidit\u00e9. Il n'est pas affect\u00e9 par l'environnement humide de la salle de bains. La surface est facile \u00e0 nettoyer et r\u00e9sistante aux rayures. Il ne se d\u00e9forme pas et ne change pas de couleur apr\u00e8s une longue p\u00e9riode d'utilisation, ce qui r\u00e9duit les co\u00fbts d'entretien et allie beaut\u00e9 et praticit\u00e9.<\/p>\n\n\n\n<p><strong>Espace de stockage flexible<\/strong>: L'armoire est divis\u00e9e en plusieurs espaces de rangement. Le large plan de travail permet de ranger les articles fr\u00e9quemment utilis\u00e9s. Les tiroirs cach\u00e9s et les portes de l'armoire sont combin\u00e9s pour fournir un rangement ordonn\u00e9 pour les articles de toilette, r\u00e9pondant aux besoins de rangement de plusieurs utilisateurs dans les chambres d'h\u00f4tel et les salles de bains commerciales. Il est pratique et efficace de prendre des articles.<\/p>\n\n\n\n<p><strong>Assurance qualit\u00e9<\/strong>: Respectant des normes de production strictes, la structure de l'armoire est stable et les composants mat\u00e9riels ont \u00e9t\u00e9 soumis \u00e0 des tests de durabilit\u00e9. Elle a pass\u00e9 de nombreux tests, notamment d'\u00e9tanch\u00e9it\u00e9 et de r\u00e9sistance \u00e0 la charge, ce qui garantit une qualit\u00e9 fiable. Il constitue une solution de rangement stable et \u00e0 long terme pour la salle de bains, r\u00e9duisant ainsi les \u00e9ventuels probl\u00e8mes de service apr\u00e8s-vente.<\/p>\n<\/div>\n\n\n\n<div class=\"wp-block-column is-layout-flow wp-block-column-is-layout-flow\"><div class=\"wp-block-image\">\n<figure class=\"aligncenter size-full\"><img decoding=\"async\" width=\"700\" height=\"700\" src=\"https:\/\/www.shouyasanitary.com\/wp-content\/uploads\/2025\/07\/Bulk-Purchases-Bathroom-Cabinet-Vanity-1.webp\" alt=\"Bulk Purchases Bathroom Cabinet Vanity\" class=\"wp-image-1654\" style=\"object-fit:cover\" srcset=\"https:\/\/www.shouyasanitary.com\/wp-content\/uploads\/2025\/07\/Bulk-Purchases-Bathroom-Cabinet-Vanity-1.webp 700w, https:\/\/www.shouyasanitary.com\/wp-content\/uploads\/2025\/07\/Bulk-Purchases-Bathroom-Cabinet-Vanity-1-300x300.webp 300w, https:\/\/www.shouyasanitary.com\/wp-content\/uploads\/2025\/07\/Bulk-Purchases-Bathroom-Cabinet-Vanity-1-150x150.webp 150w, https:\/\/www.shouyasanitary.com\/wp-content\/uploads\/2025\/07\/Bulk-Purchases-Bathroom-Cabinet-Vanity-1-12x12.webp 12w, https:\/\/www.shouyasanitary.com\/wp-content\/uploads\/2025\/07\/Bulk-Purchases-Bathroom-Cabinet-Vanity-1-600x600.webp 600w, https:\/\/www.shouyasanitary.com\/wp-content\/uploads\/2025\/07\/Bulk-Purchases-Bathroom-Cabinet-Vanity-1-100x100.webp 100w\" sizes=\"(max-width: 700px) 100vw, 700px\" \/><\/figure>\n<\/div><\/div>\n<\/div>","protected":false},"excerpt":{"rendered":"<p>Salle de bain en gros avec miroir, construction en PVC imperm\u00e9able, r\u00e9sistant \u00e0 l'humidit\u00e9 et facile \u00e0 entretenir. Id\u00e9al pour les projets de salle de bain commerciaux comme les h\u00f4tels et les appartements, avec possibilit\u00e9 de personnalisation en vrac. Contactez-nous pour obtenir un catalogue de produits !<\/p>\n<h2>Meuble de salle de bain avec miroir Attributs\uff1a<\/h2>\n<p><strong>Num\u00e9ro d'article :<\/strong>6046-100y<strong><br \/>Mat\u00e9riau de l'armoire :<\/strong> PVC<br \/><strong>Couleur de l'armoire :<\/strong> Jaune<br \/><strong>Miroir :<\/strong> Miroir LED (3,5 mm\/3,8 mm), \u00e9clairage tricolore, d\u00e9sembuage par simple pression d'une touche, s\u00e9curis\u00e9 par un emballage en mousse multicouche.<br \/><strong>Type d'installation :<\/strong>\u00a0Montage mural<br \/><strong>Dimensions (L\u00d7L\u00d7H) :<\/strong> 100*48*47 cm<br \/><strong>Poids brut :<\/strong> 32kg\/set<\/p>\n<h2>Personnalisation et services :<\/h2>\n<p><strong>OEM ET ODM<\/strong>: Pris en charge<br \/><strong>Conception<\/strong>: Gratuit<br \/><strong>Accessoires<\/strong>: Lavabos, miroirs, robinets et autres accessoires de salle de bains<br \/><strong>Emballage<\/strong>: Pr\u00eat \u00e0 monter<\/p>","protected":false},"featured_media":1654,"comment_status":"closed","ping_status":"closed","template":"","meta":{"_acf_changed":true},"product_brand":[],"product_cat":[24],"product_tag":[],"class_list":{"0":"post-1649","1":"product","2":"type-product","3":"status-publish","4":"has-post-thumbnail","6":"product_cat-wholesale-pvc-bathroom-vanity-cabinets","8":"first","9":"instock","10":"shipping-taxable","11":"product-type-simple"},"acf":[],"_links":{"self":[{"href":"https:\/\/www.shouyasanitary.com\/fr\/wp-json\/wp\/v2\/product\/1649","targetHints":{"allow":["GET"]}}],"collection":[{"href":"https:\/\/www.shouyasanitary.com\/fr\/wp-json\/wp\/v2\/product"}],"about":[{"href":"https:\/\/www.shouyasanitary.com\/fr\/wp-json\/wp\/v2\/types\/product"}],"replies":[{"embeddable":true,"href":"https:\/\/www.shouyasanitary.com\/fr\/wp-json\/wp\/v2\/comments?post=1649"}],"wp:featuredmedia":[{"embeddable":true,"href":"https:\/\/www.shouyasanitary.com\/fr\/wp-json\/wp\/v2\/media\/1654"}],"wp:attachment":[{"href":"https:\/\/www.shouyasanitary.com\/fr\/wp-json\/wp\/v2\/media?parent=1649"}],"wp:term":[{"taxonomy":"product_brand","embeddable":true,"href":"https:\/\/www.shouyasanitary.com\/fr\/wp-json\/wp\/v2\/product_brand?post=1649"},{"taxonomy":"product_cat","embeddable":true,"href":"https:\/\/www.shouyasanitary.com\/fr\/wp-json\/wp\/v2\/product_cat?post=1649"},{"taxonomy":"product_tag","embeddable":true,"href":"https:\/\/www.shouyasanitary.com\/fr\/wp-json\/wp\/v2\/product_tag?post=1649"}],"curies":[{"name":"wp","href":"https:\/\/api.w.org\/{rel}","templated":true}]}}