{"id":1650,"date":"2025-08-01T11:30:25","date_gmt":"2025-08-01T11:30:25","guid":{"rendered":"https:\/\/www.shouyasanitary.com\/?post_type=product&#038;p=1650"},"modified":"2025-08-01T11:30:27","modified_gmt":"2025-08-01T11:30:27","slug":"custom-bathroom-vanities-with-tops","status":"publish","type":"product","link":"https:\/\/www.shouyasanitary.com\/fr\/produit\/custom-bathroom-vanities-with-tops\/","title":{"rendered":"Meubles de salle de bain sur mesure avec plans, Meuble de salle de bain en PVC de type ing\u00e9nierie avec miroir en vrac"},"content":{"rendered":"<div class=\"wp-block-columns is-layout-flex wp-container-core-columns-is-layout-9d6595d7 wp-block-columns-is-layout-flex\">\n<div class=\"wp-block-column is-layout-flow wp-block-column-is-layout-flow\">\n<h2 class=\"wp-block-heading\">Vanit\u00e9s de salle de bain avec dessus Caract\u00e9ristiques\uff1a<\/h2>\n\n\n\n<p><strong>Design \u00e0 la fran\u00e7aise : <\/strong>Le corps de l'armoire est suspendu et comporte un miroir circulaire intelligent. Le plan de travail en granit, sans jointure, s'int\u00e8gre parfaitement \u00e0 l'armoire, ce qui lui permet de s'adapter \u00e0 diff\u00e9rents espaces de salle de bains et d'am\u00e9liorer l'attrait visuel global.<\/p>\n\n\n\n<p><strong>Mat\u00e9riau de haute qualit\u00e9<\/strong>: Armoire en PVC + comptoir en granit sans soudure. Imperm\u00e9able, r\u00e9sistant \u00e0 l'humidit\u00e9. Le granit r\u00e9siste aux rayures \u00e0 haute temp\u00e9rature. La surface en PVC est facile \u00e0 nettoyer et ne se d\u00e9forme pas avec le temps, ce qui permet de concilier praticit\u00e9 et esth\u00e9tique.<\/p>\n\n\n\n<p><strong>Conception de zonage \u00e0 plusieurs niveaux :<\/strong> Le plan de travail en granit permet de ranger les articles fr\u00e9quemment utilis\u00e9s. Des tiroirs et des armoires cach\u00e9es sont utilis\u00e9s pour le stockage s\u00e9par\u00e9, permettant de ranger les articles de toilette de plusieurs personnes et d'y acc\u00e9der de mani\u00e8re pratique et ordonn\u00e9e.<\/p>\n\n\n\n<p><strong>Fourniture en usine, assurance qualit\u00e9<\/strong>: La structure est stable, les composants mat\u00e9riels sont durables et les tests d'\u00e9tanch\u00e9it\u00e9 et de r\u00e9sistance \u00e0 la charge ont \u00e9t\u00e9 r\u00e9ussis. Le bassin en granit est \u00e9troitement associ\u00e9 \u00e0 l'armoire en PVC, ce qui garantit une utilisation fiable. Il s'agit d'une solution de salle de bains fiable et \u00e0 long terme pour les projets commerciaux.<\/p>\n<\/div>\n\n\n\n<div class=\"wp-block-column is-layout-flow wp-block-column-is-layout-flow\"><div class=\"wp-block-image\">\n<figure class=\"aligncenter size-full\"><img decoding=\"async\" width=\"700\" height=\"700\" src=\"https:\/\/www.shouyasanitary.com\/wp-content\/uploads\/2025\/07\/OEM-bathroom-cabinet-vanity-2.webp\" alt=\"Meuble de salle de bains OEM\" class=\"wp-image-1657\" style=\"object-fit:cover\" srcset=\"https:\/\/www.shouyasanitary.com\/wp-content\/uploads\/2025\/07\/OEM-bathroom-cabinet-vanity-2.webp 700w, https:\/\/www.shouyasanitary.com\/wp-content\/uploads\/2025\/07\/OEM-bathroom-cabinet-vanity-2-300x300.webp 300w, https:\/\/www.shouyasanitary.com\/wp-content\/uploads\/2025\/07\/OEM-bathroom-cabinet-vanity-2-150x150.webp 150w, https:\/\/www.shouyasanitary.com\/wp-content\/uploads\/2025\/07\/OEM-bathroom-cabinet-vanity-2-12x12.webp 12w, https:\/\/www.shouyasanitary.com\/wp-content\/uploads\/2025\/07\/OEM-bathroom-cabinet-vanity-2-600x600.webp 600w, https:\/\/www.shouyasanitary.com\/wp-content\/uploads\/2025\/07\/OEM-bathroom-cabinet-vanity-2-100x100.webp 100w\" sizes=\"(max-width: 700px) 100vw, 700px\" \/><\/figure>\n<\/div><\/div>\n<\/div>","protected":false},"excerpt":{"rendered":"<p>Vanit\u00e9s de salle de bain sur mesure avec plans, construites en PVC avec vasque int\u00e9gr\u00e9e en pierre, miroir rond \u00e9clair\u00e9 et rangement cach\u00e9. R\u00e9sistant \u00e0 l'humidit\u00e9 et robuste. Id\u00e9al pour l'h\u00f4tellerie et la location.  Shouya factory direct supply, welcome to contact us to get a quote !<\/p>\n<h2>Meubles-lavabos avec dessus Attributs\uff1a<\/h2>\n<p><strong>Num\u00e9ro d'article :<\/strong>6047-120G<strong><br \/>Mat\u00e9riau de l'armoire :<\/strong> PVC<br \/><strong>Couleur de l'armoire :<\/strong> Gris<br \/><strong>Miroir :<\/strong> Miroir LED (3,5 mm\/3,8 mm), \u00e9clairage tricolore, d\u00e9sembuage par simple pression d'une touche, s\u00e9curis\u00e9 par un emballage en mousse multicouche.<br \/><strong>Type d'installation :<\/strong>\u00a0Montage mural<br \/><strong>Dimensions (L\u00d7L\u00d7H) :<\/strong> 120*50*47 cm<br \/><strong>Poids brut :<\/strong> 38kg\/set<\/p>\n<h2>Personnalisation et services :<\/h2>\n<p><strong>OEM ET ODM<\/strong>: Pris en charge<br \/><strong>Conception<\/strong>: Gratuit<br \/><strong>Accessoires<\/strong>: Lavabos, miroirs, robinets et autres accessoires de salle de bains<br \/><strong>Emballage<\/strong>: Pr\u00eat \u00e0 monter<\/p>","protected":false},"featured_media":1657,"comment_status":"closed","ping_status":"closed","template":"","meta":{"_acf_changed":true},"product_brand":[],"product_cat":[24],"product_tag":[],"class_list":{"0":"post-1650","1":"product","2":"type-product","3":"status-publish","4":"has-post-thumbnail","6":"product_cat-wholesale-pvc-bathroom-vanity-cabinets","8":"first","9":"instock","10":"shipping-taxable","11":"product-type-simple"},"acf":[],"_links":{"self":[{"href":"https:\/\/www.shouyasanitary.com\/fr\/wp-json\/wp\/v2\/product\/1650","targetHints":{"allow":["GET"]}}],"collection":[{"href":"https:\/\/www.shouyasanitary.com\/fr\/wp-json\/wp\/v2\/product"}],"about":[{"href":"https:\/\/www.shouyasanitary.com\/fr\/wp-json\/wp\/v2\/types\/product"}],"replies":[{"embeddable":true,"href":"https:\/\/www.shouyasanitary.com\/fr\/wp-json\/wp\/v2\/comments?post=1650"}],"wp:featuredmedia":[{"embeddable":true,"href":"https:\/\/www.shouyasanitary.com\/fr\/wp-json\/wp\/v2\/media\/1657"}],"wp:attachment":[{"href":"https:\/\/www.shouyasanitary.com\/fr\/wp-json\/wp\/v2\/media?parent=1650"}],"wp:term":[{"taxonomy":"product_brand","embeddable":true,"href":"https:\/\/www.shouyasanitary.com\/fr\/wp-json\/wp\/v2\/product_brand?post=1650"},{"taxonomy":"product_cat","embeddable":true,"href":"https:\/\/www.shouyasanitary.com\/fr\/wp-json\/wp\/v2\/product_cat?post=1650"},{"taxonomy":"product_tag","embeddable":true,"href":"https:\/\/www.shouyasanitary.com\/fr\/wp-json\/wp\/v2\/product_tag?post=1650"}],"curies":[{"name":"wp","href":"https:\/\/api.w.org\/{rel}","templated":true}]}}