{"id":1651,"date":"2025-08-01T11:30:23","date_gmt":"2025-08-01T11:30:23","guid":{"rendered":"https:\/\/www.shouyasanitary.com\/?post_type=product&#038;p=1651"},"modified":"2025-08-01T11:30:25","modified_gmt":"2025-08-01T11:30:25","slug":"wholesale-master-bathroom-vanity","status":"publish","type":"product","link":"https:\/\/www.shouyasanitary.com\/fr\/produit\/wholesale-master-bathroom-vanity\/","title":{"rendered":"Engineering Wholesale Master bathroom Vanity, Modern Minimalist PVC Cabinets Bathroom with Smart Mirror Manufacturer"},"content":{"rendered":"<div class=\"wp-block-columns is-layout-flex wp-container-core-columns-is-layout-9d6595d7 wp-block-columns-is-layout-flex\">\n<div class=\"wp-block-column is-layout-flow wp-block-column-is-layout-flow\">\n<h2 class=\"wp-block-heading\">Vanit\u00e9 de la salle de bain principale\uff1a<\/h2>\n\n\n\n<p><strong>Aspect moderne : <\/strong>Les lignes sont simples et douces, et l'\u00e9l\u00e9gant corps de meuble blanc est compl\u00e9t\u00e9 par d'exquises poign\u00e9es dor\u00e9es, ce qui lui conf\u00e8re une apparence tr\u00e8s tendance. Il est \u00e9galement \u00e9quip\u00e9 de lentilles LED, qui non seulement r\u00e9pondent aux besoins de toilettage quotidiens, mais ajoutent \u00e9galement une touche de grandeur et d'originalit\u00e9 \u00e0 la salle de bains.<\/p>\n\n\n\n<p><strong>Mat\u00e9riau durable<\/strong>: Le corps de l'armoire est fabriqu\u00e9 en PVC de haute qualit\u00e9, qui poss\u00e8de d'excellentes propri\u00e9t\u00e9s d'imperm\u00e9abilit\u00e9 \u00e0 l'eau et \u00e0 l'humidit\u00e9 et r\u00e9siste efficacement \u00e0 l'environnement humide de la salle de bains. La surface a subi un traitement sp\u00e9cial qui la rend r\u00e9sistante \u00e0 l'usure et \u00e0 la d\u00e9coloration. Le plan de travail est fabriqu\u00e9 \u00e0 partir de mat\u00e9riaux robustes et durables, faciles \u00e0 nettoyer et \u00e0 entretenir.<\/p>\n\n\n\n<p><strong>Stockage organis\u00e9<\/strong>: Le double tiroir du bas offre un grand espace de rangement priv\u00e9, adapt\u00e9 au rangement d'objets peu utilis\u00e9s ou d'objets personnels, ce qui rend l'espace de la salle de bains plus ordonn\u00e9.<\/p>\n\n\n\n<p><strong>Contr\u00f4le strict de la qualit\u00e9 :<\/strong> Notre armoire de toilette a \u00e9t\u00e9 soumise \u00e0 des normes de production strictes et \u00e0 de multiples proc\u00e9dures d'inspection de la qualit\u00e9. Le mat\u00e9riau PVC du corps de l'armoire est structurellement stable et a une excellente capacit\u00e9 de charge, et il n'est pas sujet \u00e0 la d\u00e9formation. Qu'il s'agisse du cadre g\u00e9n\u00e9ral ou des d\u00e9tails, il fait preuve d'une qualit\u00e9 exceptionnelle, offrant une garantie fiable pour votre utilisation.<\/p>\n\n\n\n<p><strong>Fournir des solutions personnalis\u00e9es<\/strong>: Nous fournissons des solutions personnalis\u00e9es pour les armoires de salle de bain en PVC, par exemple la couleur, la finition, la taille, la marque, le logo, etc. pour r\u00e9pondre aux besoins de votre marque.<\/p>\n<\/div>\n\n\n\n<div class=\"wp-block-column is-layout-flow wp-block-column-is-layout-flow\"><div class=\"wp-block-image\">\n<figure class=\"aligncenter size-full\"><img decoding=\"async\" width=\"700\" height=\"700\" src=\"https:\/\/www.shouyasanitary.com\/wp-content\/uploads\/2025\/07\/Factory-made-custom-bathroom-cabinet-vanity-1.webp\" alt=\"Meuble de salle de bain sur mesure fabriqu\u00e9 en usine\" class=\"wp-image-1661\" style=\"object-fit:cover\" srcset=\"https:\/\/www.shouyasanitary.com\/wp-content\/uploads\/2025\/07\/Factory-made-custom-bathroom-cabinet-vanity-1.webp 700w, https:\/\/www.shouyasanitary.com\/wp-content\/uploads\/2025\/07\/Factory-made-custom-bathroom-cabinet-vanity-1-300x300.webp 300w, https:\/\/www.shouyasanitary.com\/wp-content\/uploads\/2025\/07\/Factory-made-custom-bathroom-cabinet-vanity-1-150x150.webp 150w, https:\/\/www.shouyasanitary.com\/wp-content\/uploads\/2025\/07\/Factory-made-custom-bathroom-cabinet-vanity-1-12x12.webp 12w, https:\/\/www.shouyasanitary.com\/wp-content\/uploads\/2025\/07\/Factory-made-custom-bathroom-cabinet-vanity-1-600x600.webp 600w, https:\/\/www.shouyasanitary.com\/wp-content\/uploads\/2025\/07\/Factory-made-custom-bathroom-cabinet-vanity-1-100x100.webp 100w\" sizes=\"(max-width: 700px) 100vw, 700px\" \/><\/figure>\n<\/div><\/div>\n<\/div>","protected":false},"excerpt":{"rendered":"<p>Ing\u00e9nierie - Vente en gros de meubles de salle de bain. Les armoires de salle de bain modernes en PVC, \u00e9quip\u00e9es d'un miroir intelligent \u00e0 LED, d'un mat\u00e9riau PVC imperm\u00e9able et de deux compartiments de rangement, conviennent aux h\u00f4tels et aux projets haut de gamme. Demande d'achat !<\/p>\n<h2>Attributs de la vanit\u00e9 de la salle de bain principale\uff1a<\/h2>\n<p><strong>Num\u00e9ro d'article :<\/strong>6055-120W<strong><br \/>Mat\u00e9riau de l'armoire :<\/strong> PVC<br \/><strong>Couleur de l'armoire :<\/strong> Blanc<br \/><strong>Miroir :<\/strong> Miroir LED (3,5 mm\/3,8 mm), \u00e9clairage tricolore, d\u00e9sembuage par simple pression d'une touche, s\u00e9curis\u00e9 par un emballage en mousse multicouche.<br \/><strong>Type d'installation :<\/strong>\u00a0Montage mural<br \/><strong>Dimensions (L\u00d7L\u00d7H) :<\/strong> 120*50*47 cm<br \/><strong>Poids brut :<\/strong> 38kg\/set<\/p>\n<h2>Personnalisation et services :<\/h2>\n<p><strong>OEM ET ODM<\/strong>: Pris en charge<br \/><strong>Conception<\/strong>: Gratuit<br \/><strong>Accessoires<\/strong>: Lavabos, miroirs, robinets et autres accessoires de salle de bains<br \/><strong>Emballage<\/strong>: Pr\u00eat \u00e0 monter<\/p>","protected":false},"featured_media":1661,"comment_status":"closed","ping_status":"closed","template":"","meta":{"_acf_changed":true},"product_brand":[],"product_cat":[24],"product_tag":[],"class_list":{"0":"post-1651","1":"product","2":"type-product","3":"status-publish","4":"has-post-thumbnail","6":"product_cat-wholesale-pvc-bathroom-vanity-cabinets","8":"first","9":"instock","10":"shipping-taxable","11":"product-type-simple"},"acf":[],"_links":{"self":[{"href":"https:\/\/www.shouyasanitary.com\/fr\/wp-json\/wp\/v2\/product\/1651","targetHints":{"allow":["GET"]}}],"collection":[{"href":"https:\/\/www.shouyasanitary.com\/fr\/wp-json\/wp\/v2\/product"}],"about":[{"href":"https:\/\/www.shouyasanitary.com\/fr\/wp-json\/wp\/v2\/types\/product"}],"replies":[{"embeddable":true,"href":"https:\/\/www.shouyasanitary.com\/fr\/wp-json\/wp\/v2\/comments?post=1651"}],"wp:featuredmedia":[{"embeddable":true,"href":"https:\/\/www.shouyasanitary.com\/fr\/wp-json\/wp\/v2\/media\/1661"}],"wp:attachment":[{"href":"https:\/\/www.shouyasanitary.com\/fr\/wp-json\/wp\/v2\/media?parent=1651"}],"wp:term":[{"taxonomy":"product_brand","embeddable":true,"href":"https:\/\/www.shouyasanitary.com\/fr\/wp-json\/wp\/v2\/product_brand?post=1651"},{"taxonomy":"product_cat","embeddable":true,"href":"https:\/\/www.shouyasanitary.com\/fr\/wp-json\/wp\/v2\/product_cat?post=1651"},{"taxonomy":"product_tag","embeddable":true,"href":"https:\/\/www.shouyasanitary.com\/fr\/wp-json\/wp\/v2\/product_tag?post=1651"}],"curies":[{"name":"wp","href":"https:\/\/api.w.org\/{rel}","templated":true}]}}