{"id":1664,"date":"2025-08-01T11:30:13","date_gmt":"2025-08-01T11:30:13","guid":{"rendered":"https:\/\/www.shouyasanitary.com\/?post_type=product&#038;p=1664"},"modified":"2025-08-01T11:30:15","modified_gmt":"2025-08-01T11:30:15","slug":"custom-vanity-cabinets-for-bathrooms","status":"publish","type":"product","link":"https:\/\/www.shouyasanitary.com\/fr\/produit\/custom-vanity-cabinets-for-bathrooms\/","title":{"rendered":"Engineering Custom Vanity Cabinets for Bathrooms, Wholesale 80cm Marble Bathroom Cabinet with Ceramic Basin for Hotels"},"content":{"rendered":"<div class=\"wp-block-columns is-layout-flex wp-container-core-columns-is-layout-9d6595d7 wp-block-columns-is-layout-flex\">\n<div class=\"wp-block-column is-layout-flow wp-block-column-is-layout-flow\">\n<h2 class=\"wp-block-heading\">Caract\u00e9ristiques des meubles-lavabos pour salles de bains :<\/h2>\n\n\n\n<p><strong>Mat\u00e9riau en marbre de haute qualit\u00e9<\/strong>: Il est r\u00e9sistant \u00e0 l'usure, \u00e0 l'humidit\u00e9 et \u00e0 la d\u00e9formation, ce qui permet de l'utiliser dans des salles de bains humides pendant une p\u00e9riode prolong\u00e9e.<\/p>\n\n\n\n<p><strong>Fonction de rangement pratique<\/strong>: Il existe deux types d'espaces de rangement : ouverts et ferm\u00e9s. Les \u00e9tag\u00e8res ouvertes sont pratiques pour ranger les articles de toilette couramment utilis\u00e9s et sont faciles d'acc\u00e8s. Les tiroirs ferm\u00e9s et les portes des armoires permettent de ranger des articles priv\u00e9s ou de r\u00e9serve, organis\u00e9s par cat\u00e9gorie, r\u00e9pondant ainsi \u00e0 divers besoins de rangement et permettant de garder l'espace de la salle de bains bien rang\u00e9 et ordonn\u00e9.<\/p>\n\n\n\n<p><strong>Miroir \u00e0 gradation<\/strong>: Le miroir est dot\u00e9 de fonctions de r\u00e9glage de la lumi\u00e8re en trois couleurs. La lumi\u00e8re froide est claire et lumineuse, adapt\u00e9e \u00e0 la toilette et au maquillage quotidiens ; la lumi\u00e8re chaude est chaude et douce, cr\u00e9ant une atmosph\u00e8re confortable ; la lumi\u00e8re naturelle est proche de la lumi\u00e8re du soleil, facilitant l'observation pr\u00e9cise des d\u00e9tails du visage, et les diff\u00e9rentes lumi\u00e8res r\u00e9pondent aux diff\u00e9rentes exigences de la sc\u00e8ne.<\/p>\n\n\n\n<p><strong>Bassin en c\u00e9ramique d'une seule pi\u00e8ce<\/strong>: La vasque en c\u00e9ramique est fabriqu\u00e9e avec un savoir-faire exquis et pr\u00e9sente une forme unique qui s'harmonise parfaitement avec le plan de travail en granit. L'\u00e9mail de haute qualit\u00e9 qui recouvre sa surface a un excellent pouvoir hydrofuge, ce qui r\u00e9duit le risque d'adh\u00e9rence des taches d'eau et de la salet\u00e9, et peut \u00eatre nettoy\u00e9 et poli comme s'il \u00e9tait neuf, d'un simple coup de chiffon. Il est \u00e9galement r\u00e9sistant \u00e0 la corrosion, aux acides et aux bases, et peut conserver son \u00e9clat pendant longtemps.<\/p>\n\n\n\n<p><strong>Soutenir les solutions personnalis\u00e9es<\/strong>: Shouya propose de nombreux services personnalis\u00e9s tels que la taille, la couleur, le mat\u00e9riau, le logo et l'emballage, ce qui lui permet de s'adapter avec souplesse aux diff\u00e9rents besoins du march\u00e9 mondial.<\/p>\n<\/div>\n\n\n\n<div class=\"wp-block-column is-layout-flow wp-block-column-is-layout-flow\"><div class=\"wp-block-image\">\n<figure class=\"aligncenter size-full\"><img decoding=\"async\" width=\"700\" height=\"700\" src=\"https:\/\/www.shouyasanitary.com\/wp-content\/uploads\/2025\/07\/Custom-bathroom-cabinet-vanity-1.webp\" alt=\"Meuble de salle de bain sur mesure\" class=\"wp-image-1668\" style=\"object-fit:cover\" srcset=\"https:\/\/www.shouyasanitary.com\/wp-content\/uploads\/2025\/07\/Custom-bathroom-cabinet-vanity-1.webp 700w, https:\/\/www.shouyasanitary.com\/wp-content\/uploads\/2025\/07\/Custom-bathroom-cabinet-vanity-1-300x300.webp 300w, https:\/\/www.shouyasanitary.com\/wp-content\/uploads\/2025\/07\/Custom-bathroom-cabinet-vanity-1-150x150.webp 150w, https:\/\/www.shouyasanitary.com\/wp-content\/uploads\/2025\/07\/Custom-bathroom-cabinet-vanity-1-12x12.webp 12w, https:\/\/www.shouyasanitary.com\/wp-content\/uploads\/2025\/07\/Custom-bathroom-cabinet-vanity-1-600x600.webp 600w, https:\/\/www.shouyasanitary.com\/wp-content\/uploads\/2025\/07\/Custom-bathroom-cabinet-vanity-1-100x100.webp 100w\" sizes=\"(max-width: 700px) 100vw, 700px\" \/><\/figure>\n<\/div><\/div>\n<\/div>\n\n\n\n<p><\/p>","protected":false},"excerpt":{"rendered":"<p>Meubles de salle de bain sur mesure, en marbre avec vasque en c\u00e9ramique, parfaitement int\u00e9gr\u00e9s dans le design des salles de bain modernes, durables et faciles \u00e0 nettoyer. Shouya propose des services sur mesure. Contactez-nous pour obtenir des solutions personnalis\u00e9es !<\/p>\n<h2>Attributs du meuble-lavabo\uff1a<\/h2>\n<p><strong>Num\u00e9ro d'article<\/strong>: O10012-80<br \/><strong>Mat\u00e9riau de l'armoire<\/strong>: Marbre <br \/><strong>Couleur de l'armoire<\/strong>: Noir\u00a0<br \/><strong>Miroir<\/strong>: Miroir LED (3,5mm \/ 3,8mm), \u00e9clairage tricolore, d\u00e9sembuage par simple pression d'une touche, s\u00e9curis\u00e9 par un emballage en mousse multicouche. <br \/><strong>Type d'installation<\/strong>: Montage mural <br \/><strong>Dimensions (L \u00d7 L \u00d7 H)<\/strong>: 80 \u00d7 50 \u00d7 40 cm<\/p>\n<p><strong>Poids brut<\/strong>: 31 kg\/set<\/p>\n<h2>Personnalisation et services :<\/h2>\n<p><strong>OEM ET ODM<\/strong>: Pris en charge<br \/><strong>Conception<\/strong>: Gratuit<br \/><strong>Accessoires<\/strong>: Lavabos, miroirs, robinets et autres accessoires de salle de bains<br \/><strong>Emballage<\/strong>: Pr\u00eat \u00e0 monter<\/p>","protected":false},"featured_media":1668,"comment_status":"closed","ping_status":"closed","template":"","meta":{"_acf_changed":true},"product_brand":[],"product_cat":[22],"product_tag":[],"class_list":{"0":"post-1664","1":"product","2":"type-product","3":"status-publish","4":"has-post-thumbnail","6":"product_cat-wholesale-marble-bathroom-vanity-cabinets","8":"first","9":"instock","10":"shipping-taxable","11":"product-type-simple"},"acf":[],"_links":{"self":[{"href":"https:\/\/www.shouyasanitary.com\/fr\/wp-json\/wp\/v2\/product\/1664","targetHints":{"allow":["GET"]}}],"collection":[{"href":"https:\/\/www.shouyasanitary.com\/fr\/wp-json\/wp\/v2\/product"}],"about":[{"href":"https:\/\/www.shouyasanitary.com\/fr\/wp-json\/wp\/v2\/types\/product"}],"replies":[{"embeddable":true,"href":"https:\/\/www.shouyasanitary.com\/fr\/wp-json\/wp\/v2\/comments?post=1664"}],"wp:featuredmedia":[{"embeddable":true,"href":"https:\/\/www.shouyasanitary.com\/fr\/wp-json\/wp\/v2\/media\/1668"}],"wp:attachment":[{"href":"https:\/\/www.shouyasanitary.com\/fr\/wp-json\/wp\/v2\/media?parent=1664"}],"wp:term":[{"taxonomy":"product_brand","embeddable":true,"href":"https:\/\/www.shouyasanitary.com\/fr\/wp-json\/wp\/v2\/product_brand?post=1664"},{"taxonomy":"product_cat","embeddable":true,"href":"https:\/\/www.shouyasanitary.com\/fr\/wp-json\/wp\/v2\/product_cat?post=1664"},{"taxonomy":"product_tag","embeddable":true,"href":"https:\/\/www.shouyasanitary.com\/fr\/wp-json\/wp\/v2\/product_tag?post=1664"}],"curies":[{"name":"wp","href":"https:\/\/api.w.org\/{rel}","templated":true}]}}